{"id":71785,"date":"2025-07-29T10:30:23","date_gmt":"2025-07-29T10:30:23","guid":{"rendered":"https:\/\/fv6qoy3ls0.wpdns.site\/produto\/mini-tripode-cullmann-magnesit-copter-cb2-7-negro\/"},"modified":"2026-01-31T01:32:32","modified_gmt":"2026-01-31T01:32:32","slug":"cullmann-mini-tripode-cullmann-magnesit-copter-cb2-7-negro","status":"publish","type":"product","link":"https:\/\/hi-techwonder.com\/es\/producto\/cullmann-mini-tripode-cullmann-magnesit-copter-cb2-7-negro\/","title":{"rendered":"Mini Tr\u00edpode CULLMANN Magnesit Copter CB2.7 negro"},"content":{"rendered":"<p><strong>Mini Tr\u00edpode Magnesit Copter 2.7 negro<\/strong><\/p>\n<p><strong>Descripci\u00f3n:<\/strong><\/p>\n<p>Es el tr\u00edpode de viaje ideal para fot\u00f3grafos y vide\u00f3grafos.<\/p>\n<p>En combinaci\u00f3n con la r\u00f3tula CB2.7 fabricada \u00edntegramente en aluminio (incluida), el MAGNESIT COPTER 2.7 cumple todos los requisitos para un tr\u00edpode de sobremesa estable.<\/p>\n<p>El dise\u00f1o contempor\u00e1neo y la mano de obra de alta calidad del MAGNESIT COPTER, con las patas planas y semicirculares, dieron nombre al tr\u00edpode en asociaci\u00f3n con las palas del rotor del helic\u00f3ptero.<\/p>\n<p>La estabilidad, el bajo peso y la mano de obra de alta calidad fueron la m\u00e1xima prioridad en el desarrollo del tr\u00edpode m\u00faltiple MAGNESIT COPTER.<\/p>\n<p><strong>Funciones:<\/strong><\/p>\n<ul>\n<li>&nbsp;Ideal para fotograf\u00eda y videograf\u00eda, especialmente para todas las c\u00e1maras DSLR con funci\u00f3n de video<\/li>\n<li>&nbsp;Tr\u00edpode multifuncional estable y ligero.<\/li>\n<li>&nbsp;Totalmente en aluminio.<\/li>\n<li>&nbsp;Tama\u00f1o del paquete: (22 cm)<\/li>\n<li>&nbsp;R\u00f3tula de aluminio CB2.7 con placa adaptadora (1\/4&#8243; &#8211; zapata de flash), incluida.<\/li>\n<li>Altura m\u00e1xima : 16 cm <\/li>\n<li>Altura m\u00ednima: 16 cm<\/li>\n<li>Capacidad de carga: 1 kg<\/li>\n<li>Peso: 250g<\/li>\n<\/ul>\n<p><strong>En la caja:<\/strong><\/p>\n<ul>\n<li>1x Mini tr\u00edpode Magnesit Copter aluminio.<\/li>\n<li>1x Cabeza esf\u00e9rica de aluminio CB2.7 con placa adaptadora.<\/li>\n<\/ul>\n","protected":false},"excerpt":{"rendered":"<p>Mini Tr\u00edpode Magnesit Copter 2.7 negro Descripci\u00f3n: Es el tr\u00edpode de viaje ideal para fot\u00f3grafos y vide\u00f3grafos. En combinaci\u00f3n con<\/p>\n","protected":false},"featured_media":64189,"comment_status":"closed","ping_status":"open","template":"","meta":{"_acf_changed":false},"product_brand":[2643],"product_cat":[1093],"product_tag":[],"class_list":{"0":"post-71785","1":"product","2":"type-product","3":"status-publish","4":"has-post-thumbnail","6":"product_brand-cullmann-es","7":"product_cat-mini-tripodes","9":"first","10":"instock","11":"taxable","12":"shipping-taxable","13":"purchasable","14":"product-type-simple"},"bundled_by":[],"bundle_stock_status":"instock","bundle_stock_quantity":3,"bundle_virtual":false,"bundle_layout":"","bundle_add_to_cart_form_location":"","bundle_editable_in_cart":false,"bundle_sold_individually_context":"","bundle_item_grouping":"","bundle_min_size":"","bundle_max_size":"","bundle_price":[],"bundled_items":[],"bundle_sell_ids":[],"acf":[],"_links":{"self":[{"href":"https:\/\/hi-techwonder.com\/es\/wp-json\/wp\/v2\/product\/71785","targetHints":{"allow":["GET"]}}],"collection":[{"href":"https:\/\/hi-techwonder.com\/es\/wp-json\/wp\/v2\/product"}],"about":[{"href":"https:\/\/hi-techwonder.com\/es\/wp-json\/wp\/v2\/types\/product"}],"replies":[{"embeddable":true,"href":"https:\/\/hi-techwonder.com\/es\/wp-json\/wp\/v2\/comments?post=71785"}],"wp:featuredmedia":[{"embeddable":true,"href":"https:\/\/hi-techwonder.com\/es\/wp-json\/wp\/v2\/media\/64189"}],"wp:attachment":[{"href":"https:\/\/hi-techwonder.com\/es\/wp-json\/wp\/v2\/media?parent=71785"}],"wp:term":[{"taxonomy":"product_brand","embeddable":true,"href":"https:\/\/hi-techwonder.com\/es\/wp-json\/wp\/v2\/product_brand?post=71785"},{"taxonomy":"product_cat","embeddable":true,"href":"https:\/\/hi-techwonder.com\/es\/wp-json\/wp\/v2\/product_cat?post=71785"},{"taxonomy":"product_tag","embeddable":true,"href":"https:\/\/hi-techwonder.com\/es\/wp-json\/wp\/v2\/product_tag?post=71785"}],"curies":[{"name":"wp","href":"https:\/\/api.w.org\/{rel}","templated":true}]}}