{"id":71790,"date":"2025-07-29T10:53:34","date_gmt":"2025-07-29T10:53:34","guid":{"rendered":"https:\/\/fv6qoy3ls0.wpdns.site\/produto\/anillo-de-enfoque-zoom-commlite-cs-fg2\/"},"modified":"2026-01-31T01:22:00","modified_gmt":"2026-01-31T01:22:00","slug":"commlite-anillo-de-enfoque-zoom-commlite-cs-fg2","status":"publish","type":"product","link":"https:\/\/hi-techwonder.com\/es\/producto\/commlite-anillo-de-enfoque-zoom-commlite-cs-fg2\/","title":{"rendered":"Anillo de enfoque\/zoom COMMLITE CS-FG2"},"content":{"rendered":"<p>Anillo de comunicaci\u00f3n para enfoque\/zoom.  <\/p>\n<p style=\"margin: 0px;padding: 0px;border: 0px none;font-style: normal;font-variant: normal;font-weight: normal;line-height: 18px;vertical-align: baseline;letter-spacing: normal;text-align: start;text-indent: 0px;text-transform: none;white-space: normal\"> <span style=\"font-size: small\"><span style=\"margin: 0px;padding: 0px;border: 0px none;font-style: inherit;font-variant: inherit;font-weight: inherit;line-height: 18px;vertical-align: baseline;background-color: #ffffff\">El cintur\u00f3n del anillo de seguimiento de enfoque puede coincidir con el enfoque de seguimiento de una manera excelente. Y el cintur\u00f3n de anillo puede adaptarse a todos los lentes zoom con tama\u00f1os de 52 mm a 86 mm. <\/span><\/span><\/p>\n<p><span style=\"font-size: small\"> <\/span><\/p>\n<p style=\"margin: 0px;padding: 0px;border: 0px none;font-style: normal;font-variant: normal;font-weight: normal;line-height: 18px;vertical-align: baseline;letter-spacing: normal;text-align: start;text-indent: 0px;text-transform: none;white-space: normal\"> <span style=\"font-size: small\"><span style=\"margin: 0px;padding: 0px;border: 0px none;font-style: inherit;font-variant: inherit;font-weight: bold;line-height: 18px;vertical-align: baseline;background-color: #ffffff\">&nbsp;<\/span><\/span><\/p>\n<p><span style=\"font-size: small\"> <\/span><\/p>\n<p style=\"margin: 0px;padding: 0px;border: 0px none;font-style: normal;font-variant: normal;font-weight: normal;line-height: 18px;vertical-align: baseline;letter-spacing: normal;text-align: start;text-indent: 0px;text-transform: none;white-space: normal\"> <span style=\"font-size: small\"><span style=\"margin: 0px;padding: 0px;border: 0px none;font-style: inherit;font-variant: inherit;font-weight: bold;line-height: 18px;vertical-align: baseline;background-color: #ffffff\">Recursos:<\/span><\/span><\/p>\n<p><span style=\"font-size: small\"> <\/span><\/p>\n<ol>\n<li><span style=\"font-size: small\"><span style=\"margin: 0px;padding: 0px;border: 0px none;font-style: inherit;font-variant: inherit;font-weight: inherit;line-height: 18px;vertical-align: baseline;background-color: #ffffff\">Empu\u00f1adura de aleaci\u00f3n de aluminio de alta calidad, duradera;<\/span><\/span><\/li>\n<li> <span style=\"font-size: small\"><span style=\"margin: 0px;padding: 0px;border: 0px none;font-style: inherit;font-variant: inherit;font-weight: inherit;line-height: 18px;vertical-align: baseline;background-color: #ffffff\">Tornillo de acero inoxidable incorporado, de acuerdo con el tama\u00f1o est\u00e1ndar global;<\/span><\/span><\/li>\n<li> <span style=\"font-size: small\"><span style=\"margin: 0px;padding: 0px;border: 0px none;font-style: inherit;font-variant: inherit;font-weight: inherit;line-height: 18px;vertical-align: baseline;background-color: #ffffff\">Simple para el trabajo y conveniente para la instalaci\u00f3n;<\/span><\/span><\/li>\n<li> <span style=\"font-size: small\"><span style=\"margin: 0px;padding: 0px;border: 0px none;font-style: inherit;font-variant: inherit;font-weight: inherit;line-height: 18px;vertical-align: baseline;background-color: #ffffff\">Dise\u00f1o de gran di\u00e1metro exterior y se adapta a la mayor\u00eda de las c\u00e1maras y videoc\u00e1maras;<\/span><\/span><\/li>\n<li> <span style=\"font-size: small\"><span style=\"margin: 0px;padding: 0px;border: 0px none;font-style: inherit;font-variant: inherit;font-weight: inherit;line-height: 18px;vertical-align: baseline;background-color: #ffffff\">Adecuado para la mayor\u00eda de las situaciones de disparo;<\/span><\/span><\/li>\n<\/ol>\n<p><span style=\"font-size: small\"> <\/span><\/p>\n<p style=\"margin: 0px;padding: 0px;border: 0px none;font-style: normal;font-variant: normal;font-weight: normal;line-height: 18px;vertical-align: baseline;letter-spacing: normal;text-align: start;text-indent: 0px;text-transform: none;white-space: normal\"> <span style=\"font-size: small\"><span style=\"margin: 0px;padding: 0px;border: 0px none;font-style: inherit;font-variant: inherit;font-weight: inherit;line-height: 18px;vertical-align: baseline;background-color: #ffffff\">&nbsp;<\/span><\/span><\/p>\n<p><span style=\"font-size: small\"> <\/span><\/p>\n<p style=\"margin: 0px;padding: 0px;border: 0px none;font-style: normal;font-variant: normal;font-weight: normal;line-height: 18px;vertical-align: baseline;letter-spacing: normal;text-align: start;text-indent: 0px;text-transform: none;white-space: normal\"> <span style=\"font-size: small\"><span style=\"margin: 0px;padding: 0px;border: 0px none;font-style: inherit;font-variant: inherit;font-weight: bold;line-height: 18px;vertical-align: baseline;background-color: #ffffff\">Especificaci\u00f3n:<\/span><\/span><\/p>\n<p><span style=\"font-size: small\"> <\/span><\/p>\n<p style=\"margin: 0px;padding: 0px;border: 0px none;font-style: normal;font-variant: normal;font-weight: normal;line-height: 18px;vertical-align: baseline;letter-spacing: normal;text-align: start;text-indent: 0px;text-transform: none;white-space: normal\"> <span style=\"font-size: small\"><span style=\"margin: 0px;padding: 0px;border: 0px none;font-style: inherit;font-variant: inherit;font-weight: inherit;line-height: 18px;vertical-align: baseline;background-color: #ffffff\"><span style=\"margin: 0px;padding: 0px;border: 0px none;font-style: inherit;font-variant: inherit;font-weight: bold;line-height: 18px;vertical-align: baseline\">Tama\u00f1o de lente adecuado: 49 mm, 52 mm, 55 mm, 58 mm, 62 mm, 67 mm, 72 mm, 77 mm, 82 mm <br \/> Material: aleaci\u00f3n de aluminio de alta calidad, ABS<\/span><\/span><\/span><\/p>\n<p><span style=\"font-size: small\"> <\/span><\/p>\n<p style=\"margin: 0px;padding: 0px;border: 0px none;font-style: normal;font-variant: normal;font-weight: normal;line-height: 18px;vertical-align: baseline;letter-spacing: normal;text-align: start;text-indent: 0px;text-transform: none;white-space: normal\"> <span style=\"font-size: small\"><span style=\"margin: 0px;padding: 0px;border: 0px none;font-style: inherit;font-variant: inherit;font-weight: inherit;line-height: 18px;vertical-align: baseline;background-color: #ffffff\"><span style=\"margin: 0px;padding: 0px;border: 0px none;font-style: inherit;font-variant: inherit;font-weight: bold;line-height: 18px;vertical-align: baseline\">M\u00f3dulo de engranajes: est\u00e1ndar de ingenier\u00eda global 0.8 <br \/> Color del art\u00edculo : Black <br \/> Incluye: Cintur\u00f3n de anillo de enfoque de seguimiento x 1, Estuche de PE x 1<\/span><\/span><\/span><\/p>\n<p><span style=\"font-size: small\"> <\/span><\/p>\n<p style=\"margin: 0px;padding: 0px;border: 0px;font-style: normal;font-variant: normal;font-weight: normal;font-size: 12px;line-height: 18px;font-family: Arial, Helvetica, sans-senif;vertical-align: baseline;color: #333333;letter-spacing: normal;text-align: start;text-indent: 0px;text-transform: none;white-space: normal\"> <span style=\"color: #000000\"><span style=\"font-size: small\"><span style=\"margin: 0px;padding: 0px;border: 0px none;font-style: inherit;font-variant: inherit;font-weight: bold;line-height: 18px;vertical-align: baseline\">Longitud total:<\/span><\/span> <span style=\"color: #000000\"><span style=\"font-size: small\">36 cm<\/span><br \/><\/span><\/span><\/p>\n","protected":false},"excerpt":{"rendered":"<p>Anillo de comunicaci\u00f3n para enfoque\/zoom. El cintur\u00f3n del anillo de seguimiento de enfoque puede coincidir con el enfoque de seguimiento<\/p>\n","protected":false},"featured_media":68920,"comment_status":"closed","ping_status":"open","template":"","meta":{"_acf_changed":false},"product_brand":[2554],"product_cat":[1111],"product_tag":[],"class_list":{"0":"post-71790","1":"product","2":"type-product","3":"status-publish","4":"has-post-thumbnail","6":"product_brand-commlite-es","7":"product_cat-follow-focus-es","9":"first","10":"instock","11":"taxable","12":"shipping-taxable","13":"purchasable","14":"product-type-simple"},"bundled_by":[],"bundle_stock_status":"instock","bundle_stock_quantity":3,"bundle_virtual":false,"bundle_layout":"","bundle_add_to_cart_form_location":"","bundle_editable_in_cart":false,"bundle_sold_individually_context":"","bundle_item_grouping":"","bundle_min_size":"","bundle_max_size":"","bundle_price":[],"bundled_items":[],"bundle_sell_ids":[],"acf":[],"_links":{"self":[{"href":"https:\/\/hi-techwonder.com\/es\/wp-json\/wp\/v2\/product\/71790","targetHints":{"allow":["GET"]}}],"collection":[{"href":"https:\/\/hi-techwonder.com\/es\/wp-json\/wp\/v2\/product"}],"about":[{"href":"https:\/\/hi-techwonder.com\/es\/wp-json\/wp\/v2\/types\/product"}],"replies":[{"embeddable":true,"href":"https:\/\/hi-techwonder.com\/es\/wp-json\/wp\/v2\/comments?post=71790"}],"wp:featuredmedia":[{"embeddable":true,"href":"https:\/\/hi-techwonder.com\/es\/wp-json\/wp\/v2\/media\/68920"}],"wp:attachment":[{"href":"https:\/\/hi-techwonder.com\/es\/wp-json\/wp\/v2\/media?parent=71790"}],"wp:term":[{"taxonomy":"product_brand","embeddable":true,"href":"https:\/\/hi-techwonder.com\/es\/wp-json\/wp\/v2\/product_brand?post=71790"},{"taxonomy":"product_cat","embeddable":true,"href":"https:\/\/hi-techwonder.com\/es\/wp-json\/wp\/v2\/product_cat?post=71790"},{"taxonomy":"product_tag","embeddable":true,"href":"https:\/\/hi-techwonder.com\/es\/wp-json\/wp\/v2\/product_tag?post=71790"}],"curies":[{"name":"wp","href":"https:\/\/api.w.org\/{rel}","templated":true}]}}