{"id":71793,"date":"2025-07-28T23:56:42","date_gmt":"2025-07-28T23:56:42","guid":{"rendered":"https:\/\/fv6qoy3ls0.wpdns.site\/produto\/volteador-de-lente-commlite-cm-lf-n-para-nikon\/"},"modified":"2026-01-31T03:19:27","modified_gmt":"2026-01-31T03:19:27","slug":"commlite-volteador-de-lente-commlite-cm-lf-n-para-nikon","status":"publish","type":"product","link":"https:\/\/hi-techwonder.com\/es\/producto\/commlite-volteador-de-lente-commlite-cm-lf-n-para-nikon\/","title":{"rendered":"Volteador de lente COMMLITE CM-LF-N para Nikon"},"content":{"rendered":"<p><span style=\"font-size: small\">El cambiador de lentes Commlite se usa ampliamente para tomas al aire libre de fot\u00f3grafos con una o varias c\u00e1maras, lo que hace que el cambiador de lentes sea m\u00e1s r\u00e1pido y conveniente. El cambiador de lentes est\u00e1 hecho de aleaci\u00f3n de aluminio y procesado por tecnolog\u00eda CNC, a juego con los potentes soportes de metal y el mango de algod\u00f3n puro, \u00a1lo que mejora su pr\u00e1ctica de uso! <\/p>\n<p> <strong>Recursos:<\/strong><br \/><\/span><\/p>\n<ul>\n<li> <span style=\"font-size: small\">El cambiador de lentes se puede sostener en la cintura para un cambio r\u00e1pido de lentes, conveniente y r\u00e1pido.<\/span><\/li>\n<li> <span style=\"font-size: small\">El cambiador de lentes est\u00e1 hecho de aleaci\u00f3n de aluminio y procesado con tecnolog\u00eda CNC, lo suficientemente preciso y suave.<\/span><\/li>\n<li> <span style=\"font-size: small\">Tanto el cambiador de lentes como la hebilla de la correa est\u00e1n hechos de acero inoxidable y galvanizados con precisi\u00f3n, potencia y durabilidad.<\/span><\/li>\n<li> <span style=\"font-size: small\">El mango del cambiador de lentes est\u00e1 hecho de algod\u00f3n puro, muy c\u00f3modo y duradero.<\/span><\/li>\n<\/ul>\n<p> <span style=\"font-size: small\"><br \/><strong>Caracter\u00edsticas t\u00e9cnicas:<\/strong><br \/><\/span><\/p>\n<ul>\n<li> <span style=\"font-size: small\"><strong>C\u00e1mara compatible: C\u00e1mara<\/strong> Nikon.<\/span><\/li>\n<li> <span style=\"font-size: small\"><strong>Material del cambiador de lentes:<\/strong> aleaci\u00f3n de aluminio.<\/span><\/li>\n<li> <span style=\"font-size: small\"><strong>Material del mango:<\/strong> algod\u00f3n.<\/span><\/li>\n<li> <span style=\"font-size: small\"><strong>Dimensi\u00f3n del cambiador de lentes:<\/strong> aprox. 6,0&#215;3,8 cm \/ 2,4&#215;1,5&#8243;. <\/span><\/li>\n<li> <span style=\"font-size: small\"><strong>Dimensi\u00f3n del mango:<\/strong> Aprox. 132 x 3,9 cm \/ 52,0 x 1,5 &#8220;. <\/span><\/li>\n<li> <span style=\"font-size: small\"><strong>Peso neto:<\/strong> aprox. 150 g.<\/span><\/li>\n<li> <span style=\"font-size: small\"><strong>100% nuevo.<\/strong><\/span><\/li>\n<\/ul>\n<p> <span style=\"font-size: small\"><strong>El paquete incluye:<\/strong><br \/><\/span><\/p>\n<ul>\n<li> <span style=\"font-size: small\">1 x Cambiador de lentes Commlite CM-LF-N<\/span><\/li>\n<li> <span style=\"font-size: small\">1 x embalaje original<\/span><\/li>\n<\/ul>\n","protected":false},"excerpt":{"rendered":"<p>El cambiador de lentes Commlite se usa ampliamente para tomas al aire libre de fot\u00f3grafos con una o varias c\u00e1maras,<\/p>\n","protected":false},"featured_media":30555,"comment_status":"closed","ping_status":"closed","template":"","meta":{"_acf_changed":false},"product_brand":[2554],"product_cat":[903],"product_tag":[],"class_list":{"0":"post-71793","1":"product","2":"type-product","3":"status-publish","4":"has-post-thumbnail","6":"product_brand-commlite-es","7":"product_cat-correas-y-tirantes","8":"pa_cor-negro","10":"first","11":"instock","12":"taxable","13":"shipping-taxable","14":"purchasable","15":"product-type-simple"},"bundled_by":[],"bundle_stock_status":"instock","bundle_stock_quantity":1,"bundle_virtual":false,"bundle_layout":"","bundle_add_to_cart_form_location":"","bundle_editable_in_cart":false,"bundle_sold_individually_context":"","bundle_item_grouping":"","bundle_min_size":"","bundle_max_size":"","bundle_price":[],"bundled_items":[],"bundle_sell_ids":[],"acf":[],"_links":{"self":[{"href":"https:\/\/hi-techwonder.com\/es\/wp-json\/wp\/v2\/product\/71793","targetHints":{"allow":["GET"]}}],"collection":[{"href":"https:\/\/hi-techwonder.com\/es\/wp-json\/wp\/v2\/product"}],"about":[{"href":"https:\/\/hi-techwonder.com\/es\/wp-json\/wp\/v2\/types\/product"}],"replies":[{"embeddable":true,"href":"https:\/\/hi-techwonder.com\/es\/wp-json\/wp\/v2\/comments?post=71793"}],"wp:featuredmedia":[{"embeddable":true,"href":"https:\/\/hi-techwonder.com\/es\/wp-json\/wp\/v2\/media\/30555"}],"wp:attachment":[{"href":"https:\/\/hi-techwonder.com\/es\/wp-json\/wp\/v2\/media?parent=71793"}],"wp:term":[{"taxonomy":"product_brand","embeddable":true,"href":"https:\/\/hi-techwonder.com\/es\/wp-json\/wp\/v2\/product_brand?post=71793"},{"taxonomy":"product_cat","embeddable":true,"href":"https:\/\/hi-techwonder.com\/es\/wp-json\/wp\/v2\/product_cat?post=71793"},{"taxonomy":"product_tag","embeddable":true,"href":"https:\/\/hi-techwonder.com\/es\/wp-json\/wp\/v2\/product_tag?post=71793"}],"curies":[{"name":"wp","href":"https:\/\/api.w.org\/{rel}","templated":true}]}}