{"id":71795,"date":"2025-07-28T23:26:10","date_gmt":"2025-07-28T23:26:10","guid":{"rendered":"https:\/\/fv6qoy3ls0.wpdns.site\/produto\/estabilizador-de-pelicula-de-video-commlite-cs-s1\/"},"modified":"2026-01-31T03:59:12","modified_gmt":"2026-01-31T03:59:12","slug":"commlite-estabilizador-de-pelicula-de-video-commlite-cs-s1","status":"publish","type":"product","link":"https:\/\/hi-techwonder.com\/es\/producto\/commlite-estabilizador-de-pelicula-de-video-commlite-cs-s1\/","title":{"rendered":"Estabilizador de pel\u00edcula de video COMMLITE CS-S1"},"content":{"rendered":"<div><strong>Especificaci\u00f3n<\/strong><\/div>\n<div>Placa de c\u00e1mara\/videoc\u00e1mara: 3,0 cm<\/div>\n<div>Di\u00e1metro de la empu\u00f1adura: 28,8 mm<\/div>\n<div>Peso: 670g<\/div>\n<div>Capacidad m\u00e1xima: 1,5 kg<\/div>\n<div>&nbsp;<\/div>\n<div>Qu\u00e9 hay en la caja:<\/div>\n<div>Estabilizador de video x 1<\/div>\n<div>Contrapeso x 3<\/div>\n<div><span style=\"font-size: 16.0px\"><span style=\"font-family: verdana,geneva\"><span style=\"font-size: small\">Manual de usuario x 1<\/span><br \/><\/span><\/span><\/div>\n","protected":false},"excerpt":{"rendered":"<p>Especificaci\u00f3n Placa de c\u00e1mara\/videoc\u00e1mara: 3,0 cm Di\u00e1metro de la empu\u00f1adura: 28,8 mm Peso: 670g Capacidad m\u00e1xima: 1,5 kg &nbsp; Qu\u00e9<\/p>\n","protected":false},"featured_media":21641,"comment_status":"closed","ping_status":"open","template":"","meta":{"_acf_changed":false},"product_brand":[2554],"product_cat":[1070],"product_tag":[],"class_list":{"0":"post-71795","1":"product","2":"type-product","3":"status-publish","4":"has-post-thumbnail","6":"product_brand-commlite-es","7":"product_cat-outlet-es","9":"first","10":"instock","11":"taxable","12":"shipping-taxable","13":"purchasable","14":"product-type-simple"},"bundled_by":[],"bundle_stock_status":"instock","bundle_stock_quantity":9,"bundle_virtual":false,"bundle_layout":"","bundle_add_to_cart_form_location":"","bundle_editable_in_cart":false,"bundle_sold_individually_context":"","bundle_item_grouping":"","bundle_min_size":"","bundle_max_size":"","bundle_price":[],"bundled_items":[],"bundle_sell_ids":[],"acf":[],"_links":{"self":[{"href":"https:\/\/hi-techwonder.com\/es\/wp-json\/wp\/v2\/product\/71795","targetHints":{"allow":["GET"]}}],"collection":[{"href":"https:\/\/hi-techwonder.com\/es\/wp-json\/wp\/v2\/product"}],"about":[{"href":"https:\/\/hi-techwonder.com\/es\/wp-json\/wp\/v2\/types\/product"}],"replies":[{"embeddable":true,"href":"https:\/\/hi-techwonder.com\/es\/wp-json\/wp\/v2\/comments?post=71795"}],"wp:featuredmedia":[{"embeddable":true,"href":"https:\/\/hi-techwonder.com\/es\/wp-json\/wp\/v2\/media\/21641"}],"wp:attachment":[{"href":"https:\/\/hi-techwonder.com\/es\/wp-json\/wp\/v2\/media?parent=71795"}],"wp:term":[{"taxonomy":"product_brand","embeddable":true,"href":"https:\/\/hi-techwonder.com\/es\/wp-json\/wp\/v2\/product_brand?post=71795"},{"taxonomy":"product_cat","embeddable":true,"href":"https:\/\/hi-techwonder.com\/es\/wp-json\/wp\/v2\/product_cat?post=71795"},{"taxonomy":"product_tag","embeddable":true,"href":"https:\/\/hi-techwonder.com\/es\/wp-json\/wp\/v2\/product_tag?post=71795"}],"curies":[{"name":"wp","href":"https:\/\/api.w.org\/{rel}","templated":true}]}}