{"id":71796,"date":"2025-07-29T10:29:03","date_gmt":"2025-07-29T10:29:03","guid":{"rendered":"https:\/\/fv6qoy3ls0.wpdns.site\/produto\/commlite-empunadura-esponjosa-azul\/"},"modified":"2025-07-29T10:29:03","modified_gmt":"2025-07-29T10:29:03","slug":"commlite-empunadura-esponjosa-azul","status":"publish","type":"product","link":"https:\/\/hi-techwonder.com\/es\/producto\/commlite-empunadura-esponjosa-azul\/","title":{"rendered":"COMMLITE Empu\u00f1adura Esponjosa Azul"},"content":{"rendered":"<div><strong>Recursos:<\/strong><\/div>\n<p><strong> <\/strong><\/p>\n<div>1. Aleaci\u00f3n de aluminio, potente y estable<\/div>\n<div>2. Dise\u00f1o de esponja antideslizante<\/div>\n<div>Dise\u00f1o est\u00e1ndar de 3.1\/4 tornillos en la parte superior, combina perfectamente con su c\u00e1mara, luz de video LED, etc.<\/div>\n<div>4. Rosca hembra est\u00e1ndar de 1\/4, para conexi\u00f3n con control deslizante, tr\u00edpode, plataforma rodante, etc.<\/div>\n<div>5. Efecto de estabilizaci\u00f3n simple y eficiente<\/div>\n<div>&nbsp;<\/div>\n<div><strong>Especificaci\u00f3n:<\/strong><\/div>\n<div>Material: aleaci\u00f3n de aluminio, esponjoso<\/div>\n<div>Tama\u00f1o: 12,5 * 3,5 cm<\/div>\n<div>Peso: 0,12 kg<\/div>\n","protected":false},"excerpt":{"rendered":"<p>Recursos: 1. Aleaci\u00f3n de aluminio, potente y estable 2. Dise\u00f1o de esponja antideslizante Dise\u00f1o est\u00e1ndar de 3.1\/4 tornillos en la<\/p>\n","protected":false},"featured_media":63971,"comment_status":"closed","ping_status":"open","template":"","meta":{"_acf_changed":false},"product_brand":[2554],"product_cat":[1085],"product_tag":[],"class_list":{"0":"post-71796","1":"product","2":"type-product","3":"status-publish","4":"has-post-thumbnail","6":"product_brand-commlite-es","7":"product_cat-para-smartphones-es","9":"first","10":"instock","11":"taxable","12":"shipping-taxable","13":"purchasable","14":"product-type-simple"},"bundled_by":[],"bundle_stock_status":"instock","bundle_stock_quantity":8,"bundle_virtual":false,"bundle_layout":"","bundle_add_to_cart_form_location":"","bundle_editable_in_cart":false,"bundle_sold_individually_context":"","bundle_item_grouping":"","bundle_min_size":"","bundle_max_size":"","bundle_price":[],"bundled_items":[],"bundle_sell_ids":[],"acf":[],"_links":{"self":[{"href":"https:\/\/hi-techwonder.com\/es\/wp-json\/wp\/v2\/product\/71796","targetHints":{"allow":["GET"]}}],"collection":[{"href":"https:\/\/hi-techwonder.com\/es\/wp-json\/wp\/v2\/product"}],"about":[{"href":"https:\/\/hi-techwonder.com\/es\/wp-json\/wp\/v2\/types\/product"}],"replies":[{"embeddable":true,"href":"https:\/\/hi-techwonder.com\/es\/wp-json\/wp\/v2\/comments?post=71796"}],"wp:featuredmedia":[{"embeddable":true,"href":"https:\/\/hi-techwonder.com\/es\/wp-json\/wp\/v2\/media\/63971"}],"wp:attachment":[{"href":"https:\/\/hi-techwonder.com\/es\/wp-json\/wp\/v2\/media?parent=71796"}],"wp:term":[{"taxonomy":"product_brand","embeddable":true,"href":"https:\/\/hi-techwonder.com\/es\/wp-json\/wp\/v2\/product_brand?post=71796"},{"taxonomy":"product_cat","embeddable":true,"href":"https:\/\/hi-techwonder.com\/es\/wp-json\/wp\/v2\/product_cat?post=71796"},{"taxonomy":"product_tag","embeddable":true,"href":"https:\/\/hi-techwonder.com\/es\/wp-json\/wp\/v2\/product_tag?post=71796"}],"curies":[{"name":"wp","href":"https:\/\/api.w.org\/{rel}","templated":true}]}}