{"id":71798,"date":"2025-07-28T23:55:58","date_gmt":"2025-07-28T23:55:58","guid":{"rendered":"https:\/\/fv6qoy3ls0.wpdns.site\/produto\/comica-cvm-spx-trs-para-trrs\/"},"modified":"2025-11-25T17:40:52","modified_gmt":"2025-11-25T17:40:52","slug":"comica-cvm-spx-trs-para-trrs","status":"publish","type":"product","link":"https:\/\/hi-techwonder.com\/es\/producto\/comica-cvm-spx-trs-para-trrs\/","title":{"rendered":"COMICA CVM-SPX TRS para TRRS"},"content":{"rendered":"<p>Para conectar micr\u00f3fonos est\u00e1ndar de 3 contactos (por ejemplo, Rode Videomic) en tel\u00e9fonos inteligentes, tabletas o computadoras port\u00e1tiles con entrada\/salida de audio mixta.<\/p>\n<p><strong>RES\u00daMENES<\/strong><\/p>\n<ul>\n<li>Adaptador de auriculares negro<\/li>\n<li>Conector macho: 3.5MM, Longitud del cable: 135mm.<\/li>\n<li>Contenido del paquete : 1 x adaptador de audio<\/li>\n<li>Material : Pl\u00e1stico, Componentes el\u00e9ctricos<\/li>\n<li>El adaptador de cable de audio CVM-SPX est\u00e1 dise\u00f1ado con PCB interno y se usa ampliamente para c\u00e1maras, videoc\u00e1maras y tel\u00e9fonos inteligentes, lo que le brinda una excelente entrada de audio para grabar.<\/li>\n<\/ul>\n","protected":false},"excerpt":{"rendered":"<p>Para conectar micr\u00f3fonos est\u00e1ndar de 3 contactos (por ejemplo, Rode Videomic) en tel\u00e9fonos inteligentes, tabletas o computadoras port\u00e1tiles con entrada\/salida<\/p>\n","protected":false},"featured_media":30344,"comment_status":"closed","ping_status":"open","template":"","meta":{"_acf_changed":false},"product_brand":[2631],"product_cat":[889],"product_tag":[],"class_list":{"0":"post-71798","1":"product","2":"type-product","3":"status-publish","4":"has-post-thumbnail","6":"product_brand-comica-es","7":"product_cat-cables-adaptadores-accesorios-otros","9":"first","10":"instock","11":"taxable","12":"shipping-taxable","13":"purchasable","14":"product-type-simple"},"bundled_by":[],"bundle_stock_status":"instock","bundle_stock_quantity":1,"bundle_virtual":false,"bundle_layout":"","bundle_add_to_cart_form_location":"","bundle_editable_in_cart":false,"bundle_sold_individually_context":"","bundle_item_grouping":"","bundle_min_size":"","bundle_max_size":"","bundle_price":[],"bundled_items":[],"bundle_sell_ids":[],"acf":[],"_links":{"self":[{"href":"https:\/\/hi-techwonder.com\/es\/wp-json\/wp\/v2\/product\/71798","targetHints":{"allow":["GET"]}}],"collection":[{"href":"https:\/\/hi-techwonder.com\/es\/wp-json\/wp\/v2\/product"}],"about":[{"href":"https:\/\/hi-techwonder.com\/es\/wp-json\/wp\/v2\/types\/product"}],"replies":[{"embeddable":true,"href":"https:\/\/hi-techwonder.com\/es\/wp-json\/wp\/v2\/comments?post=71798"}],"wp:featuredmedia":[{"embeddable":true,"href":"https:\/\/hi-techwonder.com\/es\/wp-json\/wp\/v2\/media\/30344"}],"wp:attachment":[{"href":"https:\/\/hi-techwonder.com\/es\/wp-json\/wp\/v2\/media?parent=71798"}],"wp:term":[{"taxonomy":"product_brand","embeddable":true,"href":"https:\/\/hi-techwonder.com\/es\/wp-json\/wp\/v2\/product_brand?post=71798"},{"taxonomy":"product_cat","embeddable":true,"href":"https:\/\/hi-techwonder.com\/es\/wp-json\/wp\/v2\/product_cat?post=71798"},{"taxonomy":"product_tag","embeddable":true,"href":"https:\/\/hi-techwonder.com\/es\/wp-json\/wp\/v2\/product_tag?post=71798"}],"curies":[{"name":"wp","href":"https:\/\/api.w.org\/{rel}","templated":true}]}}