{"id":71800,"date":"2025-07-29T10:29:03","date_gmt":"2025-07-29T10:29:03","guid":{"rendered":"https:\/\/fv6qoy3ls0.wpdns.site\/produto\/comica-cvm-r3-soporte-para-smartphone-y-accesorios\/"},"modified":"2025-11-25T17:40:50","modified_gmt":"2025-11-25T17:40:50","slug":"comica-cvm-r3-soporte-para-smartphone-y-accesorios","status":"publish","type":"product","link":"https:\/\/hi-techwonder.com\/es\/producto\/comica-cvm-r3-soporte-para-smartphone-y-accesorios\/","title":{"rendered":"COMICA CVM-R3 Soporte para Smartphone y Accesorios"},"content":{"rendered":"<p><strong><span style=\"font-size: small;\"><span style=\"color: #000000;\">Caracter\u00edsticas principales:<\/span><\/strong><\/span><\/p>\n<p><span style=\"font-size: small;\"><span style=\"color: #000000;\">&nbsp;<\/span><\/span><\/p>\n<ul>\n<li><span style=\"font-size: small;\"><span style=\"color: #000000;\">Abrazadera port\u00e1til vers\u00e1til para tel\u00e9fonos inteligentes, captura de video completa;<\/span><\/span><\/li>\n<li><span style=\"font-size: small;\"><span style=\"color: #000000;\">Exquisita abrazadera para smartphone, f\u00e1cil de instalar;<\/span><\/span><\/li>\n<li><span style=\"font-size: small;\"><span style=\"color: #000000;\">Extensible con combinaci\u00f3n flexible;<\/span><\/span><\/li>\n<li><span style=\"font-size: small;\"><span style=\"color: #000000;\">Apto para accesorios exteriores como micr\u00f3fono, luz LED, etc;<\/span><\/span><\/li>\n<li><span style=\"font-size: small;\"><span style=\"color: #000000;\">Puerto de tornillo externo inferior de 1\/4 para una conexi\u00f3n extendida;<\/span><\/span><\/li>\n<li><span style=\"font-size: small;\"><span style=\"color: #000000;\">Todo el material met\u00e1lico con procesamiento cnc, s\u00f3lido y duradero.<\/span><\/span><\/li>\n<\/ul>\n<p><span style=\"font-size: small;\"><span style=\"color: #000000;\">&nbsp;<\/span><\/span><\/p>\n<p><span style=\"font-size: small;\"><span style=\"color: #000000;\">CV  <span style=\"box-sizing: border-box; font-weight: 700 !important;\">El kit de video para tel\u00e9fonos inteligentes M-R3 utiliza tecnolog\u00eda de equilibrio para el dise\u00f1o, puede reducir efectivamente la influencia negativa de las sacudidas del cuerpo humano y reducir la turbulencia del tel\u00e9fono inteligente. Haz que las im\u00e1genes sean m\u00e1s claras sin distorsi\u00f3n. <\/span><\/span><\/span><\/p>\n<p><span style=\"font-size: small;\"><span style=\"color: #000000;\">&nbsp;<\/span><\/span><\/p>\n<h3 style=\"box-sizing: border-box; padding: 0px; text-rendering: optimizelegibility; line-height: 1.255; color: #111111; margin: 0px 0px 6px !important 0px;\"><span style=\"font-size: small;\"><span style=\"color: #000000;\">Ancho del soporte del tel\u00e9fono<\/span><\/span><\/h3>\n<p style=\"box-sizing: border-box; padding: 0px; margin: 0px 0px 14px; color: #111111;\"><span style=\"font-size: small;\"><span style=\"color: #000000;\">Se adapta a tel\u00e9fonos inteligentes de 5,5 cm a 10 cm de ancho y se aplica a la mayor\u00eda de los tel\u00e9fonos m\u00f3viles del mercado. Puede estabilizar el tel\u00e9fono mientras protege el borde del tel\u00e9fono de da\u00f1os. Adem\u00e1s, <span style=\"box-sizing: border-box; font-weight: 700 !important;\">el kit de video para tel\u00e9fonos inteligentes CVM-R3 ten\u00eda muchas ventajas, como montaje simple, f\u00e1cil instalaci\u00f3n, liviano y f\u00e1cil de transportar, etc.<\/span>  <\/span><\/span><\/p>\n<p style=\"box-sizing: border-box; padding: 0px; margin: 0px 0px 14px; color: #111111;\"><span style=\"font-size: small;\"><span style=\"color: #000000;\">&nbsp;<\/span><\/span><\/p>\n<h3 style=\"box-sizing: border-box; padding: 0px; text-rendering: optimizelegibility; line-height: 1.255; color: #111111; margin: 0px 0px 6px !important 0px;\"><span style=\"font-size: small;\"><span style=\"color: #000000;\">Combinaci\u00f3n flexible<\/span><\/span><\/h3>\n<p style=\"box-sizing: border-box; padding: 0px; color: #111111; margin: 0px 0px 14px !important 0px;\"><span style=\"font-size: small;\"><span style=\"color: #000000;\"><span style=\"box-sizing: border-box; font-weight: 700 !important;\">El kit de video para tel\u00e9fono CVM-R3 tiene una variedad de modos de montaje, puede usar piezas de flexibilidad de micr\u00f3fono mini Shutgum de acuerdo con sus demandas de disparo. Siempre que sea creativo y aventurero, usar el tel\u00e9fono celular tambi\u00e9n puede completar trabajos de fotograf\u00eda profesional. <\/span><\/span><\/span><\/p>\n<p style=\"box-sizing: border-box; padding: 0px; color: #111111; margin: 0px 0px 14px !important 0px;\"><span style=\"font-size: small;\"><span style=\"color: #000000;\">&nbsp;<\/span><\/span><\/p>\n<p style=\"box-sizing: border-box; padding: 0px; color: #111111; font-family: 'Amazon Ember', Arial, sans-serif; font-size: 13px; margin: 0px 0px 14px !important 0px;\"><span style=\"font-size: 13px;\"><strong><span style=\"font-size: large;\"><span style=\"font-size: small;\"><span style=\"color: #000000;\">Piezas f\u00e1ciles de instalar y extra\u00edbles<\/span><\/span><\/strong><\/span><\/span><\/p>\n<p style=\"box-sizing: border-box; padding: 0px; color: #111111; font-family: 'Amazon Ember', Arial, sans-serif; font-size: 13px; margin: 0px 0px 14px !important 0px;\"><span style=\"font-size: large;\"><span style=\"font-size: small;\"><span style=\"color: #000000;\">Las piezas f\u00e1ciles de instalar y extra\u00edbles no solo hacen que el mango sea flexible para ensamblar, sino que tambi\u00e9n lo hacen f\u00e1cil de transportar.<\/span><\/span><\/span><\/p>\n<p style=\"box-sizing: border-box; padding: 0px; color: #111111; font-family: 'Amazon Ember', Arial, sans-serif; font-size: 13px; margin: 0px 0px 14px !important 0px;\"><span style=\"font-size: large;\"><span style=\"font-size: small;\"><span style=\"color: #000000;\">&nbsp;<\/span><\/span><\/span><\/p>\n<p style=\"box-sizing: border-box; padding: 0px; color: #111111; font-family: 'Amazon Ember', Arial, sans-serif; font-size: 13px; margin: 0px 0px 14px !important 0px;\"><span style=\"font-size: 13px;\"><strong><span style=\"font-size: large;\"><span style=\"font-size: small;\"><span style=\"color: #000000;\">abrazadera de silicona para tel\u00e9fono<\/span><\/span><\/strong><\/span><\/span><\/p>\n<p style=\"box-sizing: border-box; padding: 0px; color: #111111; font-family: 'Amazon Ember', Arial, sans-serif; font-size: 13px; margin: 0px 0px 14px !important 0px;\"><span style=\"font-size: large;\"><span style=\"font-size: small;\"><span style=\"color: #000000;\">Hecho de material de silicona, puede estabilizar el tel\u00e9fono y proteger el borde del tel\u00e9fono de da\u00f1os.<\/span><\/span><\/span><\/p>\n<p style=\"box-sizing: border-box; padding: 0px; color: #111111; font-family: 'Amazon Ember', Arial, sans-serif; font-size: 13px; margin: 0px 0px 14px !important 0px;\"><span style=\"font-size: large;\"><span style=\"font-size: small;\"><span style=\"color: #000000;\">&nbsp;<\/span><\/span><\/span><\/p>\n<p style=\"box-sizing: border-box; padding: 0px; color: #111111; font-family: 'Amazon Ember', Arial, sans-serif; font-size: 13px; margin: 0px 0px 14px !important 0px;\"><span style=\"font-size: 13px;\"><strong><span style=\"font-size: large;\"><span style=\"font-size: small;\"><span style=\"color: #000000;\">Zapato mecedora<\/span><\/span><\/strong><\/span><\/span><\/p>\n<p style=\"box-sizing: border-box; padding: 0px; color: #111111; font-family: 'Amazon Ember', Arial, sans-serif; font-size: 13px; margin: 0px 0px 14px !important 0px;\"><span style=\"font-size: large;\"><span style=\"font-size: small;\"><span style=\"color: #000000;\">El puerto exterior inferior y superior de 1\/4 y el soporte de zapata son universales para casi todos los accesorios de la c\u00e1mara, como tr\u00edpode, varilla de extensi\u00f3n, ventosa, etc.<\/span><\/span><\/span><\/p>\n<div id=\"_mcePaste\" style=\"position: absolute; left: -10000px; top: 392.222px; width: 1px; height: 1px; overflow: hidden;\">Piezas f\u00e1ciles de instalar y extra\u00edbles<\/div>\n<div id=\"_mcePaste\" style=\"position: absolute; left: -10000px; top: 392.222px; width: 1px; height: 1px; overflow: hidden;\">Las piezas f\u00e1ciles de instalar y extra\u00edbles no solo hacen que el mango sea flexible para ensamblar, sino que tambi\u00e9n lo hacen f\u00e1cil de transportar.<\/div>\n<div id=\"_mcePaste\" style=\"position: absolute; left: -10000px; top: 392.222px; width: 1px; height: 1px; overflow: hidden;\">abrazadera de silicona para tel\u00e9fono<\/div>\n<div id=\"_mcePaste\" style=\"position: absolute; left: -10000px; top: 392.222px; width: 1px; height: 1px; overflow: hidden;\">Hecho de material de silicona, puede estabilizar el tel\u00e9fono y proteger el borde del tel\u00e9fono de da\u00f1os.<\/div>\n<div id=\"_mcePaste\" style=\"position: absolute; left: -10000px; top: 392.222px; width: 1px; height: 1px; overflow: hidden;\">Zapato mecedora<\/div>\n<div id=\"_mcePaste\" style=\"position: absolute; left: -10000px; top: 392.222px; width: 1px; height: 1px; overflow: hidden;\">El puerto exterior inferior y superior de 1\/4 y el soporte de zapata son universales para casi todos los accesorios de la c\u00e1mara, como tr\u00edpode, varilla de extensi\u00f3n, ventosa, etc.<\/div>\n","protected":false},"excerpt":{"rendered":"<p>Caracter\u00edsticas principales: &nbsp; Abrazadera port\u00e1til vers\u00e1til para tel\u00e9fonos inteligentes, captura de video completa; Exquisita abrazadera para smartphone, f\u00e1cil de instalar;<\/p>\n","protected":false},"featured_media":63957,"comment_status":"closed","ping_status":"open","template":"","meta":{"_acf_changed":false},"product_brand":[2631],"product_cat":[1085],"product_tag":[],"class_list":{"0":"post-71800","1":"product","2":"type-product","3":"status-publish","4":"has-post-thumbnail","6":"product_brand-comica-es","7":"product_cat-para-smartphones-es","9":"first","10":"instock","11":"taxable","12":"shipping-taxable","13":"purchasable","14":"product-type-simple"},"bundled_by":[],"bundle_stock_status":"instock","bundle_stock_quantity":1,"bundle_virtual":false,"bundle_layout":"","bundle_add_to_cart_form_location":"","bundle_editable_in_cart":false,"bundle_sold_individually_context":"","bundle_item_grouping":"","bundle_min_size":"","bundle_max_size":"","bundle_price":[],"bundled_items":[],"bundle_sell_ids":[],"acf":[],"_links":{"self":[{"href":"https:\/\/hi-techwonder.com\/es\/wp-json\/wp\/v2\/product\/71800","targetHints":{"allow":["GET"]}}],"collection":[{"href":"https:\/\/hi-techwonder.com\/es\/wp-json\/wp\/v2\/product"}],"about":[{"href":"https:\/\/hi-techwonder.com\/es\/wp-json\/wp\/v2\/types\/product"}],"replies":[{"embeddable":true,"href":"https:\/\/hi-techwonder.com\/es\/wp-json\/wp\/v2\/comments?post=71800"}],"wp:featuredmedia":[{"embeddable":true,"href":"https:\/\/hi-techwonder.com\/es\/wp-json\/wp\/v2\/media\/63957"}],"wp:attachment":[{"href":"https:\/\/hi-techwonder.com\/es\/wp-json\/wp\/v2\/media?parent=71800"}],"wp:term":[{"taxonomy":"product_brand","embeddable":true,"href":"https:\/\/hi-techwonder.com\/es\/wp-json\/wp\/v2\/product_brand?post=71800"},{"taxonomy":"product_cat","embeddable":true,"href":"https:\/\/hi-techwonder.com\/es\/wp-json\/wp\/v2\/product_cat?post=71800"},{"taxonomy":"product_tag","embeddable":true,"href":"https:\/\/hi-techwonder.com\/es\/wp-json\/wp\/v2\/product_tag?post=71800"}],"curies":[{"name":"wp","href":"https:\/\/api.w.org\/{rel}","templated":true}]}}