{"id":71804,"date":"2025-07-28T23:40:17","date_gmt":"2025-07-28T23:40:17","guid":{"rendered":"https:\/\/fv6qoy3ls0.wpdns.site\/produto\/colorline-nucleo-de-aluminio-27-m\/"},"modified":"2026-03-20T10:44:03","modified_gmt":"2026-03-20T10:44:03","slug":"colorline-nucleo-de-aluminio-27-m","status":"publish","type":"product","link":"https:\/\/hi-techwonder.com\/es\/producto\/colorline-nucleo-de-aluminio-27-m\/","title":{"rendered":"COLORLINE N\u00facleo de aluminio 2,7 m"},"content":{"rendered":"<p><strong>IMPORTANTE: ESTE ART\u00cdCULO SOLO EST\u00c1 DISPONIBLE PARA RECOGER EN LA TIENDA. LOS PEDIDOS DE ENV\u00cdO SER\u00c1N NULOS. <\/strong><\/p>\n<p>El n\u00facleo de aluminio es el producto ideal para evitar la deformaci\u00f3n en los fondos de papel.<\/p>\n<p>El fondo de papel cuando se encuentra en un ambiente de cierta humedad, o por el simple hecho de que no se usa durante unas semanas, suele tender a curvarse y deformarse, imposibilitando su uso.<\/p>\n<p><strong>Contenido de la caja:<\/strong><\/p>\n<ul>\n<li>1x N\u00facleo de aluminio 2,72 m<\/li>\n<\/ul>\n","protected":false},"excerpt":{"rendered":"<p>IMPORTANTE: ESTE ART\u00cdCULO SOLO EST\u00c1 DISPONIBLE PARA RECOGER EN LA TIENDA. LOS PEDIDOS DE ENV\u00cdO SER\u00c1N NULOS. El n\u00facleo de<\/p>\n","protected":false},"featured_media":25881,"comment_status":"closed","ping_status":"open","template":"","meta":{"_acf_changed":false},"product_brand":[2591],"product_cat":[962],"product_tag":[],"class_list":{"0":"post-71804","1":"product","2":"type-product","3":"status-publish","4":"has-post-thumbnail","6":"product_brand-colorline-es","7":"product_cat-para-fondos","9":"first","10":"pre-order","11":"taxable","12":"shipping-taxable","13":"purchasable","14":"product-type-simple"},"bundled_by":[],"bundle_stock_status":"pre-order","bundle_stock_quantity":null,"bundle_virtual":false,"bundle_layout":"","bundle_add_to_cart_form_location":"","bundle_editable_in_cart":false,"bundle_sold_individually_context":"","bundle_item_grouping":"","bundle_min_size":"","bundle_max_size":"","bundle_price":[],"bundled_items":[],"bundle_sell_ids":[],"acf":[],"_links":{"self":[{"href":"https:\/\/hi-techwonder.com\/es\/wp-json\/wp\/v2\/product\/71804","targetHints":{"allow":["GET"]}}],"collection":[{"href":"https:\/\/hi-techwonder.com\/es\/wp-json\/wp\/v2\/product"}],"about":[{"href":"https:\/\/hi-techwonder.com\/es\/wp-json\/wp\/v2\/types\/product"}],"replies":[{"embeddable":true,"href":"https:\/\/hi-techwonder.com\/es\/wp-json\/wp\/v2\/comments?post=71804"}],"wp:featuredmedia":[{"embeddable":true,"href":"https:\/\/hi-techwonder.com\/es\/wp-json\/wp\/v2\/media\/25881"}],"wp:attachment":[{"href":"https:\/\/hi-techwonder.com\/es\/wp-json\/wp\/v2\/media?parent=71804"}],"wp:term":[{"taxonomy":"product_brand","embeddable":true,"href":"https:\/\/hi-techwonder.com\/es\/wp-json\/wp\/v2\/product_brand?post=71804"},{"taxonomy":"product_cat","embeddable":true,"href":"https:\/\/hi-techwonder.com\/es\/wp-json\/wp\/v2\/product_cat?post=71804"},{"taxonomy":"product_tag","embeddable":true,"href":"https:\/\/hi-techwonder.com\/es\/wp-json\/wp\/v2\/product_tag?post=71804"}],"curies":[{"name":"wp","href":"https:\/\/api.w.org\/{rel}","templated":true}]}}