{"id":71807,"date":"2025-07-29T00:16:33","date_gmt":"2025-07-29T00:16:33","guid":{"rendered":"https:\/\/fv6qoy3ls0.wpdns.site\/produto\/dicapac-wp-s10-bolsa-de-fotos-impermeable\/"},"modified":"2025-12-05T16:28:20","modified_gmt":"2025-12-05T16:28:20","slug":"dicapac-wp-s10-bolsa-de-fotos-impermeable","status":"publish","type":"product","link":"https:\/\/hi-techwonder.com\/es\/producto\/dicapac-wp-s10-bolsa-de-fotos-impermeable\/","title":{"rendered":"DICAPAC WP-S10 Bolsa de fotos impermeable"},"content":{"rendered":"<p><strong>DICAPAC WP-S10 Bolsa impermeable subacu\u00e1tica<\/strong><\/p>\n<p><strong>Funciones:<\/strong><\/p>\n<ul>\n<li>&nbsp;Bolsa de fotos submarina<\/li>\n<li>Dimensiones del cart\u00f3n: 270 x 230 x 190 mm<\/li>\n<li>Compatible con c\u00e1maras r\u00e9flex y objetivos de 50 mm a 150 mm<\/li>\n<li>Todos los controles son accesibles<\/li>\n<li>Carcasa impermeable, JIS IPX8 para uso bajo el agua hasta 5 m de profundidad<\/li>\n<\/ul>\n<p><strong>Contenido del paquete:<\/strong><\/p>\n<ul>\n<li>Carcasa impermeable DiCApac WP-S10<\/li>\n<li>Correa para el cuello<\/li>\n<\/ul>\n<p><object data=\"https:\/\/www.youtube.com\/v\/4k9NDHnE1ds&amp;feature\" type=\"application\/x-shockwave-flash\" width=\"425\" height=\"350\"><param name=\"src\" value=\"https:\/\/www.youtube.com\/v\/4k9NDHnE1ds&amp;feature\"><\/object><\/p>\n<p>La carcasa impermeable <strong>DIPACAC WP-S10<\/strong> proteger\u00e1 su c\u00e1mara SLR cuando bucee, practique snorkel, surf, nataci\u00f3n, rafting, pesca, vela, kayak, esqu\u00ed, snowboard y m\u00e1s. Es una caja impermeable, JIS IPX8 para uso bajo el agua hasta 5m de profundidad. Tan simple y tan asequible, para todas las marcas y modelos de c\u00e1maras. Utiliza el 100% del potencial de la m\u00e1quina, se puede acceder f\u00e1cilmente al flash, al zoom y a todos los botones. Para los amantes de la fotograf\u00eda con c\u00e1maras r\u00e9flex r\u00e9flex, la WP-S10 es la soluci\u00f3n que se adapta a la gran mayor\u00eda de c\u00e1maras actuales del mercado.    <\/p>\n<p>Pasa por la borda con tu c\u00e1mara y, si la dejas caer, \u00a1flotar\u00e1!<\/p>\n<p>Compatible con c\u00e1maras SLR con una longitud de 120 mm o menos. El objetivo puede tener de 50 mm a 150 mm de longitud. <\/p>\n<ul>\n<li>Carcasa subacu\u00e1tica impermeable utilizable hasta 5 m<\/li>\n<li>Cumple con los requisitos est\u00e1ndar de JIS (Normas industriales de Jap\u00f3n) IPX8 a una presi\u00f3n de agua de 0,5 (5 m bajo el agua), probado durante 30 minutos<\/li>\n<li>Tiene un compartimento para lentes de 50 mm a 150 mm de longitud<\/li>\n<li>Todos los controles son accesibles<\/li>\n<li>Policarbonato con recubrimiento UV en la carcasa del objetivo para obtener im\u00e1genes n\u00edtidas<\/li>\n<li>Ideal para tomar fotos bajo la lluvia, en la playa o en las pistas de esqu\u00ed<\/li>\n<\/ul>\n<p><strong>Caracter\u00edsticas t\u00e9cnicas:<\/strong><\/p>\n<ul>\n<li>Dimensiones de la caja: 270 x 230 x 190 mm<\/li>\n<li>Dimensiones de la carcasa del objetivo: 105 x 85 x 115 mm<\/li>\n<li>Di\u00e1metro del puerto frontal: 85 mm<\/li>\n<li>Peso: 500g&nbsp;<\/li>\n<li>Material de la bolsa: PVC, TPU<\/li>\n<li>Material de la carcasa de la lente: pl\u00e1stico (PC, ABS), silicona<\/li>\n<\/ul>\n","protected":false},"excerpt":{"rendered":"<p>DICAPAC WP-S10 Bolsa impermeable subacu\u00e1tica Funciones: &nbsp;Bolsa de fotos submarina Dimensiones del cart\u00f3n: 270 x 230 x 190 mm Compatible<\/p>\n","protected":false},"featured_media":36977,"comment_status":"closed","ping_status":"open","template":"","meta":{"_acf_changed":false},"product_brand":[2654],"product_cat":[904],"product_tag":[],"class_list":{"0":"post-71807","1":"product","2":"type-product","3":"status-publish","4":"has-post-thumbnail","6":"product_brand-dicapac-es","7":"product_cat-bolsas-estancas","9":"first","10":"instock","11":"taxable","12":"shipping-taxable","13":"purchasable","14":"product-type-simple"},"bundled_by":[],"bundle_stock_status":"instock","bundle_stock_quantity":1,"bundle_virtual":false,"bundle_layout":"","bundle_add_to_cart_form_location":"","bundle_editable_in_cart":false,"bundle_sold_individually_context":"","bundle_item_grouping":"","bundle_min_size":"","bundle_max_size":"","bundle_price":[],"bundled_items":[],"bundle_sell_ids":[],"acf":[],"_links":{"self":[{"href":"https:\/\/hi-techwonder.com\/es\/wp-json\/wp\/v2\/product\/71807","targetHints":{"allow":["GET"]}}],"collection":[{"href":"https:\/\/hi-techwonder.com\/es\/wp-json\/wp\/v2\/product"}],"about":[{"href":"https:\/\/hi-techwonder.com\/es\/wp-json\/wp\/v2\/types\/product"}],"replies":[{"embeddable":true,"href":"https:\/\/hi-techwonder.com\/es\/wp-json\/wp\/v2\/comments?post=71807"}],"wp:featuredmedia":[{"embeddable":true,"href":"https:\/\/hi-techwonder.com\/es\/wp-json\/wp\/v2\/media\/36977"}],"wp:attachment":[{"href":"https:\/\/hi-techwonder.com\/es\/wp-json\/wp\/v2\/media?parent=71807"}],"wp:term":[{"taxonomy":"product_brand","embeddable":true,"href":"https:\/\/hi-techwonder.com\/es\/wp-json\/wp\/v2\/product_brand?post=71807"},{"taxonomy":"product_cat","embeddable":true,"href":"https:\/\/hi-techwonder.com\/es\/wp-json\/wp\/v2\/product_cat?post=71807"},{"taxonomy":"product_tag","embeddable":true,"href":"https:\/\/hi-techwonder.com\/es\/wp-json\/wp\/v2\/product_tag?post=71807"}],"curies":[{"name":"wp","href":"https:\/\/api.w.org\/{rel}","templated":true}]}}