{"id":71812,"date":"2025-07-28T23:33:39","date_gmt":"2025-07-28T23:33:39","guid":{"rendered":"https:\/\/fv6qoy3ls0.wpdns.site\/produto\/cable-de-camara-usb-delock-ultra-de-8-pines\/"},"modified":"2026-01-31T03:48:55","modified_gmt":"2026-01-31T03:48:55","slug":"delock-cable-de-camara-usb-delock-ultra-de-8-pines","status":"publish","type":"product","link":"https:\/\/hi-techwonder.com\/es\/producto\/delock-cable-de-camara-usb-delock-ultra-de-8-pines\/","title":{"rendered":"Cable de c\u00e1mara USB DELOCK Ultra de 8 pines"},"content":{"rendered":"<p><strong>Cable de c\u00e1mara USB DELOCK Ultra de 8 pines<\/strong><\/p>\n<p>Este cable USB de Delock le permite conectar diferentes dispositivos con interfaz Ultra de 8 pines, por ejemplo, c\u00e1mara, etc., a un puerto USB est\u00e1ndar de su PC. Para que pueda transferir las fotos de su c\u00e1mara a su computadora.  <\/p>\n<p>\u2022 Conector: USB-A macho &gt; USB Ultra 8 pines macho<\/p>\n<p>\u2022 Calibre del cable: AWG 28<\/p>\n<p>\u2022 Di\u00e1metro exterior del cable: aprox. 3,5 mil\u00edmetros <\/p>\n<p>\u2022 Longitud del cable: aprox. 1,5 millones <\/p>\n<p>\u2022 Color: Negro<\/p>\n<p><strong>Requisitos del sistema<\/strong><\/p>\n<p>\u2022 PC o port\u00e1til con puerto USB libre<\/p>\n<p><strong>Contenido del paquete<\/strong><\/p>\n<p>\u2022 Cable USB<\/p>\n","protected":false},"excerpt":{"rendered":"<p>Cable de c\u00e1mara USB DELOCK Ultra de 8 pines Este cable USB de Delock le permite conectar diferentes dispositivos con<\/p>\n","protected":false},"featured_media":23908,"comment_status":"closed","ping_status":"open","template":"","meta":{"_acf_changed":false},"product_brand":[2576],"product_cat":[876],"product_tag":[],"class_list":{"0":"post-71812","1":"product","2":"type-product","3":"status-publish","4":"has-post-thumbnail","6":"product_brand-delock-es","7":"product_cat-cables-adaptadores","9":"first","10":"instock","11":"taxable","12":"shipping-taxable","13":"purchasable","14":"product-type-simple"},"bundled_by":[],"bundle_stock_status":"instock","bundle_stock_quantity":1,"bundle_virtual":false,"bundle_layout":"","bundle_add_to_cart_form_location":"","bundle_editable_in_cart":false,"bundle_sold_individually_context":"","bundle_item_grouping":"","bundle_min_size":"","bundle_max_size":"","bundle_price":[],"bundled_items":[],"bundle_sell_ids":[],"acf":[],"_links":{"self":[{"href":"https:\/\/hi-techwonder.com\/es\/wp-json\/wp\/v2\/product\/71812","targetHints":{"allow":["GET"]}}],"collection":[{"href":"https:\/\/hi-techwonder.com\/es\/wp-json\/wp\/v2\/product"}],"about":[{"href":"https:\/\/hi-techwonder.com\/es\/wp-json\/wp\/v2\/types\/product"}],"replies":[{"embeddable":true,"href":"https:\/\/hi-techwonder.com\/es\/wp-json\/wp\/v2\/comments?post=71812"}],"wp:featuredmedia":[{"embeddable":true,"href":"https:\/\/hi-techwonder.com\/es\/wp-json\/wp\/v2\/media\/23908"}],"wp:attachment":[{"href":"https:\/\/hi-techwonder.com\/es\/wp-json\/wp\/v2\/media?parent=71812"}],"wp:term":[{"taxonomy":"product_brand","embeddable":true,"href":"https:\/\/hi-techwonder.com\/es\/wp-json\/wp\/v2\/product_brand?post=71812"},{"taxonomy":"product_cat","embeddable":true,"href":"https:\/\/hi-techwonder.com\/es\/wp-json\/wp\/v2\/product_cat?post=71812"},{"taxonomy":"product_tag","embeddable":true,"href":"https:\/\/hi-techwonder.com\/es\/wp-json\/wp\/v2\/product_tag?post=71812"}],"curies":[{"name":"wp","href":"https:\/\/api.w.org\/{rel}","templated":true}]}}