{"id":71814,"date":"2025-07-28T23:56:03","date_gmt":"2025-07-28T23:56:03","guid":{"rendered":"https:\/\/fv6qoy3ls0.wpdns.site\/produto\/conector-de-cable-delock-3-5mm-trs-macho-jack-3-5mm-trs-macho-1m\/"},"modified":"2026-01-31T03:20:16","modified_gmt":"2026-01-31T03:20:16","slug":"delock-conector-de-cable-delock-3-5mm-trs-macho-jack-3-5mm-trs-macho-1m","status":"publish","type":"product","link":"https:\/\/hi-techwonder.com\/es\/producto\/delock-conector-de-cable-delock-3-5mm-trs-macho-jack-3-5mm-trs-macho-1m\/","title":{"rendered":"Conector de cable DELOCK 3.5mm TRS Macho-Jack 3.5mm TRS Macho 1m"},"content":{"rendered":"<p>Este cable est\u00e9reo se puede utilizar para cualquier conexi\u00f3n de audio u otra conexi\u00f3n que requiera una conexi\u00f3n jack de 3,5 mm.<br style=\"color: #666666;font-family: 'Open Sans', serif;font-size: 12px;background-color: #ffffff\"><br style=\"color: #666666;font-family: 'Open Sans', serif;font-size: 12px;background-color: #ffffff\"><strong style=\"margin: 0px;padding: 0px;border: 0px;font-size: 12px;background: #ffffff;color: #666666;font-family: 'Open Sans', serif\">Conector:<\/strong> conector est\u00e9reo de 3,5 mm (3 pines) &gt; conector est\u00e9reo de 3,5 mm (3 pines)<br style=\"color: #666666;font-family: 'Open Sans', serif;font-size: 12px;background-color: #ffffff\"><strong style=\"margin: 0px;padding: 0px;border: 0px;font-size: 12px;background: #ffffff;color: #666666;font-family: 'Open Sans', serif\">Di\u00e1metro del cable:<\/strong> 24 AWG<br style=\"color: #666666;font-family: 'Open Sans', serif;font-size: 12px;background-color: #ffffff\"><strong style=\"margin: 0px;padding: 0px;border: 0px;font-size: 12px;background: #ffffff;color: #666666;font-family: 'Open Sans', serif\">Conectores:<\/strong> chapados en oro<br style=\"color: #666666;font-family: 'Open Sans', serif;font-size: 12px;background-color: #ffffff\"><strong style=\"margin: 0px;padding: 0px;border: 0px;font-size: 12px;background: #ffffff;color: #666666;font-family: 'Open Sans', serif\">Color:<\/strong> Negro<br style=\"color: #666666;font-family: 'Open Sans', serif;font-size: 12px;background-color: #ffffff\"><strong style=\"margin: 0px;padding: 0px;border: 0px;font-size: 12px;background: #ffffff;color: #666666;font-family: 'Open Sans', serif\">Tama\u00f1o<\/strong>: 1m<br style=\"color: #666666;font-family: 'Open Sans', serif;font-size: 12px;background-color: #ffffff\"><br style=\"color: #666666;font-family: 'Open Sans', serif;font-size: 12px;background-color: #ffffff\"><strong style=\"margin: 0px;padding: 0px;border: 0px;font-size: 12px;background: #ffffff;color: #666666;font-family: 'Open Sans', serif\">Contenido del paquete:<\/strong><br style=\"color: #666666;font-family: 'Open Sans', serif;font-size: 12px;background-color: #ffffff\">1x Conector de conexi\u00f3n de cable de desbloqueo 3,5 mm &#8211; 1 mt<\/p>\n","protected":false},"excerpt":{"rendered":"<p>Este cable est\u00e9reo se puede utilizar para cualquier conexi\u00f3n de audio u otra conexi\u00f3n que requiera una conexi\u00f3n jack de<\/p>\n","protected":false},"featured_media":30350,"comment_status":"closed","ping_status":"open","template":"","meta":{"_acf_changed":false},"product_brand":[2576],"product_cat":[889],"product_tag":[],"class_list":{"0":"post-71814","1":"product","2":"type-product","3":"status-publish","4":"has-post-thumbnail","6":"product_brand-delock-es","7":"product_cat-cables-adaptadores-accesorios-otros","9":"first","10":"instock","11":"taxable","12":"shipping-taxable","13":"purchasable","14":"product-type-simple"},"bundled_by":[],"bundle_stock_status":"instock","bundle_stock_quantity":1,"bundle_virtual":false,"bundle_layout":"","bundle_add_to_cart_form_location":"","bundle_editable_in_cart":false,"bundle_sold_individually_context":"","bundle_item_grouping":"","bundle_min_size":"","bundle_max_size":"","bundle_price":[],"bundled_items":[],"bundle_sell_ids":[],"acf":[],"_links":{"self":[{"href":"https:\/\/hi-techwonder.com\/es\/wp-json\/wp\/v2\/product\/71814","targetHints":{"allow":["GET"]}}],"collection":[{"href":"https:\/\/hi-techwonder.com\/es\/wp-json\/wp\/v2\/product"}],"about":[{"href":"https:\/\/hi-techwonder.com\/es\/wp-json\/wp\/v2\/types\/product"}],"replies":[{"embeddable":true,"href":"https:\/\/hi-techwonder.com\/es\/wp-json\/wp\/v2\/comments?post=71814"}],"wp:featuredmedia":[{"embeddable":true,"href":"https:\/\/hi-techwonder.com\/es\/wp-json\/wp\/v2\/media\/30350"}],"wp:attachment":[{"href":"https:\/\/hi-techwonder.com\/es\/wp-json\/wp\/v2\/media?parent=71814"}],"wp:term":[{"taxonomy":"product_brand","embeddable":true,"href":"https:\/\/hi-techwonder.com\/es\/wp-json\/wp\/v2\/product_brand?post=71814"},{"taxonomy":"product_cat","embeddable":true,"href":"https:\/\/hi-techwonder.com\/es\/wp-json\/wp\/v2\/product_cat?post=71814"},{"taxonomy":"product_tag","embeddable":true,"href":"https:\/\/hi-techwonder.com\/es\/wp-json\/wp\/v2\/product_tag?post=71814"}],"curies":[{"name":"wp","href":"https:\/\/api.w.org\/{rel}","templated":true}]}}