{"id":71825,"date":"2025-07-29T10:34:09","date_gmt":"2025-07-29T10:34:09","guid":{"rendered":"https:\/\/fv6qoy3ls0.wpdns.site\/produto\/cullmann-neomax-tripode-240-112cm\/"},"modified":"2025-11-25T17:52:15","modified_gmt":"2025-11-25T17:52:15","slug":"cullmann-neomax-tripode-240-112cm","status":"publish","type":"product","link":"https:\/\/hi-techwonder.com\/es\/producto\/cullmann-neomax-tripode-240-112cm\/","title":{"rendered":"CULLMANN NEOMAX Tr\u00edpode 240 &#8211; 112cm"},"content":{"rendered":"<p><strong>CULLMANN NEOMAX Tr\u00edpode 240 &#8211; 112cm<\/strong><\/p>\n<p><strong>Funciones:<br \/><\/strong><\/p>\n<ul>\n<li>Patas de tr\u00edpode y columna central en tubo de aluminio anodizado<\/li>\n<li>&nbsp;Extensi\u00f3n megarr\u00e1pida de las patas del tr\u00edpode gracias a la extensi\u00f3n telesc\u00f3pica<\/li>\n<li>&nbsp;Patas de tr\u00edpode ajustables ?? en tres posiciones (incluida la posici\u00f3n macro)<\/li>\n<li>&nbsp;Tama\u00f1o de paquete peque\u00f1o de 25,5 cm gracias a las patas de tr\u00edpode plegables<\/li>\n<li>&nbsp;Columna central doble extensible<\/li>\n<li>&nbsp;Altura de extensi\u00f3n estable y c\u00f3moda de 112 cm<\/li>\n<li>&nbsp;Cabezal de r\u00f3tula con sistema de liberaci\u00f3n r\u00e1pida<\/li>\n<li>Incluye bolsa de tr\u00edpode con correa ajustable para el hombro<\/li>\n<\/ul>\n<p><strong>Caracter\u00edsticas t\u00e9cnicas:<\/strong><\/p>\n<ul>\n<li>Altura m\u00e1xima: 112 cm<\/li>\n<li>Altura m\u00ednima: 11 cm<\/li>\n<li>Dimensiones del paquete: 25,5 cm<\/li>\n<li>Capacidad de carga: 3 kg<\/li>\n<li>Peso: 626g<\/li>\n<\/ul>\n","protected":false},"excerpt":{"rendered":"<p>CULLMANN NEOMAX Tr\u00edpode 240 &#8211; 112cm Funciones: Patas de tr\u00edpode y columna central en tubo de aluminio anodizado &nbsp;Extensi\u00f3n megarr\u00e1pida<\/p>\n","protected":false},"featured_media":64852,"comment_status":"closed","ping_status":"open","template":"","meta":{"_acf_changed":false},"product_brand":[2643],"product_cat":[1092],"product_tag":[],"class_list":{"0":"post-71825","1":"product","2":"type-product","3":"status-publish","4":"has-post-thumbnail","6":"product_brand-cullmann-es","7":"product_cat-kits-foto-es","9":"first","10":"instock","11":"taxable","12":"shipping-taxable","13":"purchasable","14":"product-type-simple"},"bundled_by":[],"bundle_stock_status":"instock","bundle_stock_quantity":2,"bundle_virtual":false,"bundle_layout":"","bundle_add_to_cart_form_location":"","bundle_editable_in_cart":false,"bundle_sold_individually_context":"","bundle_item_grouping":"","bundle_min_size":"","bundle_max_size":"","bundle_price":[],"bundled_items":[],"bundle_sell_ids":[],"acf":[],"_links":{"self":[{"href":"https:\/\/hi-techwonder.com\/es\/wp-json\/wp\/v2\/product\/71825","targetHints":{"allow":["GET"]}}],"collection":[{"href":"https:\/\/hi-techwonder.com\/es\/wp-json\/wp\/v2\/product"}],"about":[{"href":"https:\/\/hi-techwonder.com\/es\/wp-json\/wp\/v2\/types\/product"}],"replies":[{"embeddable":true,"href":"https:\/\/hi-techwonder.com\/es\/wp-json\/wp\/v2\/comments?post=71825"}],"wp:featuredmedia":[{"embeddable":true,"href":"https:\/\/hi-techwonder.com\/es\/wp-json\/wp\/v2\/media\/64852"}],"wp:attachment":[{"href":"https:\/\/hi-techwonder.com\/es\/wp-json\/wp\/v2\/media?parent=71825"}],"wp:term":[{"taxonomy":"product_brand","embeddable":true,"href":"https:\/\/hi-techwonder.com\/es\/wp-json\/wp\/v2\/product_brand?post=71825"},{"taxonomy":"product_cat","embeddable":true,"href":"https:\/\/hi-techwonder.com\/es\/wp-json\/wp\/v2\/product_cat?post=71825"},{"taxonomy":"product_tag","embeddable":true,"href":"https:\/\/hi-techwonder.com\/es\/wp-json\/wp\/v2\/product_tag?post=71825"}],"curies":[{"name":"wp","href":"https:\/\/api.w.org\/{rel}","templated":true}]}}