{"id":71826,"date":"2025-07-28T23:56:51","date_gmt":"2025-07-28T23:56:51","guid":{"rendered":"https:\/\/fv6qoy3ls0.wpdns.site\/produto\/portador-de-algodon-arnes-de-torso-para-2-camaras-g3-gris\/"},"modified":"2026-01-31T03:19:18","modified_gmt":"2026-01-31T03:19:18","slug":"cotton-carrier-portador-de-algodon-arnes-de-torso-para-2-camaras-g3-gris","status":"publish","type":"product","link":"https:\/\/hi-techwonder.com\/es\/producto\/cotton-carrier-portador-de-algodon-arnes-de-torso-para-2-camaras-g3-gris\/","title":{"rendered":"PORTADOR DE ALGOD\u00d3N Arn\u00e9s de torso para 2 c\u00e1maras G3 &#8211; Gris"},"content":{"rendered":"","protected":false},"excerpt":{"rendered":"","protected":false},"featured_media":30580,"comment_status":"closed","ping_status":"closed","template":"","meta":{"_acf_changed":false},"product_brand":[2635],"product_cat":[903],"product_tag":[],"class_list":{"0":"post-71826","1":"product","2":"type-product","3":"status-publish","4":"has-post-thumbnail","6":"product_brand-cotton-carrier-es","7":"product_cat-correas-y-tirantes","8":"pa_cor-gris","9":"pa_cor-negro","11":"first","12":"onbackorder","13":"taxable","14":"shipping-taxable","15":"purchasable","16":"product-type-simple"},"bundled_by":[],"bundle_stock_status":"onbackorder","bundle_stock_quantity":null,"bundle_virtual":false,"bundle_layout":"","bundle_add_to_cart_form_location":"","bundle_editable_in_cart":false,"bundle_sold_individually_context":"","bundle_item_grouping":"","bundle_min_size":"","bundle_max_size":"","bundle_price":[],"bundled_items":[],"bundle_sell_ids":[],"acf":[],"_links":{"self":[{"href":"https:\/\/hi-techwonder.com\/es\/wp-json\/wp\/v2\/product\/71826","targetHints":{"allow":["GET"]}}],"collection":[{"href":"https:\/\/hi-techwonder.com\/es\/wp-json\/wp\/v2\/product"}],"about":[{"href":"https:\/\/hi-techwonder.com\/es\/wp-json\/wp\/v2\/types\/product"}],"replies":[{"embeddable":true,"href":"https:\/\/hi-techwonder.com\/es\/wp-json\/wp\/v2\/comments?post=71826"}],"wp:featuredmedia":[{"embeddable":true,"href":"https:\/\/hi-techwonder.com\/es\/wp-json\/wp\/v2\/media\/30580"}],"wp:attachment":[{"href":"https:\/\/hi-techwonder.com\/es\/wp-json\/wp\/v2\/media?parent=71826"}],"wp:term":[{"taxonomy":"product_brand","embeddable":true,"href":"https:\/\/hi-techwonder.com\/es\/wp-json\/wp\/v2\/product_brand?post=71826"},{"taxonomy":"product_cat","embeddable":true,"href":"https:\/\/hi-techwonder.com\/es\/wp-json\/wp\/v2\/product_cat?post=71826"},{"taxonomy":"product_tag","embeddable":true,"href":"https:\/\/hi-techwonder.com\/es\/wp-json\/wp\/v2\/product_tag?post=71826"}],"curies":[{"name":"wp","href":"https:\/\/api.w.org\/{rel}","templated":true}]}}