{"id":71838,"date":"2025-07-28T23:33:25","date_gmt":"2025-07-28T23:33:25","guid":{"rendered":"https:\/\/fv6qoy3ls0.wpdns.site\/produto\/cargador-usb-duracell-para-bateria-fujifilm-np-w126\/"},"modified":"2026-01-31T03:49:11","modified_gmt":"2026-01-31T03:49:11","slug":"duracell-cargador-usb-duracell-para-bateria-fujifilm-np-w126","status":"publish","type":"product","link":"https:\/\/hi-techwonder.com\/es\/producto\/duracell-cargador-usb-duracell-para-bateria-fujifilm-np-w126\/","title":{"rendered":"DURACELL Cargador USB  para bater\u00eda Fujifilm NP-W126"},"content":{"rendered":"<p><strong>Cargador USB DURACELL para bater\u00eda Fujifilm NP-W126<\/strong><\/p>\n<p><strong>Funciones:&nbsp;<\/strong><\/p>\n<ul>\n<li>Modelo: DRF5983<\/li>\n<li>Salida de salida: 4.2V | 4,35 V | 8,4 V 500 mA<\/li>\n<li>Entrada de entrada: Micro USB 5V1A<\/li>\n<li>Dimensiones: 84 mm x 47 mm x 23 mm<\/li>\n<li>Peso: 28 g<\/li>\n<\/ul>\n<p><strong>Cargador compatible con bater\u00eda:<\/strong><\/p>\n<ul>\n<li>Fujifilm NP-W126<\/li>\n<\/ul>\n<p>Se conecta a adaptadores de corriente USB, cargadores de encendedores de cigarrillos de autom\u00f3viles USB, bancos de energ\u00eda y computadoras port\u00e1tiles.<\/p>\n","protected":false},"excerpt":{"rendered":"<p>Cargador USB DURACELL para bater\u00eda Fujifilm NP-W126 Funciones:&nbsp; Modelo: DRF5983 Salida de salida: 4.2V | 4,35 V | 8,4 V<\/p>\n","protected":false},"featured_media":23818,"comment_status":"closed","ping_status":"closed","template":"","meta":{"_acf_changed":false},"product_brand":[2557],"product_cat":[869],"product_tag":[],"class_list":{"0":"post-71838","1":"product","2":"type-product","3":"status-publish","4":"has-post-thumbnail","6":"product_brand-duracell-es","7":"product_cat-fujifilm-cargadores","9":"first","10":"instock","11":"taxable","12":"shipping-taxable","13":"purchasable","14":"product-type-simple"},"bundled_by":[],"bundle_stock_status":"instock","bundle_stock_quantity":1,"bundle_virtual":false,"bundle_layout":"","bundle_add_to_cart_form_location":"","bundle_editable_in_cart":false,"bundle_sold_individually_context":"","bundle_item_grouping":"","bundle_min_size":"","bundle_max_size":"","bundle_price":[],"bundled_items":[],"bundle_sell_ids":[],"acf":[],"_links":{"self":[{"href":"https:\/\/hi-techwonder.com\/es\/wp-json\/wp\/v2\/product\/71838","targetHints":{"allow":["GET"]}}],"collection":[{"href":"https:\/\/hi-techwonder.com\/es\/wp-json\/wp\/v2\/product"}],"about":[{"href":"https:\/\/hi-techwonder.com\/es\/wp-json\/wp\/v2\/types\/product"}],"replies":[{"embeddable":true,"href":"https:\/\/hi-techwonder.com\/es\/wp-json\/wp\/v2\/comments?post=71838"}],"wp:featuredmedia":[{"embeddable":true,"href":"https:\/\/hi-techwonder.com\/es\/wp-json\/wp\/v2\/media\/23818"}],"wp:attachment":[{"href":"https:\/\/hi-techwonder.com\/es\/wp-json\/wp\/v2\/media?parent=71838"}],"wp:term":[{"taxonomy":"product_brand","embeddable":true,"href":"https:\/\/hi-techwonder.com\/es\/wp-json\/wp\/v2\/product_brand?post=71838"},{"taxonomy":"product_cat","embeddable":true,"href":"https:\/\/hi-techwonder.com\/es\/wp-json\/wp\/v2\/product_cat?post=71838"},{"taxonomy":"product_tag","embeddable":true,"href":"https:\/\/hi-techwonder.com\/es\/wp-json\/wp\/v2\/product_tag?post=71838"}],"curies":[{"name":"wp","href":"https:\/\/api.w.org\/{rel}","templated":true}]}}