{"id":71839,"date":"2025-07-28T23:31:04","date_gmt":"2025-07-28T23:31:04","guid":{"rendered":"https:\/\/fv6qoy3ls0.wpdns.site\/produto\/cargador-usb-duracell-para-bateria-canon-lp-e8\/"},"modified":"2026-01-31T03:52:25","modified_gmt":"2026-01-31T03:52:25","slug":"duracell-cargador-usb-duracell-para-bateria-canon-lp-e8","status":"publish","type":"product","link":"https:\/\/hi-techwonder.com\/es\/producto\/duracell-cargador-usb-duracell-para-bateria-canon-lp-e8\/","title":{"rendered":"DURACELL Cargador USB para bater\u00eda Canon LP-E8"},"content":{"rendered":"<p><strong>Cargador USB DURACELL para bater\u00eda Canon LP-E8<\/strong><\/p>\n<p><strong>Funciones:&nbsp;<\/strong><\/p>\n<ul>\n<li>Modelo: DRC5900<\/li>\n<li>Salida de salida: 4.2V | 4,35 V | 8,4 V 500 mA<\/li>\n<li>Entrada de entrada: Micro USB 5V1A<\/li>\n<li>Dimensiones: 84 mm x 47 mm x 23 mm<\/li>\n<li>Peso: 28 g<\/li>\n<\/ul>\n<p><strong>Cargador compatible con bater\u00eda:<\/strong><\/p>\n<ul>\n<li>Canon LP-E8<\/li>\n<\/ul>\n<p>Con\u00e9ctese a adaptadores de corriente USB, cargadores de encendedor de cigarrillos USB para autom\u00f3viles, bancos de energ\u00eda y computadoras port\u00e1tiles.<\/p>\n","protected":false},"excerpt":{"rendered":"<p>Cargador USB DURACELL para bater\u00eda Canon LP-E8 Funciones:&nbsp; Modelo: DRC5900 Salida de salida: 4.2V | 4,35 V | 8,4 V<\/p>\n","protected":false},"featured_media":23230,"comment_status":"closed","ping_status":"closed","template":"","meta":{"_acf_changed":false},"product_brand":[2557],"product_cat":[867],"product_tag":[],"class_list":{"0":"post-71839","1":"product","2":"type-product","3":"status-publish","4":"has-post-thumbnail","6":"product_brand-duracell-es","7":"product_cat-canon-cargadores","9":"first","10":"instock","11":"taxable","12":"shipping-taxable","13":"purchasable","14":"product-type-simple"},"bundled_by":[],"bundle_stock_status":"instock","bundle_stock_quantity":1,"bundle_virtual":false,"bundle_layout":"","bundle_add_to_cart_form_location":"","bundle_editable_in_cart":false,"bundle_sold_individually_context":"","bundle_item_grouping":"","bundle_min_size":"","bundle_max_size":"","bundle_price":[],"bundled_items":[],"bundle_sell_ids":[],"acf":[],"_links":{"self":[{"href":"https:\/\/hi-techwonder.com\/es\/wp-json\/wp\/v2\/product\/71839","targetHints":{"allow":["GET"]}}],"collection":[{"href":"https:\/\/hi-techwonder.com\/es\/wp-json\/wp\/v2\/product"}],"about":[{"href":"https:\/\/hi-techwonder.com\/es\/wp-json\/wp\/v2\/types\/product"}],"replies":[{"embeddable":true,"href":"https:\/\/hi-techwonder.com\/es\/wp-json\/wp\/v2\/comments?post=71839"}],"wp:featuredmedia":[{"embeddable":true,"href":"https:\/\/hi-techwonder.com\/es\/wp-json\/wp\/v2\/media\/23230"}],"wp:attachment":[{"href":"https:\/\/hi-techwonder.com\/es\/wp-json\/wp\/v2\/media?parent=71839"}],"wp:term":[{"taxonomy":"product_brand","embeddable":true,"href":"https:\/\/hi-techwonder.com\/es\/wp-json\/wp\/v2\/product_brand?post=71839"},{"taxonomy":"product_cat","embeddable":true,"href":"https:\/\/hi-techwonder.com\/es\/wp-json\/wp\/v2\/product_cat?post=71839"},{"taxonomy":"product_tag","embeddable":true,"href":"https:\/\/hi-techwonder.com\/es\/wp-json\/wp\/v2\/product_tag?post=71839"}],"curies":[{"name":"wp","href":"https:\/\/api.w.org\/{rel}","templated":true}]}}