{"id":71859,"date":"2025-07-29T08:55:36","date_gmt":"2025-07-29T08:55:36","guid":{"rendered":"https:\/\/fv6qoy3ls0.wpdns.site\/produto\/pelicula-lcd-easycover-nikon-d5200\/"},"modified":"2026-01-31T02:51:21","modified_gmt":"2026-01-31T02:51:21","slug":"easycover-pelicula-lcd-easycover-nikon-d5200","status":"publish","type":"product","link":"https:\/\/hi-techwonder.com\/es\/producto\/easycover-pelicula-lcd-easycover-nikon-d5200\/","title":{"rendered":"Pel\u00edcula LCD EASYCOVER Nikon D5200"},"content":{"rendered":"<p><span style=\"font-size: small\">Las pel\u00edculas EasyCover est\u00e1n hechas para proteger la pantalla LCD de su c\u00e1mara. Haz una peque\u00f1a inversi\u00f3n y empieza a fotografiar sin la preocupaci\u00f3n constante de rayarlo o da\u00f1arlo.<br \/>Estas pel\u00edculas est\u00e1n hechas para c\u00e1maras y modelos espec\u00edficos y son f\u00e1ciles de colocar. <\/span><\/p>\n","protected":false},"excerpt":{"rendered":"<p>Las pel\u00edculas EasyCover est\u00e1n hechas para proteger la pantalla LCD de su c\u00e1mara. Haz una peque\u00f1a inversi\u00f3n y empieza a<\/p>\n","protected":false},"featured_media":42875,"comment_status":"closed","ping_status":"closed","template":"","meta":{"_acf_changed":false},"product_brand":[2670],"product_cat":[2859],"product_tag":[],"class_list":{"0":"post-71859","1":"product","2":"type-product","3":"status-publish","4":"has-post-thumbnail","6":"product_brand-easycover-es","7":"product_cat-protectores-pantalla","9":"first","10":"instock","11":"taxable","12":"shipping-taxable","13":"purchasable","14":"product-type-simple"},"bundled_by":[],"bundle_stock_status":"instock","bundle_stock_quantity":1,"bundle_virtual":false,"bundle_layout":"","bundle_add_to_cart_form_location":"","bundle_editable_in_cart":false,"bundle_sold_individually_context":"","bundle_item_grouping":"","bundle_min_size":"","bundle_max_size":"","bundle_price":[],"bundled_items":[],"bundle_sell_ids":[],"acf":[],"_links":{"self":[{"href":"https:\/\/hi-techwonder.com\/es\/wp-json\/wp\/v2\/product\/71859","targetHints":{"allow":["GET"]}}],"collection":[{"href":"https:\/\/hi-techwonder.com\/es\/wp-json\/wp\/v2\/product"}],"about":[{"href":"https:\/\/hi-techwonder.com\/es\/wp-json\/wp\/v2\/types\/product"}],"replies":[{"embeddable":true,"href":"https:\/\/hi-techwonder.com\/es\/wp-json\/wp\/v2\/comments?post=71859"}],"wp:featuredmedia":[{"embeddable":true,"href":"https:\/\/hi-techwonder.com\/es\/wp-json\/wp\/v2\/media\/42875"}],"wp:attachment":[{"href":"https:\/\/hi-techwonder.com\/es\/wp-json\/wp\/v2\/media?parent=71859"}],"wp:term":[{"taxonomy":"product_brand","embeddable":true,"href":"https:\/\/hi-techwonder.com\/es\/wp-json\/wp\/v2\/product_brand?post=71859"},{"taxonomy":"product_cat","embeddable":true,"href":"https:\/\/hi-techwonder.com\/es\/wp-json\/wp\/v2\/product_cat?post=71859"},{"taxonomy":"product_tag","embeddable":true,"href":"https:\/\/hi-techwonder.com\/es\/wp-json\/wp\/v2\/product_tag?post=71859"}],"curies":[{"name":"wp","href":"https:\/\/api.w.org\/{rel}","templated":true}]}}