{"id":71861,"date":"2025-07-29T08:55:36","date_gmt":"2025-07-29T08:55:36","guid":{"rendered":"https:\/\/fv6qoy3ls0.wpdns.site\/produto\/funda-protectora-easycover-nikon-d5200\/"},"modified":"2026-01-31T02:51:23","modified_gmt":"2026-01-31T02:51:23","slug":"easycover-funda-protectora-easycover-nikon-d5200","status":"publish","type":"product","link":"https:\/\/hi-techwonder.com\/es\/producto\/easycover-funda-protectora-easycover-nikon-d5200\/","title":{"rendered":"Funda protectora EASYCOVER Nikon D5200"},"content":{"rendered":"<div id=\"ctl00_ContentPlaceHolder1_divProductDescription\">\n<p style=\"text-align: justify\"><span style=\"font-size: small\">Los impactos ambientales como la humedad y el polvo, as\u00ed como los ara\u00f1azos inevitables, pueden provocar signos poco atractivos de desgaste para su c\u00e1mara. <br \/>Esta funda protectora, fabricada en silicona, ayudar\u00e1 a evitar este tipo de problemas.<br \/>Como segunda piel, el EasyCover se adapta perfectamente a su c\u00e1mara, protegi\u00e9ndola de forma sencilla y segura.<br \/>Se coloca f\u00e1cilmente en su c\u00e1mara, asegurando todas sus caracter\u00edsticas.<\/span><\/p>\n<p><img loading=\"lazy\" decoding=\"async\" style=\"vertical-align: middle;float: left\" src=\"https:\/\/www.foto-walser.de\/ebay_online\/bilder\/icon\/webshop\/16935_animation_250.gif\" alt=\"\" width=\"250\" height=\"250\"><\/p>\n<p style=\"text-align: justify\"><span style=\"font-size: small\"><span style=\"text-decoration: underline\"><strong>Compatible con:<\/strong> Nikon D5200<\/span><\/span><\/p>\n<\/div>\n","protected":false},"excerpt":{"rendered":"<p>Los impactos ambientales como la humedad y el polvo, as\u00ed como los ara\u00f1azos inevitables, pueden provocar signos poco atractivos de<\/p>\n","protected":false},"featured_media":42870,"comment_status":"closed","ping_status":"closed","template":"","meta":{"_acf_changed":false},"product_brand":[2670],"product_cat":[2863],"product_tag":[],"class_list":{"0":"post-71861","1":"product","2":"type-product","3":"status-publish","4":"has-post-thumbnail","6":"product_brand-easycover-es","7":"product_cat-skins-camaras","9":"first","10":"instock","11":"taxable","12":"shipping-taxable","13":"purchasable","14":"product-type-simple"},"bundled_by":[],"bundle_stock_status":"instock","bundle_stock_quantity":1,"bundle_virtual":false,"bundle_layout":"","bundle_add_to_cart_form_location":"","bundle_editable_in_cart":false,"bundle_sold_individually_context":"","bundle_item_grouping":"","bundle_min_size":"","bundle_max_size":"","bundle_price":[],"bundled_items":[],"bundle_sell_ids":[],"acf":[],"_links":{"self":[{"href":"https:\/\/hi-techwonder.com\/es\/wp-json\/wp\/v2\/product\/71861","targetHints":{"allow":["GET"]}}],"collection":[{"href":"https:\/\/hi-techwonder.com\/es\/wp-json\/wp\/v2\/product"}],"about":[{"href":"https:\/\/hi-techwonder.com\/es\/wp-json\/wp\/v2\/types\/product"}],"replies":[{"embeddable":true,"href":"https:\/\/hi-techwonder.com\/es\/wp-json\/wp\/v2\/comments?post=71861"}],"wp:featuredmedia":[{"embeddable":true,"href":"https:\/\/hi-techwonder.com\/es\/wp-json\/wp\/v2\/media\/42870"}],"wp:attachment":[{"href":"https:\/\/hi-techwonder.com\/es\/wp-json\/wp\/v2\/media?parent=71861"}],"wp:term":[{"taxonomy":"product_brand","embeddable":true,"href":"https:\/\/hi-techwonder.com\/es\/wp-json\/wp\/v2\/product_brand?post=71861"},{"taxonomy":"product_cat","embeddable":true,"href":"https:\/\/hi-techwonder.com\/es\/wp-json\/wp\/v2\/product_cat?post=71861"},{"taxonomy":"product_tag","embeddable":true,"href":"https:\/\/hi-techwonder.com\/es\/wp-json\/wp\/v2\/product_tag?post=71861"}],"curies":[{"name":"wp","href":"https:\/\/api.w.org\/{rel}","templated":true}]}}