{"id":71866,"date":"2025-07-29T08:55:40","date_gmt":"2025-07-29T08:55:40","guid":{"rendered":"https:\/\/fv6qoy3ls0.wpdns.site\/produto\/easycover-canon-760d-funda-protectora\/"},"modified":"2025-09-29T15:57:38","modified_gmt":"2025-09-29T15:57:38","slug":"easycover-canon-760d-funda-protectora","status":"publish","type":"product","link":"https:\/\/hi-techwonder.com\/es\/producto\/easycover-canon-760d-funda-protectora\/","title":{"rendered":"EASYCOVER Canon 760D Funda protectora"},"content":{"rendered":"<p><span style=\"font-size: small;\">Funda protectora de silicona Easycover, fuerte y resistente, para proteger el cuerpo de tu c\u00e1mara, adem\u00e1s de ser un bonito accesorio. Esta funda protege tu c\u00e1mara mientras sigue siendo perfectamente funcional. Proporcionando protecci\u00f3n contra ca\u00eddas, ara\u00f1azos, polvo y suciedad.<br \/>Mant\u00e9ngalo seguro y aseg\u00farese de disfrutar de una buena caza, pesca o simplemente una hermosa tarde al aire libre.<br \/>Sin embargo, este estuche no se ajusta a su c\u00e1mara si tiene un agarre. Para usarlo con una c\u00e1mara que tenga agarre, deber\u00e1 cortar parte de la silicona.<br \/>Este producto viene con dos pel\u00edculas para proteger tambi\u00e9n su pantalla DSLR de posibles ara\u00f1azos u otros da\u00f1os.   <\/p>\n<p><strong>Contenido del paquete:<\/strong><br \/>1x Funda protectora easyCover<br \/><\/span><\/p>\n","protected":false},"excerpt":{"rendered":"<p>Funda protectora de silicona Easycover, fuerte y resistente, para proteger el cuerpo de tu c\u00e1mara, adem\u00e1s de ser un bonito<\/p>\n","protected":false},"featured_media":42883,"comment_status":"closed","ping_status":"closed","template":"","meta":{"_acf_changed":false},"product_brand":[2670],"product_cat":[2863],"product_tag":[],"class_list":{"0":"post-71866","1":"product","2":"type-product","3":"status-publish","4":"has-post-thumbnail","6":"product_brand-easycover-es","7":"product_cat-skins-camaras","9":"first","10":"instock","11":"taxable","12":"shipping-taxable","13":"purchasable","14":"product-type-simple"},"bundled_by":[],"bundle_stock_status":"instock","bundle_stock_quantity":1,"bundle_virtual":false,"bundle_layout":"","bundle_add_to_cart_form_location":"","bundle_editable_in_cart":false,"bundle_sold_individually_context":"","bundle_item_grouping":"","bundle_min_size":"","bundle_max_size":"","bundle_price":[],"bundled_items":[],"bundle_sell_ids":[],"acf":[],"_links":{"self":[{"href":"https:\/\/hi-techwonder.com\/es\/wp-json\/wp\/v2\/product\/71866","targetHints":{"allow":["GET"]}}],"collection":[{"href":"https:\/\/hi-techwonder.com\/es\/wp-json\/wp\/v2\/product"}],"about":[{"href":"https:\/\/hi-techwonder.com\/es\/wp-json\/wp\/v2\/types\/product"}],"replies":[{"embeddable":true,"href":"https:\/\/hi-techwonder.com\/es\/wp-json\/wp\/v2\/comments?post=71866"}],"wp:featuredmedia":[{"embeddable":true,"href":"https:\/\/hi-techwonder.com\/es\/wp-json\/wp\/v2\/media\/42883"}],"wp:attachment":[{"href":"https:\/\/hi-techwonder.com\/es\/wp-json\/wp\/v2\/media?parent=71866"}],"wp:term":[{"taxonomy":"product_brand","embeddable":true,"href":"https:\/\/hi-techwonder.com\/es\/wp-json\/wp\/v2\/product_brand?post=71866"},{"taxonomy":"product_cat","embeddable":true,"href":"https:\/\/hi-techwonder.com\/es\/wp-json\/wp\/v2\/product_cat?post=71866"},{"taxonomy":"product_tag","embeddable":true,"href":"https:\/\/hi-techwonder.com\/es\/wp-json\/wp\/v2\/product_tag?post=71866"}],"curies":[{"name":"wp","href":"https:\/\/api.w.org\/{rel}","templated":true}]}}