{"id":71870,"date":"2025-07-28T23:26:29","date_gmt":"2025-07-28T23:26:29","guid":{"rendered":"https:\/\/fv6qoy3ls0.wpdns.site\/produto\/pilas-duracell-lr44-1-5v-pack-de-2\/"},"modified":"2026-01-31T03:58:58","modified_gmt":"2026-01-31T03:58:58","slug":"duracell-pilas-duracell-lr44-1-5v-pack-de-2","status":"publish","type":"product","link":"https:\/\/hi-techwonder.com\/es\/producto\/duracell-pilas-duracell-lr44-1-5v-pack-de-2\/","title":{"rendered":"Pilas DURACELL LR44 1.5V (Pack de 2)"},"content":{"rendered":"<p><strong>Pilas DURACELL LR44 1.5V (Pack de 2)<\/strong><\/p>\n<p><strong>En el embalaje:<\/strong><\/p>\n<ul>\n<li>2 pilas LR44<\/li>\n<\/ul>\n<p><strong>Especificaciones<\/strong>:<\/p>\n<table border=\"0\" width=\"100%\" cellspacing=\"0\" cellpadding=\"2\">\n<colgroup>\n<col width=\"120*\">\n<col width=\"136*\"> <\/colgroup>\n<tbody>\n<tr>\n<td width=\"47%\">N\u00famero de bater\u00edas:<\/td>\n<td width=\"53%\">n\u00famero ar\u00e1bigo<\/td>\n<\/tr>\n<tr>\n<td width=\"47%\">Qu\u00edmica:<\/td>\n<td width=\"53%\">Alcalino <\/td>\n<\/tr>\n<tr>\n<td width=\"47%\">Tensi\u00f3n:<\/td>\n<td width=\"53%\">1,5 V<\/td>\n<\/tr>\n<tr>\n<td width=\"47%\">Dimensiones:<\/td>\n<td width=\"53%\">11 mm x 11 mm x 5 mm<\/td>\n<\/tr>\n<tr>\n<td width=\"47%\">Peso:<\/td>\n<td width=\"53%\">9 gramos<\/td>\n<\/tr>\n<\/tbody>\n<\/table>\n","protected":false},"excerpt":{"rendered":"<p>Pilas DURACELL LR44 1.5V (Pack de 2) En el embalaje: 2 pilas LR44 Especificaciones: N\u00famero de bater\u00edas: n\u00famero ar\u00e1bigo Qu\u00edmica:<\/p>\n","protected":false},"featured_media":21668,"comment_status":"closed","ping_status":"closed","template":"","meta":{"_acf_changed":false},"product_brand":[2557],"product_cat":[863],"product_tag":[],"class_list":{"0":"post-71870","1":"product","2":"type-product","3":"status-publish","4":"has-post-thumbnail","6":"product_brand-duracell-es","7":"product_cat-pilas","9":"first","10":"instock","11":"taxable","12":"shipping-taxable","13":"purchasable","14":"product-type-simple"},"bundled_by":[],"bundle_stock_status":"instock","bundle_stock_quantity":1,"bundle_virtual":false,"bundle_layout":"","bundle_add_to_cart_form_location":"","bundle_editable_in_cart":false,"bundle_sold_individually_context":"","bundle_item_grouping":"","bundle_min_size":"","bundle_max_size":"","bundle_price":[],"bundled_items":[],"bundle_sell_ids":[],"acf":[],"_links":{"self":[{"href":"https:\/\/hi-techwonder.com\/es\/wp-json\/wp\/v2\/product\/71870","targetHints":{"allow":["GET"]}}],"collection":[{"href":"https:\/\/hi-techwonder.com\/es\/wp-json\/wp\/v2\/product"}],"about":[{"href":"https:\/\/hi-techwonder.com\/es\/wp-json\/wp\/v2\/types\/product"}],"replies":[{"embeddable":true,"href":"https:\/\/hi-techwonder.com\/es\/wp-json\/wp\/v2\/comments?post=71870"}],"wp:featuredmedia":[{"embeddable":true,"href":"https:\/\/hi-techwonder.com\/es\/wp-json\/wp\/v2\/media\/21668"}],"wp:attachment":[{"href":"https:\/\/hi-techwonder.com\/es\/wp-json\/wp\/v2\/media?parent=71870"}],"wp:term":[{"taxonomy":"product_brand","embeddable":true,"href":"https:\/\/hi-techwonder.com\/es\/wp-json\/wp\/v2\/product_brand?post=71870"},{"taxonomy":"product_cat","embeddable":true,"href":"https:\/\/hi-techwonder.com\/es\/wp-json\/wp\/v2\/product_cat?post=71870"},{"taxonomy":"product_tag","embeddable":true,"href":"https:\/\/hi-techwonder.com\/es\/wp-json\/wp\/v2\/product_tag?post=71870"}],"curies":[{"name":"wp","href":"https:\/\/api.w.org\/{rel}","templated":true}]}}