{"id":71884,"date":"2025-07-28T23:33:43","date_gmt":"2025-07-28T23:33:43","guid":{"rendered":"https:\/\/fv6qoy3ls0.wpdns.site\/produto\/cable-usb-c-a-lightning-de-ewent-ew9915\/"},"modified":"2026-01-31T03:47:38","modified_gmt":"2026-01-31T03:47:38","slug":"ewent-cable-usb-c-a-lightning-de-ewent-ew9915","status":"publish","type":"product","link":"https:\/\/hi-techwonder.com\/es\/producto\/ewent-cable-usb-c-a-lightning-de-ewent-ew9915\/","title":{"rendered":"Cable USB-C a Lightning de EWENT EW9915"},"content":{"rendered":"<p><strong>Cable USB-C a Lightning de EWENT EW9915<\/strong><\/p>\n<ul>\n<li>Sincroniza y carga r\u00e1pidamente tu dispositivo iOS con la compatibilidad con Power Delivery<\/li>\n<li>Carga r\u00e1pida: Carga tu dispositivo iOS con soporte Power Delivery hasta 3.5 veces m\u00e1s r\u00e1pido, 0-50% en solo 30 minutos cuando usas un cargador USB-C con soporte PD<\/li>\n<li>Conecta tu dispositivo Apple Lightning a tu port\u00e1til USB-C para cargar, sincronizar y transferir datos<\/li>\n<li>Certificaci\u00f3n oficial de MFI de Apple<\/li>\n<li>Usa el cable USB-C a Lightning EW9915 para cargar, sincronizar y transferir datos desde tu dispositivo Apple Lightning (iPhone, iPad o iPod). El EW9915 est\u00e1 oficialmente certificado por Apple MFI y es compatible con Power Delivery. <\/li>\n<\/ul>\n<p>Carga r\u00e1pida con soporte Power Delivery<\/p>\n<p>\u00bfTu dispositivo es compatible con Power Delivery? Utiliza un cargador USB-C compatible con PD para cargar tu dispositivo hasta 3,5 veces m\u00e1s r\u00e1pido (0-50% en solo 30 minutos). <\/p>\n<p>Certificaci\u00f3n MFI de Apple<\/p>\n<p>El cable USB-C a Lightning EW9915 est\u00e1 certificado por MFI. Esto significa que el cable est\u00e1 aprobado oficialmente por Apple. <\/p>\n<p>\u00bfNo hay soporte de PD? \u00a1No hay problema! Carga a velocidad normal  <\/p>\n<p>\u00bfPower Delivery no est\u00e1 disponible en tu dispositivo? \u00a1No hay problema! Puedes cargar tu dispositivo a velocidad normal.  <\/p>\n","protected":false},"excerpt":{"rendered":"<p>Cable USB-C a Lightning de EWENT EW9915 Sincroniza y carga r\u00e1pidamente tu dispositivo iOS con la compatibilidad con Power Delivery<\/p>\n","protected":false},"featured_media":23918,"comment_status":"closed","ping_status":"open","template":"","meta":{"_acf_changed":false},"product_brand":[2572],"product_cat":[876],"product_tag":[],"class_list":{"0":"post-71884","1":"product","2":"type-product","3":"status-publish","4":"has-post-thumbnail","6":"product_brand-ewent-es","7":"product_cat-cables-adaptadores","9":"first","10":"instock","11":"taxable","12":"shipping-taxable","13":"purchasable","14":"product-type-simple"},"bundled_by":[],"bundle_stock_status":"instock","bundle_stock_quantity":3,"bundle_virtual":false,"bundle_layout":"","bundle_add_to_cart_form_location":"","bundle_editable_in_cart":false,"bundle_sold_individually_context":"","bundle_item_grouping":"","bundle_min_size":"","bundle_max_size":"","bundle_price":[],"bundled_items":[],"bundle_sell_ids":[],"acf":[],"_links":{"self":[{"href":"https:\/\/hi-techwonder.com\/es\/wp-json\/wp\/v2\/product\/71884","targetHints":{"allow":["GET"]}}],"collection":[{"href":"https:\/\/hi-techwonder.com\/es\/wp-json\/wp\/v2\/product"}],"about":[{"href":"https:\/\/hi-techwonder.com\/es\/wp-json\/wp\/v2\/types\/product"}],"replies":[{"embeddable":true,"href":"https:\/\/hi-techwonder.com\/es\/wp-json\/wp\/v2\/comments?post=71884"}],"wp:featuredmedia":[{"embeddable":true,"href":"https:\/\/hi-techwonder.com\/es\/wp-json\/wp\/v2\/media\/23918"}],"wp:attachment":[{"href":"https:\/\/hi-techwonder.com\/es\/wp-json\/wp\/v2\/media?parent=71884"}],"wp:term":[{"taxonomy":"product_brand","embeddable":true,"href":"https:\/\/hi-techwonder.com\/es\/wp-json\/wp\/v2\/product_brand?post=71884"},{"taxonomy":"product_cat","embeddable":true,"href":"https:\/\/hi-techwonder.com\/es\/wp-json\/wp\/v2\/product_cat?post=71884"},{"taxonomy":"product_tag","embeddable":true,"href":"https:\/\/hi-techwonder.com\/es\/wp-json\/wp\/v2\/product_tag?post=71884"}],"curies":[{"name":"wp","href":"https:\/\/api.w.org\/{rel}","templated":true}]}}