{"id":71886,"date":"2025-07-28T23:33:43","date_gmt":"2025-07-28T23:33:43","guid":{"rendered":"https:\/\/fv6qoy3ls0.wpdns.site\/produto\/cable-usb-a-lightning-ewent-ew9908\/"},"modified":"2026-01-31T03:47:36","modified_gmt":"2026-01-31T03:47:36","slug":"ewent-cable-usb-a-lightning-ewent-ew9908","status":"publish","type":"product","link":"https:\/\/hi-techwonder.com\/es\/producto\/ewent-cable-usb-a-lightning-ewent-ew9908\/","title":{"rendered":"Cable USB a Lightning EWENT EW9908"},"content":{"rendered":"<p><strong>Cable USB a Lightning EWENT EW9908<\/strong><\/p>\n<p>Carga y sincroniza tus dispositivos iOS<\/p>\n<ul>\n<li>Conector USB tipo A: para cargar, sincronizar y transferir datos<\/li>\n<li>Conector Lightning para el dispositivo<\/li>\n<li>Longitud del cable: 1,0 m<\/li>\n<li>Certificaci\u00f3n MFI<\/li>\n<\/ul>\n<p>Utilice el cable USB a Lightning EW9908 para cargar y sincronizar su iPhone o iPad. O use el cable para transferir datos. El EW9908 cuenta con la certificaci\u00f3n MFI y est\u00e1 listo para su uso en un veh\u00edculo o con un cargador con un puerto USB.  <\/p>\n","protected":false},"excerpt":{"rendered":"<p>Cable USB a Lightning EWENT EW9908 Carga y sincroniza tus dispositivos iOS Conector USB tipo A: para cargar, sincronizar y<\/p>\n","protected":false},"featured_media":23911,"comment_status":"closed","ping_status":"open","template":"","meta":{"_acf_changed":false},"product_brand":[2572],"product_cat":[876],"product_tag":[],"class_list":{"0":"post-71886","1":"product","2":"type-product","3":"status-publish","4":"has-post-thumbnail","6":"product_brand-ewent-es","7":"product_cat-cables-adaptadores","9":"first","10":"instock","11":"taxable","12":"shipping-taxable","13":"purchasable","14":"product-type-simple"},"bundled_by":[],"bundle_stock_status":"instock","bundle_stock_quantity":1,"bundle_virtual":false,"bundle_layout":"","bundle_add_to_cart_form_location":"","bundle_editable_in_cart":false,"bundle_sold_individually_context":"","bundle_item_grouping":"","bundle_min_size":"","bundle_max_size":"","bundle_price":[],"bundled_items":[],"bundle_sell_ids":[],"acf":[],"_links":{"self":[{"href":"https:\/\/hi-techwonder.com\/es\/wp-json\/wp\/v2\/product\/71886","targetHints":{"allow":["GET"]}}],"collection":[{"href":"https:\/\/hi-techwonder.com\/es\/wp-json\/wp\/v2\/product"}],"about":[{"href":"https:\/\/hi-techwonder.com\/es\/wp-json\/wp\/v2\/types\/product"}],"replies":[{"embeddable":true,"href":"https:\/\/hi-techwonder.com\/es\/wp-json\/wp\/v2\/comments?post=71886"}],"wp:featuredmedia":[{"embeddable":true,"href":"https:\/\/hi-techwonder.com\/es\/wp-json\/wp\/v2\/media\/23911"}],"wp:attachment":[{"href":"https:\/\/hi-techwonder.com\/es\/wp-json\/wp\/v2\/media?parent=71886"}],"wp:term":[{"taxonomy":"product_brand","embeddable":true,"href":"https:\/\/hi-techwonder.com\/es\/wp-json\/wp\/v2\/product_brand?post=71886"},{"taxonomy":"product_cat","embeddable":true,"href":"https:\/\/hi-techwonder.com\/es\/wp-json\/wp\/v2\/product_cat?post=71886"},{"taxonomy":"product_tag","embeddable":true,"href":"https:\/\/hi-techwonder.com\/es\/wp-json\/wp\/v2\/product_tag?post=71886"}],"curies":[{"name":"wp","href":"https:\/\/api.w.org\/{rel}","templated":true}]}}