{"id":71908,"date":"2025-07-29T10:00:16","date_gmt":"2025-07-29T10:00:16","guid":{"rendered":"https:\/\/fv6qoy3ls0.wpdns.site\/produto\/difusor-pop-up-universal-falconeyes\/"},"modified":"2026-01-31T01:52:05","modified_gmt":"2026-01-31T01:52:05","slug":"falconeyes-difusor-pop-up-universal-falconeyes","status":"publish","type":"product","link":"https:\/\/hi-techwonder.com\/es\/producto\/falconeyes-difusor-pop-up-universal-falconeyes\/","title":{"rendered":"Difusor Pop-up Universal FALCONEYES"},"content":{"rendered":"<p><span style=\"font-family: verdana,geneva\"><span id=\"result_box\" lang=\"pt\">Un difusor de flash dispersa la luz del flash de una c\u00e1mara.<br \/> En efecto, la luz no provendr\u00e1 de una fuente concentrada (como un reflector),<br \/> Pero se extender\u00e1, rebotar\u00e1 en techos y paredes reflectantes, y as\u00ed eliminar\u00e1 la luz dura y las sombras duras.<br \/> Esto es particularmente \u00fatil para los fot\u00f3grafos de retratos<br \/> Dado que la luz dura y las sombras duras generalmente no se consideran favorecedoras en un retrato.<\/p>\n<p><\/span><\/span><\/p>\n<ul>\n<li><span style=\"font-family: verdana,geneva\"><span id=\"result_box\" lang=\"pt\">&nbsp;&nbsp;&nbsp;&nbsp;  Muy f\u00e1cil de colocar: simplemente f\u00edjelo en la ranura de la zapata del flash de la c\u00e1mara<\/span><\/span><\/li>\n<li><span style=\"font-family: verdana,geneva\"><span id=\"result_box\" lang=\"pt\">&nbsp;&nbsp;&nbsp;&nbsp;  Cuando se conecta un difusor al flash, el difusor difundir\u00e1 la luz de la unidad de flash y se extender\u00e1 sobre el objeto, incluso con densidad<\/span><\/span><\/li>\n<li><span style=\"font-family: verdana,geneva\"><span id=\"result_box\" lang=\"pt\">&nbsp;&nbsp;&nbsp;&nbsp;  La difusi\u00f3n de la luz emergente \/ flash incorporado es m\u00e1s efectiva debido a los puntos elevados de la superficie<\/span><\/span><\/li>\n<\/ul>\n<p><span style=\"font-family: verdana,geneva\">Compatible con pr\u00e1cticamente todas las c\u00e1maras equipadas con zapata (excepto Sony y Minolta).<\/span><\/p>\n","protected":false},"excerpt":{"rendered":"<p>Un difusor de flash dispersa la luz del flash de una c\u00e1mara. En efecto, la luz no provendr\u00e1 de una<\/p>\n","protected":false},"featured_media":56998,"comment_status":"closed","ping_status":"open","template":"","meta":{"_acf_changed":false},"product_brand":[2579],"product_cat":[1023],"product_tag":[],"class_list":{"0":"post-71908","1":"product","2":"type-product","3":"status-publish","4":"has-post-thumbnail","6":"product_brand-falconeyes-es","7":"product_cat-modificadores-de-luz-es","9":"first","10":"instock","11":"taxable","12":"shipping-taxable","13":"purchasable","14":"product-type-simple"},"bundled_by":[],"bundle_stock_status":"instock","bundle_stock_quantity":2,"bundle_virtual":false,"bundle_layout":"","bundle_add_to_cart_form_location":"","bundle_editable_in_cart":false,"bundle_sold_individually_context":"","bundle_item_grouping":"","bundle_min_size":"","bundle_max_size":"","bundle_price":[],"bundled_items":[],"bundle_sell_ids":[],"acf":[],"_links":{"self":[{"href":"https:\/\/hi-techwonder.com\/es\/wp-json\/wp\/v2\/product\/71908","targetHints":{"allow":["GET"]}}],"collection":[{"href":"https:\/\/hi-techwonder.com\/es\/wp-json\/wp\/v2\/product"}],"about":[{"href":"https:\/\/hi-techwonder.com\/es\/wp-json\/wp\/v2\/types\/product"}],"replies":[{"embeddable":true,"href":"https:\/\/hi-techwonder.com\/es\/wp-json\/wp\/v2\/comments?post=71908"}],"wp:featuredmedia":[{"embeddable":true,"href":"https:\/\/hi-techwonder.com\/es\/wp-json\/wp\/v2\/media\/56998"}],"wp:attachment":[{"href":"https:\/\/hi-techwonder.com\/es\/wp-json\/wp\/v2\/media?parent=71908"}],"wp:term":[{"taxonomy":"product_brand","embeddable":true,"href":"https:\/\/hi-techwonder.com\/es\/wp-json\/wp\/v2\/product_brand?post=71908"},{"taxonomy":"product_cat","embeddable":true,"href":"https:\/\/hi-techwonder.com\/es\/wp-json\/wp\/v2\/product_cat?post=71908"},{"taxonomy":"product_tag","embeddable":true,"href":"https:\/\/hi-techwonder.com\/es\/wp-json\/wp\/v2\/product_tag?post=71908"}],"curies":[{"name":"wp","href":"https:\/\/api.w.org\/{rel}","templated":true}]}}