{"id":71918,"date":"2025-07-29T10:15:35","date_gmt":"2025-07-29T10:15:35","guid":{"rendered":"https:\/\/fv6qoy3ls0.wpdns.site\/produto\/anillo-adaptador-falconeyes-bowens\/"},"modified":"2026-01-31T01:45:09","modified_gmt":"2026-01-31T01:45:09","slug":"falconeyes-anillo-adaptador-falconeyes-bowens","status":"publish","type":"product","link":"https:\/\/hi-techwonder.com\/es\/producto\/falconeyes-anillo-adaptador-falconeyes-bowens\/","title":{"rendered":"Anillo adaptador FALCONEYES &#8211; Bowens"},"content":{"rendered":"<p>Falcon Eyes tiene una amplia gama de cajas de luz, que se pueden montar en varias marcas de unidades de flash utilizando un anillo de velocidad (tambi\u00e9n conocido como anillo adaptador). De esta forma, podr\u00e1s ahorrar una cantidad considerable en las cajas de luz originales de otras marcas. El di\u00e1metro exterior es de 15,4 cm.  <\/p>\n<p>Con este anillo adaptador, puede montar las cajas de luz, snoots y reflectores baratos de Falcon Eyes en sus unidades de flash Bowens, Linkstar, StudioKing, Jinbei, Qihe, Lastolite y Aurora.<\/p>\n","protected":false},"excerpt":{"rendered":"<p>Falcon Eyes tiene una amplia gama de cajas de luz, que se pueden montar en varias marcas de unidades de<\/p>\n","protected":false},"featured_media":60779,"comment_status":"closed","ping_status":"open","template":"","meta":{"_acf_changed":false},"product_brand":[2579],"product_cat":[1008],"product_tag":[],"class_list":{"0":"post-71918","1":"product","2":"type-product","3":"status-publish","4":"has-post-thumbnail","6":"product_brand-falconeyes-es","7":"product_cat-adaptadores-ventanas","9":"first","10":"pre-order","11":"taxable","12":"shipping-taxable","13":"purchasable","14":"product-type-simple"},"bundled_by":[],"bundle_stock_status":"pre-order","bundle_stock_quantity":null,"bundle_virtual":false,"bundle_layout":"","bundle_add_to_cart_form_location":"","bundle_editable_in_cart":false,"bundle_sold_individually_context":"","bundle_item_grouping":"","bundle_min_size":"","bundle_max_size":"","bundle_price":[],"bundled_items":[],"bundle_sell_ids":[],"acf":[],"_links":{"self":[{"href":"https:\/\/hi-techwonder.com\/es\/wp-json\/wp\/v2\/product\/71918","targetHints":{"allow":["GET"]}}],"collection":[{"href":"https:\/\/hi-techwonder.com\/es\/wp-json\/wp\/v2\/product"}],"about":[{"href":"https:\/\/hi-techwonder.com\/es\/wp-json\/wp\/v2\/types\/product"}],"replies":[{"embeddable":true,"href":"https:\/\/hi-techwonder.com\/es\/wp-json\/wp\/v2\/comments?post=71918"}],"wp:featuredmedia":[{"embeddable":true,"href":"https:\/\/hi-techwonder.com\/es\/wp-json\/wp\/v2\/media\/60779"}],"wp:attachment":[{"href":"https:\/\/hi-techwonder.com\/es\/wp-json\/wp\/v2\/media?parent=71918"}],"wp:term":[{"taxonomy":"product_brand","embeddable":true,"href":"https:\/\/hi-techwonder.com\/es\/wp-json\/wp\/v2\/product_brand?post=71918"},{"taxonomy":"product_cat","embeddable":true,"href":"https:\/\/hi-techwonder.com\/es\/wp-json\/wp\/v2\/product_cat?post=71918"},{"taxonomy":"product_tag","embeddable":true,"href":"https:\/\/hi-techwonder.com\/es\/wp-json\/wp\/v2\/product_tag?post=71918"}],"curies":[{"name":"wp","href":"https:\/\/api.w.org\/{rel}","templated":true}]}}