{"id":71921,"date":"2025-07-28T23:57:09","date_gmt":"2025-07-28T23:57:09","guid":{"rendered":"https:\/\/fv6qoy3ls0.wpdns.site\/produto\/falcam-ulanzi-maglink-pro-3145-correa-con-hebilla-magnetica\/"},"modified":"2026-03-02T17:36:08","modified_gmt":"2026-03-02T17:36:08","slug":"falcam-ulanzi-maglink-pro-3145-correa-con-hebilla-magnetica","status":"publish","type":"product","link":"https:\/\/hi-techwonder.com\/es\/producto\/falcam-ulanzi-maglink-pro-3145-correa-con-hebilla-magnetica\/","title":{"rendered":"FALCAM ULANZI MAGLINK Pro 3145 Correa con hebilla magn\u00e9tica"},"content":{"rendered":"<p><strong>FALCAM Maglink Pro 3145 Correa de hombro con hebilla magn\u00e9tica r\u00e1pida (Gris \/ de 99 a 145 cm)<\/strong><\/p>\n<p><strong>Funciones:<\/strong><\/p>\n<ul>\n<li>Tejido de algod\u00f3n suave y el\u00e1stico<\/li>\n<li>Solapas de gamuza<\/li>\n<li>La correa se ajusta de 99 a 145 cm<\/li>\n<li>Capacidad de carga, 60 kg<\/li>\n<li>Hombrera sim\u00e9trica<\/li>\n<\/ul>\n<div class=\"title_OMS5rN7R1Z\" style=\"box-sizing: inherit; margin-bottom: 0.75rem; font-family: OpenSans, 'Segoe UI', Helvetica, Roboto, Arial, sans-serif; font-size: 16px; background-color: #ffffff;\">&nbsp;<\/div>\n<div class=\"title_OMS5rN7R1Z\" style=\"box-sizing: inherit; margin-bottom: 0.75rem; font-family: OpenSans, 'Segoe UI', Helvetica, Roboto, Arial, sans-serif; font-size: 16px; background-color: #ffffff;\"><strong>Contenido del paquete:<\/strong><\/div>\n<ul>\n<li class=\"title_OMS5rN7R1Z\" style=\"box-sizing: inherit; font-family: OpenSans, 'Segoe UI', Helvetica, Roboto, Arial, sans-serif; font-size: 16px; background-color: #ffffff;\">Falcam Maglink Pro Quick Correa de hombro con hebilla magn\u00e9tica (gris, 99 a 145 cm)<\/li>\n<\/ul>\n<p><iframe loading=\"lazy\" style=\"min-height: 500px; width: 100%; height: auto;\" src=\"https:\/\/www.youtube.com\/embed\/7Ka_l4i3ktg?si=dv2Qc4Ii7qFZwI83\" width=\"560\" height=\"314\" allowfullscreen=\"allowfullscreen\"><\/iframe><\/p>\n<p>La correa de hombro Maglink Quick Magnetic Buckle Gray Pro de Falcam es una correa de c\u00e1mara resistente y duradera que se puede usar alrededor del cuello o en el cuerpo cruzado. Las hebillas magn\u00e9ticas r\u00e1pidas est\u00e1n hechas de un material termopl\u00e1stico suave que no rayar\u00e1 su c\u00e1mara. La correa se sujeta a las hebillas de cuerda de Dyneema resistentes al desgaste que se sujetan a su c\u00e1mara y no se desenredan a menos que se sacan de la hebilla de la correa. Las hebillas tambi\u00e9n se pueden unir entre s\u00ed. El brazalete es ajustable de 99 a 145 cm y las hebillas de cola de cuerda soportan hasta 60 kg. Confeccionada en suave tejido PA66 envuelto en suave el\u00e1stico de algod\u00f3n SBR, la correa es c\u00f3moda de llevar. Las leng\u00fcetas de gamuza facilitan el ajuste de la correa con una mano.      <\/p>\n<p><img loading=\"lazy\" decoding=\"async\" src=\"https:\/\/www.falcam.com.cn\/js\/tinymce\/demo\/images\/202304\/14\/fd76a8569a8ef10e8f2cfaaf6f6a69d8.jpg\" width=\"500\" height=\"676\" alt=\"\"><\/p>\n<p><img loading=\"lazy\" decoding=\"async\" src=\"https:\/\/www.falcam.com.cn\/js\/tinymce\/demo\/images\/202304\/14\/b9b45a4052b82a552029ad3851c7d73e.jpg\" width=\"500\" height=\"318\" alt=\"\"><\/p>\n<p><img loading=\"lazy\" decoding=\"async\" src=\"https:\/\/www.falcam.com.cn\/js\/tinymce\/demo\/images\/202304\/14\/c173e7b48765def34e8a9207e51cf73c.jpg\" width=\"500\" height=\"533\" alt=\"\"><\/p>\n<p><img loading=\"lazy\" decoding=\"async\" src=\"https:\/\/www.falcam.com.cn\/js\/tinymce\/demo\/images\/202304\/14\/41d4eb504740edb04617d0dccecf95be.gif\" width=\"500\" height=\"290\" alt=\"\"><\/p>\n<p><img loading=\"lazy\" decoding=\"async\" src=\"https:\/\/www.falcam.com.cn\/js\/tinymce\/demo\/images\/202304\/14\/c6c5845cd6a82443ef7ce4c2ab7f468a.gif\" width=\"500\" height=\"290\" alt=\"\"><\/p>\n<p><img loading=\"lazy\" decoding=\"async\" src=\"https:\/\/www.falcam.com.cn\/js\/tinymce\/demo\/images\/202304\/14\/fa4199fed127d4677ff8ca6ea2a8ff08.jpg\" width=\"500\" height=\"843\" alt=\"\"><\/p>\n<p><img loading=\"lazy\" decoding=\"async\" src=\"https:\/\/www.falcam.com.cn\/js\/tinymce\/demo\/images\/202304\/14\/68d51c6ea41cdae4ab90fc522b1223bd.jpg\" width=\"500\" height=\"824\" alt=\"\"><\/p>\n<p><img loading=\"lazy\" decoding=\"async\" src=\"https:\/\/www.falcam.com.cn\/js\/tinymce\/demo\/images\/202304\/14\/00cb0a7c007789664584973e34c47966.gif\" width=\"500\" height=\"290\" alt=\"\"><\/p>\n<p><img loading=\"lazy\" decoding=\"async\" src=\"https:\/\/www.falcam.com.cn\/js\/tinymce\/demo\/images\/202304\/14\/a4a6c1e049e23deb0f75797cbe5b0767.jpg\" width=\"500\" height=\"1095\" alt=\"\"><\/p>\n<p><img loading=\"lazy\" decoding=\"async\" src=\"https:\/\/www.falcam.com.cn\/js\/tinymce\/demo\/images\/202304\/14\/fbb6357518ee11f70c1842ca513fd1d1.jpg\" width=\"500\" height=\"1067\" alt=\"\"><\/p>\n<p><img loading=\"lazy\" decoding=\"async\" src=\"https:\/\/www.falcam.com.cn\/js\/tinymce\/demo\/images\/202304\/14\/4c31a6a423fa2b37ea56cfe509eeb5e3.jpg\" width=\"500\" height=\"831\" alt=\"\"><\/p>\n<div class=\"group_fDXOr6EpR9\" style=\"box-sizing: inherit; margin-bottom: 2.1875rem; font-family: OpenSans, 'Segoe UI', Helvetica, Roboto, Arial, sans-serif; font-size: 16px; background-color: #ffffff;\">&nbsp;<\/div>\n","protected":false},"excerpt":{"rendered":"<p>FALCAM Maglink Pro 3145 Correa de hombro con hebilla magn\u00e9tica r\u00e1pida (Gris \/ de 99 a 145 cm) Funciones: Tejido<\/p>\n","protected":false},"featured_media":30850,"comment_status":"closed","ping_status":"closed","template":"","meta":{"_acf_changed":false},"product_brand":[2636],"product_cat":[903],"product_tag":[],"class_list":{"0":"post-71921","1":"product","2":"type-product","3":"status-publish","4":"has-post-thumbnail","6":"product_brand-falcam-ulanzi-es","7":"product_cat-correas-y-tirantes","8":"pa_capacidade-de-carga-60kg","9":"pa_cor-gris","11":"first","12":"instock","13":"taxable","14":"shipping-taxable","15":"purchasable","16":"product-type-simple"},"bundled_by":[],"bundle_stock_status":"instock","bundle_stock_quantity":1,"bundle_virtual":false,"bundle_layout":"","bundle_add_to_cart_form_location":"","bundle_editable_in_cart":false,"bundle_sold_individually_context":"","bundle_item_grouping":"","bundle_min_size":"","bundle_max_size":"","bundle_price":[],"bundled_items":[],"bundle_sell_ids":[],"acf":[],"_links":{"self":[{"href":"https:\/\/hi-techwonder.com\/es\/wp-json\/wp\/v2\/product\/71921","targetHints":{"allow":["GET"]}}],"collection":[{"href":"https:\/\/hi-techwonder.com\/es\/wp-json\/wp\/v2\/product"}],"about":[{"href":"https:\/\/hi-techwonder.com\/es\/wp-json\/wp\/v2\/types\/product"}],"replies":[{"embeddable":true,"href":"https:\/\/hi-techwonder.com\/es\/wp-json\/wp\/v2\/comments?post=71921"}],"wp:featuredmedia":[{"embeddable":true,"href":"https:\/\/hi-techwonder.com\/es\/wp-json\/wp\/v2\/media\/30850"}],"wp:attachment":[{"href":"https:\/\/hi-techwonder.com\/es\/wp-json\/wp\/v2\/media?parent=71921"}],"wp:term":[{"taxonomy":"product_brand","embeddable":true,"href":"https:\/\/hi-techwonder.com\/es\/wp-json\/wp\/v2\/product_brand?post=71921"},{"taxonomy":"product_cat","embeddable":true,"href":"https:\/\/hi-techwonder.com\/es\/wp-json\/wp\/v2\/product_cat?post=71921"},{"taxonomy":"product_tag","embeddable":true,"href":"https:\/\/hi-techwonder.com\/es\/wp-json\/wp\/v2\/product_tag?post=71921"}],"curies":[{"name":"wp","href":"https:\/\/api.w.org\/{rel}","templated":true}]}}