{"id":71923,"date":"2025-07-28T23:57:09","date_gmt":"2025-07-28T23:57:09","guid":{"rendered":"https:\/\/fv6qoy3ls0.wpdns.site\/produto\/falcam-ulanzi-maglink-classic-3144-correa-con-hebilla-magnetica\/"},"modified":"2026-03-02T17:59:09","modified_gmt":"2026-03-02T17:59:09","slug":"falcam-ulanzi-maglink-classic-3144-correa-con-hebilla-magnetica","status":"publish","type":"product","link":"https:\/\/hi-techwonder.com\/es\/producto\/falcam-ulanzi-maglink-classic-3144-correa-con-hebilla-magnetica\/","title":{"rendered":"FALCAM ULANZI MAGLINK Classic 3144 Correa con hebilla magn\u00e9tica"},"content":{"rendered":"<p><strong>FALCAM Maglink <\/strong><strong>Classic<\/strong><strong> 3144 Bandolera con Hebilla Magn\u00e9tica R\u00e1pida &#8211; Gris Cl\u00e1sico \/ <\/strong><strong>99 a 145 cm<\/strong><\/p>\n<p><strong>Funciones:<\/strong><\/p>\n<ul>\n<li>Tejido de algod\u00f3n suave y el\u00e1stico<\/li>\n<li>Solapas de gamuza<\/li>\n<li>La correa se ajusta de 99 a 145 cm<\/li>\n<li>Las hebillas de cola de cuerda soportan hasta 60 kg<\/li>\n<li>Hombrera<\/li>\n<li>Usar entrecruzado o alrededor del cuello<\/li>\n<li>Hebillas magn\u00e9ticas r\u00e1pidas<\/li>\n<li>Hebillas termopl\u00e1sticas blandas<\/li>\n<li>&#8211; Hebilla de cola de cuerda de Dyneema<\/li>\n<li>Ajuste con una sola mano<\/li>\n<li>Duradero y estable<\/li>\n<\/ul>\n<p><strong>Contenido del paquete:<\/strong><\/p>\n<ul>\n<li>Falcam Maglink Classic Quick Correa de hombro con hebilla magn\u00e9tica (gris, 99 a 145 cm)<\/li>\n<\/ul>\n<p><iframe loading=\"lazy\" style=\"min-height: 500px; width: 100%; height: auto;\" src=\"https:\/\/www.youtube.com\/embed\/we4YnhaUQ4o?si=7dMkpSoTrjwAF1po\" width=\"560\" height=\"314\" allowfullscreen=\"allowfullscreen\"><\/iframe><\/p>\n<p>La cl\u00e1sica correa de hombro Maglink Quick Magnetic Buckle gris de Falcam es una correa de c\u00e1mara resistente y duradera que se puede usar alrededor del cuello o en el cuerpo cruzado. Las hebillas magn\u00e9ticas r\u00e1pidas para mujer est\u00e1n hechas de un material termopl\u00e1stico suave que no rayar\u00e1 su c\u00e1mara. La correa se sujeta a las hebillas de cuerda de Dyneema resistentes al desgaste que se sujetan a su c\u00e1mara y no se desabrochar\u00e1n a menos que se saquen de la hebilla de la correa. Las hebillas tambi\u00e9n se pueden unir entre s\u00ed. El brazalete es ajustable de 99 a 145 cm y las hebillas de cola de cuerda soportan hasta 60 kg. Confeccionada en suave tejido PA66 envuelto en suave el\u00e1stico de algod\u00f3n SBR, la correa es c\u00f3moda de llevar. Las leng\u00fcetas de gamuza facilitan el ajuste de la correa con una mano.      <\/p>\n<p><strong>Caracter\u00edsticas t\u00e9cnicas:<\/strong><\/p>\n<p><span style=\"background-color: #ffffff; font-family: OpenSans, 'Segoe UI', Helvetica, Roboto, Arial, sans-serif; text-transform: capitalize; box-sizing: inherit; vertical-align: inherit;\">Falcam 3144<\/span><\/p>\n<div class=\"group_fDXOr6EpR9\" style=\"box-sizing: inherit; margin-bottom: 2.1875rem; font-family: OpenSans, 'Segoe UI', Helvetica, Roboto, Arial, sans-serif; font-size: 16px; background-color: #ffffff;\">\n<table class=\"table_fDXOr6EpR9\" style=\"box-sizing: inherit; width: 936.656px;\" data-selenium=\"specsItemGroupTable\">\n<tbody style=\"box-sizing: inherit;\">\n<tr class=\"pair_KqJ3Q3GPKv\" style=\"box-sizing: inherit; border-bottom: 0.0625rem solid #e5e5e5;\" data-selenium=\"specsItemGroupTableRow\">\n<td class=\"label_KqJ3Q3GPKv firstSpecWhenNoGroupName_KqJ3Q3GPKv\" style=\"box-sizing: inherit; border-top: none; padding: 0px 0px 1.25rem; width: 355.922px; color: #666666; font-size: 1.125rem; line-height: 1.375rem; vertical-align: baseline;\" data-selenium=\"specsItemGroupTableColumnLabel\">Color<\/td>\n<td class=\"value_KqJ3Q3GPKv firstSpecWhenNoGroupName_KqJ3Q3GPKv\" style=\"box-sizing: inherit; color: #666666; font-size: 1.125rem; line-height: 1.375rem; vertical-align: baseline; padding: 0px 0px 1.25rem 2.5rem;\" data-selenium=\"specsItemGroupTableColumnValue\">\n<div class=\"expandableValue_KqJ3Q3GPKv\" style=\"box-sizing: inherit;\">Gris<\/div>\n<\/td>\n<\/tr>\n<tr class=\"pair_KqJ3Q3GPKv\" style=\"box-sizing: inherit; border-bottom: 0.0625rem solid #e5e5e5;\" data-selenium=\"specsItemGroupTableRow\">\n<td class=\"label_KqJ3Q3GPKv\" style=\"box-sizing: inherit; border-top: none; padding: 1.25rem 0px; width: 355.922px; color: #666666; font-size: 1.125rem; line-height: 1.375rem; vertical-align: baseline;\" data-selenium=\"specsItemGroupTableColumnLabel\">Longitud de la tira<\/td>\n<td class=\"value_KqJ3Q3GPKv\" style=\"box-sizing: inherit; color: #666666; font-size: 1.125rem; line-height: 1.375rem; vertical-align: baseline; padding: 1.25rem 0px 1.25rem 2.5rem;\" data-selenium=\"specsItemGroupTableColumnValue\">\n<div class=\"expandableValue_KqJ3Q3GPKv\" style=\"box-sizing: inherit;\">De 99 a 145 cm<\/div>\n<\/td>\n<\/tr>\n<tr class=\"pair_KqJ3Q3GPKv\" style=\"box-sizing: inherit; border-bottom: 0.0625rem solid #e5e5e5;\" data-selenium=\"specsItemGroupTableRow\">\n<td class=\"label_KqJ3Q3GPKv\" style=\"box-sizing: inherit; border-top: none; padding: 1.25rem 0px; width: 355.922px; color: #666666; font-size: 1.125rem; line-height: 1.375rem; vertical-align: baseline;\" data-selenium=\"specsItemGroupTableColumnLabel\">Ancho del mango<\/td>\n<td class=\"value_KqJ3Q3GPKv\" style=\"box-sizing: inherit; color: #666666; font-size: 1.125rem; line-height: 1.375rem; vertical-align: baseline; padding: 1.25rem 0px 1.25rem 2.5rem;\" data-selenium=\"specsItemGroupTableColumnValue\">\n<div class=\"expandableValue_KqJ3Q3GPKv\" style=\"box-sizing: inherit;\">1,95 cm<\/div>\n<\/td>\n<\/tr>\n<tr class=\"pair_KqJ3Q3GPKv\" style=\"box-sizing: inherit; border-bottom: 0.0625rem solid #e5e5e5;\" data-selenium=\"specsItemGroupTableRow\">\n<td class=\"label_KqJ3Q3GPKv\" style=\"box-sizing: inherit; border-top: none; padding: 1.25rem 0px; width: 355.922px; color: #666666; font-size: 1.125rem; line-height: 1.375rem; vertical-align: baseline;\" data-selenium=\"specsItemGroupTableColumnLabel\">Capacidad de carga<\/td>\n<td class=\"value_KqJ3Q3GPKv\" style=\"box-sizing: inherit; color: #666666; font-size: 1.125rem; line-height: 1.375rem; vertical-align: baseline; padding: 1.25rem 0px 1.25rem 2.5rem;\" data-selenium=\"specsItemGroupTableColumnValue\">\n<div class=\"expandableValue_KqJ3Q3GPKv\" style=\"box-sizing: inherit;\">60 kg<\/div>\n<\/td>\n<\/tr>\n<tr class=\"pair_KqJ3Q3GPKv\" style=\"box-sizing: inherit; border-bottom: 0.0625rem solid #e5e5e5;\" data-selenium=\"specsItemGroupTableRow\">\n<td class=\"label_KqJ3Q3GPKv\" style=\"box-sizing: inherit; border-top: none; padding: 1.25rem 0px; width: 355.922px; color: #666666; font-size: 1.125rem; line-height: 1.375rem; vertical-align: baseline;\" data-selenium=\"specsItemGroupTableColumnLabel\">Material<\/td>\n<td class=\"value_KqJ3Q3GPKv\" style=\"box-sizing: inherit; color: #666666; font-size: 1.125rem; line-height: 1.375rem; vertical-align: baseline; padding: 1.25rem 0px 1.25rem 2.5rem;\" data-selenium=\"specsItemGroupTableColumnValue\">\n<div class=\"expandableValue_KqJ3Q3GPKv\" style=\"box-sizing: inherit;\">Algod\u00f3n, Nylon<\/div>\n<\/td>\n<\/tr>\n<tr class=\"pair_KqJ3Q3GPKv\" style=\"box-sizing: inherit; border-bottom: 0.0625rem solid #e5e5e5;\" data-selenium=\"specsItemGroupTableRow\">\n<td class=\"label_KqJ3Q3GPKv\" style=\"box-sizing: inherit; border-top: none; padding: 1.25rem 0px; width: 355.922px; color: #666666; font-size: 1.125rem; line-height: 1.375rem; vertical-align: baseline;\" data-selenium=\"specsItemGroupTableColumnLabel\">Peso<\/td>\n<td class=\"value_KqJ3Q3GPKv\" style=\"box-sizing: inherit; color: #666666; font-size: 1.125rem; line-height: 1.375rem; vertical-align: baseline; padding: 1.25rem 0px 1.25rem 2.5rem;\" data-selenium=\"specsItemGroupTableColumnValue\">\n<div class=\"expandableValue_KqJ3Q3GPKv\" style=\"box-sizing: inherit;\">75 gramos<\/div>\n<\/td>\n<\/tr>\n<\/tbody>\n<\/table>\n<p><img loading=\"lazy\" decoding=\"async\" src=\"https:\/\/www.falcam.com.cn\/js\/tinymce\/demo\/images\/202304\/14\/f6ecd2fe6fa679542ec57c3487e16ad7.jpg\" width=\"500\" height=\"678\" alt=\"\"><\/p>\n<p><img loading=\"lazy\" decoding=\"async\" src=\"https:\/\/www.falcam.com.cn\/js\/tinymce\/demo\/images\/202304\/14\/4b74516d051c81679322c3d9862f6ddf.jpg\" width=\"500\" height=\"314\" alt=\"\"><\/p>\n<p><img loading=\"lazy\" decoding=\"async\" src=\"https:\/\/www.falcam.com.cn\/js\/tinymce\/demo\/images\/202304\/14\/f4c359f1e869ad49613dc3232540660d.jpg\" width=\"500\" height=\"524\" alt=\"\"><\/p>\n<p><img loading=\"lazy\" decoding=\"async\" src=\"https:\/\/www.falcam.com.cn\/js\/tinymce\/demo\/images\/202304\/14\/c269bf3274d1655df527f1951958eb7a.gif\" width=\"500\" height=\"290\" alt=\"\"><\/p>\n<p><img loading=\"lazy\" decoding=\"async\" src=\"https:\/\/www.falcam.com.cn\/js\/tinymce\/demo\/images\/202304\/14\/26bea58294ad03eba38a8dad87846175.gif\" width=\"500\" height=\"290\" alt=\"\"><\/p>\n<p><img loading=\"lazy\" decoding=\"async\" src=\"https:\/\/www.falcam.com.cn\/js\/tinymce\/demo\/images\/202304\/14\/896753f92f7d7d80498227f918ead3a6.jpg\" width=\"500\" height=\"848\" alt=\"\"><\/p>\n<p><img loading=\"lazy\" decoding=\"async\" src=\"https:\/\/www.falcam.com.cn\/js\/tinymce\/demo\/images\/202304\/14\/52dcefafd86b56766918e3f603e393b1.jpg\" width=\"500\" height=\"826\" alt=\"\"><\/p>\n<p><img loading=\"lazy\" decoding=\"async\" src=\"https:\/\/www.falcam.com.cn\/js\/tinymce\/demo\/images\/202304\/14\/227977f2f7953ce2e6e185d73e2b3efe.gif\" width=\"500\" height=\"290\" alt=\"\"><\/p>\n<p><img loading=\"lazy\" decoding=\"async\" src=\"https:\/\/www.falcam.com.cn\/js\/tinymce\/demo\/images\/202304\/14\/8fd4523caf73bf689e59c897ac95b510.jpg\" width=\"500\" height=\"1082\" alt=\"\"><\/p>\n<p><img loading=\"lazy\" decoding=\"async\" src=\"https:\/\/www.falcam.com.cn\/js\/tinymce\/demo\/images\/202304\/14\/daeb62fdcf9d6e959fbecbe09fada64b.jpg\" width=\"500\" height=\"728\" alt=\"\"><\/p>\n<p><img loading=\"lazy\" decoding=\"async\" src=\"https:\/\/www.falcam.com.cn\/js\/tinymce\/demo\/images\/202304\/14\/8d491003bd6d21e521749930471ca1c3.jpg\" width=\"500\" height=\"834\" alt=\"\"><\/p>\n<\/div>\n","protected":false},"excerpt":{"rendered":"<p>FALCAM Maglink Classic 3144 Bandolera con Hebilla Magn\u00e9tica R\u00e1pida &#8211; Gris Cl\u00e1sico \/ 99 a 145 cm Funciones: Tejido de<\/p>\n","protected":false},"featured_media":30809,"comment_status":"closed","ping_status":"closed","template":"","meta":{"_acf_changed":false},"product_brand":[2636],"product_cat":[903],"product_tag":[],"class_list":{"0":"post-71923","1":"product","2":"type-product","3":"status-publish","4":"has-post-thumbnail","6":"product_brand-falcam-ulanzi-es","7":"product_cat-correas-y-tirantes","8":"pa_cor-gris","10":"first","11":"instock","12":"taxable","13":"shipping-taxable","14":"purchasable","15":"product-type-simple"},"bundled_by":[],"bundle_stock_status":"instock","bundle_stock_quantity":1,"bundle_virtual":false,"bundle_layout":"","bundle_add_to_cart_form_location":"","bundle_editable_in_cart":false,"bundle_sold_individually_context":"","bundle_item_grouping":"","bundle_min_size":"","bundle_max_size":"","bundle_price":[],"bundled_items":[],"bundle_sell_ids":[],"acf":[],"_links":{"self":[{"href":"https:\/\/hi-techwonder.com\/es\/wp-json\/wp\/v2\/product\/71923","targetHints":{"allow":["GET"]}}],"collection":[{"href":"https:\/\/hi-techwonder.com\/es\/wp-json\/wp\/v2\/product"}],"about":[{"href":"https:\/\/hi-techwonder.com\/es\/wp-json\/wp\/v2\/types\/product"}],"replies":[{"embeddable":true,"href":"https:\/\/hi-techwonder.com\/es\/wp-json\/wp\/v2\/comments?post=71923"}],"wp:featuredmedia":[{"embeddable":true,"href":"https:\/\/hi-techwonder.com\/es\/wp-json\/wp\/v2\/media\/30809"}],"wp:attachment":[{"href":"https:\/\/hi-techwonder.com\/es\/wp-json\/wp\/v2\/media?parent=71923"}],"wp:term":[{"taxonomy":"product_brand","embeddable":true,"href":"https:\/\/hi-techwonder.com\/es\/wp-json\/wp\/v2\/product_brand?post=71923"},{"taxonomy":"product_cat","embeddable":true,"href":"https:\/\/hi-techwonder.com\/es\/wp-json\/wp\/v2\/product_cat?post=71923"},{"taxonomy":"product_tag","embeddable":true,"href":"https:\/\/hi-techwonder.com\/es\/wp-json\/wp\/v2\/product_tag?post=71923"}],"curies":[{"name":"wp","href":"https:\/\/api.w.org\/{rel}","templated":true}]}}