{"id":71926,"date":"2025-07-29T09:24:49","date_gmt":"2025-07-29T09:24:49","guid":{"rendered":"https:\/\/fv6qoy3ls0.wpdns.site\/produto\/fujifilm-xf-55-200-mm-f-3-5-4-8-r-lm-ois\/"},"modified":"2026-02-18T14:31:16","modified_gmt":"2026-02-18T14:31:16","slug":"fujifilm-xf-55-200-mm-f-3-5-4-8-r-lm-ois","status":"publish","type":"product","link":"https:\/\/hi-techwonder.com\/es\/producto\/fujifilm-xf-55-200-mm-f-3-5-4-8-r-lm-ois\/","title":{"rendered":"FUJIFILM XF 55-200 mm f\/3.5-4.8 R LM OIS"},"content":{"rendered":"<table border=\"0\">\n<tbody>\n<tr>\n<th>Construcci\u00f3n de<\/th>\n<p> lentes<\/p>\n<td>14 elementos en 10 grupos (incluye 1 asf\u00e9rico y dos elementos de dispersi\u00f3n extra baja)<\/td>\n<\/tr>\n<tr>\n<th>Distancia<\/th>\n<p> focal<\/p>\n<td>f = 55-200 mm (formato de 35 mm equivalente a 84-305 mm)<\/td>\n<\/tr>\n<tr>\n<th>\u00c1ngulo de visi\u00f3n<\/th>\n<td>29,0\u00b0 &#8211; 8,1\u00b0<\/td>\n<\/tr>\n<tr>\n<th>Apertura m\u00e1xima <\/th>\n<td>F3.5 &#8211; F4.8<\/td>\n<\/tr>\n<tr>\n<th>Apertura<\/th>\n<p> m\u00ednima<\/p>\n<td>F22<\/td>\n<\/tr>\n<tr>\n<th>Control de apertura<\/th>\n<td>\n<ul>\n<li>N\u00famero de hojas: 7 (apertura de diafragma redondeada)<\/li>\n<li>Tama\u00f1o de tope: 1\/3EV (17 paradas)<\/li>\n<\/ul>\n<\/td>\n<\/tr>\n<tr>\n<th>Rango de enfoque<\/th>\n<td>\n<dl>\n<dt>Normal<\/dt>\n<dd>1,1 m &#8211; \u221e (posici\u00f3n de zoom completo)<\/dd>\n<dt>Macro<\/dt>\n<dd>1,1 m &#8211; 3 m (posici\u00f3n de zoom completo)<\/dd>\n<\/dl>\n<\/td>\n<\/tr>\n<tr>\n<th>Aumento m\u00e1ximo <\/th>\n<td>0,18x (teleobjetivo)<\/td>\n<\/tr>\n<tr>\n<th>Dimensiones<\/th>\n<p> externas<\/p>\n<td>\u00f875,0 mm x 118 mm (gran angular) \/ 177 mm (teleobjetivo)<\/td>\n<\/tr>\n<tr>\n<th>Peso<\/th>\n<td>580 g (excluyendo tapas y cubiertas)<\/td>\n<\/tr>\n<tr>\n<th>Tama\u00f1o del<\/th>\n<p> filtro<\/p>\n<td>\u00f862 mm<\/td>\n<\/tr>\n<\/tbody>\n<\/table>\n","protected":false},"excerpt":{"rendered":"<p>Construcci\u00f3n de lentes 14 elementos en 10 grupos (incluye 1 asf\u00e9rico y dos elementos de dispersi\u00f3n extra baja) Distancia focal<\/p>\n","protected":false},"featured_media":48711,"comment_status":"closed","ping_status":"closed","template":"","meta":{"_acf_changed":false},"product_brand":[2539],"product_cat":[1062],"product_tag":[],"class_list":{"0":"post-71926","1":"product","2":"type-product","3":"status-publish","4":"has-post-thumbnail","6":"product_brand-fujifilm-es","7":"product_cat-mirrorless-objectivos","8":"pa_abertura-maxima-f-3-5-4-8-es","9":"pa_cor-negro","10":"pa_diametro-62mm-es","11":"pa_estabilizacao-de-imagem-si","12":"pa_montagem-da-objetiva-fujifilm-x-es","13":"pa_sensor-aps-c-es","14":"pa_tipo-de-foco-enfoque-automatico","15":"pa_tipo-de-objetiva-teleobjetivo","16":"pa_zoom-fixa-zoom-externo-es","18":"first","19":"pre-order","20":"taxable","21":"shipping-taxable","22":"purchasable","23":"product-type-simple"},"bundled_by":[],"bundle_stock_status":"pre-order","bundle_stock_quantity":null,"bundle_virtual":false,"bundle_layout":"","bundle_add_to_cart_form_location":"","bundle_editable_in_cart":false,"bundle_sold_individually_context":"","bundle_item_grouping":"","bundle_min_size":"","bundle_max_size":"","bundle_price":[],"bundled_items":[],"bundle_sell_ids":[],"acf":[],"_links":{"self":[{"href":"https:\/\/hi-techwonder.com\/es\/wp-json\/wp\/v2\/product\/71926","targetHints":{"allow":["GET"]}}],"collection":[{"href":"https:\/\/hi-techwonder.com\/es\/wp-json\/wp\/v2\/product"}],"about":[{"href":"https:\/\/hi-techwonder.com\/es\/wp-json\/wp\/v2\/types\/product"}],"replies":[{"embeddable":true,"href":"https:\/\/hi-techwonder.com\/es\/wp-json\/wp\/v2\/comments?post=71926"}],"wp:featuredmedia":[{"embeddable":true,"href":"https:\/\/hi-techwonder.com\/es\/wp-json\/wp\/v2\/media\/48711"}],"wp:attachment":[{"href":"https:\/\/hi-techwonder.com\/es\/wp-json\/wp\/v2\/media?parent=71926"}],"wp:term":[{"taxonomy":"product_brand","embeddable":true,"href":"https:\/\/hi-techwonder.com\/es\/wp-json\/wp\/v2\/product_brand?post=71926"},{"taxonomy":"product_cat","embeddable":true,"href":"https:\/\/hi-techwonder.com\/es\/wp-json\/wp\/v2\/product_cat?post=71926"},{"taxonomy":"product_tag","embeddable":true,"href":"https:\/\/hi-techwonder.com\/es\/wp-json\/wp\/v2\/product_tag?post=71926"}],"curies":[{"name":"wp","href":"https:\/\/api.w.org\/{rel}","templated":true}]}}