{"id":71927,"date":"2025-07-29T09:25:10","date_gmt":"2025-07-29T09:25:10","guid":{"rendered":"https:\/\/fv6qoy3ls0.wpdns.site\/produto\/fujifilm-xf-50mm-f-2-r-wr-negro\/"},"modified":"2026-04-20T22:16:53","modified_gmt":"2026-04-20T21:16:53","slug":"fujifilm-xf-50mm-f-2-r-wr-negro","status":"publish","type":"product","link":"https:\/\/hi-techwonder.com\/es\/producto\/fujifilm-xf-50mm-f-2-r-wr-negro\/","title":{"rendered":"FUJIFILM XF 50mm f\/2 R WR Negro"},"content":{"rendered":"<p><span style=\"font-size: small;\"><strong>ASPECTOS DESTACADOS DEL PRODUCTO<\/strong><\/p>\n<p><\/span><\/p>\n<ul>\n<li><span style=\"font-size: small;\">Lente con montura X\/formato APS-C<\/span><\/li>\n<li><span style=\"font-size: small;\">76 mm (equivalente a 35 mm)<\/span><\/li>\n<li><span style=\"font-size: small;\">Rango de apertura: f\/2 a f\/16<\/span><\/li>\n<li><span style=\"font-size: small;\">Recubrimiento de lente Super EBC<\/span><\/li>\n<li><span style=\"font-size: small;\">Anillo de apertura f\u00edsica<\/span><\/li>\n<li><span style=\"font-size: small;\">Construcci\u00f3n resistente a la intemperie<\/span><\/li>\n<\/ul>\n<p><span style=\"font-size: small;\">&nbsp;<\/span><\/p>\n<p><span style=\"font-size: small;\">Un elegante teleobjetivo corto para c\u00e1maras sin espejo de la serie X de Fujifilm, el lente negro XF 50mm f\/2 R WR ofrece una distancia focal equivalente a 76 mm para adaptarse a una variedad de aplicaciones, incluidos retratos y bodegones. El dise\u00f1o liviano y la apertura m\u00e1xima brillante de f\/2 benefician el trabajo en condiciones de poca luz y tambi\u00e9n brindan un alto grado de control sobre la profundidad de campo para t\u00e9cnicas de enfoque selectivo. El enfoque autom\u00e1tico es r\u00e1pido, preciso y casi silencioso para adaptarse tanto a im\u00e1genes fijas como a la grabaci\u00f3n de videos, y la lente tambi\u00e9n es resistente a la intemperie y est\u00e1 clasificada para funcionar a temperaturas tan bajas como 14 \u00b0 F. Adem\u00e1s, se ha aplicado un recubrimiento Super EBC (recubrimiento de haz de electrones) a elementos individuales para reducir el destello de la lente y las im\u00e1genes fantasma para mejorar el contraste y la fidelidad del color cuando se trabaja en condiciones de iluminaci\u00f3n Fuerte.  <br \/><\/span><\/p>\n<ul>\n<li><span style=\"font-size: small;\">Con una distancia focal equivalente a 76 mm, esta distancia focal de retrato es adecuada para una amplia variedad de aplicaciones fotogr\u00e1ficas.<\/span><\/li>\n<li><span style=\"font-size: small;\">La brillante apertura m\u00e1xima de f\/2 beneficia el trabajo en condiciones de iluminaci\u00f3n dif\u00edciles y tambi\u00e9n le brinda un mayor control sobre el enfoque cuando trabaja con poca profundidad de campo o t\u00e9cnicas de enfoque selectivo.<\/span><\/li>\n<li><span style=\"font-size: small;\">El rendimiento del enfoque autom\u00e1tico es r\u00e1pido y casi silencioso para adaptarse tanto a aplicaciones fotogr\u00e1ficas como de v\u00eddeo.<\/span><\/li>\n<li><span style=\"font-size: small;\">Se aplic\u00f3 un recubrimiento de haz de electrones (EBC) a la lente para controlar las im\u00e1genes fantasma y los destellos y mejorar la claridad de la imagen.<\/span><\/li>\n<li><span style=\"font-size: small;\">Los sellos contra la intemperie se colocan alrededor del cilindro de la lente para proteger contra el polvo, la humedad y las temperaturas tan bajas como 14 \u00b0 F.<\/span><\/li>\n<\/ul>\n<p><span style=\"font-size: small;\">&nbsp;<\/span><\/p>\n<p style=\"margin-bottom: 0cm;\"><span style=\"font-size: small;\">&nbsp;<\/span><\/p>\n<p><span style=\"font-size: small;\"> <\/span><\/p>\n<table style=\"width: 510px;\" border=\"0\" cellspacing=\"0\" cellpadding=\"2\">\n<colgroup>\n<col width=\"169\"><\/colgroup>\n<colgroup>\n<col width=\"333\"><\/colgroup>\n<tbody>\n<tr>\n<th colspan=\"2\" width=\"506\">\n<p style=\"padding: 0cm; font-style: normal; font-weight: normal;\"><span style=\"font-size: small;\"><a name=\"11011\"><\/a><span style=\"font-size: x-large;\">interino<\/span><\/span><\/p>\n<\/th>\n<\/tr>\n<tr>\n<td width=\"169\">\n<p style=\"padding: 0cm 0cm 0.53cm; border: medium medium 1px none none solid -moz-use-text-color -moz-use-text-color #e6e7e8;\"><span style=\"font-size: small;\">Distancia focal<\/span><\/p>\n<\/td>\n<td width=\"333\">\n<p style=\"padding: 0cm 0cm 0.53cm; border: medium medium 1px none none solid -moz-use-text-color -moz-use-text-color #e6e7e8;\"><span style=\"font-size: small;\">50 mil\u00edmetros<br \/>Distancia focal comparable de 35 mm: 76 mm<\/span><\/p>\n<\/td>\n<\/tr>\n<tr>\n<td width=\"169\">\n<p style=\"padding: 0cm 0cm 0.53cm; border: medium medium 1px none none solid -moz-use-text-color -moz-use-text-color #e6e7e8;\"><span style=\"font-size: small;\">Abertura<\/span><\/p>\n<\/td>\n<td width=\"333\">\n<p style=\"padding: 0cm 0cm 0.53cm; border: medium medium 1px none none solid -moz-use-text-color -moz-use-text-color #e6e7e8;\"><span style=\"font-size: small;\">M\u00e1ximo: f\/2<br \/>M\u00ednimo: f\/16<\/span><\/p>\n<\/td>\n<\/tr>\n<tr>\n<td width=\"169\">\n<p style=\"padding: 0cm 0cm 0.53cm; border: medium medium 1px none none solid -moz-use-text-color -moz-use-text-color #e6e7e8;\"><span style=\"font-size: small;\">Tipo de montaje de la c\u00e1mara<\/span><\/p>\n<\/td>\n<td width=\"333\">\n<p style=\"padding: 0cm 0cm 0.53cm; border: medium medium 1px none none solid -moz-use-text-color -moz-use-text-color #e6e7e8;\"><span style=\"font-size: small;\">Soporte t\u00e9cnico de Fujifilm X<\/span><\/p>\n<\/td>\n<\/tr>\n<tr>\n<td width=\"169\">\n<p style=\"padding: 0cm 0cm 0.53cm; border: medium medium 1px none none solid -moz-use-text-color -moz-use-text-color #e6e7e8;\"><span style=\"font-size: small;\">Compatibilidad de formatos<\/span><\/p>\n<\/td>\n<td width=\"333\">\n<p style=\"padding: 0cm 0cm 0.53cm; border: medium medium 1px none none solid -moz-use-text-color -moz-use-text-color #e6e7e8;\"><span style=\"font-size: small;\">APS-C<\/span><\/p>\n<\/td>\n<\/tr>\n<\/tbody>\n<\/table>\n<p><span style=\"font-size: small;\"> <\/span><\/p>\n<table style=\"width: 137px;\" border=\"0\" cellspacing=\"0\" cellpadding=\"2\">\n<colgroup>\n<col width=\"90\"><\/colgroup>\n<colgroup>\n<col width=\"40\"><\/colgroup>\n<tbody>\n<tr>\n<th colspan=\"2\" width=\"133\">\n<p style=\"padding: 0cm; font-style: normal; font-weight: normal;\"><span style=\"font-size: small;\"><a name=\"23001\"><\/a><span style=\"font-size: x-large;\">Recursos<\/span><\/span><\/p>\n<\/th>\n<\/tr>\n<tr>\n<td width=\"90\">\n<p style=\"padding: 0cm 0cm 0.53cm; border: medium medium 1px none none solid -moz-use-text-color -moz-use-text-color #e6e7e8;\"><span style=\"font-size: small;\">Autom\u00e1tico<\/span><\/p>\n<\/td>\n<td width=\"40\">\n<p style=\"padding: 0cm 0cm 0.53cm; border: medium medium 1px none none solid -moz-use-text-color -moz-use-text-color #e6e7e8;\"><span style=\"font-size: small;\">S\u00ed<\/span><\/p>\n<\/td>\n<\/tr>\n<\/tbody>\n<\/table>\n<p><span style=\"font-size: small;\"> <\/span><\/p>\n<table style=\"width: 405px;\" border=\"0\" cellspacing=\"0\" cellpadding=\"2\">\n<colgroup>\n<col width=\"147\"><\/colgroup>\n<colgroup>\n<col width=\"250\"><\/colgroup>\n<tbody>\n<tr>\n<th colspan=\"2\" width=\"401\">\n<p style=\"padding: 0cm; font-style: normal; font-weight: normal;\"><span style=\"font-size: small;\"><a name=\"11501\"><\/a><span style=\"font-size: x-large;\">F\u00edsico<\/span><\/span><\/p>\n<\/th>\n<\/tr>\n<tr>\n<td width=\"147\">\n<p style=\"padding: 0cm 0cm 0.53cm; border: medium medium 1px none none solid -moz-use-text-color -moz-use-text-color #e6e7e8;\"><span style=\"font-size: small;\">Tema de filtro<\/span><\/p>\n<\/td>\n<td width=\"250\">\n<p style=\"padding: 0cm 0cm 0.53cm; border: medium medium 1px none none solid -moz-use-text-color -moz-use-text-color #e6e7e8;\"><span style=\"font-size: small;\">Frontal: 46 mm<\/span><\/p>\n<\/td>\n<\/tr>\n<tr>\n<td width=\"147\">\n<p style=\"padding: 0cm 0cm 0.53cm; border: medium medium 1px none none solid -moz-use-text-color -moz-use-text-color #e6e7e8;\"><span style=\"font-size: small;\">Dimensiones (DxL)<\/span><\/p>\n<\/td>\n<td width=\"250\">\n<p style=\"padding: 0cm;\"><span style=\"font-size: small;\">No especificado por el fabricante<\/span><\/p>\n<\/td>\n<\/tr>\n<tr>\n<td width=\"147\">\n<p style=\"padding: 0cm 0cm 0.53cm; border: medium medium 1px none none solid -moz-use-text-color -moz-use-text-color #e6e7e8;\"><span style=\"font-size: small;\">Peso<\/span><\/p>\n<\/td>\n<td width=\"250\">\n<p style=\"padding: 0cm 0cm 0.53cm; border: medium medium 1px none none solid -moz-use-text-color -moz-use-text-color #e6e7e8;\"><span style=\"font-size: small;\">7,05 onzas (200 g)<\/span><\/p>\n<\/td>\n<\/tr>\n<\/tbody>\n<\/table>\n<p><span style=\"font-size: small;\"> <\/span><\/p>\n<p style=\"margin-bottom: 0cm;\"><span style=\"font-size: small;\">&nbsp;<\/span><\/p>\n<p><span style=\"font-size: small;\">&nbsp;<\/span><\/p>\n","protected":false},"excerpt":{"rendered":"<p>ASPECTOS DESTACADOS DEL PRODUCTO Lente con montura X\/formato APS-C 76 mm (equivalente a 35 mm) Rango de apertura: f\/2 a<\/p>\n","protected":false},"featured_media":48755,"comment_status":"closed","ping_status":"closed","template":"","meta":{"_acf_changed":false},"product_brand":[2539],"product_cat":[1062],"product_tag":[],"class_list":{"0":"post-71927","1":"product","2":"type-product","3":"status-publish","4":"has-post-thumbnail","6":"product_brand-fujifilm-es","7":"product_cat-mirrorless-objectivos","8":"pa_abertura-maxima-f-2-es","9":"pa_cor-negro","10":"pa_diametro-46mm-es","11":"pa_estabilizacao-de-imagem-no","12":"pa_montagem-da-objetiva-fujifilm-x-es","13":"pa_sensor-aps-c-es","14":"pa_tipo-de-foco-enfoque-automatico","15":"pa_tipo-de-objetiva-teleobjetivo","16":"pa_zoom-fixa-fijo","18":"first","19":"instock","20":"taxable","21":"shipping-taxable","22":"purchasable","23":"product-type-simple"},"bundled_by":[],"bundle_stock_status":"instock","bundle_stock_quantity":1,"bundle_virtual":false,"bundle_layout":"","bundle_add_to_cart_form_location":"","bundle_editable_in_cart":false,"bundle_sold_individually_context":"","bundle_item_grouping":"","bundle_min_size":"","bundle_max_size":"","bundle_price":[],"bundled_items":[],"bundle_sell_ids":[],"acf":[],"_links":{"self":[{"href":"https:\/\/hi-techwonder.com\/es\/wp-json\/wp\/v2\/product\/71927","targetHints":{"allow":["GET"]}}],"collection":[{"href":"https:\/\/hi-techwonder.com\/es\/wp-json\/wp\/v2\/product"}],"about":[{"href":"https:\/\/hi-techwonder.com\/es\/wp-json\/wp\/v2\/types\/product"}],"replies":[{"embeddable":true,"href":"https:\/\/hi-techwonder.com\/es\/wp-json\/wp\/v2\/comments?post=71927"}],"wp:featuredmedia":[{"embeddable":true,"href":"https:\/\/hi-techwonder.com\/es\/wp-json\/wp\/v2\/media\/48755"}],"wp:attachment":[{"href":"https:\/\/hi-techwonder.com\/es\/wp-json\/wp\/v2\/media?parent=71927"}],"wp:term":[{"taxonomy":"product_brand","embeddable":true,"href":"https:\/\/hi-techwonder.com\/es\/wp-json\/wp\/v2\/product_brand?post=71927"},{"taxonomy":"product_cat","embeddable":true,"href":"https:\/\/hi-techwonder.com\/es\/wp-json\/wp\/v2\/product_cat?post=71927"},{"taxonomy":"product_tag","embeddable":true,"href":"https:\/\/hi-techwonder.com\/es\/wp-json\/wp\/v2\/product_tag?post=71927"}],"curies":[{"name":"wp","href":"https:\/\/api.w.org\/{rel}","templated":true}]}}