{"id":71929,"date":"2025-07-29T09:25:42","date_gmt":"2025-07-29T09:25:42","guid":{"rendered":"https:\/\/fv6qoy3ls0.wpdns.site\/produto\/fujifilm-xf-50mm-f-1-0-r-wr\/"},"modified":"2025-12-12T15:25:21","modified_gmt":"2025-12-12T15:25:21","slug":"fujifilm-xf-50mm-f-1-0-r-wr","status":"publish","type":"product","link":"https:\/\/hi-techwonder.com\/es\/producto\/fujifilm-xf-50mm-f-1-0-r-wr\/","title":{"rendered":"FUJIFILM XF 50mm f\/1.0 R WR"},"content":{"rendered":"<p><strong>LUCES<\/strong><\/p>\n<ul>\n<li>Lente con montura X\/formato APS-C<\/li>\n<li>76 mm (equivalente a 35 mm)<\/li>\n<li>Rango de apertura: f\/1.0 a f\/16<\/li>\n<li>Un elemento asf\u00e9rico<\/li>\n<\/ul>\n<p>Se trata de velocidad con el FUJIFILM XF 50mm f\/1.0 R WR; Un objetivo fijo para retratos con una impresionante y \u00fanica abertura m\u00e1xima de f\/1,0. Este dise\u00f1o brillante beneficia el trabajo en condiciones de poca luz y, especialmente combinado con la corta distancia focal telesc\u00f3pica, tambi\u00e9n le brinda un inmenso control sobre la profundidad de campo para aislar al sujeto con enfoque selectivo. Adem\u00e1s de la velocidad, el 50 mm f\/1.0 tambi\u00e9n se caracteriza por un avanzado sistema \u00f3ptico asf\u00e9rico y elementos de dispersi\u00f3n extra baja para controlar una variedad de aberraciones. Un recubrimiento Super EBC tambi\u00e9n suprime los destellos y las im\u00e1genes fantasma para agregar contraste cuando se trabaja en condiciones de luz y retroiluminaci\u00f3n. Adem\u00e1s, complementando la \u00f3ptica hay un motor de enfoque autom\u00e1tico de CC de r\u00e1pido rendimiento y un dise\u00f1o f\u00edsico robusto que est\u00e1 sellado contra la intemperie para adaptarse al trabajo en condiciones ambientales dif\u00edciles.    <\/p>\n<ul>\n<li>El objetivo principal de longitud de retrato est\u00e1 dise\u00f1ado para c\u00e1maras sin espejo con montura X de FUJIFILM en formato APS-C y proporciona una distancia focal equivalente a 76 mm.<\/li>\n<li>La apertura m\u00e1xima excepcionalmente brillante de f\/1.0 sobresale en condiciones de iluminaci\u00f3n dif\u00edciles y tambi\u00e9n proporciona un control impresionante sobre la profundidad de campo para aislar al sujeto utilizando t\u00e9cnicas de enfoque selectivo.<\/li>\n<li>Un elemento asf\u00e9rico limita la distorsi\u00f3n y la aberraci\u00f3n esf\u00e9rica para una mayor nitidez y una representaci\u00f3n precisa.<\/li>\n<li>Dos elementos de dispersi\u00f3n extra baja reducen las franjas de color y las aberraciones crom\u00e1ticas para proporcionar una mayor claridad y precisi\u00f3n de color.<\/li>\n<li>Se ha aplicado un recubrimiento Super EBC a elementos individuales para reducir el destello de la lente y las im\u00e1genes fantasma para mejorar el contraste y la fidelidad del color cuando se trabaja en condiciones de iluminaci\u00f3n intensa.<\/li>\n<li>El motor de enfoque autom\u00e1tico de CC es adecuado para mover elementos grandes y ayuda a lograr un rendimiento de enfoque r\u00e1pido, preciso y suave.<\/li>\n<li>El diafragma redondeado de nueve hojas contribuye a una agradable calidad de desenfoque para beneficiar el uso de t\u00e9cnicas de enfoque selectivo y poca profundidad de campo.<\/li>\n<li>El dise\u00f1o resistente a la intemperie incorpora 11 sellos distintos que evitan que el polvo y la humedad entren en la lente y permiten un uso sin preocupaciones en condiciones adversas y temperaturas bajo cero de hasta 14 \u00b0 F.<\/li>\n<\/ul>\n<table class=\"table_o418fscimQZEg1oshu4aX\" style=\"box-sizing: inherit; width: 831px; font-family: OpenSans, 'Segoe UI', Helvetica, Roboto, Arial, sans-serif; font-size: 16px; background-color: #ffffff;\" data-selenium=\"specsItemGroupTable\">\n<tbody style=\"box-sizing: inherit;\">\n<tr class=\"pair_3u9fnESIQrtuEu6ye_zM4k\" style=\"box-sizing: inherit; border-bottom: 0.0625rem solid #e7e7e7;\" data-selenium=\"specsItemGroupTableRow\">\n<td class=\"label_3bLwbW8ibvYc5tUwpKVQsL firstSpecWhenNoGroupName_2L9ob5rxYHNpmiwoNrY0FE\" style=\"box-sizing: inherit; width: 315px; padding: 0px 0px 1.25rem; border-top: none; vertical-align: baseline; font-size: 1.125rem; color: #666666; line-height: 1.375rem;\" data-selenium=\"specsItemGroupTableColumnLabel\">Distancia focal<\/td>\n<td class=\"value_11Av1yGkVYn9TX48mQeu9v firstSpecWhenNoGroupName_2L9ob5rxYHNpmiwoNrY0FE\" style=\"box-sizing: inherit; vertical-align: baseline; font-size: 1.125rem; color: #666666; line-height: 1.375rem; padding: 0px 0px 1.25rem 2.5rem;\" data-selenium=\"specsItemGroupTableColumnValue\">50 mm (distancia focal equivalente a 35 mm: 76 mm)<\/td>\n<\/tr>\n<tr class=\"pair_3u9fnESIQrtuEu6ye_zM4k\" style=\"box-sizing: inherit; border-bottom: 0.0625rem solid #e7e7e7;\" data-selenium=\"specsItemGroupTableRow\">\n<td class=\"label_3bLwbW8ibvYc5tUwpKVQsL\" style=\"box-sizing: inherit; width: 315px; padding: 1.25rem 0px; border-top: none; vertical-align: baseline; font-size: 1.125rem; color: #666666; line-height: 1.375rem;\" data-selenium=\"specsItemGroupTableColumnLabel\">M\u00e1xima<\/td>\n<p> apertura<\/p>\n<td class=\"value_11Av1yGkVYn9TX48mQeu9v\" style=\"box-sizing: inherit; vertical-align: baseline; font-size: 1.125rem; color: #666666; line-height: 1.375rem; padding: 1.25rem 0px 1.25rem 2.5rem;\" data-selenium=\"specsItemGroupTableColumnValue\">f\/1<\/td>\n<\/tr>\n<tr class=\"pair_3u9fnESIQrtuEu6ye_zM4k\" style=\"box-sizing: inherit; border-bottom: 0.0625rem solid #e7e7e7;\" data-selenium=\"specsItemGroupTableRow\">\n<td class=\"label_3bLwbW8ibvYc5tUwpKVQsL\" style=\"box-sizing: inherit; width: 315px; padding: 1.25rem 0px; border-top: none; vertical-align: baseline; font-size: 1.125rem; color: #666666; line-height: 1.375rem;\" data-selenium=\"specsItemGroupTableColumnLabel\">Apertura<\/td>\n<p> m\u00ednima<\/p>\n<td class=\"value_11Av1yGkVYn9TX48mQeu9v\" style=\"box-sizing: inherit; vertical-align: baseline; font-size: 1.125rem; color: #666666; line-height: 1.375rem; padding: 1.25rem 0px 1.25rem 2.5rem;\" data-selenium=\"specsItemGroupTableColumnValue\">f\/16<\/td>\n<\/tr>\n<tr class=\"pair_3u9fnESIQrtuEu6ye_zM4k\" style=\"box-sizing: inherit; border-bottom: 0.0625rem solid #e7e7e7;\" data-selenium=\"specsItemGroupTableRow\">\n<td class=\"label_3bLwbW8ibvYc5tUwpKVQsL\" style=\"box-sizing: inherit; width: 315px; padding: 1.25rem 0px; border-top: none; vertical-align: baseline; font-size: 1.125rem; color: #666666; line-height: 1.375rem;\" data-selenium=\"specsItemGroupTableColumnLabel\">Montura de lente<\/td>\n<td class=\"value_11Av1yGkVYn9TX48mQeu9v\" style=\"box-sizing: inherit; vertical-align: baseline; font-size: 1.125rem; color: #666666; line-height: 1.375rem; padding: 1.25rem 0px 1.25rem 2.5rem;\" data-selenium=\"specsItemGroupTableColumnValue\">FUJIFILM X<\/td>\n<\/tr>\n<tr class=\"pair_3u9fnESIQrtuEu6ye_zM4k\" style=\"box-sizing: inherit; border-bottom: 0.0625rem solid #e7e7e7;\" data-selenium=\"specsItemGroupTableRow\">\n<td class=\"label_3bLwbW8ibvYc5tUwpKVQsL\" style=\"box-sizing: inherit; width: 315px; padding: 1.25rem 0px; border-top: none; vertical-align: baseline; font-size: 1.125rem; color: #666666; line-height: 1.375rem;\" data-selenium=\"specsItemGroupTableColumnLabel\">Compatibilidad de formatos<\/td>\n<td class=\"value_11Av1yGkVYn9TX48mQeu9v\" style=\"box-sizing: inherit; vertical-align: baseline; font-size: 1.125rem; color: #666666; line-height: 1.375rem; padding: 1.25rem 0px 1.25rem 2.5rem;\" data-selenium=\"specsItemGroupTableColumnValue\">APS-C<\/td>\n<\/tr>\n<tr class=\"pair_3u9fnESIQrtuEu6ye_zM4k\" style=\"box-sizing: inherit; border-bottom: 0.0625rem solid #e7e7e7;\" data-selenium=\"specsItemGroupTableRow\">\n<td class=\"label_3bLwbW8ibvYc5tUwpKVQsL\" style=\"box-sizing: inherit; width: 315px; padding: 1.25rem 0px; border-top: none; vertical-align: baseline; font-size: 1.125rem; color: #666666; line-height: 1.375rem;\" data-selenium=\"specsItemGroupTableColumnLabel\">\u00c1ngulo de visi\u00f3n<\/td>\n<td class=\"value_11Av1yGkVYn9TX48mQeu9v\" style=\"box-sizing: inherit; vertical-align: baseline; font-size: 1.125rem; color: #666666; line-height: 1.375rem; padding: 1.25rem 0px 1.25rem 2.5rem;\" data-selenium=\"specsItemGroupTableColumnValue\">31,7\u00b0<\/td>\n<\/tr>\n<tr class=\"pair_3u9fnESIQrtuEu6ye_zM4k\" style=\"box-sizing: inherit; border-bottom: 0.0625rem solid #e7e7e7;\" data-selenium=\"specsItemGroupTableRow\">\n<td class=\"label_3bLwbW8ibvYc5tUwpKVQsL\" style=\"box-sizing: inherit; width: 315px; padding: 1.25rem 0px; border-top: none; vertical-align: baseline; font-size: 1.125rem; color: #666666; line-height: 1.375rem;\" data-selenium=\"specsItemGroupTableColumnLabel\">Distancia m\u00ednima de enfoque<\/td>\n<td class=\"value_11Av1yGkVYn9TX48mQeu9v\" style=\"box-sizing: inherit; vertical-align: baseline; font-size: 1.125rem; color: #666666; line-height: 1.375rem; padding: 1.25rem 0px 1.25rem 2.5rem;\" data-selenium=\"specsItemGroupTableColumnValue\">2,3&#8242; \/ 70 cm<\/td>\n<\/tr>\n<tr class=\"pair_3u9fnESIQrtuEu6ye_zM4k\" style=\"box-sizing: inherit; border-bottom: 0.0625rem solid #e7e7e7;\" data-selenium=\"specsItemGroupTableRow\">\n<td class=\"label_3bLwbW8ibvYc5tUwpKVQsL\" style=\"box-sizing: inherit; width: 315px; padding: 1.25rem 0px; border-top: none; vertical-align: baseline; font-size: 1.125rem; color: #666666; line-height: 1.375rem;\" data-selenium=\"specsItemGroupTableColumnLabel\">Aumento m\u00e1ximo<\/td>\n<td class=\"value_11Av1yGkVYn9TX48mQeu9v\" style=\"box-sizing: inherit; vertical-align: baseline; font-size: 1.125rem; color: #666666; line-height: 1.375rem; padding: 1.25rem 0px 1.25rem 2.5rem;\" data-selenium=\"specsItemGroupTableColumnValue\">0,08 veces<\/td>\n<\/tr>\n<tr class=\"pair_3u9fnESIQrtuEu6ye_zM4k\" style=\"box-sizing: inherit; border-bottom: 0.0625rem solid #e7e7e7;\" data-selenium=\"specsItemGroupTableRow\">\n<td class=\"label_3bLwbW8ibvYc5tUwpKVQsL\" style=\"box-sizing: inherit; width: 315px; padding: 1.25rem 0px; border-top: none; vertical-align: baseline; font-size: 1.125rem; color: #666666; line-height: 1.375rem;\" data-selenium=\"specsItemGroupTableColumnLabel\">Dise\u00f1o<\/td>\n<p> \u00f3ptico<\/p>\n<td class=\"value_11Av1yGkVYn9TX48mQeu9v\" style=\"box-sizing: inherit; vertical-align: baseline; font-size: 1.125rem; color: #666666; line-height: 1.375rem; padding: 1.25rem 0px 1.25rem 2.5rem;\" data-selenium=\"specsItemGroupTableColumnValue\">12 elementos en 9 grupos<\/td>\n<\/tr>\n<tr class=\"pair_3u9fnESIQrtuEu6ye_zM4k\" style=\"box-sizing: inherit; border-bottom: 0.0625rem solid #e7e7e7;\" data-selenium=\"specsItemGroupTableRow\">\n<td class=\"label_3bLwbW8ibvYc5tUwpKVQsL\" style=\"box-sizing: inherit; width: 315px; padding: 1.25rem 0px; border-top: none; vertical-align: baseline; font-size: 1.125rem; color: #666666; line-height: 1.375rem;\" data-selenium=\"specsItemGroupTableColumnLabel\">Hojas de diafragma<\/td>\n<td class=\"value_11Av1yGkVYn9TX48mQeu9v\" style=\"box-sizing: inherit; vertical-align: baseline; font-size: 1.125rem; color: #666666; line-height: 1.375rem; padding: 1.25rem 0px 1.25rem 2.5rem;\" data-selenium=\"specsItemGroupTableColumnValue\">9, redondeado<\/td>\n<\/tr>\n<tr class=\"pair_3u9fnESIQrtuEu6ye_zM4k\" style=\"box-sizing: inherit; border-bottom: 0.0625rem solid #e7e7e7;\" data-selenium=\"specsItemGroupTableRow\">\n<td class=\"label_3bLwbW8ibvYc5tUwpKVQsL\" style=\"box-sizing: inherit; width: 315px; padding: 1.25rem 0px; border-top: none; vertical-align: baseline; font-size: 1.125rem; color: #666666; line-height: 1.375rem;\" data-selenium=\"specsItemGroupTableColumnLabel\">Tipo de enfoque<\/td>\n<td class=\"value_11Av1yGkVYn9TX48mQeu9v\" style=\"box-sizing: inherit; vertical-align: baseline; font-size: 1.125rem; color: #666666; line-height: 1.375rem; padding: 1.25rem 0px 1.25rem 2.5rem;\" data-selenium=\"specsItemGroupTableColumnValue\">Autom\u00e1tico<\/td>\n<\/tr>\n<tr class=\"pair_3u9fnESIQrtuEu6ye_zM4k\" style=\"box-sizing: inherit; border-bottom: 0.0625rem solid #e7e7e7;\" data-selenium=\"specsItemGroupTableRow\">\n<td class=\"label_3bLwbW8ibvYc5tUwpKVQsL\" style=\"box-sizing: inherit; width: 315px; padding: 1.25rem 0px; border-top: none; vertical-align: baseline; font-size: 1.125rem; color: #666666; line-height: 1.375rem;\" data-selenium=\"specsItemGroupTableColumnLabel\">Estabilizaci\u00f3n de imagen<\/td>\n<td class=\"value_11Av1yGkVYn9TX48mQeu9v\" style=\"box-sizing: inherit; vertical-align: baseline; font-size: 1.125rem; color: #666666; line-height: 1.375rem; padding: 1.25rem 0px 1.25rem 2.5rem;\" data-selenium=\"specsItemGroupTableColumnValue\">No<\/td>\n<\/tr>\n<tr class=\"pair_3u9fnESIQrtuEu6ye_zM4k\" style=\"box-sizing: inherit; border-bottom: 0.0625rem solid #e7e7e7;\" data-selenium=\"specsItemGroupTableRow\">\n<td class=\"label_3bLwbW8ibvYc5tUwpKVQsL\" style=\"box-sizing: inherit; width: 315px; padding: 1.25rem 0px; border-top: none; vertical-align: baseline; font-size: 1.125rem; color: #666666; line-height: 1.375rem;\" data-selenium=\"specsItemGroupTableColumnLabel\">Tama\u00f1o del filtro<\/td>\n<td class=\"value_11Av1yGkVYn9TX48mQeu9v\" style=\"box-sizing: inherit; vertical-align: baseline; font-size: 1.125rem; color: #666666; line-height: 1.375rem; padding: 1.25rem 0px 1.25rem 2.5rem;\" data-selenium=\"specsItemGroupTableColumnValue\">77 mm (delantero)<\/td>\n<\/tr>\n<tr class=\"pair_3u9fnESIQrtuEu6ye_zM4k\" style=\"box-sizing: inherit; border-bottom: 0.0625rem solid #e7e7e7;\" data-selenium=\"specsItemGroupTableRow\">\n<td class=\"label_3bLwbW8ibvYc5tUwpKVQsL\" style=\"box-sizing: inherit; width: 315px; padding: 1.25rem 0px; border-top: none; vertical-align: baseline; font-size: 1.125rem; color: #666666; line-height: 1.375rem;\" data-selenium=\"specsItemGroupTableColumnLabel\">Dimensiones (\u00f8 x L)<\/td>\n<td class=\"value_11Av1yGkVYn9TX48mQeu9v\" style=\"box-sizing: inherit; vertical-align: baseline; font-size: 1.125rem; color: #666666; line-height: 1.375rem; padding: 1.25rem 0px 1.25rem 2.5rem;\" data-selenium=\"specsItemGroupTableColumnValue\">3,43 x 4,07&#8243; \/ 87 x 103,5 mm<\/td>\n<\/tr>\n<tr class=\"pair_3u9fnESIQrtuEu6ye_zM4k\" style=\"box-sizing: inherit; border-bottom: 0.0625rem solid #e7e7e7;\" data-selenium=\"specsItemGroupTableRow\">\n<td class=\"label_3bLwbW8ibvYc5tUwpKVQsL\" style=\"box-sizing: inherit; width: 315px; padding: 1.25rem 0px; border-top: none; vertical-align: baseline; font-size: 1.125rem; color: #666666; line-height: 1.375rem;\" data-selenium=\"specsItemGroupTableColumnLabel\">Peso<\/td>\n<td class=\"value_11Av1yGkVYn9TX48mQeu9v\" style=\"box-sizing: inherit; vertical-align: baseline; font-size: 1.125rem; color: #666666; line-height: 1.375rem; padding: 1.25rem 0px 1.25rem 2.5rem;\" data-selenium=\"specsItemGroupTableColumnValue\">1,86 libras \/ 845 g<\/td>\n<\/tr>\n<\/tbody>\n<\/table>\n","protected":false},"excerpt":{"rendered":"<p>LUCES Lente con montura X\/formato APS-C 76 mm (equivalente a 35 mm) Rango de apertura: f\/1.0 a f\/16 Un elemento<\/p>\n","protected":false},"featured_media":48809,"comment_status":"closed","ping_status":"closed","template":"","meta":{"_acf_changed":false},"product_brand":[2539],"product_cat":[1062],"product_tag":[],"class_list":{"0":"post-71929","1":"product","2":"type-product","3":"status-publish","4":"has-post-thumbnail","6":"product_brand-fujifilm-es","7":"product_cat-mirrorless-objectivos","8":"pa_cor-negro","9":"pa_diametro-77mm-es","10":"pa_estabilizacao-de-imagem-no","11":"pa_montagem-da-objetiva-fujifilm-x-es","12":"pa_sensor-aps-c-es","13":"pa_tipo-de-foco-enfoque-automatico","14":"pa_tipo-de-objetiva-teleobjetivo","15":"pa_zoom-fixa-fijo","17":"first","18":"onbackorder","19":"taxable","20":"shipping-taxable","21":"purchasable","22":"product-type-simple"},"bundled_by":[],"bundle_stock_status":"onbackorder","bundle_stock_quantity":null,"bundle_virtual":false,"bundle_layout":"","bundle_add_to_cart_form_location":"","bundle_editable_in_cart":false,"bundle_sold_individually_context":"","bundle_item_grouping":"","bundle_min_size":"","bundle_max_size":"","bundle_price":[],"bundled_items":[],"bundle_sell_ids":[],"acf":[],"_links":{"self":[{"href":"https:\/\/hi-techwonder.com\/es\/wp-json\/wp\/v2\/product\/71929","targetHints":{"allow":["GET"]}}],"collection":[{"href":"https:\/\/hi-techwonder.com\/es\/wp-json\/wp\/v2\/product"}],"about":[{"href":"https:\/\/hi-techwonder.com\/es\/wp-json\/wp\/v2\/types\/product"}],"replies":[{"embeddable":true,"href":"https:\/\/hi-techwonder.com\/es\/wp-json\/wp\/v2\/comments?post=71929"}],"wp:featuredmedia":[{"embeddable":true,"href":"https:\/\/hi-techwonder.com\/es\/wp-json\/wp\/v2\/media\/48809"}],"wp:attachment":[{"href":"https:\/\/hi-techwonder.com\/es\/wp-json\/wp\/v2\/media?parent=71929"}],"wp:term":[{"taxonomy":"product_brand","embeddable":true,"href":"https:\/\/hi-techwonder.com\/es\/wp-json\/wp\/v2\/product_brand?post=71929"},{"taxonomy":"product_cat","embeddable":true,"href":"https:\/\/hi-techwonder.com\/es\/wp-json\/wp\/v2\/product_cat?post=71929"},{"taxonomy":"product_tag","embeddable":true,"href":"https:\/\/hi-techwonder.com\/es\/wp-json\/wp\/v2\/product_tag?post=71929"}],"curies":[{"name":"wp","href":"https:\/\/api.w.org\/{rel}","templated":true}]}}