{"id":71930,"date":"2025-07-29T09:24:45","date_gmt":"2025-07-29T09:24:45","guid":{"rendered":"https:\/\/fv6qoy3ls0.wpdns.site\/produto\/fujifilm-xf-60mm-f-2-4r-macro\/"},"modified":"2025-12-12T11:09:51","modified_gmt":"2025-12-12T11:09:51","slug":"fujifilm-xf-60mm-f-2-4r-macro","status":"publish","type":"product","link":"https:\/\/hi-techwonder.com\/es\/producto\/fujifilm-xf-60mm-f-2-4r-macro\/","title":{"rendered":"FUJIFILM XF 60mm f\/2.4R Macro"},"content":{"rendered":"<table border=\"0\">\n<tbody>\n<tr>\n<th>Construcci\u00f3n de<\/th>\n<p> lentes<\/p>\n<td>10 elementos en 8 grupos (incluye 1 elemento de dispersi\u00f3n asf\u00e9rico y 1 elemento de dispersi\u00f3n anormal)<\/td>\n<\/tr>\n<tr>\n<th>Distancia focal<\/th>\n<td>f = 60 mm<br \/>(135 equivalentes: 91 mm)<\/td>\n<\/tr>\n<tr>\n<th>\u00c1ngulo de visi\u00f3n<\/th>\n<td>26,6\u00b0<\/td>\n<\/tr>\n<tr>\n<th>Apertura m\u00e1xima <\/th>\n<td>F2.4<\/td>\n<\/tr>\n<tr>\n<th>Apertura<\/th>\n<p> m\u00ednima<\/p>\n<td>F22<\/td>\n<\/tr>\n<tr>\n<th>Control de apertura<\/th>\n<td>\n<ul>\n<li>N\u00famero de cuchillas : 9 (abertura de diafragma redondeada)<\/li>\n<li>Tama\u00f1o del tope: 1\/3EV (20 paradas)<\/li>\n<\/ul>\n<\/td>\n<\/tr>\n<tr>\n<th>Rango de enfoque<\/th>\n<td>Aprox. 26,7 cm &#8211; \u221e <\/td>\n<\/tr>\n<tr>\n<th>Aumento m\u00e1ximo <\/th>\n<td>0,5 veces<\/td>\n<\/tr>\n<tr>\n<th>Dimensiones<\/th>\n<p> externas<\/p>\n<td>\u00f864,1 mm x 70,9 mm<\/td>\n<\/tr>\n<tr>\n<th>Peso<\/th>\n<td>Aprox. 215 g (sin incluir las tapas y las tapas) <\/td>\n<\/tr>\n<tr>\n<th>Tama\u00f1o del<\/th>\n<p> filtro<\/p>\n<td>\u00f839mm<\/td>\n<\/tr>\n<\/tbody>\n<\/table>\n","protected":false},"excerpt":{"rendered":"<p>Construcci\u00f3n de lentes 10 elementos en 8 grupos (incluye 1 elemento de dispersi\u00f3n asf\u00e9rico y 1 elemento de dispersi\u00f3n anormal)<\/p>\n","protected":false},"featured_media":48701,"comment_status":"closed","ping_status":"closed","template":"","meta":{"_acf_changed":false},"product_brand":[2539],"product_cat":[1062],"product_tag":[],"class_list":{"0":"post-71930","1":"product","2":"type-product","3":"status-publish","4":"has-post-thumbnail","6":"product_brand-fujifilm-es","7":"product_cat-mirrorless-objectivos","8":"pa_abertura-maxima-f-2-4-es","9":"pa_cor-negro","10":"pa_designs-especiais-macro-es","11":"pa_diametro-39mm-es","12":"pa_estabilizacao-de-imagem-no","13":"pa_montagem-da-objetiva-fujifilm-x-es","14":"pa_sensor-aps-c-es","15":"pa_tipo-de-foco-enfoque-automatico","16":"pa_tipo-de-objetiva-teleobjetivo","17":"pa_zoom-fixa-fijo","19":"first","20":"onbackorder","21":"taxable","22":"shipping-taxable","23":"purchasable","24":"product-type-simple"},"bundled_by":[],"bundle_stock_status":"onbackorder","bundle_stock_quantity":null,"bundle_virtual":false,"bundle_layout":"","bundle_add_to_cart_form_location":"","bundle_editable_in_cart":false,"bundle_sold_individually_context":"","bundle_item_grouping":"","bundle_min_size":"","bundle_max_size":"","bundle_price":[],"bundled_items":[],"bundle_sell_ids":[],"acf":[],"_links":{"self":[{"href":"https:\/\/hi-techwonder.com\/es\/wp-json\/wp\/v2\/product\/71930","targetHints":{"allow":["GET"]}}],"collection":[{"href":"https:\/\/hi-techwonder.com\/es\/wp-json\/wp\/v2\/product"}],"about":[{"href":"https:\/\/hi-techwonder.com\/es\/wp-json\/wp\/v2\/types\/product"}],"replies":[{"embeddable":true,"href":"https:\/\/hi-techwonder.com\/es\/wp-json\/wp\/v2\/comments?post=71930"}],"wp:featuredmedia":[{"embeddable":true,"href":"https:\/\/hi-techwonder.com\/es\/wp-json\/wp\/v2\/media\/48701"}],"wp:attachment":[{"href":"https:\/\/hi-techwonder.com\/es\/wp-json\/wp\/v2\/media?parent=71930"}],"wp:term":[{"taxonomy":"product_brand","embeddable":true,"href":"https:\/\/hi-techwonder.com\/es\/wp-json\/wp\/v2\/product_brand?post=71930"},{"taxonomy":"product_cat","embeddable":true,"href":"https:\/\/hi-techwonder.com\/es\/wp-json\/wp\/v2\/product_cat?post=71930"},{"taxonomy":"product_tag","embeddable":true,"href":"https:\/\/hi-techwonder.com\/es\/wp-json\/wp\/v2\/product_tag?post=71930"}],"curies":[{"name":"wp","href":"https:\/\/api.w.org\/{rel}","templated":true}]}}