{"id":71933,"date":"2025-07-29T09:24:52","date_gmt":"2025-07-29T09:24:52","guid":{"rendered":"https:\/\/fv6qoy3ls0.wpdns.site\/produto\/fujifilm-xf-56mm-f-1-2-r-apd\/"},"modified":"2025-12-12T12:31:54","modified_gmt":"2025-12-12T12:31:54","slug":"fujifilm-xf-56mm-f-1-2-r-apd","status":"publish","type":"product","link":"https:\/\/hi-techwonder.com\/es\/producto\/fujifilm-xf-56mm-f-1-2-r-apd\/","title":{"rendered":"FUJIFILM XF 56mm f\/1.2 R APD"},"content":{"rendered":"<p>Dise\u00f1ado para los entusiastas del bokeh, <strong>el objetivo XF 56mm f\/1.2 R APD de Fujifilm<\/strong> presenta un dise\u00f1o \u00f3ptico \u00fanico, una perspectiva de longitud de retrato principal y una apertura m\u00e1xima r\u00e1pida de f\/1.2 para beneficiar las im\u00e1genes de poca profundidad de campo. Diferenci\u00e1ndose de los otros lentes de la serie X de 56 mm f\/1.2 de Fujifilm, este lente equivalente a 85 mm incorpora un filtro de apodizaci\u00f3n controlable en su dise\u00f1o para producir una calidad de desenfoque est\u00e9ticamente agradable para adaptarse a aplicaciones de enfoque selectivo. <\/p>\n<table border=\"1\">\n<tbody>\n<tr>\n<th colspan=\"2\"><a name=\"11011\"><\/a><\/th>\n<\/tr>\n<tr>\n<td> Distancia focal<\/td>\n<td> 56 mil\u00edmetros<br \/> Distancia focal comparable de 35 mm: 85 mm<\/td>\n<\/tr>\n<tr>\n<td> Abertura<\/td>\n<td> M\u00e1ximo: f\/1.2<br \/> M\u00ednimo: f\/16<\/td>\n<\/tr>\n<tr>\n<td> Tipo de montura de c\u00e1mara<\/td>\n<td> Compatibilidad con Fujifilm X<\/td>\n<\/tr>\n<tr>\n<td> Compatibilidad con el formato<\/td>\n<td> APS-C<\/td>\n<\/tr>\n<tr>\n<td> \u00c1ngulo de visi\u00f3n<\/td>\n<td> 28,5\u00b0<\/td>\n<\/tr>\n<tr>\n<td> Distancia m\u00ednima de enfoque<\/td>\n<td> 2.30&#8242; (70 cm)<\/td>\n<\/tr>\n<tr>\n<td> Aumento<\/td>\n<td> 0.09x<\/td>\n<\/tr>\n<tr>\n<td> Elementos\/Grupos<\/td>\n<td> 8\/11<\/td>\n<\/tr>\n<tr>\n<td> Hojas de diafragma<\/td>\n<td> 7, redondeadas <\/td>\n<\/tr>\n<\/tbody>\n<\/table>\n<table border=\"1\">\n<tbody>\n<tr>\n<th colspan=\"2\"><a name=\"23001\"><\/a><\/th>\n<\/tr>\n<tr>\n<td> Estabilizaci\u00f3n de imagen<\/td>\n<td> No<\/td>\n<\/tr>\n<tr>\n<td> Enfoque autom\u00e1tico<\/td>\n<td> S\u00ed <\/td>\n<\/tr>\n<\/tbody>\n<\/table>\n<table border=\"1\">\n<tbody>\n<tr>\n<th colspan=\"2\"><a name=\"11501\"><\/a><\/th>\n<\/tr>\n<tr>\n<td> Rosca del filtro<\/td>\n<td> frontal: 62 mm<\/td>\n<\/tr>\n<tr>\n<td>  Dimensiones (DxL)<\/td>\n<td>  Aproximadamente. 2,88 x 2,74&#8243; (73,2 x 69,7 mm) <\/td>\n<\/tr>\n<tr>\n<td> Peso<\/td>\n<td> : 14,29 onzas (405 g)<\/td>\n<\/tr>\n<\/tbody>\n<\/table>\n","protected":false},"excerpt":{"rendered":"<p>Dise\u00f1ado para los entusiastas del bokeh, el objetivo XF 56mm f\/1.2 R APD de Fujifilm presenta un dise\u00f1o \u00f3ptico \u00fanico,<\/p>\n","protected":false},"featured_media":48721,"comment_status":"closed","ping_status":"closed","template":"","meta":{"_acf_changed":false},"product_brand":[2539],"product_cat":[1062],"product_tag":[],"class_list":{"0":"post-71933","1":"product","2":"type-product","3":"status-publish","4":"has-post-thumbnail","6":"product_brand-fujifilm-es","7":"product_cat-mirrorless-objectivos","8":"pa_abertura-maxima-f-1-2-es","9":"pa_cor-negro","10":"pa_diametro-62mm-es","11":"pa_estabilizacao-de-imagem-no","12":"pa_montagem-da-objetiva-fujifilm-x-es","13":"pa_sensor-aps-c-es","14":"pa_tipo-de-foco-enfoque-automatico","15":"pa_tipo-de-objetiva-teleobjetivo","16":"pa_zoom-fixa-fijo","18":"first","19":"onbackorder","20":"taxable","21":"shipping-taxable","22":"purchasable","23":"product-type-simple"},"bundled_by":[],"bundle_stock_status":"onbackorder","bundle_stock_quantity":null,"bundle_virtual":false,"bundle_layout":"","bundle_add_to_cart_form_location":"","bundle_editable_in_cart":false,"bundle_sold_individually_context":"","bundle_item_grouping":"","bundle_min_size":"","bundle_max_size":"","bundle_price":[],"bundled_items":[],"bundle_sell_ids":[],"acf":[],"_links":{"self":[{"href":"https:\/\/hi-techwonder.com\/es\/wp-json\/wp\/v2\/product\/71933","targetHints":{"allow":["GET"]}}],"collection":[{"href":"https:\/\/hi-techwonder.com\/es\/wp-json\/wp\/v2\/product"}],"about":[{"href":"https:\/\/hi-techwonder.com\/es\/wp-json\/wp\/v2\/types\/product"}],"replies":[{"embeddable":true,"href":"https:\/\/hi-techwonder.com\/es\/wp-json\/wp\/v2\/comments?post=71933"}],"wp:featuredmedia":[{"embeddable":true,"href":"https:\/\/hi-techwonder.com\/es\/wp-json\/wp\/v2\/media\/48721"}],"wp:attachment":[{"href":"https:\/\/hi-techwonder.com\/es\/wp-json\/wp\/v2\/media?parent=71933"}],"wp:term":[{"taxonomy":"product_brand","embeddable":true,"href":"https:\/\/hi-techwonder.com\/es\/wp-json\/wp\/v2\/product_brand?post=71933"},{"taxonomy":"product_cat","embeddable":true,"href":"https:\/\/hi-techwonder.com\/es\/wp-json\/wp\/v2\/product_cat?post=71933"},{"taxonomy":"product_tag","embeddable":true,"href":"https:\/\/hi-techwonder.com\/es\/wp-json\/wp\/v2\/product_tag?post=71933"}],"curies":[{"name":"wp","href":"https:\/\/api.w.org\/{rel}","templated":true}]}}