{"id":71938,"date":"2025-07-29T09:25:10","date_gmt":"2025-07-29T09:25:10","guid":{"rendered":"https:\/\/fv6qoy3ls0.wpdns.site\/produto\/fujifilm-xf-23mm-f-2-r-wr-negro\/"},"modified":"2025-12-12T13:02:06","modified_gmt":"2025-12-12T13:02:06","slug":"fujifilm-xf-23mm-f-2-r-wr-negro","status":"publish","type":"product","link":"https:\/\/hi-techwonder.com\/es\/producto\/fujifilm-xf-23mm-f-2-r-wr-negro\/","title":{"rendered":"FUJIFILM XF 23mm f\/2 R WR Negro"},"content":{"rendered":"<p><span style=\"font-size: small;\">El XF23mmF2 R WR es un objetivo gran angular con una resoluci\u00f3n de imagen avanzada, capaz de aprovechar todo el rendimiento del sensor CMOS X-Trans patentado por Fujifilm. Cuenta con un tama\u00f1o y dise\u00f1o similares a los del XF35mmF2, lo que contribuye a una elegante colecci\u00f3n de objetivos compactos F2. El sistema AF de enfoque interno utiliza un motor paso a paso* para impulsar el grupo de elementos de enfoque del objetivo para un enfoque autom\u00e1tico r\u00e1pido y silencioso.<br \/>El exterior de metal ofrece un aspecto robusto y de primera calidad, y los anillos de apertura y enfoque est\u00e1n dise\u00f1ados para una operatividad \u00f3ptima. El objetivo tambi\u00e9n es resistente al polvo y a la intemperie y funciona a temperaturas tan bajas como -10 \u00b0C, lo que lo convierte en una opci\u00f3n ideal para la fotograf\u00eda al aire libre.   <\/span><\/p>\n<p><span style=\"font-size: small;\"><strong>Calidad de imagen avanzada<\/strong><\/p>\n<p>La lente contiene 10 elementos en 6 grupos, incluidos 2 elementos asf\u00e9ricos. El excelente posicionamiento de los elementos asf\u00e9ricos garantiza la planitud del plano de la imagen para una claridad total.   <br \/>Los elementos asf\u00e9ricos se utilizan como parte del grupo focal para minimizar las fluctuaciones de rendimiento entre diferentes distancias focales.<\/span><\/p>\n<p><span style=\"font-size: small;\">&nbsp;<\/span><\/p>\n<p><span style=\"font-size: small;\"><img loading=\"lazy\" decoding=\"async\" src=\"https:\/\/www.fujifilm.eu\/fileadmin\/content\/digitalcamera\/x-lenses\/XF23mmF2_R_WR\/features\/pic_01.jpg\" alt=\"\" width=\"361\" height=\"299\"><\/span><\/p>\n<p><span style=\"font-size: small;\">&nbsp;<\/span><\/p>\n<p><span style=\"font-size: small;\"><strong>Dise\u00f1o compacto, ligero y elegante para una operatividad superior<\/strong><\/p>\n<p><\/span><\/p>\n<ul>\n<li><span style=\"font-size: small;\">La lente pesa solo 180 g.<\/span><\/li>\n<li><span style=\"font-size: small;\">El exterior met\u00e1lico, inspirado en el dise\u00f1o del XF35mmF2 R WR, ofrece una sensaci\u00f3n de robustez y calidad superior.<\/span><\/li>\n<li><span style=\"font-size: small;\">La forma compacta y elegante elimina casi por completo la reducci\u00f3n de la saturaci\u00f3n y el deslumbramiento de la imagen* cuando se utiliza el visor electr\u00f3nico \u00f3ptico en las c\u00e1maras FUJIFILM X-Pro2 y X-Pro1.<\/span><\/li>\n<li><span style=\"font-size: small;\">Los anillos de apertura y enfoque tienen la cantidad justa de clics y torque para una operatividad superior.<\/span><\/li>\n<\/ul>\n<p><span style=\"font-size: small;\">&nbsp;<\/span><\/p>\n<p><span style=\"font-size: small;\"><strong>Enfoque autom\u00e1tico r\u00e1pido y silencioso<\/strong><\/p>\n<p>El sistema AF de enfoque interno** utiliza un motor paso a paso para accionar los elementos de enfoque de luz para un enfoque autom\u00e1tico r\u00e1pido y silencioso. Cuando se combina con el sistema AF de detecci\u00f3n de fase de la FUJIFILM X-Pro2 y X-T2, el objetivo puede enfocar en unos incre\u00edbles 0,05 segundos***. <\/p>\n<p><strong>Resistente al polvo y a la intemperie, capaz de funcionar a temperaturas tan bajas como -10 \u00b0C<\/strong><\/p>\n<p>El cilindro de la lente est\u00e1 sellado para que sea resistente al polvo y a la intemperie, y capaz de funcionar a temperaturas tan bajas como -10 \u00b0 C.  <br \/>Cuando se monta en las c\u00e1maras digitales sin espejo FUJIFILM X-Pro2, X-T1 y X-T2 resistentes al polvo y a la intemperie, puede disparar relajadamente en entornos polvorientos o bajo una lluvia ligera.<\/p>\n<p><strong>Accesorios opcionales<\/strong><\/p>\n<p>Puede utilizar este objetivo con el parasol met\u00e1lico ventilado &#8220;LH-XF35-2&#8221;, que tambi\u00e9n es compatible con el XF35mmF2 R WR. Con el lanzamiento del XF23mmF2 R WR, tambi\u00e9n se introducir\u00e1 una versi\u00f3n plateada del parasol, lo que permitir\u00e1 al usuario elegir un parasol opcional que coincida con el color del objetivo. <\/span><\/p>\n<p><span style=\"font-size: small;\">&nbsp;<\/span><\/p>\n<p><span style=\"font-size: small;\">Bastidor MTF<\/span><\/p>\n<p><span style=\"font-size: small;\">&nbsp;<\/span><\/p>\n<p style=\"box-sizing: border-box; margin: 4px 0px 12px; padding: 0px; line-height: 1.4; font-style: normal; font-variant-ligatures: normal; font-variant-caps: normal; font-weight: normal; letter-spacing: normal; text-align: start; text-indent: 0px; text-transform: none; white-space: normal; word-spacing: 0px; -webkit-text-stroke-width: 0px; background-color: #ffffff;\"><span style=\"font-size: small;\">Eje vertical : Contraste S : Sagital M : Meridional<\/span><\/p>\n<p><span style=\"font-size: small;\"> <\/span><\/p>\n<div style=\"box-sizing: border-box; margin: 20px 0px; padding: 0px; zoom: 1; color: #555555; font-family: Helvetica, Arial, sans-serif; font-size: 14px; font-style: normal; font-variant-ligatures: normal; font-variant-caps: normal; font-weight: normal; letter-spacing: normal; orphans: 2; text-align: start; text-indent: 0px; text-transform: none; white-space: normal; widows: 2; word-spacing: 0px; -webkit-text-stroke-width: 0px; background-color: #ffffff;\">\n<div style=\"box-sizing: border-box; margin: 0px 17px 0px 0px; padding: 0px; float: left; width: 282px;\">\n<div style=\"box-sizing: border-box; margin: 0px auto; padding: 0px; text-align: center;\">\n<p style=\"box-sizing: border-box; margin: 10px 0px 12px; padding: 0px; line-height: 1.4;\"><span style=\"font-size: small;\">Espacio Frecuencia 15 l\u00edneas\/mm<\/span><\/p>\n<p style=\"box-sizing: border-box; margin: 10px 0px 12px; padding: 0px; line-height: 1.4;\"><span style=\"font-size: small;\"><img loading=\"lazy\" decoding=\"async\" style=\"box-sizing: border-box; margin: 0px auto 10px; padding: 0px; border: none; vertical-align: middle; max-width: 100%; height: auto;\" src=\"https:\/\/www.fujifilm.eu\/fileadmin\/content\/digitalcamera\/x-lenses\/XF23mmF2_R_WR\/specifications\/pic_02.gif\" alt=\"\" width=\"282\" height=\"212\"><\/span><\/p>\n<p style=\"box-sizing: border-box; margin: 10px 0px 12px; padding: 0px; line-height: 1.4;\"><span style=\"font-size: small;\">Distancia desde el centro de la imagen<\/span><\/p>\n<\/div>\n<\/div>\n<div style=\"box-sizing: border-box; margin: 0px 17px 0px 0px; padding: 0px; float: left; width: 282px;\">\n<div style=\"box-sizing: border-box; margin: 0px auto; padding: 0px; text-align: center;\">\n<p style=\"box-sizing: border-box; margin: 10px 0px 12px; padding: 0px; line-height: 1.4;\"><span style=\"font-size: small;\">Frecuencia espacial 45 l\u00edneas\/mm<\/span><\/p>\n<p style=\"box-sizing: border-box; margin: 10px 0px 12px; padding: 0px; line-height: 1.4;\"><span style=\"font-size: small;\"><img loading=\"lazy\" decoding=\"async\" style=\"box-sizing: border-box; margin: 0px auto 10px; padding: 0px; border: none; vertical-align: middle; max-width: 100%; height: auto;\" src=\"https:\/\/www.fujifilm.eu\/fileadmin\/content\/digitalcamera\/x-lenses\/XF23mmF2_R_WR\/specifications\/pic_03.gif\" alt=\"\" width=\"282\" height=\"212\"><\/span><\/p>\n<p style=\"box-sizing: border-box; margin: 10px 0px 12px; padding: 0px; line-height: 1.4;\"><span style=\"font-size: small;\">Distancia desde el centro de la imagen<\/span><\/p>\n<\/div>\n<\/div>\n<div style=\"box-sizing: border-box; margin: 0px; padding: 0px; float: left; width: 282px;\">\n<div style=\"box-sizing: border-box; margin: 0px auto; padding: 0px; text-align: center;\">\n<table style=\"background-color: #ffffff;\" border=\"0\">\n<colgroup style=\"box-sizing: border-box; margin: 0px; padding: 0px;\">\n<col style=\"box-sizing: border-box; margin: 0px; padding: 0px;\" width=\"30%\"><\/colgroup>\n<colgroup style=\"box-sizing: border-box; margin: 0px; padding: 0px;\">\n<col style=\"box-sizing: border-box; margin: 0px; padding: 0px;\" width=\"80%\"><\/colgroup>\n<tbody style=\"box-sizing: border-box; margin: 0px; padding: 0px;\">\n<tr style=\"box-sizing: border-box; margin: 0px; padding: 0px;\">\n<th style=\"box-sizing: border-box; margin: 0px; padding: 0.83em 1em 0.67em; font-weight: bold; border-bottom: 2px solid #ffffff; vertical-align: top; text-align: left; color: #222222; background: url('img\/shared\/bg_th_01.gif\"') no-repeat rgba(0, 0, 0, 0); border-left: none;\">Amable<\/th>\n<td style=\"box-sizing: border-box; margin: 0px; padding: 11px 10px 5px; border-bottom: 2px solid #ffffff; vertical-align: top; text-align: left; background: url('img\/shared\/bg_td_02.gif\"') no-repeat; line-height: 1.4;\">XF23mmF2 R WR<\/td>\n<\/tr>\n<tr style=\"box-sizing: border-box; margin: 0px; padding: 0px;\">\n<th style=\"box-sizing: border-box; margin: 0px; padding: 0.83em 1em 0.67em; font-weight: bold; border-bottom: 2px solid #ffffff; vertical-align: top; text-align: left; color: #222222; background: url('img\/shared\/bg_th_01.gif\"') no-repeat rgba(0, 0, 0, 0); border-left: none;\">Configuraci\u00f3n de la lente<\/th>\n<td style=\"box-sizing: border-box; margin: 0px; padding: 11px 10px 5px; border-bottom: 2px solid #ffffff; vertical-align: top; text-align: left; background: url('img\/shared\/bg_td_02.gif\"') no-repeat; line-height: 1.4;\">10 elementos 6 grupos (incluye 2 elementos asf\u00e9ricos)<\/td>\n<\/tr>\n<tr style=\"box-sizing: border-box; margin: 0px; padding: 0px;\">\n<th style=\"box-sizing: border-box; margin: 0px; padding: 0.83em 1em 0.67em; font-weight: bold; border-bottom: 2px solid #ffffff; vertical-align: top; text-align: left; color: #222222; background: url('img\/shared\/bg_th_01.gif\"') no-repeat rgba(0, 0, 0, 0); border-left: none;\">Distancia<\/th>\n<p> focal<\/p>\n<td style=\"box-sizing: border-box; margin: 0px; padding: 11px 10px 5px; border-bottom: 2px solid #ffffff; vertical-align: top; text-align: left; background: url('img\/shared\/bg_td_02.gif\"') no-repeat; line-height: 1.4;\">f=23 mm (equivalente en formato de 35 mm: 35 mm)<\/td>\n<\/tr>\n<tr style=\"box-sizing: border-box; margin: 0px; padding: 0px;\">\n<th style=\"box-sizing: border-box; margin: 0px; padding: 0.83em 1em 0.67em; font-weight: bold; border-bottom: 2px solid #ffffff; vertical-align: top; text-align: left; color: #222222; background: url('img\/shared\/bg_th_01.gif\"') no-repeat rgba(0, 0, 0, 0); border-left: none;\">\u00c1ngulo de visi\u00f3n<\/th>\n<td style=\"box-sizing: border-box; margin: 0px; padding: 11px 10px 5px; border-bottom: 2px solid #ffffff; vertical-align: top; text-align: left; background: url('img\/shared\/bg_td_02.gif\"') no-repeat; line-height: 1.4;\">63,4\u00b0<\/td>\n<\/tr>\n<tr style=\"box-sizing: border-box; margin: 0px; padding: 0px;\">\n<th style=\"box-sizing: border-box; margin: 0px; padding: 0.83em 1em 0.67em; font-weight: bold; border-bottom: 2px solid #ffffff; vertical-align: top; text-align: left; color: #222222; background: url('img\/shared\/bg_th_01.gif\"') no-repeat rgba(0, 0, 0, 0); border-left: none;\">M\u00e1xima<\/th>\n<p> apertura<\/p>\n<td style=\"box-sizing: border-box; margin: 0px; padding: 11px 10px 5px; border-bottom: 2px solid #ffffff; vertical-align: top; text-align: left; background: url('img\/shared\/bg_td_02.gif\"') no-repeat; line-height: 1.4;\">F2<\/td>\n<\/tr>\n<tr style=\"box-sizing: border-box; margin: 0px; padding: 0px;\">\n<th style=\"box-sizing: border-box; margin: 0px; padding: 0.83em 1em 0.67em; font-weight: bold; border-bottom: 2px solid #ffffff; vertical-align: top; text-align: left; color: #222222; background: url('img\/shared\/bg_th_01.gif\"') no-repeat rgba(0, 0, 0, 0); border-left: none;\">Apertura m\u00ednima<\/th>\n<td style=\"box-sizing: border-box; margin: 0px; padding: 11px 10px 5px; border-bottom: 2px solid #ffffff; vertical-align: top; text-align: left; background: url('img\/shared\/bg_td_02.gif\"') no-repeat; line-height: 1.4;\">F16<\/td>\n<\/tr>\n<tr style=\"box-sizing: border-box; margin: 0px; padding: 0px;\">\n<th style=\"box-sizing: border-box; margin: 0px; padding: 0.83em 1em 0.67em; font-weight: bold; border-bottom: 2px solid #ffffff; vertical-align: top; text-align: left; color: #222222; background: url('img\/shared\/bg_th_01.gif\"') no-repeat rgba(0, 0, 0, 0); border-left: none;\">Control de apertura<\/th>\n<td style=\"box-sizing: border-box; margin: 0px; padding: 11px 10px 5px; border-bottom: 2px solid #ffffff; vertical-align: top; text-align: left; background: url('img\/shared\/bg_td_02.gif\"') no-repeat; line-height: 1.4;\">\n<ul style=\"box-sizing: border-box; list-style: none; margin: 0px; padding: 0px; font-size: 14px;\">\n<li style=\"box-sizing: border-box; margin: 0px; padding: 0px 0px 0px 10px; background: url('img\/shared\/listmarker_01.gif\"') 0px 7px \/ 3px 3px no-repeat; line-height: 1.4;\">N\u00famero de cuchillas: 9 (apertura de diafragma redonda)<\/li>\n<li style=\"box-sizing: border-box; margin: 10px 0px 0px; padding: 0px 0px 0px 10px; background: url('img\/shared\/listmarker_01.gif\"') 0px 7px \/ 3px 3px no-repeat; line-height: 1.4;\">Tama\u00f1o del paso: 1\/3EV (19 pasos)<\/li>\n<\/ul>\n<\/td>\n<\/tr>\n<tr style=\"box-sizing: border-box; margin: 0px; padding: 0px;\">\n<th style=\"box-sizing: border-box; margin: 0px; padding: 0.83em 1em 0.67em; font-weight: bold; border-bottom: 2px solid #ffffff; vertical-align: top; text-align: left; color: #222222; background: url('img\/shared\/bg_th_01.gif\"') no-repeat rgba(0, 0, 0, 0); border-left: none;\">Rango de enfoque<\/th>\n<td style=\"box-sizing: border-box; margin: 0px; padding: 11px 10px 5px; border-bottom: 2px solid #ffffff; vertical-align: top; text-align: left; background: url('img\/shared\/bg_td_02.gif\"') no-repeat; line-height: 1.4;\">22 cm &#8211; \u221e<\/td>\n<\/tr>\n<tr style=\"box-sizing: border-box; margin: 0px; padding: 0px;\">\n<th style=\"box-sizing: border-box; margin: 0px; padding: 0.83em 1em 0.67em; font-weight: bold; border-bottom: 2px solid #ffffff; vertical-align: top; text-align: left; color: #222222; background: url('img\/shared\/bg_th_01.gif\"') no-repeat rgba(0, 0, 0, 0); border-left: none;\">Aumento m\u00e1ximo<\/th>\n<td style=\"box-sizing: border-box; margin: 0px; padding: 11px 10px 5px; border-bottom: 2px solid #ffffff; vertical-align: top; text-align: left; background: url('img\/shared\/bg_td_02.gif\"') no-repeat; line-height: 1.4;\">0,13 veces<\/td>\n<\/tr>\n<tr style=\"box-sizing: border-box; margin: 0px; padding: 0px;\">\n<th style=\"box-sizing: border-box; margin: 0px; padding: 0.83em 1em 0.67em; font-weight: bold; border-bottom: 2px solid #ffffff; vertical-align: top; text-align: left; color: #222222; background: url('img\/shared\/bg_th_01.gif\"') no-repeat rgba(0, 0, 0, 0); border-left: none;\">Dimensi\u00f3n externa: Di\u00e1metro x Longitud* (aprox.)<br style=\"box-sizing: border-box; margin: 0px; padding: 0px;\">* Distancia desde la brida de montaje de la lente de la c\u00e1mara<\/th>\n<td style=\"box-sizing: border-box; margin: 0px; padding: 11px 10px 5px; border-bottom: 2px solid #ffffff; vertical-align: top; text-align: left; background: url('img\/shared\/bg_td_02.gif\"') no-repeat; line-height: 1.4;\">\u00f860.0 mm x 51.9 mm<\/td>\n<\/tr>\n<tr style=\"box-sizing: border-box; margin: 0px; padding: 0px;\">\n<th style=\"box-sizing: border-box; margin: 0px; padding: 0.83em 1em 0.67em; font-weight: bold; border-bottom: 2px solid #ffffff; vertical-align: top; text-align: left; color: #222222; background: url('img\/shared\/bg_th_01.gif\"') no-repeat rgba(0, 0, 0, 0); border-left: none;\">Peso* (aprox.)<br style=\"box-sizing: border-box; margin: 0px; padding: 0px;\">*excluyendo gorras y sombrillas<\/th>\n<td style=\"box-sizing: border-box; margin: 0px; padding: 11px 10px 5px; border-bottom: 2px solid #ffffff; vertical-align: top; text-align: left; background: url('img\/shared\/bg_td_02.gif\"') no-repeat; line-height: 1.4;\">180 g<\/td>\n<\/tr>\n<tr style=\"box-sizing: border-box; margin: 0px; padding: 0px;\">\n<th style=\"box-sizing: border-box; margin: 0px; padding: 0.83em 1em 0.67em; font-weight: bold; border-bottom: 2px solid #ffffff; vertical-align: top; text-align: left; color: #222222; background: url('img\/shared\/bg_th_01.gif\"') no-repeat rgba(0, 0, 0, 0); border-left: none;\">Tama\u00f1o del filtro<\/th>\n<td style=\"box-sizing: border-box; margin: 0px; padding: 11px 10px 5px; border-bottom: 2px solid #ffffff; vertical-align: top; text-align: left; background: url('img\/shared\/bg_td_02.gif\"') no-repeat; line-height: 1.4;\">\u00f843 mil\u00edmetros<\/td>\n<\/tr>\n<tr style=\"box-sizing: border-box; margin: 0px; padding: 0px;\">\n<th style=\"box-sizing: border-box; margin: 0px; padding: 0.83em 1em 0.67em; font-weight: bold; border-bottom: 2px solid #ffffff; vertical-align: top; text-align: left; color: #222222; background: url('img\/shared\/bg_th_01.gif\"') no-repeat rgba(0, 0, 0, 0); border-left: none;\">Accesorios incluidos<\/th>\n<td style=\"box-sizing: border-box; margin: 0px; padding: 11px 10px 5px; border-bottom: 2px solid #ffffff; vertical-align: top; text-align: left; background: url('img\/shared\/bg_td_02.gif\"') no-repeat; line-height: 1.4;\">Tapa de lente FLCP-43<br style=\"box-sizing: border-box; margin: 0px; padding: 0px;\">RLCP-001 Tapa trasera de la lente<br style=\"box-sizing: border-box; margin: 0px; padding: 0px;\">Parasol<br style=\"box-sizing: border-box; margin: 0px; padding: 0px;\">Pa\u00f1o de recubrimiento<\/td>\n<\/tr>\n<\/tbody>\n<\/table>\n<p style=\"box-sizing: border-box; margin: 10px 0px 12px; padding: 0px; line-height: 1.4;\"><span style=\"font-size: small;\"><img loading=\"lazy\" decoding=\"async\" style=\"box-sizing: border-box; margin: 0px auto 10px; padding: 0px; border: none; vertical-align: middle; max-width: 100%; height: auto;\" src=\"https:\/\/www.fujifilm.eu\/fileadmin\/content\/digitalcamera\/x-lenses\/XF23mmF2_R_WR\/specifications\/pic_04.gif\" alt=\"\" width=\"252\" height=\"212\"><\/span><\/p>\n<\/div>\n<\/div>\n<\/div>\n","protected":false},"excerpt":{"rendered":"<p>El XF23mmF2 R WR es un objetivo gran angular con una resoluci\u00f3n de imagen avanzada, capaz de aprovechar todo el<\/p>\n","protected":false},"featured_media":48752,"comment_status":"closed","ping_status":"closed","template":"","meta":{"_acf_changed":false},"product_brand":[2539],"product_cat":[1062],"product_tag":[],"class_list":{"0":"post-71938","1":"product","2":"type-product","3":"status-publish","4":"has-post-thumbnail","6":"product_brand-fujifilm-es","7":"product_cat-mirrorless-objectivos","8":"pa_abertura-maxima-f-2-es","9":"pa_cor-negro","10":"pa_diametro-43mm-es","11":"pa_estabilizacao-de-imagem-no","12":"pa_montagem-da-objetiva-fujifilm-x-es","13":"pa_sensor-aps-c-es","14":"pa_tipo-de-foco-enfoque-automatico","15":"pa_tipo-de-objetiva-estandar","16":"pa_zoom-fixa-fijo","18":"first","19":"onbackorder","20":"taxable","21":"shipping-taxable","22":"purchasable","23":"product-type-simple"},"bundled_by":[],"bundle_stock_status":"onbackorder","bundle_stock_quantity":null,"bundle_virtual":false,"bundle_layout":"","bundle_add_to_cart_form_location":"","bundle_editable_in_cart":false,"bundle_sold_individually_context":"","bundle_item_grouping":"","bundle_min_size":"","bundle_max_size":"","bundle_price":[],"bundled_items":[],"bundle_sell_ids":[],"acf":[],"_links":{"self":[{"href":"https:\/\/hi-techwonder.com\/es\/wp-json\/wp\/v2\/product\/71938","targetHints":{"allow":["GET"]}}],"collection":[{"href":"https:\/\/hi-techwonder.com\/es\/wp-json\/wp\/v2\/product"}],"about":[{"href":"https:\/\/hi-techwonder.com\/es\/wp-json\/wp\/v2\/types\/product"}],"replies":[{"embeddable":true,"href":"https:\/\/hi-techwonder.com\/es\/wp-json\/wp\/v2\/comments?post=71938"}],"wp:featuredmedia":[{"embeddable":true,"href":"https:\/\/hi-techwonder.com\/es\/wp-json\/wp\/v2\/media\/48752"}],"wp:attachment":[{"href":"https:\/\/hi-techwonder.com\/es\/wp-json\/wp\/v2\/media?parent=71938"}],"wp:term":[{"taxonomy":"product_brand","embeddable":true,"href":"https:\/\/hi-techwonder.com\/es\/wp-json\/wp\/v2\/product_brand?post=71938"},{"taxonomy":"product_cat","embeddable":true,"href":"https:\/\/hi-techwonder.com\/es\/wp-json\/wp\/v2\/product_cat?post=71938"},{"taxonomy":"product_tag","embeddable":true,"href":"https:\/\/hi-techwonder.com\/es\/wp-json\/wp\/v2\/product_tag?post=71938"}],"curies":[{"name":"wp","href":"https:\/\/api.w.org\/{rel}","templated":true}]}}