{"id":71939,"date":"2025-07-29T09:25:49","date_gmt":"2025-07-29T09:25:49","guid":{"rendered":"https:\/\/fv6qoy3ls0.wpdns.site\/produto\/fujifilm-xf-33mm-f-1-4-r-lm-wr\/"},"modified":"2026-02-27T15:55:42","modified_gmt":"2026-02-27T15:55:42","slug":"fujifilm-xf-33mm-f-1-4-r-lm-wr","status":"publish","type":"product","link":"https:\/\/hi-techwonder.com\/es\/producto\/fujifilm-xf-33mm-f-1-4-r-lm-wr\/","title":{"rendered":"FUJIFILM XF 33mm f\/1.4 R LM WR"},"content":{"rendered":"<p>Ofreciendo una perspectiva natural junto con una apertura m\u00e1xima r\u00e1pida, el XF 33mm f\/1.4 R LM WR de FUJIFILM es un lente equivalente a 50 mm caracterizado por su brillante apertura m\u00e1xima de f\/1.4. Este dise\u00f1o beneficia el trabajo en condiciones de iluminaci\u00f3n dif\u00edciles y tambi\u00e9n ofrece un mayor control sobre la profundidad de campo para aislar al sujeto y utilizar t\u00e9cnicas de enfoque selectivo. El dise\u00f1o \u00f3ptico emplea dos elementos asf\u00e9ricos, lo que reduce la distorsi\u00f3n y las aberraciones esf\u00e9ricas para una mayor nitidez y una representaci\u00f3n precisa. Tambi\u00e9n se incluyen tres elementos ED, que reducen los destellos y las im\u00e1genes fantasma para mejorar el contraste y la precisi\u00f3n del color. Todo esto garantiza una resoluci\u00f3n inigualable y colores frescos y vibrantes.    <\/p>\n<h2 class=\"western\" style=\"font-style: normal; font-weight: normal;\"><strong><span style=\"font-family: OpenSans, Segoe UI, Helvetica, Roboto, Arial, sans-serif;\"><span style=\"font-size: medium;\">FUJIFILM XF 33mm F\/1.4 R LM WR Ficha Tecnica<\/span><\/span><\/strong><\/h2>\n<table border=\"0\" width=\"527\" cellspacing=\"0\" cellpadding=\"2\">\n<colgroup>\n<col width=\"200\">\n<col width=\"319\"> <\/colgroup>\n<tbody>\n<tr>\n<td width=\"200\">\n<p style=\"border: none; padding: 0cm; font-weight: normal;\" align=\"LEFT\">Distancia focal<\/p>\n<\/td>\n<td width=\"319\">\n<p style=\"border: none; padding: 0cm; font-weight: normal;\">33 mm (distancia focal equivalente a 35 mm: 49,5 mm)<\/p>\n<\/td>\n<\/tr>\n<tr>\n<td width=\"200\">\n<p style=\"border: none; padding: 0cm; font-weight: normal;\" align=\"LEFT\">Apertura m\u00e1xima<\/p>\n<\/td>\n<td width=\"319\">\n<p style=\"border: none; padding: 0cm; font-weight: normal;\">f\/1.4<\/p>\n<\/td>\n<\/tr>\n<tr>\n<td width=\"200\">\n<p style=\"border: none; padding: 0cm; font-weight: normal;\" align=\"LEFT\">Apertura m\u00ednima<\/p>\n<\/td>\n<td width=\"319\">\n<p style=\"border: none; padding: 0cm; font-weight: normal;\">f\/16<\/p>\n<\/td>\n<\/tr>\n<tr>\n<td width=\"200\">\n<p style=\"border: none; padding: 0cm; font-weight: normal;\" align=\"LEFT\">Montura de lente<\/p>\n<\/td>\n<td width=\"319\">\n<p style=\"border: none; padding: 0cm; font-weight: normal;\">FUJIFILM X<\/p>\n<\/td>\n<\/tr>\n<tr>\n<td width=\"200\">\n<p style=\"border: none; padding: 0cm; font-weight: normal;\" align=\"LEFT\">Compatibilidad de formatos<\/p>\n<\/td>\n<td width=\"319\">\n<p style=\"border: none; padding: 0cm; font-weight: normal;\">APS-C<\/p>\n<\/td>\n<\/tr>\n<tr>\n<td width=\"200\">\n<p style=\"border: none; padding: 0cm; font-weight: normal;\" align=\"LEFT\">\u00c1ngulo de visi\u00f3n<\/p>\n<\/td>\n<td width=\"319\">\n<p style=\"border: none; padding: 0cm; font-weight: normal;\">46.9\u00b0<\/p>\n<\/td>\n<\/tr>\n<tr>\n<td width=\"200\">\n<p style=\"border: none; padding: 0cm; font-weight: normal;\" align=\"LEFT\">Distancia m\u00ednima de enfoque<\/p>\n<\/td>\n<td width=\"319\">\n<p style=\"border: none; padding: 0cm; font-weight: normal;\">11,8&#8243; \/ 30 cm<\/p>\n<\/td>\n<\/tr>\n<tr>\n<td width=\"200\">\n<p style=\"border: none; padding: 0cm; font-weight: normal;\" align=\"LEFT\">Aumento m\u00e1ximo<\/p>\n<\/td>\n<td width=\"319\">\n<p style=\"border: none; padding: 0cm; font-weight: normal;\">0,15 veces<\/p>\n<\/td>\n<\/tr>\n<tr>\n<td width=\"200\">\n<p style=\"border: none; padding: 0cm; font-weight: normal;\" align=\"LEFT\">Dise\u00f1o \u00f3ptico<\/p>\n<\/td>\n<td width=\"319\">\n<p style=\"border: none; padding: 0cm; font-weight: normal;\">15 elementos en 10 grupos<\/p>\n<\/td>\n<\/tr>\n<tr>\n<td width=\"200\">\n<p style=\"border: none; padding: 0cm; font-weight: normal;\" align=\"LEFT\">Hojas de diafragma<\/p>\n<\/td>\n<td width=\"319\">\n<p style=\"border: none; padding: 0cm; font-weight: normal;\">9, redondeado<\/p>\n<\/td>\n<\/tr>\n<tr>\n<td width=\"200\">\n<p style=\"border: none; padding: 0cm; font-weight: normal;\" align=\"LEFT\">Tipo de enfoque<\/p>\n<\/td>\n<td width=\"319\">\n<p style=\"border: none; padding: 0cm; font-weight: normal;\">Enfoque autom\u00e1tico<\/p>\n<\/td>\n<\/tr>\n<tr>\n<td width=\"200\">\n<p style=\"border: none; padding: 0cm; font-weight: normal;\" align=\"LEFT\">Estabilizaci\u00f3n de imagen<\/p>\n<\/td>\n<td width=\"319\">\n<p style=\"border: none; padding: 0cm; font-weight: normal;\">En<\/p>\n<\/td>\n<\/tr>\n<tr>\n<td width=\"200\">\n<p style=\"border: none; padding: 0cm; font-weight: normal;\" align=\"LEFT\">Tama\u00f1o del filtro<\/p>\n<\/td>\n<td width=\"319\">\n<p style=\"border: none; padding: 0cm; font-weight: normal;\">58 mm (delantero)<\/p>\n<\/td>\n<\/tr>\n<tr>\n<td width=\"200\">\n<p style=\"border: none; padding: 0cm; font-weight: normal;\" align=\"LEFT\">Dimensiones (\u00f8 x L)<\/p>\n<\/td>\n<td width=\"319\">\n<p style=\"border: none; padding: 0cm; font-weight: normal;\">2,6 x 2,9&#8243; \/ 67 x 73,5 mm<\/p>\n<\/td>\n<\/tr>\n<tr>\n<td width=\"200\">\n<p style=\"border: none; padding: 0cm; font-weight: normal;\" align=\"LEFT\">Longitud en extensi\u00f3n m\u00e1xima<\/p>\n<\/td>\n<td width=\"319\">\n<p style=\"border: none; padding: 0cm; font-weight: normal;\">2,9&#8243; \/ 73,5 mm<\/p>\n<\/td>\n<\/tr>\n<tr>\n<td width=\"200\">\n<p style=\"border: none; padding: 0cm; font-weight: normal;\" align=\"LEFT\">Peso<\/p>\n<\/td>\n<td width=\"319\">\n<p style=\"border: none; padding: 0cm; font-weight: normal;\">12.7 oz \/ 360 g<\/p>\n<\/td>\n<\/tr>\n<\/tbody>\n<\/table>\n","protected":false},"excerpt":{"rendered":"<p>Ofreciendo una perspectiva natural junto con una apertura m\u00e1xima r\u00e1pida, el XF 33mm f\/1.4 R LM WR de FUJIFILM es<\/p>\n","protected":false},"featured_media":48852,"comment_status":"closed","ping_status":"closed","template":"","meta":{"_acf_changed":false},"product_brand":[2539],"product_cat":[1062],"product_tag":[],"class_list":{"0":"post-71939","1":"product","2":"type-product","3":"status-publish","4":"has-post-thumbnail","6":"product_brand-fujifilm-es","7":"product_cat-mirrorless-objectivos","8":"pa_abertura-maxima-f-1-4-es","9":"pa_cor-negro","10":"pa_diametro-58mm-es","11":"pa_estabilizacao-de-imagem-no","12":"pa_montagem-da-objetiva-fujifilm-x-es","13":"pa_sensor-aps-c-es","14":"pa_tipo-de-foco-enfoque-automatico","15":"pa_tipo-de-objetiva-estandar","16":"pa_zoom-fixa-fijo","18":"first","19":"onbackorder","20":"taxable","21":"shipping-taxable","22":"purchasable","23":"product-type-simple"},"bundled_by":[],"bundle_stock_status":"onbackorder","bundle_stock_quantity":null,"bundle_virtual":false,"bundle_layout":"","bundle_add_to_cart_form_location":"","bundle_editable_in_cart":false,"bundle_sold_individually_context":"","bundle_item_grouping":"","bundle_min_size":"","bundle_max_size":"","bundle_price":[],"bundled_items":[],"bundle_sell_ids":[],"acf":[],"_links":{"self":[{"href":"https:\/\/hi-techwonder.com\/es\/wp-json\/wp\/v2\/product\/71939","targetHints":{"allow":["GET"]}}],"collection":[{"href":"https:\/\/hi-techwonder.com\/es\/wp-json\/wp\/v2\/product"}],"about":[{"href":"https:\/\/hi-techwonder.com\/es\/wp-json\/wp\/v2\/types\/product"}],"replies":[{"embeddable":true,"href":"https:\/\/hi-techwonder.com\/es\/wp-json\/wp\/v2\/comments?post=71939"}],"wp:featuredmedia":[{"embeddable":true,"href":"https:\/\/hi-techwonder.com\/es\/wp-json\/wp\/v2\/media\/48852"}],"wp:attachment":[{"href":"https:\/\/hi-techwonder.com\/es\/wp-json\/wp\/v2\/media?parent=71939"}],"wp:term":[{"taxonomy":"product_brand","embeddable":true,"href":"https:\/\/hi-techwonder.com\/es\/wp-json\/wp\/v2\/product_brand?post=71939"},{"taxonomy":"product_cat","embeddable":true,"href":"https:\/\/hi-techwonder.com\/es\/wp-json\/wp\/v2\/product_cat?post=71939"},{"taxonomy":"product_tag","embeddable":true,"href":"https:\/\/hi-techwonder.com\/es\/wp-json\/wp\/v2\/product_tag?post=71939"}],"curies":[{"name":"wp","href":"https:\/\/api.w.org\/{rel}","templated":true}]}}