{"id":71940,"date":"2025-07-29T09:25:49","date_gmt":"2025-07-29T09:25:49","guid":{"rendered":"https:\/\/fv6qoy3ls0.wpdns.site\/produto\/fujifilm-xf-23mm-f-1-4-r-lm-wr\/"},"modified":"2025-12-20T03:06:23","modified_gmt":"2025-12-20T03:06:23","slug":"fujifilm-xf-23mm-f-1-4-r-lm-wr","status":"publish","type":"product","link":"https:\/\/hi-techwonder.com\/es\/producto\/fujifilm-xf-23mm-f-1-4-r-lm-wr\/","title":{"rendered":"FUJIFILM XF 23mm f\/1.4 R LM WR"},"content":{"rendered":"<p>Reconocido por su dise\u00f1o r\u00e1pido, el XF 23 mm f\/1.4 R LM WR de FUJIFILM es un lente gran angular vers\u00e1til que ofrece una distancia focal equivalente a 35 mm. Ideal para fot\u00f3grafos callejeros, de bodas, editoriales y documentales exigentes, la brillante apertura m\u00e1xima de f\/1.4 del objetivo funciona en condiciones de iluminaci\u00f3n dif\u00edciles y permite un mayor control sobre la profundidad de campo para aislar al sujeto. El dise\u00f1o \u00f3ptico incorpora dos elementos asf\u00e9ricos, que ayudan a reducir la distorsi\u00f3n y las aberraciones esf\u00e9ricas, y tambi\u00e9n se han aplicado tres elementos ED para producir una imagen superior con alto contraste y nitidez. Adem\u00e1s, se presenta un diafragma redondeado de nueve hojas que contribuye a una calidad de bokeh suave.   <\/p>\n<h2 class=\"western\" style=\"font-style: normal; font-weight: normal;\"><strong><span style=\"font-family: OpenSans, Segoe UI, Helvetica, Roboto, Arial, sans-serif;\"><span style=\"font-size: medium;\">Especificaciones de la FUJIFILM XF 23mm F\/1.4 LM WR<\/span><\/span><\/strong><\/h2>\n<table border=\"0\" width=\"515\" cellspacing=\"0\" cellpadding=\"2\">\n<colgroup>\n<col width=\"200\">\n<col width=\"307\"> <\/colgroup>\n<tbody>\n<tr>\n<td width=\"200\">\n<p style=\"border: none; padding: 0cm; font-weight: normal;\" align=\"LEFT\">Distancia focal<\/p>\n<\/td>\n<td width=\"307\">\n<p style=\"border: none; padding: 0cm; font-weight: normal;\">23 mm (distancia focal equivalente a 35 mm: 35 mm)<\/p>\n<\/td>\n<\/tr>\n<tr>\n<td width=\"200\">\n<p style=\"border: none; padding: 0cm; font-weight: normal;\" align=\"LEFT\">Apertura m\u00e1xima<\/p>\n<\/td>\n<td width=\"307\">\n<p style=\"border: none; padding: 0cm; font-weight: normal;\">f\/1.4<\/p>\n<\/td>\n<\/tr>\n<tr>\n<td width=\"200\">\n<p style=\"border: none; padding: 0cm; font-weight: normal;\" align=\"LEFT\">Apertura m\u00ednima<\/p>\n<\/td>\n<td width=\"307\">\n<p style=\"border: none; padding: 0cm; font-weight: normal;\">f\/16<\/p>\n<\/td>\n<\/tr>\n<tr>\n<td width=\"200\">\n<p style=\"border: none; padding: 0cm; font-weight: normal;\" align=\"LEFT\">Montura de lente<\/p>\n<\/td>\n<td width=\"307\">\n<p style=\"border: none; padding: 0cm; font-weight: normal;\">FUJIFILM X<\/p>\n<\/td>\n<\/tr>\n<tr>\n<td width=\"200\">\n<p style=\"border: none; padding: 0cm; font-weight: normal;\" align=\"LEFT\">Compatibilidad de formatos<\/p>\n<\/td>\n<td width=\"307\">\n<p style=\"border: none; padding: 0cm; font-weight: normal;\">APS-C<\/p>\n<\/td>\n<\/tr>\n<tr>\n<td width=\"200\">\n<p style=\"border: none; padding: 0cm; font-weight: normal;\" align=\"LEFT\">\u00c1ngulo de visi\u00f3n<\/p>\n<\/td>\n<td width=\"307\">\n<p style=\"border: none; padding: 0cm; font-weight: normal;\">63.4\u00b0<\/p>\n<\/td>\n<\/tr>\n<tr>\n<td width=\"200\">\n<p style=\"border: none; padding: 0cm; font-weight: normal;\" align=\"LEFT\">Distancia m\u00ednima de enfoque<\/p>\n<\/td>\n<td width=\"307\">\n<p style=\"border: none; padding: 0cm; font-weight: normal;\">7,5&#8243; \/ 19 cm<\/p>\n<\/td>\n<\/tr>\n<tr>\n<td width=\"200\">\n<p style=\"border: none; padding: 0cm; font-weight: normal;\" align=\"LEFT\">Aumento m\u00e1ximo<\/p>\n<\/td>\n<td width=\"307\">\n<p style=\"border: none; padding: 0cm; font-weight: normal;\">0,2 veces<\/p>\n<\/td>\n<\/tr>\n<tr>\n<td width=\"200\">\n<p style=\"border: none; padding: 0cm; font-weight: normal;\" align=\"LEFT\">Dise\u00f1o \u00f3ptico<\/p>\n<\/td>\n<td width=\"307\">\n<p style=\"border: none; padding: 0cm; font-weight: normal;\">15 elementos en 10 grupos<\/p>\n<\/td>\n<\/tr>\n<tr>\n<td width=\"200\">\n<p style=\"border: none; padding: 0cm; font-weight: normal;\" align=\"LEFT\">Hojas de diafragma<\/p>\n<\/td>\n<td width=\"307\">\n<p style=\"border: none; padding: 0cm; font-weight: normal;\">9, redondeado<\/p>\n<\/td>\n<\/tr>\n<tr>\n<td width=\"200\">\n<p style=\"border: none; padding: 0cm; font-weight: normal;\" align=\"LEFT\">Tipo de enfoque<\/p>\n<\/td>\n<td width=\"307\">\n<p style=\"border: none; padding: 0cm; font-weight: normal;\">Enfoque autom\u00e1tico<\/p>\n<\/td>\n<\/tr>\n<tr>\n<td width=\"200\">\n<p style=\"border: none; padding: 0cm; font-weight: normal;\" align=\"LEFT\">Estabilizaci\u00f3n de imagen<\/p>\n<\/td>\n<td width=\"307\">\n<p style=\"border: none; padding: 0cm; font-weight: normal;\">En<\/p>\n<\/td>\n<\/tr>\n<tr>\n<td width=\"200\">\n<p style=\"border: none; padding: 0cm; font-weight: normal;\" align=\"LEFT\">Tama\u00f1o del filtro<\/p>\n<\/td>\n<td width=\"307\">\n<p style=\"border: none; padding: 0cm; font-weight: normal;\">58 mm (delantero)<\/p>\n<\/td>\n<\/tr>\n<tr>\n<td width=\"200\">\n<p style=\"border: none; padding: 0cm; font-weight: normal;\" align=\"LEFT\">Dimensiones (\u00f8 x L)<\/p>\n<\/td>\n<td width=\"307\">\n<p style=\"border: none; padding: 0cm; font-weight: normal;\">2,6 x 3,1&#8243; \/ 67 x 77,8 mm<\/p>\n<\/td>\n<\/tr>\n<tr>\n<td width=\"200\">\n<p style=\"border: none; padding: 0cm; font-weight: normal;\" align=\"LEFT\">Longitud en extensi\u00f3n m\u00e1xima<\/p>\n<\/td>\n<td width=\"307\">\n<p style=\"border: none; padding: 0cm; font-weight: normal;\">3,1&#8243; \/ 77,8 mm<\/p>\n<\/td>\n<\/tr>\n<tr>\n<td width=\"200\">\n<p style=\"border: none; padding: 0cm; font-weight: normal;\" align=\"LEFT\">Peso<\/p>\n<\/td>\n<td width=\"307\">\n<p style=\"border: none; padding: 0cm; font-weight: normal;\">13.2 onzas \/ 375 g<\/p>\n<\/td>\n<\/tr>\n<\/tbody>\n<\/table>\n","protected":false},"excerpt":{"rendered":"<p>Reconocido por su dise\u00f1o r\u00e1pido, el XF 23 mm f\/1.4 R LM WR de FUJIFILM es un lente gran angular<\/p>\n","protected":false},"featured_media":48845,"comment_status":"closed","ping_status":"closed","template":"","meta":{"_acf_changed":false},"product_brand":[2539],"product_cat":[1062],"product_tag":[],"class_list":{"0":"post-71940","1":"product","2":"type-product","3":"status-publish","4":"has-post-thumbnail","6":"product_brand-fujifilm-es","7":"product_cat-mirrorless-objectivos","8":"pa_abertura-maxima-f-1-4-es","9":"pa_cor-negro","10":"pa_diametro-58mm-es","11":"pa_estabilizacao-de-imagem-no","12":"pa_montagem-da-objetiva-fujifilm-x-es","13":"pa_sensor-aps-c-es","14":"pa_tipo-de-foco-enfoque-automatico","15":"pa_tipo-de-objetiva-estandar","16":"pa_zoom-fixa-fijo","18":"first","19":"onbackorder","20":"taxable","21":"shipping-taxable","22":"purchasable","23":"product-type-simple"},"bundled_by":[],"bundle_stock_status":"onbackorder","bundle_stock_quantity":null,"bundle_virtual":false,"bundle_layout":"","bundle_add_to_cart_form_location":"","bundle_editable_in_cart":false,"bundle_sold_individually_context":"","bundle_item_grouping":"","bundle_min_size":"","bundle_max_size":"","bundle_price":[],"bundled_items":[],"bundle_sell_ids":[],"acf":[],"_links":{"self":[{"href":"https:\/\/hi-techwonder.com\/es\/wp-json\/wp\/v2\/product\/71940","targetHints":{"allow":["GET"]}}],"collection":[{"href":"https:\/\/hi-techwonder.com\/es\/wp-json\/wp\/v2\/product"}],"about":[{"href":"https:\/\/hi-techwonder.com\/es\/wp-json\/wp\/v2\/types\/product"}],"replies":[{"embeddable":true,"href":"https:\/\/hi-techwonder.com\/es\/wp-json\/wp\/v2\/comments?post=71940"}],"wp:featuredmedia":[{"embeddable":true,"href":"https:\/\/hi-techwonder.com\/es\/wp-json\/wp\/v2\/media\/48845"}],"wp:attachment":[{"href":"https:\/\/hi-techwonder.com\/es\/wp-json\/wp\/v2\/media?parent=71940"}],"wp:term":[{"taxonomy":"product_brand","embeddable":true,"href":"https:\/\/hi-techwonder.com\/es\/wp-json\/wp\/v2\/product_brand?post=71940"},{"taxonomy":"product_cat","embeddable":true,"href":"https:\/\/hi-techwonder.com\/es\/wp-json\/wp\/v2\/product_cat?post=71940"},{"taxonomy":"product_tag","embeddable":true,"href":"https:\/\/hi-techwonder.com\/es\/wp-json\/wp\/v2\/product_tag?post=71940"}],"curies":[{"name":"wp","href":"https:\/\/api.w.org\/{rel}","templated":true}]}}