{"id":71942,"date":"2025-07-29T09:24:45","date_gmt":"2025-07-29T09:24:45","guid":{"rendered":"https:\/\/fv6qoy3ls0.wpdns.site\/produto\/fujifilm-xf-23-mm-f-1-4\/"},"modified":"2025-12-12T11:15:44","modified_gmt":"2025-12-12T11:15:44","slug":"fujifilm-xf-23-mm-f-1-4","status":"publish","type":"product","link":"https:\/\/hi-techwonder.com\/es\/producto\/fujifilm-xf-23-mm-f-1-4\/","title":{"rendered":"FUJIFILM XF 23 mm f\/1.4"},"content":{"rendered":"<table border=\"0\">\n<tbody>\n<tr>\n<th>Construcci\u00f3n de lentes<\/th>\n<td>11 elementos en 8 grupos<br \/>(incluye 1 elemento asf\u00e9rico)<\/td>\n<\/tr>\n<tr>\n<th>Distancia focal<\/th>\n<td>f = 23 mm<br \/>(35 mm)<\/td>\n<\/tr>\n<tr>\n<th>\u00c1ngulo de visi\u00f3n<\/th>\n<td>63,4\u00b0<\/td>\n<\/tr>\n<tr>\n<th>Apertura m\u00e1xima <\/th>\n<td>F1.4<\/td>\n<\/tr>\n<tr>\n<th>Apertura<\/th>\n<p> m\u00ednima<\/p>\n<td>F16<\/td>\n<\/tr>\n<tr>\n<th>Control de apertura<\/th>\n<td>\n<dl>\n<dt>N\u00famero de cuchillas<\/dt>\n<dd>7 (apertura de diafragma redondeada)<\/dd>\n<dt>Tama\u00f1o del<\/dt>\n<p> paso<\/p>\n<dd>1\/3EV (22 pasos)<\/dd>\n<\/dl>\n<\/td>\n<\/tr>\n<tr>\n<th>Rango de enfoque<\/th>\n<td>\n<dl>\n<dt>Normal<\/dt>\n<dd>0,6 m &#8211; \u221e<\/dd>\n<dt>Macro<\/dt>\n<dd>28cm &#8211; \u221e<\/dd>\n<\/dl>\n<\/td>\n<\/tr>\n<tr>\n<th>Aumento m\u00e1ximo <\/th>\n<td>0,1 veces<\/td>\n<\/tr>\n<tr>\n<th>Dimensiones<\/th>\n<p> externas<\/p>\n<td>\u00f872 mm x 63 mm<\/td>\n<\/tr>\n<tr>\n<th>Peso<\/th>\n<td>300 gramos<\/td>\n<\/tr>\n<tr>\n<th>Tama\u00f1o del<\/th>\n<p> filtro<\/p>\n<td>\u00f862 mm<\/td>\n<\/tr>\n<\/tbody>\n<\/table>\n","protected":false},"excerpt":{"rendered":"<p>Construcci\u00f3n de lentes 11 elementos en 8 grupos(incluye 1 elemento asf\u00e9rico) Distancia focal f = 23 mm(35 mm) \u00c1ngulo de<\/p>\n","protected":false},"featured_media":48691,"comment_status":"closed","ping_status":"closed","template":"","meta":{"_acf_changed":false},"product_brand":[2539],"product_cat":[1062],"product_tag":[],"class_list":{"0":"post-71942","1":"product","2":"type-product","3":"status-publish","4":"has-post-thumbnail","6":"product_brand-fujifilm-es","7":"product_cat-mirrorless-objectivos","8":"pa_abertura-maxima-f-1-4-es","9":"pa_cor-negro","10":"pa_diametro-62mm-es","11":"pa_estabilizacao-de-imagem-no","12":"pa_montagem-da-objetiva-fujifilm-x-es","13":"pa_sensor-aps-c-es","14":"pa_tipo-de-foco-enfoque-automatico","15":"pa_tipo-de-objetiva-estandar","16":"pa_zoom-fixa-fijo","18":"first","19":"onbackorder","20":"taxable","21":"shipping-taxable","22":"purchasable","23":"product-type-simple"},"bundled_by":[],"bundle_stock_status":"onbackorder","bundle_stock_quantity":null,"bundle_virtual":false,"bundle_layout":"","bundle_add_to_cart_form_location":"","bundle_editable_in_cart":false,"bundle_sold_individually_context":"","bundle_item_grouping":"","bundle_min_size":"","bundle_max_size":"","bundle_price":[],"bundled_items":[],"bundle_sell_ids":[],"acf":[],"_links":{"self":[{"href":"https:\/\/hi-techwonder.com\/es\/wp-json\/wp\/v2\/product\/71942","targetHints":{"allow":["GET"]}}],"collection":[{"href":"https:\/\/hi-techwonder.com\/es\/wp-json\/wp\/v2\/product"}],"about":[{"href":"https:\/\/hi-techwonder.com\/es\/wp-json\/wp\/v2\/types\/product"}],"replies":[{"embeddable":true,"href":"https:\/\/hi-techwonder.com\/es\/wp-json\/wp\/v2\/comments?post=71942"}],"wp:featuredmedia":[{"embeddable":true,"href":"https:\/\/hi-techwonder.com\/es\/wp-json\/wp\/v2\/media\/48691"}],"wp:attachment":[{"href":"https:\/\/hi-techwonder.com\/es\/wp-json\/wp\/v2\/media?parent=71942"}],"wp:term":[{"taxonomy":"product_brand","embeddable":true,"href":"https:\/\/hi-techwonder.com\/es\/wp-json\/wp\/v2\/product_brand?post=71942"},{"taxonomy":"product_cat","embeddable":true,"href":"https:\/\/hi-techwonder.com\/es\/wp-json\/wp\/v2\/product_cat?post=71942"},{"taxonomy":"product_tag","embeddable":true,"href":"https:\/\/hi-techwonder.com\/es\/wp-json\/wp\/v2\/product_tag?post=71942"}],"curies":[{"name":"wp","href":"https:\/\/api.w.org\/{rel}","templated":true}]}}