{"id":71943,"date":"2025-07-29T09:19:11","date_gmt":"2025-07-29T09:19:11","guid":{"rendered":"https:\/\/fv6qoy3ls0.wpdns.site\/produto\/teleconvertidor-fujifilm-xf-2x-tc-wr\/"},"modified":"2026-01-31T02:26:26","modified_gmt":"2026-01-31T02:26:26","slug":"fujifilm-teleconvertidor-fujifilm-xf-2x-tc-wr","status":"publish","type":"product","link":"https:\/\/hi-techwonder.com\/es\/producto\/fujifilm-teleconvertidor-fujifilm-xf-2x-tc-wr\/","title":{"rendered":"Teleconvertidor FUJIFILM XF 2x TC WR"},"content":{"rendered":"<p><span style=\"font-size: small\"><strong>ASPECTOS DESTACADOS DEL PRODUCTO<\/strong><\/p>\n<p><\/span><\/p>\n<ul>\n<li> <span style=\"font-size: small\">Teleconvertidor X Mount<\/span><\/li>\n<li> <span style=\"font-size: small\">Factor de aumento 2x<\/span><\/li>\n<li> <span style=\"font-size: small\">Comunicaci\u00f3n entre el objetivo y la c\u00e1mara<\/span><\/li>\n<li> <span style=\"font-size: small\">Mantiene la medici\u00f3n, el enfoque autom\u00e1tico y el OIS<\/span><\/li>\n<li> <span style=\"font-size: small\">Construcci\u00f3n resistente a la intemperie<\/span><\/li>\n<li> <span style=\"font-size: small\">Compatible con XF 50-140 mm y 100-400 mm<\/span><\/li>\n<\/ul>\n<p> <span style=\"font-size: small\"><\/p>\n<p>Duplique el alcance de sus objetivos XF 50-140mm f\/2.8 R LM OIS WR y XF 100-400mm f\/4.5-5.6 R LM OIS WR con el teleconvertidor XF 2x TC WR de Fujifilm. El convertidor de montura X ampl\u00eda la imagen en 2x y mantiene una comunicaci\u00f3n completa entre la lente y el cuerpo; permitiendo la medici\u00f3n, el enfoque autom\u00e1tico y la estabilizaci\u00f3n de la imagen, as\u00ed como la transmisi\u00f3n de datos Exif. Adem\u00e1s, el teleconvertidor est\u00e1 dise\u00f1ado para mantener la resistencia a la intemperie de todo el sistema Fujifilm con una construcci\u00f3n sellada que reduce las posibilidades de que el polvo, el agua o incluso el fr\u00edo afecten el rendimiento.  <\/span><\/p>\n<p> <span style=\"font-size: small\"><br \/><strong>Recursos<\/strong><br \/><\/span><\/p>\n<ul>\n<li> <span style=\"font-size: small\">El teleconvertidor 2x duplica el alcance de algunos lentes con montura X con una p\u00e9rdida de exposici\u00f3n de dos pasos.<\/span><\/li>\n<li> <span style=\"font-size: small\">El dise\u00f1o avanzado mantiene la calidad original de los objetivos a la vez que es totalmente compatible con las capacidades de medici\u00f3n de exposici\u00f3n y estabilizaci\u00f3n de imagen.<\/span><\/li>\n<li> <span style=\"font-size: small\">Dise\u00f1o resistente a la intemperie para su uso en condiciones adversas y temperaturas tan bajas como 14\u00b0F.<\/span><\/li>\n<\/ul>\n<p> <span style=\"font-size: small\"><strong>Lentes compatibles<\/strong><br \/><\/span><\/p>\n<ul>\n<li> <span style=\"font-size: small\">XF 50-140 mm f\/2.8 R LM OIS WR; Compatible con los sistemas de enfoque autom\u00e1tico de detecci\u00f3n de contraste y detecci\u00f3n de fase de las c\u00e1maras<\/span><\/li>\n<li> <span style=\"font-size: small\">Lente XF 100-400 mm f\/4.5-5.6 R LM OIS WR; Compatible con sistemas de enfoque autom\u00e1tico de detecci\u00f3n de contraste de c\u00e1mara<\/span><\/li>\n<\/ul>\n<p><span style=\"font-size: small\"><br \/><\/span><\/p>\n<p style=\"margin-bottom: 0cm\"> <span style=\"font-size: small\">&nbsp;<\/span><\/p>\n<p><span style=\"font-size: small\"> <\/span><\/p>\n<table style=\"width: 413px\" border=\"0\" cellspacing=\"0\" cellpadding=\"2\">\n<colgroup>\n<col width=\"193\"><\/col>\n<col width=\"212\"><\/col>\n<\/colgroup>\n<tbody>\n<tr>\n<th colspan=\"2\" width=\"409\">\n<p style=\"border: medium none;padding: 0cm;font-style: normal;font-weight: normal\"> <span style=\"font-size: small\"><a name=\"44369\"><\/a><span style=\"color: #000000\"><span style=\"font-size: x-large\">interino<\/span><\/span><\/span><\/p>\n<\/th>\n<\/tr>\n<tr>\n<td width=\"193\">\n<p style=\"border: medium none;padding: 0cm\"> <span style=\"font-size: small\">Ampliaci\u00f3n<\/span><\/p>\n<\/td>\n<td width=\"212\">\n<p style=\"border: medium none;padding: 0cm\"> <span style=\"font-size: small\">2 veces<\/span><\/p>\n<\/td>\n<\/tr>\n<tr>\n<td width=\"193\">\n<p style=\"border: medium none;padding: 0cm\"> <span style=\"font-size: small\">Tipo de montaje de la c\u00e1mara<\/span><\/p>\n<\/td>\n<td width=\"212\">\n<p style=\"border: medium none;padding: 0cm\"> <span style=\"font-size: small\">Fujifilm X<\/span><\/p>\n<\/td>\n<\/tr>\n<tr>\n<td width=\"193\">\n<p style=\"border: medium none;padding: 0cm\"> <span style=\"font-size: small\">Compatibilidad de formatos<\/span><\/p>\n<\/td>\n<td width=\"212\">\n<p style=\"border: medium none;padding: 0cm\"> <span style=\"font-size: small\">APS-C<\/span><\/p>\n<\/td>\n<\/tr>\n<tr>\n<td width=\"193\">\n<p style=\"border: medium none;padding: 0cm\"> <span style=\"font-size: small\">Elementos\/Grupos<\/span><\/p>\n<\/td>\n<td width=\"212\">\n<p style=\"border: medium none;padding: 0cm\"> <span style=\"font-size: small\">9 elementos en 5 grupos<\/span><\/p>\n<\/td>\n<\/tr>\n<tr>\n<td width=\"193\">\n<p style=\"border: medium none;padding: 0cm\"> <span style=\"font-size: small\">P\u00e9rdida de luz<\/span><\/p>\n<\/td>\n<td width=\"212\">\n<p style=\"border: medium none;padding: 0cm\"> <span style=\"font-size: small\">2 paradas<\/span><\/p>\n<\/td>\n<\/tr>\n<\/tbody>\n<\/table>\n<p><span style=\"font-size: small\"> <\/span><\/p>\n<table style=\"width: 643px\" border=\"0\" cellspacing=\"0\" cellpadding=\"2\">\n<colgroup>\n<col width=\"152\"><\/col>\n<col width=\"483\"><\/col>\n<\/colgroup>\n<tbody>\n<tr>\n<th colspan=\"2\" width=\"639\">\n<p style=\"border: medium none;padding: 0cm;font-style: normal;font-weight: normal\"> <span style=\"font-size: small\"><a name=\"58317\"><\/a><span style=\"color: #000000\"><span style=\"font-size: x-large\">Recursos<\/span><\/span><\/span><\/p>\n<\/th>\n<\/tr>\n<tr>\n<td width=\"152\">\n<p style=\"border: medium none;padding: 0cm\"> <span style=\"font-size: small\">Estabilizaci\u00f3n de imagen<\/span><\/p>\n<\/td>\n<td width=\"483\">\n<p style=\"border: medium none;padding: 0cm\"> <span style=\"font-size: small\">S\u00ed, con lentes compatibles<\/span><\/p>\n<\/td>\n<\/tr>\n<tr>\n<td width=\"152\">\n<p style=\"border: medium none;padding: 0cm\"> <span style=\"font-size: small\">Autom\u00e1tico<\/span><\/p>\n<\/td>\n<td width=\"483\">\n<p style=\"border: medium none;padding: 0cm\"> <span style=\"font-size: small\">S\u00ed, con lentes compatibles<br \/> con el objetivo XF 50-140mm f\/2.8, se admite el AF de detecci\u00f3n de fase y el contraste<br \/> con el objetivo XF 100-400mm f\/4.5-5.6, solo se admite el AF con detecci\u00f3n de contraste<\/span><\/p>\n<\/td>\n<\/tr>\n<\/tbody>\n<\/table>\n<p><span style=\"font-size: small\"> <\/span><\/p>\n<table style=\"width: 371px\" border=\"0\" cellspacing=\"0\" cellpadding=\"2\">\n<colgroup>\n<col width=\"108\"><\/col>\n<col width=\"254\"><\/col>\n<\/colgroup>\n<tbody>\n<tr>\n<th colspan=\"2\" width=\"367\">\n<p style=\"border: medium none;padding: 0cm;font-style: normal;font-weight: normal\"> <span style=\"font-size: small\"><a name=\"55849\"><\/a><span style=\"color: #000000\"><span style=\"font-size: x-large\">F\u00edsico<\/span><\/span><\/span><\/p>\n<\/th>\n<\/tr>\n<tr>\n<td width=\"108\">\n<p style=\"border: medium none;padding: 0cm\"> <span style=\"font-size: small\">Dimensiones<\/span><\/p>\n<\/td>\n<td width=\"254\">\n<p style=\"border: medium none;padding: 0cm\"> <span style=\"font-size: small\">2,3 x 1,2&#8243; \/ 58,0 x 30,2 mm<\/span><\/p>\n<\/td>\n<\/tr>\n<tr>\n<td width=\"108\">\n<p style=\"border: medium none;padding: 0cm\"> <span style=\"font-size: small\">Peso<\/span><\/p>\n<\/td>\n<td width=\"254\">\n<p style=\"border: medium none;padding: 0cm\"> <span style=\"font-size: small\">6 oz \/ 170 g<\/span><\/p>\n<\/td>\n<\/tr>\n<\/tbody>\n<\/table>\n<p><span style=\"font-size: small\"> <\/span><\/p>\n<p style=\"margin-bottom: 0cm\"><span style=\"font-size: small\">&nbsp;<\/span><\/p>\n<p><span style=\"font-size: small\"><br \/><\/span><\/p>\n","protected":false},"excerpt":{"rendered":"<p>ASPECTOS DESTACADOS DEL PRODUCTO Teleconvertidor X Mount Factor de aumento 2x Comunicaci\u00f3n entre el objetivo y la c\u00e1mara Mantiene la<\/p>\n","protected":false},"featured_media":47469,"comment_status":"closed","ping_status":"open","template":"","meta":{"_acf_changed":false},"product_brand":[2539],"product_cat":[1064],"product_tag":[],"class_list":{"0":"post-71943","1":"product","2":"type-product","3":"status-publish","4":"has-post-thumbnail","6":"product_brand-fujifilm-es","7":"product_cat-teleconvertidores","9":"first","10":"onbackorder","11":"taxable","12":"shipping-taxable","13":"purchasable","14":"product-type-simple"},"bundled_by":[],"bundle_stock_status":"onbackorder","bundle_stock_quantity":0,"bundle_virtual":false,"bundle_layout":"","bundle_add_to_cart_form_location":"","bundle_editable_in_cart":false,"bundle_sold_individually_context":"","bundle_item_grouping":"","bundle_min_size":"","bundle_max_size":"","bundle_price":[],"bundled_items":[],"bundle_sell_ids":[],"acf":[],"_links":{"self":[{"href":"https:\/\/hi-techwonder.com\/es\/wp-json\/wp\/v2\/product\/71943","targetHints":{"allow":["GET"]}}],"collection":[{"href":"https:\/\/hi-techwonder.com\/es\/wp-json\/wp\/v2\/product"}],"about":[{"href":"https:\/\/hi-techwonder.com\/es\/wp-json\/wp\/v2\/types\/product"}],"replies":[{"embeddable":true,"href":"https:\/\/hi-techwonder.com\/es\/wp-json\/wp\/v2\/comments?post=71943"}],"wp:featuredmedia":[{"embeddable":true,"href":"https:\/\/hi-techwonder.com\/es\/wp-json\/wp\/v2\/media\/47469"}],"wp:attachment":[{"href":"https:\/\/hi-techwonder.com\/es\/wp-json\/wp\/v2\/media?parent=71943"}],"wp:term":[{"taxonomy":"product_brand","embeddable":true,"href":"https:\/\/hi-techwonder.com\/es\/wp-json\/wp\/v2\/product_brand?post=71943"},{"taxonomy":"product_cat","embeddable":true,"href":"https:\/\/hi-techwonder.com\/es\/wp-json\/wp\/v2\/product_cat?post=71943"},{"taxonomy":"product_tag","embeddable":true,"href":"https:\/\/hi-techwonder.com\/es\/wp-json\/wp\/v2\/product_tag?post=71943"}],"curies":[{"name":"wp","href":"https:\/\/api.w.org\/{rel}","templated":true}]}}