{"id":71944,"date":"2025-07-29T09:25:26","date_gmt":"2025-07-29T09:25:26","guid":{"rendered":"https:\/\/fv6qoy3ls0.wpdns.site\/produto\/fujifilm-xf-200mm-f-2-ois-wr-tc-1-4x-f2-wr\/"},"modified":"2025-12-12T14:36:57","modified_gmt":"2025-12-12T14:36:57","slug":"fujifilm-xf-200mm-f-2-ois-wr-tc-1-4x-f2-wr","status":"publish","type":"product","link":"https:\/\/hi-techwonder.com\/es\/producto\/fujifilm-xf-200mm-f-2-ois-wr-tc-1-4x-f2-wr\/","title":{"rendered":"FUJIFILM XF 200mm f\/2 OIS WR + TC 1.4x F2 WR"},"content":{"rendered":"<p><span style=\"font-size: small;\"><strong>Productos destacados<\/strong><\/p>\n<p><\/span><\/p>\n<ul>\n<li><span style=\"font-size: small;\">Lente con montura X\/formato APS-C<\/span><\/li>\n<li><span style=\"font-size: small;\">305 mm (equivalente a 35 mm)<\/span><\/li>\n<li><span style=\"font-size: small;\">Rango de apertura: f\/2 a f\/22<\/span><\/li>\n<li><span style=\"font-size: small;\">Un elemento Super ED y dos elementos ED<\/span><\/li>\n<li><span style=\"font-size: small;\">Estabilizaci\u00f3n \u00f3ptica de imagen de 5 pasos<\/span><\/li>\n<li><span style=\"font-size: small;\">Construcci\u00f3n resistente a la intemperie<\/span><\/li>\n<li><span style=\"font-size: small;\">Bot\u00f3n de preajuste de enfoque<\/span><\/li>\n<li><span style=\"font-size: small;\">Diafragma redondeado de 9 hojas<\/span><\/li>\n<li><span style=\"font-size: small;\">Teleconvertidor XF 1.4x TC F2 WR<\/span><\/li>\n<\/ul>\n<div><span style=\"font-size: small;\">Pocos sujetos estar\u00e1n fuera del alcance con el objetivo XF 200mm f\/2 OIS WR con el kit de teleconvertidor XF 1.4x TC F2 WR de Fujifilm. El objetivo XF de 200 mm tiene una apertura m\u00e1xima brillante de f\/2, lo que permite un control excepcional de la profundidad de campo y puede producir un bokeh suave. El objetivo cuenta con 19 elementos en 14 grupos, incluido un elemento s\u00faper ED y dos elementos de lente ED normales para minimizar la aberraci\u00f3n crom\u00e1tica.  <\/p>\n<p>Usando motores lineales, el XF 200 mm cuenta con un enfoque autom\u00e1tico r\u00e1pido y silencioso, as\u00ed como una funci\u00f3n de preajuste de enfoque que cambia instant\u00e1neamente el enfoque a una posici\u00f3n predeterminada. El objetivo tambi\u00e9n cuenta con un interruptor limitador de enfoque y un collar de tr\u00edpode giratorio incorporado. La lente de aleaci\u00f3n de magnesio tambi\u00e9n cuenta con estabilizaci\u00f3n \u00f3ptica de imagen de 5 pasos y sellado contra la intemperie de 17 puntos para proteger contra los elementos. Este kit tambi\u00e9n incluye el teleconvertidor Fujifilm XF 1.4x TC F2 WR, que transforma la distancia focal de 200 mm del objetivo en 280 mm (equivalente a 35 mm y 427 mm).   <\/p>\n<p><\/span><\/p>\n<ul>\n<li><span style=\"font-size: small;\">Este objetivo cuenta con una brillante apertura m\u00e1xima de f\/2 que proporciona un control excepcional sobre el bokeh y un excelente rendimiento en situaciones de poca luz. Un elemento de lente s\u00faper ED y dos elementos de lente ED de gran di\u00e1metro minimizan la aberraci\u00f3n crom\u00e1tica. <\/span><\/li>\n<li><span style=\"font-size: small;\">Las funciones de enfoque autom\u00e1tico preestablecidas y un interruptor limitador de enfoque aumentan el control que tiene sobre el enfoque.<\/span><\/li>\n<li><span style=\"font-size: small;\">La estabilizaci\u00f3n \u00f3ptica de imagen proporciona cinco paradas de control sobre el movimiento y el movimiento de la c\u00e1mara.<\/span><\/li>\n<li><span style=\"font-size: small;\">Un motor de enfoque lineal proporciona un enfoque autom\u00e1tico r\u00e1pido, silencioso y preciso.<\/span><\/li>\n<li><span style=\"font-size: small;\">La lente est\u00e1 sellada contra la intemperie en 17 puntos y puede soportar temperaturas de hasta 14 \u00b0 F para su uso en condiciones adversas.<\/span><\/li>\n<li><span style=\"font-size: small;\">El teleconvertidor XF1.4X TC F2 WR agrega un alcance adicional a su lente al tiempo que reduce la apertura m\u00e1xima a f\/2.8.<\/span><\/li>\n<\/ul>\n<\/div>\n<div>\n<p style=\"margin-bottom: 0cm;\"><span style=\"font-size: small;\">&nbsp;<\/span><\/p>\n<p><span style=\"font-size: small;\"> <\/span><\/p>\n<table style=\"width: 592px;\" border=\"0\" cellspacing=\"0\" cellpadding=\"2\">\n<colgroup>\n<col width=\"241\"><\/colgroup>\n<colgroup>\n<col width=\"343\"><\/colgroup>\n<tbody>\n<tr>\n<th colspan=\"2\" width=\"588\">\n<p style=\"border: none; padding: 0cm; font-style: normal; font-weight: normal;\"><span style=\"font-size: small;\"><a name=\"11011\"><\/a><span style=\"font-size: x-large;\">interino<\/span><\/span><\/p>\n<\/th>\n<\/tr>\n<tr>\n<td width=\"241\">\n<p style=\"border-top: none; border-bottom: 1px solid #e6e7e8; border-left: none; border-right: none; padding: 0cm 0cm 0.53cm 0cm;\"><span style=\"font-size: small;\">Distancia focal<\/span><\/p>\n<\/td>\n<td width=\"343\">\n<p style=\"border-top: none; border-bottom: 1px solid #e6e7e8; border-left: none; border-right: none; padding: 0cm 0cm 0.53cm 0cm;\"><span style=\"font-size: small;\">200 mil\u00edmetros<br \/>Distancia focal comparable de 35 mm: 305 mm<\/span><\/p>\n<\/td>\n<\/tr>\n<tr>\n<td width=\"241\">\n<p style=\"border-top: none; border-bottom: 1px solid #e6e7e8; border-left: none; border-right: none; padding: 0cm 0cm 0.53cm 0cm;\"><span style=\"font-size: small;\">Abertura<\/span><\/p>\n<\/td>\n<td width=\"343\">\n<p style=\"border-top: none; border-bottom: 1px solid #e6e7e8; border-left: none; border-right: none; padding: 0cm 0cm 0.53cm 0cm;\"><span style=\"font-size: small;\">M\u00e1ximo: f\/2<br \/>M\u00ednimo: f\/22<\/span><\/p>\n<\/td>\n<\/tr>\n<tr>\n<td width=\"241\">\n<p style=\"border-top: none; border-bottom: 1px solid #e6e7e8; border-left: none; border-right: none; padding: 0cm 0cm 0.53cm 0cm;\"><span style=\"font-size: small;\">Tipo de montaje de la c\u00e1mara<\/span><\/p>\n<\/td>\n<td width=\"343\">\n<p style=\"border-top: none; border-bottom: 1px solid #e6e7e8; border-left: none; border-right: none; padding: 0cm 0cm 0.53cm 0cm;\"><span style=\"font-size: small;\">Soporte t\u00e9cnico de Fujifilm X<\/span><\/p>\n<\/td>\n<\/tr>\n<tr>\n<td width=\"241\">\n<p style=\"border-top: none; border-bottom: 1px solid #e6e7e8; border-left: none; border-right: none; padding: 0cm 0cm 0.53cm 0cm;\"><span style=\"font-size: small;\">Compatibilidad de formatos<\/span><\/p>\n<\/td>\n<td width=\"343\">\n<p style=\"border-top: none; border-bottom: 1px solid #e6e7e8; border-left: none; border-right: none; padding: 0cm 0cm 0.53cm 0cm;\"><span style=\"font-size: small;\">APS-C<\/span><\/p>\n<\/td>\n<\/tr>\n<tr>\n<td width=\"241\">\n<p style=\"border-top: none; border-bottom: 1px solid #e6e7e8; border-left: none; border-right: none; padding: 0cm 0cm 0.53cm 0cm;\"><span style=\"font-size: small;\">\u00c1ngulo<\/span><\/p>\n<\/td>\n<td width=\"343\">\n<p style=\"border-top: none; border-bottom: 1px solid #e6e7e8; border-left: none; border-right: none; padding: 0cm 0cm 0.53cm 0cm;\"><span style=\"font-size: small;\">8,1\u00b0<\/span><\/p>\n<\/td>\n<\/tr>\n<tr>\n<td width=\"241\">\n<p style=\"border-top: none; border-bottom: 1px solid #e6e7e8; border-left: none; border-right: none; padding: 0cm 0cm 0.53cm 0cm;\"><span style=\"font-size: small;\">Distancia m\u00ednima de enfoque<\/span><\/p>\n<\/td>\n<td width=\"343\">\n<p style=\"border-top: none; border-bottom: 1px solid #e6e7e8; border-left: none; border-right: none; padding: 0cm 0cm 0.53cm 0cm;\"><span style=\"font-size: small;\">5,91&#8242; \/ 1,8 m<\/span><\/p>\n<\/td>\n<\/tr>\n<tr>\n<td width=\"241\">\n<p style=\"border-top: none; border-bottom: 1px solid #e6e7e8; border-left: none; border-right: none; padding: 0cm 0cm 0.53cm 0cm;\"><span style=\"font-size: small;\">Ampliaci\u00f3n<\/span><\/p>\n<\/td>\n<td width=\"343\">\n<p style=\"border-top: none; border-bottom: 1px solid #e6e7e8; border-left: none; border-right: none; padding: 0cm 0cm 0.53cm 0cm;\"><span style=\"font-size: small;\">0,12 veces<\/span><\/p>\n<\/td>\n<\/tr>\n<tr>\n<td width=\"241\">\n<p style=\"border-top: none; border-bottom: 1px solid #e6e7e8; border-left: none; border-right: none; padding: 0cm 0cm 0.53cm 0cm;\"><span style=\"font-size: small;\">Velocidad m\u00e1xima de reproducci\u00f3n<\/span><\/p>\n<\/td>\n<td width=\"343\">\n<p style=\"border: none; padding: 0cm;\"><span style=\"font-size: small;\">No especificado por el fabricante<\/span><\/p>\n<\/td>\n<\/tr>\n<tr>\n<td width=\"241\">\n<p style=\"border-top: none; border-bottom: 1px solid #e6e7e8; border-left: none; border-right: none; padding: 0cm 0cm 0.53cm 0cm;\"><span style=\"font-size: small;\">Dise\u00f1o \u00f3ptico<\/span><\/p>\n<\/td>\n<td width=\"343\">\n<p style=\"border-top: none; border-bottom: 1px solid #e6e7e8; border-left: none; border-right: none; padding: 0cm 0cm 0.53cm 0cm;\"><span style=\"font-size: small;\">19 elementos en 14 grupos<\/span><\/p>\n<\/td>\n<\/tr>\n<tr>\n<td width=\"241\">\n<p style=\"border-top: none; border-bottom: 1px solid #e6e7e8; border-left: none; border-right: none; padding: 0cm 0cm 0.53cm 0cm;\"><span style=\"font-size: small;\">Hojas de diafragma<\/span><\/p>\n<\/td>\n<td width=\"343\">\n<p style=\"border-top: none; border-bottom: 1px solid #e6e7e8; border-left: none; border-right: none; padding: 0cm 0cm 0.53cm 0cm;\"><span style=\"font-size: small;\">9, redondeado<\/span><\/p>\n<\/td>\n<\/tr>\n<\/tbody>\n<\/table>\n<p><span style=\"font-size: small;\"> <\/span><\/p>\n<table style=\"width: 326px;\" border=\"0\" cellspacing=\"0\" cellpadding=\"2\">\n<colgroup>\n<col width=\"156\"><\/colgroup>\n<colgroup>\n<col width=\"162\"><\/colgroup>\n<tbody>\n<tr>\n<th colspan=\"2\" width=\"322\">\n<p style=\"border: none; padding: 0cm; font-style: normal; font-weight: normal;\"><span style=\"font-size: small;\"><a name=\"23001\"><\/a><span style=\"font-size: x-large;\">Recursos<\/span><\/span><\/p>\n<\/th>\n<\/tr>\n<tr>\n<td width=\"156\">\n<p style=\"border-top: none; border-bottom: 1px solid #e6e7e8; border-left: none; border-right: none; padding: 0cm 0cm 0.53cm 0cm;\"><span style=\"font-size: small;\">Estabilizaci\u00f3n de imagen<\/span><\/p>\n<\/td>\n<td width=\"162\">\n<p style=\"border-top: none; border-bottom: 1px solid #e6e7e8; border-left: none; border-right: none; padding: 0cm 0cm 0.53cm 0cm;\"><span style=\"font-size: small;\">S\u00ed<\/span><\/p>\n<\/td>\n<\/tr>\n<tr>\n<td width=\"156\">\n<p style=\"border-top: none; border-bottom: 1px solid #e6e7e8; border-left: none; border-right: none; padding: 0cm 0cm 0.53cm 0cm;\"><span style=\"font-size: small;\">Autom\u00e1tico<\/span><\/p>\n<\/td>\n<td width=\"162\">\n<p style=\"border-top: none; border-bottom: 1px solid #e6e7e8; border-left: none; border-right: none; padding: 0cm 0cm 0.53cm 0cm;\"><span style=\"font-size: small;\">S\u00ed<\/span><\/p>\n<\/td>\n<\/tr>\n<tr>\n<td width=\"156\">\n<p style=\"border-top: none; border-bottom: 1px solid #e6e7e8; border-left: none; border-right: none; padding: 0cm 0cm 0.53cm 0cm;\"><span style=\"font-size: small;\">Collar de tr\u00edpode<\/span><\/p>\n<\/td>\n<td width=\"162\">\n<p style=\"border-top: none; border-bottom: 1px solid #e6e7e8; border-left: none; border-right: none; padding: 0cm 0cm 0.53cm 0cm;\"><span style=\"font-size: small;\">S\u00ed fijo &#8211; Giratorio<\/span><\/p>\n<\/td>\n<\/tr>\n<\/tbody>\n<\/table>\n<p><span style=\"font-size: small;\"> <\/span><\/p>\n<table style=\"width: 456px;\" border=\"0\" cellspacing=\"0\" cellpadding=\"2\">\n<colgroup>\n<col width=\"147\"><\/colgroup>\n<colgroup>\n<col width=\"301\"><\/colgroup>\n<tbody>\n<tr>\n<th colspan=\"2\" width=\"452\">\n<p style=\"border: none; padding: 0cm; font-style: normal; font-weight: normal;\"><span style=\"font-size: small;\"><a name=\"11501\"><\/a><span style=\"font-size: x-large;\">F\u00edsico<\/span><\/span><\/p>\n<\/th>\n<\/tr>\n<tr>\n<td width=\"147\">\n<p style=\"border-top: none; border-bottom: 1px solid #e6e7e8; border-left: none; border-right: none; padding: 0cm 0cm 0.53cm 0cm;\"><span style=\"font-size: small;\">Tema de filtro<\/span><\/p>\n<\/td>\n<td width=\"301\">\n<p style=\"border-top: none; border-bottom: 1px solid #e6e7e8; border-left: none; border-right: none; padding: 0cm 0cm 0.53cm 0cm;\"><span style=\"font-size: small;\">Frontal: 105 mm<\/span><\/p>\n<\/td>\n<\/tr>\n<tr>\n<td width=\"147\">\n<p style=\"border-top: none; border-bottom: 1px solid #e6e7e8; border-left: none; border-right: none; padding: 0cm 0cm 0.53cm 0cm;\"><span style=\"font-size: small;\">Dimensiones (DxL)<\/span><\/p>\n<\/td>\n<td width=\"301\">\n<p style=\"border-top: none; border-bottom: 1px solid #e6e7e8; border-left: none; border-right: none; padding: 0cm 0cm 0.53cm 0cm;\"><span style=\"font-size: small;\">Aproximadamente. 4,80 x 8,07&#8243; \/ 12,2 x 20,5 cm <\/span><\/p>\n<\/td>\n<\/tr>\n<tr>\n<td width=\"147\">\n<p style=\"border-top: none; border-bottom: 1px solid #e6e7e8; border-left: none; border-right: none; padding: 0cm 0cm 0.53cm 0cm;\"><span style=\"font-size: small;\">Peso<\/span><\/p>\n<\/td>\n<td width=\"301\">\n<p style=\"border-top: none; border-bottom: 1px solid #e6e7e8; border-left: none; border-right: none; padding: 0cm 0cm 0.53cm 0cm;\"><span style=\"font-size: small;\">4,98 lb \/ 2,26 kg<\/span><\/p>\n<\/td>\n<\/tr>\n<\/tbody>\n<\/table>\n<p style=\"margin-bottom: 0cm;\"><span style=\"font-size: small;\">&nbsp;<\/span><\/p>\n<\/div>\n<div><span style=\"font-size: small;\">&nbsp;<\/span><\/div>\n","protected":false},"excerpt":{"rendered":"<p>Productos destacados Lente con montura X\/formato APS-C 305 mm (equivalente a 35 mm) Rango de apertura: f\/2 a f\/22 Un<\/p>\n","protected":false},"featured_media":48767,"comment_status":"closed","ping_status":"closed","template":"","meta":{"_acf_changed":false},"product_brand":[2539],"product_cat":[1062],"product_tag":[],"class_list":{"0":"post-71944","1":"product","2":"type-product","3":"status-publish","4":"has-post-thumbnail","6":"product_brand-fujifilm-es","7":"product_cat-mirrorless-objectivos","8":"pa_abertura-maxima-f-2-es","9":"pa_cor-blanco","10":"pa_diametro-105mm-es","11":"pa_estabilizacao-de-imagem-si","12":"pa_montagem-da-objetiva-fujifilm-x-es","13":"pa_sensor-aps-c-es","14":"pa_tipo-de-foco-enfoque-automatico","15":"pa_tipo-de-objetiva-ultra-teleobjetivo","16":"pa_zoom-fixa-fijo","18":"first","19":"onbackorder","20":"taxable","21":"shipping-taxable","22":"purchasable","23":"product-type-simple"},"bundled_by":[],"bundle_stock_status":"onbackorder","bundle_stock_quantity":null,"bundle_virtual":false,"bundle_layout":"","bundle_add_to_cart_form_location":"","bundle_editable_in_cart":false,"bundle_sold_individually_context":"","bundle_item_grouping":"","bundle_min_size":"","bundle_max_size":"","bundle_price":[],"bundled_items":[],"bundle_sell_ids":[],"acf":[],"_links":{"self":[{"href":"https:\/\/hi-techwonder.com\/es\/wp-json\/wp\/v2\/product\/71944","targetHints":{"allow":["GET"]}}],"collection":[{"href":"https:\/\/hi-techwonder.com\/es\/wp-json\/wp\/v2\/product"}],"about":[{"href":"https:\/\/hi-techwonder.com\/es\/wp-json\/wp\/v2\/types\/product"}],"replies":[{"embeddable":true,"href":"https:\/\/hi-techwonder.com\/es\/wp-json\/wp\/v2\/comments?post=71944"}],"wp:featuredmedia":[{"embeddable":true,"href":"https:\/\/hi-techwonder.com\/es\/wp-json\/wp\/v2\/media\/48767"}],"wp:attachment":[{"href":"https:\/\/hi-techwonder.com\/es\/wp-json\/wp\/v2\/media?parent=71944"}],"wp:term":[{"taxonomy":"product_brand","embeddable":true,"href":"https:\/\/hi-techwonder.com\/es\/wp-json\/wp\/v2\/product_brand?post=71944"},{"taxonomy":"product_cat","embeddable":true,"href":"https:\/\/hi-techwonder.com\/es\/wp-json\/wp\/v2\/product_cat?post=71944"},{"taxonomy":"product_tag","embeddable":true,"href":"https:\/\/hi-techwonder.com\/es\/wp-json\/wp\/v2\/product_tag?post=71944"}],"curies":[{"name":"wp","href":"https:\/\/api.w.org\/{rel}","templated":true}]}}