{"id":71946,"date":"2025-07-29T09:25:26","date_gmt":"2025-07-29T09:25:26","guid":{"rendered":"https:\/\/fv6qoy3ls0.wpdns.site\/produto\/fujifilm-xf-16mm-f-2-8-r-wr-negro\/"},"modified":"2025-12-12T14:38:54","modified_gmt":"2025-12-12T14:38:54","slug":"fujifilm-xf-16mm-f-2-8-r-wr-negro","status":"publish","type":"product","link":"https:\/\/hi-techwonder.com\/es\/producto\/fujifilm-xf-16mm-f-2-8-r-wr-negro\/","title":{"rendered":"FUJIFILM XF 16mm f\/2.8 R WR Negro"},"content":{"rendered":"<p><strong>Fujifilm XF 16mm f\/2.8 R WR Negro<\/strong><\/p>\n<p>El XF 16mm f\/2.8 R WR negro, un objetivo compacto, discreto y elegante de la serie X, es un objetivo gran angular equivalente a 24 mm, adecuado para fotograf\u00eda de paisajes, naturaleza y arquitectura. Contiene enfoque autom\u00e1tico r\u00e1pido y silencioso. Su f\/2.8 m\u00e1ximo equilibra el tama\u00f1o y la velocidad, y es adecuado para trabajar en condiciones de apertura disponibles al tiempo que limita el tama\u00f1o y el peso total de la lente para el uso diario. El dise\u00f1o \u00f3ptico presenta elementos para reducir los elementos asf\u00e9ricos y dos aberraciones para producir una mayor nitidez y una representaci\u00f3n precisa. Construido de tal manera que sea resistente a la intemperie, al polvo y a las bajas temperaturas.    <\/p>\n<p><strong>Productos destacados<\/strong><\/p>\n<ul>\n<li>Lente con montura X\/formato APS-C<\/li>\n<li>24 mm (equivalente a 35 mm)<\/li>\n<li>Rango de apertura: f\/2.8 a f\/22<\/li>\n<li>Dos elementos asf\u00e9ricos<\/li>\n<li>Recubrimiento Super EBC<\/li>\n<li>Motor de enfoque autom\u00e1tico paso a paso<\/li>\n<li>Construcci\u00f3n resistente a la intemperie<\/li>\n<li>Diafragma redondeado de 9 hojas<\/li>\n<\/ul>\n<p><strong>En la caja<\/strong><\/p>\n<ul>\n<li>Lente FUJIFILM XF 16mm f\/2.8 R WR (negro)<\/li>\n<li>Cubierta frontal del objetivo<\/li>\n<li>Tapa trasera del objetivo para objetivos FUJIFILM X-Mount<\/li>\n<li>Parasol<\/li>\n<li>Envoltura de tela<\/li>\n<\/ul>\n<p>Continuando con la serie de lentes compactos y port\u00e1tiles de FUJIFILM, el XF 16 mm f\/2.8 R WR negro es un lente gran angular equivalente a 24 mm, adecuado para fotograf\u00eda de paisajes, naturaleza y arquitectura. Su apertura m\u00e1xima de f\/2.8 equilibra el tama\u00f1o y la velocidad y es adecuada para trabajar en condiciones de iluminaci\u00f3n disponibles, as\u00ed como para limitar el tama\u00f1o y el peso total de la lente para el uso diario. El dise\u00f1o \u00f3ptico presenta dos elementos asf\u00e9ricos para reducir la distorsi\u00f3n y las aberraciones esf\u00e9ricas con el fin de producir una mayor nitidez y una representaci\u00f3n precisa. Tambi\u00e9n se utiliza un recubrimiento Super EBC para controlar los destellos y las im\u00e1genes fantasma para mejorar el contraste y la fidelidad del color cuando se trabaja en condiciones de luz y contraluz. Complementando la \u00f3ptica hay un motor paso a paso, junto con un dise\u00f1o de enfoque interno, que proporciona un rendimiento de enfoque r\u00e1pido y especialmente silencioso. Adem\u00e1s, la lente est\u00e1 sellada contra la intemperie para adaptarse al trabajo en condiciones adversas.     <\/p>\n<ul>\n<li>La lente gran angular principal est\u00e1 dise\u00f1ada para c\u00e1maras sin espejo con montura X de FUJIFILM en formato APS-C y proporciona una distancia focal equivalente a 24 mm.<\/li>\n<li>La apertura m\u00e1xima moderadamente brillante de f\/2.8 funciona en condiciones de luz disponibles y tambi\u00e9n ayuda a mantener un formato compacto.<\/li>\n<li>Dos elementos asf\u00e9ricos limitan la distorsi\u00f3n y la aberraci\u00f3n esf\u00e9rica para una mayor claridad y una representaci\u00f3n precisa.<\/li>\n<li>Se ha aplicado un recubrimiento Super EBC a elementos individuales para reducir el destello de la lente y las im\u00e1genes fantasma para mejorar el contraste y la fidelidad del color cuando se trabaja en condiciones de iluminaci\u00f3n intensa.<\/li>\n<li>El motor paso a paso, junto con un dise\u00f1o de enfoque interno, ofrece un rendimiento de enfoque autom\u00e1tico r\u00e1pido y silencioso que beneficia tanto a las aplicaciones fijas como a las de video.<\/li>\n<li>El cuerpo del objetivo incorpora un sellado contra la intemperie para proteger contra el polvo y la humedad y permite un uso sin preocupaciones en condiciones adversas y temperaturas bajo cero de hasta 14 \u00b0F.<\/li>\n<li>El diafragma redondeado de nueve hojas contribuye a una agradable calidad de bokeh.<\/li>\n<\/ul>\n<p><strong>Dise\u00f1ado para su uso con:<\/strong><\/p>\n<ul>\n<li>X-A10<\/li>\n<li>X-A3<\/li>\n<li>X-A5<\/li>\n<li>X-E2S<\/li>\n<li>X-E3<\/li>\n<li>X-H1<\/li>\n<li>X-PRO2<\/li>\n<li>X-Pro2<\/li>\n<li>X-T1<\/li>\n<li>X-T1 IR<\/li>\n<li>X-T10<\/li>\n<li>X-T100<\/li>\n<li>X-T2<\/li>\n<li>X-T20<\/li>\n<li>X-T3<\/li>\n<li>X-T30<\/li>\n<\/ul>\n<div>&nbsp;<\/div>\n<div>\n<h2>Especificaciones de FUJIFILM 16mm f\/2.8<\/h2>\n<table style=\"width: 347px;\" border=\"0\" cellspacing=\"0\" cellpadding=\"2\">\n<colgroup>\n<col width=\"172\"><\/colgroup>\n<colgroup>\n<col width=\"167\"><\/colgroup>\n<tbody>\n<tr>\n<th colspan=\"2\" width=\"343\">\n<p><a name=\"11011\"><\/a>interino<\/p>\n<\/th>\n<\/tr>\n<tr>\n<td width=\"172\">\n<p>Montura de lente<\/p>\n<\/td>\n<td width=\"167\">\n<p>FUJIFILM X<\/p>\n<\/td>\n<\/tr>\n<tr>\n<td width=\"172\">\n<p>\u00c1ngulo<\/p>\n<\/td>\n<td width=\"167\">\n<p>83,2\u00b0<\/p>\n<\/td>\n<\/tr>\n<tr>\n<td width=\"172\">\n<p>Distancia m\u00ednima de enfoque<\/p>\n<\/td>\n<td width=\"167\">\n<p>17 cm<\/p>\n<\/td>\n<\/tr>\n<tr>\n<td width=\"172\">\n<p>Aumento m\u00e1ximo<\/p>\n<\/td>\n<td width=\"167\">\n<p>0,13 veces<\/p>\n<\/td>\n<\/tr>\n<tr>\n<td width=\"172\">\n<p>Dise\u00f1o \u00f3ptico<\/p>\n<\/td>\n<td width=\"167\">\n<p>10 elementos en 8 grupos<\/p>\n<\/td>\n<\/tr>\n<tr>\n<td width=\"172\">\n<p>Hojas de diafragma<\/p>\n<\/td>\n<td width=\"167\">\n<p>9, redondeado<\/p>\n<\/td>\n<\/tr>\n<\/tbody>\n<\/table>\n<table style=\"width: 347px;\" border=\"0\" cellspacing=\"0\" cellpadding=\"2\">\n<colgroup>\n<col width=\"172\"><\/colgroup>\n<colgroup>\n<col width=\"167\"><\/colgroup>\n<tbody>\n<tr>\n<th colspan=\"2\" width=\"343\">\n<p><a name=\"23001\"><\/a>Recursos<\/p>\n<\/th>\n<\/tr>\n<tr>\n<td width=\"172\">\n<p>Estabilizaci\u00f3n de imagen<\/p>\n<\/td>\n<td width=\"167\">\n<p><em>Ninguno<\/em><\/p>\n<\/td>\n<\/tr>\n<\/tbody>\n<\/table>\n<table style=\"width: 347px;\" border=\"0\" cellspacing=\"0\" cellpadding=\"2\">\n<colgroup>\n<col width=\"171\"><\/colgroup>\n<colgroup>\n<col width=\"168\"><\/colgroup>\n<tbody>\n<tr>\n<th colspan=\"2\" width=\"343\">\n<p><a name=\"11501\"><\/a>F\u00edsico<\/p>\n<\/th>\n<\/tr>\n<tr>\n<td width=\"171\">\n<p>Dimensiones (DxL)<\/p>\n<\/td>\n<td width=\"168\">\n<p>60 x 45,4 mm<\/p>\n<\/td>\n<\/tr>\n<\/tbody>\n<\/table>\n<\/div>\n","protected":false},"excerpt":{"rendered":"<p>Fujifilm XF 16mm f\/2.8 R WR Negro El XF 16mm f\/2.8 R WR negro, un objetivo compacto, discreto y elegante<\/p>\n","protected":false},"featured_media":48773,"comment_status":"closed","ping_status":"closed","template":"","meta":{"_acf_changed":false},"product_brand":[2539],"product_cat":[1062],"product_tag":[],"class_list":{"0":"post-71946","1":"product","2":"type-product","3":"status-publish","4":"has-post-thumbnail","6":"product_brand-fujifilm-es","7":"product_cat-mirrorless-objectivos","8":"pa_abertura-maxima-f-2-8-es","9":"pa_cor-negro","10":"pa_diametro-49mm-es","11":"pa_estabilizacao-de-imagem-no","12":"pa_montagem-da-objetiva-fujifilm-x-es","13":"pa_sensor-aps-c-es","14":"pa_tipo-de-foco-enfoque-automatico","15":"pa_tipo-de-objetiva-gran-angular","16":"pa_zoom-fixa-fijo","18":"first","19":"onbackorder","20":"taxable","21":"shipping-taxable","22":"purchasable","23":"product-type-simple"},"bundled_by":[],"bundle_stock_status":"onbackorder","bundle_stock_quantity":null,"bundle_virtual":false,"bundle_layout":"","bundle_add_to_cart_form_location":"","bundle_editable_in_cart":false,"bundle_sold_individually_context":"","bundle_item_grouping":"","bundle_min_size":"","bundle_max_size":"","bundle_price":[],"bundled_items":[],"bundle_sell_ids":[],"acf":[],"_links":{"self":[{"href":"https:\/\/hi-techwonder.com\/es\/wp-json\/wp\/v2\/product\/71946","targetHints":{"allow":["GET"]}}],"collection":[{"href":"https:\/\/hi-techwonder.com\/es\/wp-json\/wp\/v2\/product"}],"about":[{"href":"https:\/\/hi-techwonder.com\/es\/wp-json\/wp\/v2\/types\/product"}],"replies":[{"embeddable":true,"href":"https:\/\/hi-techwonder.com\/es\/wp-json\/wp\/v2\/comments?post=71946"}],"wp:featuredmedia":[{"embeddable":true,"href":"https:\/\/hi-techwonder.com\/es\/wp-json\/wp\/v2\/media\/48773"}],"wp:attachment":[{"href":"https:\/\/hi-techwonder.com\/es\/wp-json\/wp\/v2\/media?parent=71946"}],"wp:term":[{"taxonomy":"product_brand","embeddable":true,"href":"https:\/\/hi-techwonder.com\/es\/wp-json\/wp\/v2\/product_brand?post=71946"},{"taxonomy":"product_cat","embeddable":true,"href":"https:\/\/hi-techwonder.com\/es\/wp-json\/wp\/v2\/product_cat?post=71946"},{"taxonomy":"product_tag","embeddable":true,"href":"https:\/\/hi-techwonder.com\/es\/wp-json\/wp\/v2\/product_tag?post=71946"}],"curies":[{"name":"wp","href":"https:\/\/api.w.org\/{rel}","templated":true}]}}