{"id":71947,"date":"2025-07-29T09:24:52","date_gmt":"2025-07-29T09:24:52","guid":{"rendered":"https:\/\/fv6qoy3ls0.wpdns.site\/produto\/fujifilm-xf-16mm-f-1-4-r-wr\/"},"modified":"2026-04-08T17:17:27","modified_gmt":"2026-04-08T16:17:27","slug":"fujifilm-xf-16mm-f-1-4-r-wr","status":"publish","type":"product","link":"https:\/\/hi-techwonder.com\/es\/producto\/fujifilm-xf-16mm-f-1-4-r-wr\/","title":{"rendered":"FUJIFILM XF 16mm f\/1.4 R WR"},"content":{"rendered":"<p style=\"text-align: justify;\"><span style=\"font-size: small;\">R\u00e1pido y ancho, el lente XF 16mm f\/1.4 R WR es un lente gran angular equivalente a 24 mm dise\u00f1ado espec\u00edficamente para c\u00e1maras sin espejo con montura X de Fujifilm. Se incorporan dos elementos asf\u00e9ricos y dos de dispersi\u00f3n extra baja en el dise\u00f1o de la lente para minimizar las aberraciones crom\u00e1ticas, esf\u00e9ricas y axiales, as\u00ed como las distorsiones para una nitidez e iluminaci\u00f3n consistentes de borde a borde. Tambi\u00e9n se aplic\u00f3 un recubrimiento Nano-GI para alterar el \u00edndice de refracci\u00f3n entre los elementos y suprimir los destellos y las im\u00e1genes fantasma. Considerado convencionalmente como un objetivo ideal para la fotograf\u00eda callejera, de viajes y de paisajes, este objetivo gran angular tambi\u00e9n cuenta con una distancia de trabajo m\u00ednima de menos de 6&#8243; para fotografiar sujetos en primer plano.   <\/p>\n<p>Como complemento de los activos \u00f3pticos, el objetivo tambi\u00e9n cuenta con un dise\u00f1o resistente a la intemperie con nueve sellos diferentes en ocho \u00e1reas diferentes para evitar que la humedad y el polvo entren en el objetivo, adem\u00e1s de permitir su uso a temperaturas tan bajas como 14 \u00b0F. Un motor de enfoque autom\u00e1tico r\u00e1pido y suave ayuda a adquirir el enfoque de forma experta en menos de 0,11 segundos.  y el uso del enfoque manual se beneficia de la inclusi\u00f3n de una escala de profundidad de campo para el enfoque preestablecido.<\/span><\/p>\n<ul style=\"text-align: justify;\">\n<li><span style=\"font-size: small;\">La lente principal gran angular de 16 mm proporciona una distancia focal equivalente a 24 mm cuando se usa con c\u00e1maras digitales sin espejo de la serie X de Fujifilm.<\/span><\/li>\n<li><span style=\"font-size: small;\">La r\u00e1pida apertura m\u00e1xima de f\/1.4 beneficia el trabajo en condiciones de iluminaci\u00f3n dif\u00edciles y tambi\u00e9n ayuda con el control selectivo del enfoque.<\/span><\/li>\n<li><span style=\"font-size: small;\">Dos elementos asf\u00e9ricos controlan las aberraciones y distorsiones esf\u00e9ricas, y dos elementos de dispersi\u00f3n extra baja ayudan a reducir las aberraciones laterales y axiales. La combinaci\u00f3n de los dos dise\u00f1os minimiza la distorsi\u00f3n general y mantiene la iluminaci\u00f3n y la nitidez de borde a borde. <\/span><\/li>\n<li><span style=\"font-size: small;\">Se aplic\u00f3 un recubrimiento Nano-GI (\u00edndice de gradiente) para cambiar el \u00edndice de refracci\u00f3n entre el vidrio y el aire con el fin de suprimir mejor el destello de la lente y las im\u00e1genes fantasma para la luz incidente diagonal.<\/span><\/li>\n<li><span style=\"font-size: small;\">Se ha aplicado un recubrimiento HT-EBC a toda la superficie de cada elemento para controlar las im\u00e1genes fantasma y los destellos para mejorar la claridad de la imagen.<\/span><\/li>\n<li><span style=\"font-size: small;\">Un dise\u00f1o resistente a la intemperie incluye nueve sellos diferentes en ocho \u00e1reas para evitar que el polvo y la humedad entren en la lente, y tambi\u00e9n le permite trabajar a temperaturas tan bajas como 14 \u00b0 F.<\/span><\/li>\n<li><span style=\"font-size: small;\">Un motor de enfoque autom\u00e1tico r\u00e1pido y silencioso se combina con un sistema de enfoque flotante de dos grupos para lograr un enfoque preciso en solo 0,11 segundos.<\/span><\/li>\n<li><span style=\"font-size: small;\">En contraste con el amplio campo de visi\u00f3n proporcionado por el objetivo, una distancia de trabajo m\u00ednima de menos de 6&#8243; es ideal para fotografiar sujetos en primer plano.<\/span><\/li>\n<li><span style=\"font-size: small;\">Nueve hojas de diafragma redondeadas contribuyen a una agradable calidad de desenfoque para beneficiar el uso de t\u00e9cnicas de poca profundidad de campo.<\/span><\/li>\n<li><span style=\"font-size: small;\">Los beneficios de la escala de profundidad de campo son trabajar con enfoque manual y preestablecer su posici\u00f3n de enfoque.<\/span><\/li>\n<\/ul>\n<p style=\"text-align: justify;\"><span style=\"font-size: small;\">&nbsp;<\/span><\/p>\n<p style=\"text-align: justify;\"><span style=\"font-size: small;\"><span style=\"text-decoration: underline;\"><strong>Caracter\u00edsticas t\u00e9cnicas:<\/strong><\/span><\/span><\/p>\n<table style=\"width: 600px; text-align: justify;\" border=\"1\">\n<tbody>\n<tr>\n<td><span style=\"font-size: small;\">Distancia focal<\/span><\/td>\n<td><span style=\"font-size: small;\">16 mil\u00edmetros<br \/>Distancia focal comparable de 35 mm: 24 mm<\/span><\/td>\n<\/tr>\n<tr>\n<td><span style=\"font-size: small;\">Abertura<\/span><\/td>\n<td><span style=\"font-size: small;\">M\u00e1ximo: f\/1.4<br \/>M\u00ednimo: f\/16<\/span><\/td>\n<\/tr>\n<tr>\nTipo de montaje de <\/p>\n<td><span style=\"font-size: small;\">la c\u00e1mara<\/span><\/td>\n<td><span style=\"font-size: small;\">Soporte t\u00e9cnico de Fujifilm X<\/span><\/td>\n<\/tr>\n<tr>\n<td><span style=\"font-size: small;\">Compatibilidad de formatos<\/span><\/td>\n<td><span style=\"font-size: small;\">APS-C<\/span><\/td>\n<\/tr>\n<tr>\n<td><span style=\"font-size: small;\">\u00c1ngulo de visi\u00f3n<\/span><\/td>\n<td><span style=\"font-size: small;\">83,2\u00b0<\/span><\/td>\n<\/tr>\n<tr>\n<td><span style=\"font-size: small;\">Distancia m\u00ednima de enfoque<\/span><\/td>\n<td><span style=\"font-size: small;\">15 cm<\/span><\/td>\n<\/tr>\n<tr>\n<td><span style=\"font-size: small;\">Ampliaci\u00f3n<\/span><\/td>\n<td><span style=\"font-size: small;\">0,21 veces<\/span><\/td>\n<\/tr>\n<tr>\n<td><span style=\"font-size: small;\">Elementos\/Grupos<\/span><\/td>\n<td><span style=\"font-size: small;\">13\/11<\/span><\/td>\n<\/tr>\n<tr>\n<td><span style=\"font-size: small;\">Hojas de diafragma<\/span><\/td>\n<td><span style=\"font-size: small;\">9, redondeado<\/span><\/td>\n<\/tr>\n<\/tbody>\n<\/table>\n<table style=\"width: 600px; text-align: justify;\" border=\"1\">\n<tbody>\n<tr>\n<th colspan=\"2\"><span style=\"font-size: small;\"><a name=\"23001\"><\/a><\/span><\/th>\n<\/tr>\n<tr>\n<td><span style=\"font-size: small;\">Autom\u00e1tico<\/span><\/td>\n<td><span style=\"font-size: small;\">S\u00ed<\/span><\/td>\n<\/tr>\n<\/tbody>\n<\/table>\n<table style=\"width: 600px; text-align: justify;\" border=\"1\">\n<tbody>\n<tr>\n<th colspan=\"2\"><span style=\"font-size: small;\"><a name=\"11501\"><\/a><\/span><\/th>\n<\/tr>\n<tr>\n<td><span style=\"font-size: small;\">Tema de<\/span><\/td>\n<p> filtro<\/p>\n<td><span style=\"font-size: small;\">Frontal: 67 mm<\/span><\/td>\n<\/tr>\n<tr>\n<td><span style=\"font-size: small;\">Dimensiones (DxL)<\/span><\/td>\n<td><span style=\"font-size: small;\">Aproximadamente. 73,4 x 73 mil\u00edmetros <\/span><\/td>\n<\/tr>\n<tr>\n<td><span style=\"font-size: small;\">Peso<\/span><\/td>\n<td><span style=\"font-size: small;\">375 gramos<\/span><\/td>\n<\/tr>\n<\/tbody>\n<\/table>\n<p style=\"text-align: justify;\"><span style=\"font-size: small;\">&nbsp;<\/span><\/p>\n","protected":false},"excerpt":{"rendered":"<p>R\u00e1pido y ancho, el lente XF 16mm f\/1.4 R WR es un lente gran angular equivalente a 24 mm dise\u00f1ado<\/p>\n","protected":false},"featured_media":48729,"comment_status":"closed","ping_status":"closed","template":"","meta":{"_acf_changed":false},"product_brand":[2539],"product_cat":[1062],"product_tag":[],"class_list":{"0":"post-71947","1":"product","2":"type-product","3":"status-publish","4":"has-post-thumbnail","6":"product_brand-fujifilm-es","7":"product_cat-mirrorless-objectivos","8":"pa_abertura-maxima-f-1-4-es","9":"pa_cor-negro","10":"pa_diametro-67mm-es","11":"pa_estabilizacao-de-imagem-no","12":"pa_montagem-da-objetiva-fujifilm-x-es","13":"pa_sensor-aps-c-es","14":"pa_tipo-de-foco-enfoque-automatico","15":"pa_tipo-de-objetiva-gran-angular","16":"pa_zoom-fixa-fijo","18":"first","19":"onbackorder","20":"taxable","21":"shipping-taxable","22":"purchasable","23":"product-type-simple"},"bundled_by":[],"bundle_stock_status":"onbackorder","bundle_stock_quantity":null,"bundle_virtual":false,"bundle_layout":"","bundle_add_to_cart_form_location":"","bundle_editable_in_cart":false,"bundle_sold_individually_context":"","bundle_item_grouping":"","bundle_min_size":"","bundle_max_size":"","bundle_price":[],"bundled_items":[],"bundle_sell_ids":[],"acf":[],"_links":{"self":[{"href":"https:\/\/hi-techwonder.com\/es\/wp-json\/wp\/v2\/product\/71947","targetHints":{"allow":["GET"]}}],"collection":[{"href":"https:\/\/hi-techwonder.com\/es\/wp-json\/wp\/v2\/product"}],"about":[{"href":"https:\/\/hi-techwonder.com\/es\/wp-json\/wp\/v2\/types\/product"}],"replies":[{"embeddable":true,"href":"https:\/\/hi-techwonder.com\/es\/wp-json\/wp\/v2\/comments?post=71947"}],"wp:featuredmedia":[{"embeddable":true,"href":"https:\/\/hi-techwonder.com\/es\/wp-json\/wp\/v2\/media\/48729"}],"wp:attachment":[{"href":"https:\/\/hi-techwonder.com\/es\/wp-json\/wp\/v2\/media?parent=71947"}],"wp:term":[{"taxonomy":"product_brand","embeddable":true,"href":"https:\/\/hi-techwonder.com\/es\/wp-json\/wp\/v2\/product_brand?post=71947"},{"taxonomy":"product_cat","embeddable":true,"href":"https:\/\/hi-techwonder.com\/es\/wp-json\/wp\/v2\/product_cat?post=71947"},{"taxonomy":"product_tag","embeddable":true,"href":"https:\/\/hi-techwonder.com\/es\/wp-json\/wp\/v2\/product_tag?post=71947"}],"curies":[{"name":"wp","href":"https:\/\/api.w.org\/{rel}","templated":true}]}}