{"id":71948,"date":"2025-07-29T09:25:49","date_gmt":"2025-07-29T09:25:49","guid":{"rendered":"https:\/\/fv6qoy3ls0.wpdns.site\/produto\/fujifilm-xf-18mm-f-1-4-r-lm-wr\/"},"modified":"2025-12-20T03:06:22","modified_gmt":"2025-12-20T03:06:22","slug":"fujifilm-xf-18mm-f-1-4-r-lm-wr","status":"publish","type":"product","link":"https:\/\/hi-techwonder.com\/es\/producto\/fujifilm-xf-18mm-f-1-4-r-lm-wr\/","title":{"rendered":"FUJIFILM XF 18mm f\/1.4 R LM WR"},"content":{"rendered":"<p><strong>FUJIFILM XF 18mm f\/1.4 R LM WR<\/strong><\/p>\n<p>Continuando con la serie de lentes fijos compactos y port\u00e1tiles de FUJIFILM, el XF 18 mm f\/1.4 R WR es un lente gran angular equivalente a 28 mm que es adecuado para documentales, viajes, paisajes, naturaleza, fotograf\u00eda arquitect\u00f3nica e incluso astrofotograf\u00eda. Su r\u00e1pida apertura m\u00e1xima de f\/1.4 equilibra el tama\u00f1o y la velocidad y es adecuada para trabajar en las condiciones de iluminaci\u00f3n natural disponibles. Este objetivo ofrece un mayor control sobre la profundidad de campo y proporciona un efecto bokeh suave en aperturas m\u00e1s amplias, al tiempo que limita el tama\u00f1o y el peso total del objetivo para el uso diario.  <\/p>\n<p>El dise\u00f1o \u00f3ptico reduce la distorsi\u00f3n y las aberraciones esf\u00e9ricas, produciendo una mayor nitidez y una representaci\u00f3n precisa. Tambi\u00e9n se utiliza un recubrimiento Super EBC para controlar los destellos y las im\u00e1genes fantasma para mejorar el contraste y la fidelidad del color cuando se trabaja en condiciones de luz y contraluz. Complementando la \u00f3ptica hay un motor de enfoque autom\u00e1tico lineal, junto con un dise\u00f1o de enfoque interno, que proporciona un rendimiento de enfoque r\u00e1pido y especialmente silencioso. El objetivo est\u00e1 sellado contra la intemperie para adaptarse al trabajo en lugares dif\u00edciles y cuenta con un anillo de apertura con un bloqueo de posici\u00f3n \u00abA\u00bb para un control automatizado de la exposici\u00f3n.   <\/p>\n<p>Este objetivo fijo gran angular est\u00e1 dise\u00f1ado para c\u00e1maras sin espejo con montura FUJIFILM X, formato APS-C y ofrece una distancia focal equivalente a 28 mm.<\/p>\n<p>La apertura m\u00e1xima brillante de f\/1.4 es adecuada para trabajar en las condiciones de luz disponibles mientras se mantiene un factor de forma compacto.<\/p>\n<p>La \u00f3ptica cuenta con un revestimiento Super EBC para reducir el destello de la lente y las im\u00e1genes fantasma para un mejor contraste y fidelidad del color.<\/p>\n<p>El motor de enfoque autom\u00e1tico lineal ofrece un rendimiento r\u00e1pido y silencioso, beneficioso tanto para fotograf\u00edas como para videos. La lente cuenta con un dise\u00f1o de enfoque interno y un control de enfoque manual suave. <\/p>\n<p>El cuerpo del objetivo incorpora un sellado contra la intemperie para proteger contra el polvo y la humedad y permitir un uso sin preocupaciones en condiciones adversas y temperaturas tan bajas como -10\u00baC.<\/p>\n<h2 class=\"western\" style=\"font-style: normal; font-weight: normal;\"><strong><span style=\"font-family: OpenSans, Segoe UI, Helvetica, Roboto, Arial, sans-serif;\"><span style=\"font-size: medium;\">Especificaciones de FUJIFILM 18mm F\/1.4 XF<\/span><\/span><\/strong><\/h2>\n<table border=\"0\" width=\"483\" cellspacing=\"0\" cellpadding=\"2\">\n<colgroup>\n<col width=\"168\">\n<col width=\"307\"> <\/colgroup>\n<tbody>\n<tr>\n<td width=\"168\">\n<p style=\"border: none; padding: 0cm; font-weight: normal;\" align=\"LEFT\">Distancia focal<\/p>\n<\/td>\n<td width=\"307\">\n<p style=\"border: none; padding: 0cm; font-weight: normal;\">18 mm (distancia focal equivalente a 35 mm: 27 mm)<\/p>\n<\/td>\n<\/tr>\n<tr>\n<td width=\"168\">\n<p style=\"border: none; padding: 0cm; font-weight: normal;\" align=\"LEFT\">Apertura m\u00e1xima<\/p>\n<\/td>\n<td width=\"307\">\n<p style=\"border: none; padding: 0cm; font-weight: normal;\">f\/1.4<\/p>\n<\/td>\n<\/tr>\n<tr>\n<td width=\"168\">\n<p style=\"border: none; padding: 0cm; font-weight: normal;\" align=\"LEFT\">Apertura m\u00ednima<\/p>\n<\/td>\n<td width=\"307\">\n<p style=\"border: none; padding: 0cm; font-weight: normal;\">f\/16<\/p>\n<\/td>\n<\/tr>\n<tr>\n<td width=\"168\">\n<p style=\"border: none; padding: 0cm; font-weight: normal;\" align=\"LEFT\">Montura de lente<\/p>\n<\/td>\n<td width=\"307\">\n<p style=\"border: none; padding: 0cm; font-weight: normal;\">FUJIFILM X<\/p>\n<\/td>\n<\/tr>\n<tr>\n<td width=\"168\">\n<p style=\"border: none; padding: 0cm; font-weight: normal;\" align=\"LEFT\">Compatibilidad de formatos<\/p>\n<\/td>\n<td width=\"307\">\n<p style=\"border: none; padding: 0cm; font-weight: normal;\">APS-C<\/p>\n<\/td>\n<\/tr>\n<tr>\n<td width=\"168\">\n<p style=\"border: none; padding: 0cm; font-weight: normal;\" align=\"LEFT\">\u00c1ngulo de visi\u00f3n<\/p>\n<\/td>\n<td width=\"307\">\n<p style=\"border: none; padding: 0cm; font-weight: normal;\">76.5\u00b0<\/p>\n<\/td>\n<\/tr>\n<tr>\n<td width=\"168\">\n<p style=\"border: none; padding: 0cm; font-weight: normal;\" align=\"LEFT\">Distancia m\u00ednima de enfoque<\/p>\n<\/td>\n<td width=\"307\">\n<p style=\"border: none; padding: 0cm; font-weight: normal;\">7,9&#8243; \/ 20 cm<\/p>\n<\/td>\n<\/tr>\n<tr>\n<td width=\"168\">\n<p style=\"border: none; padding: 0cm; font-weight: normal;\" align=\"LEFT\">Aumento m\u00e1ximo<\/p>\n<\/td>\n<td width=\"307\">\n<p style=\"border: none; padding: 0cm; font-weight: normal;\">0,15 veces<\/p>\n<\/td>\n<\/tr>\n<tr>\n<td width=\"168\">\n<p style=\"border: none; padding: 0cm; font-weight: normal;\" align=\"LEFT\">Hojas de diafragma<\/p>\n<\/td>\n<td width=\"307\">\n<p style=\"border: none; padding: 0cm; font-weight: normal;\">9, redondeado<\/p>\n<\/td>\n<\/tr>\n<tr>\n<td width=\"168\">\n<p style=\"border: none; padding: 0cm; font-weight: normal;\" align=\"LEFT\">Tipo de enfoque<\/p>\n<\/td>\n<td width=\"307\">\n<p style=\"border: none; padding: 0cm; font-weight: normal;\">Enfoque autom\u00e1tico<\/p>\n<\/td>\n<\/tr>\n<tr>\n<td width=\"168\">\n<p style=\"border: none; padding: 0cm; font-weight: normal;\" align=\"LEFT\">Estabilizaci\u00f3n de imagen<\/p>\n<\/td>\n<td width=\"307\">\n<p style=\"border: none; padding: 0cm; font-weight: normal;\">En<\/p>\n<\/td>\n<\/tr>\n<tr>\n<td width=\"168\">\n<p style=\"border: none; padding: 0cm; font-weight: normal;\" align=\"LEFT\">Dimensiones (\u00f8 x L)<\/p>\n<\/td>\n<td width=\"307\">\n<p style=\"border: none; padding: 0cm; font-weight: normal;\">2,7 x 3&#8243; \/ 68,8 x 75,6 mm<\/p>\n<\/td>\n<\/tr>\n<tr>\n<td width=\"168\">\n<p style=\"border: none; padding: 0cm; font-weight: normal;\" align=\"LEFT\">Peso<\/p>\n<\/td>\n<td width=\"307\">\n<p style=\"border: none; padding: 0cm; font-weight: normal;\">13.1 onzas \/ 370 g<\/p>\n<\/td>\n<\/tr>\n<\/tbody>\n<\/table>\n","protected":false},"excerpt":{"rendered":"<p>FUJIFILM XF 18mm f\/1.4 R LM WR Continuando con la serie de lentes fijos compactos y port\u00e1tiles de FUJIFILM, el<\/p>\n","protected":false},"featured_media":48838,"comment_status":"closed","ping_status":"closed","template":"","meta":{"_acf_changed":false},"product_brand":[2539],"product_cat":[1062],"product_tag":[],"class_list":{"0":"post-71948","1":"product","2":"type-product","3":"status-publish","4":"has-post-thumbnail","6":"product_brand-fujifilm-es","7":"product_cat-mirrorless-objectivos","8":"pa_abertura-maxima-f-1-4-es","9":"pa_cor-negro","10":"pa_diametro-62mm-es","11":"pa_estabilizacao-de-imagem-no","12":"pa_montagem-da-objetiva-fujifilm-x-es","13":"pa_sensor-aps-c-es","14":"pa_tipo-de-foco-enfoque-automatico","15":"pa_tipo-de-objetiva-gran-angular","16":"pa_zoom-fixa-fijo","18":"first","19":"pre-order","20":"taxable","21":"shipping-taxable","22":"purchasable","23":"product-type-simple"},"bundled_by":[],"bundle_stock_status":"pre-order","bundle_stock_quantity":null,"bundle_virtual":false,"bundle_layout":"","bundle_add_to_cart_form_location":"","bundle_editable_in_cart":false,"bundle_sold_individually_context":"","bundle_item_grouping":"","bundle_min_size":"","bundle_max_size":"","bundle_price":[],"bundled_items":[],"bundle_sell_ids":[],"acf":[],"_links":{"self":[{"href":"https:\/\/hi-techwonder.com\/es\/wp-json\/wp\/v2\/product\/71948","targetHints":{"allow":["GET"]}}],"collection":[{"href":"https:\/\/hi-techwonder.com\/es\/wp-json\/wp\/v2\/product"}],"about":[{"href":"https:\/\/hi-techwonder.com\/es\/wp-json\/wp\/v2\/types\/product"}],"replies":[{"embeddable":true,"href":"https:\/\/hi-techwonder.com\/es\/wp-json\/wp\/v2\/comments?post=71948"}],"wp:featuredmedia":[{"embeddable":true,"href":"https:\/\/hi-techwonder.com\/es\/wp-json\/wp\/v2\/media\/48838"}],"wp:attachment":[{"href":"https:\/\/hi-techwonder.com\/es\/wp-json\/wp\/v2\/media?parent=71948"}],"wp:term":[{"taxonomy":"product_brand","embeddable":true,"href":"https:\/\/hi-techwonder.com\/es\/wp-json\/wp\/v2\/product_brand?post=71948"},{"taxonomy":"product_cat","embeddable":true,"href":"https:\/\/hi-techwonder.com\/es\/wp-json\/wp\/v2\/product_cat?post=71948"},{"taxonomy":"product_tag","embeddable":true,"href":"https:\/\/hi-techwonder.com\/es\/wp-json\/wp\/v2\/product_tag?post=71948"}],"curies":[{"name":"wp","href":"https:\/\/api.w.org\/{rel}","templated":true}]}}