{"id":71950,"date":"2025-07-29T09:25:35","date_gmt":"2025-07-29T09:25:35","guid":{"rendered":"https:\/\/fv6qoy3ls0.wpdns.site\/produto\/fujifilm-xf-16-80mm-f-4-r-ois-wr\/"},"modified":"2025-12-12T15:05:11","modified_gmt":"2025-12-12T15:05:11","slug":"fujifilm-xf-16-80mm-f-4-r-ois-wr","status":"publish","type":"product","link":"https:\/\/hi-techwonder.com\/es\/producto\/fujifilm-xf-16-80mm-f-4-r-ois-wr\/","title":{"rendered":"FUJIFILM XF 16-80mm f\/4 R OIS WR"},"content":{"rendered":"<p><span style=\"color: #000000;\">El <strong>FUJINON XF16-80mm F4 R OIS WR<\/strong> tiene una apertura m\u00e1xima de F4 en toda la distancia focal de 16-80 mm (equivalente a 24-120 mm en formato de 35 mm). Este objetivo tiene una distancia m\u00ednima de 35cm en todo el rango de zoom, que tiene una distancia m\u00e1xima de 0,2x. Compacto y ligero, pesa solo 440 g, que es aproximadamente un 40% m\u00e1s ligero que un objetivo equivalente para un sistema de formato de 35 mm. Conectado a una X-T3, el kit pesa solo 79 g y 823 g cuando con la X-T30, se convierte en el mejor viaje. Este nuevo objetivo zoom cuenta con OIS 6.0, lo que significa que puedes disparar en una amplia variedad de situaciones, desde la escena nocturna hasta el interior, sin preocuparte por el movimiento de la c\u00e1mara.    <\/span> <\/p>\n<p><object data=\"https:\/\/www.youtube.com\/v\/-7KV_5_meQE\" type=\"application\/x-shockwave-flash\" width=\"425\" height=\"350\"><param name=\"src\" value=\"https:\/\/www.youtube.com\/v\/-7KV_5_meQE\"><\/object><\/p>\n<p><object data=\"https:\/\/www.youtube.com\/v\/oY1PbQsh1zM\" type=\"application\/x-shockwave-flash\" width=\"425\" height=\"350\"><param name=\"src\" value=\"https:\/\/www.youtube.com\/v\/oY1PbQsh1zM\"><\/object><\/p>\n<p> <strong><span style=\"color: #000000;\"><span style=\"font-size: small;\"><span style=\"color: #000000;\">Caracter\u00edsticas principales:<\/span><\/span><\/span><\/strong><\/p>\n<ul>\n<li> <span style=\"color: #000000;\"><span style=\"font-size: small;\"><span style=\"color: #000000;\">Lente con montura X\/formato APS-C<\/span><\/span><\/span><\/li>\n<li> <span style=\"color: #000000;\"><span style=\"font-size: small;\"><span style=\"color: #000000;\">24-120 mm (equivalente a 35 mm)<\/span><\/span><\/span><\/li>\n<li> <span style=\"color: #000000;\"><span style=\"font-size: small;\"><span style=\"color: #000000;\">Rango de apertura: f\/4 a f\/22<\/span><\/span><\/span><\/li>\n<li> <span style=\"color: #000000;\"><span style=\"font-size: small;\"><span style=\"color: #000000;\">Un elemento asf\u00e9rico ED<\/span><\/span><\/span><\/li>\n<\/ul>\n<p> <span style=\"color: #000000;\"><span style=\"font-size: small;\"><span style=\"color: #000000;\">&nbsp;<\/span><\/span><\/span><\/p>\n<p> <span style=\"color: #000000;\"><span style=\"font-size: small;\"><span style=\"color: #000000;\">Adecuado para una amplia variedad de situaciones de disparo, el FUJIFILM XF 16-80mm f\/4 R OIS WR es un zoom vers\u00e1til equivalente a 24-120 mm, que abarca desde gran angular hasta teleobjetivo medio y presenta una apertura m\u00e1xima constante de f\/4. Complementando este dise\u00f1o flexible hay un dise\u00f1o \u00f3ptico avanzado, que incluye un tr\u00edo de elementos asf\u00e9ricos y un elemento asf\u00e9rico ED que ayudan a minimizar una variedad de aberraciones para producir una alta nitidez y claridad. Un recubrimiento Super EBC tambi\u00e9n mejora el contraste y la neutralidad del color, reduciendo los destellos y las im\u00e1genes fantasma cuando se trabaja en condiciones de iluminaci\u00f3n intensa. Tambi\u00e9n se beneficia el uso en una variedad de situaciones es un sistema de enfoque autom\u00e1tico r\u00e1pido y silencioso, junto con un sistema de estabilizaci\u00f3n de imagen con seis paradas efectivas que minimiza la apariencia de movimiento de la c\u00e1mara. Adem\u00e1s, la lente est\u00e1 completamente sellada contra la intemperie para trabajar en condiciones adversas.    <\/span><\/span><\/span><\/p>\n<ul>\n<li> <span style=\"color: #000000;\"><span style=\"font-size: small;\"><span style=\"color: #000000;\">El zoom est\u00e1ndar est\u00e1 dise\u00f1ado para c\u00e1maras sin espejo con montura X de Fujifilm en formato APS-C y ofrece un rango de distancia focal equivalente a 24-120 mm.<\/span><\/span><\/span><\/li>\n<li> <span style=\"color: #000000;\"><span style=\"font-size: small;\"><span style=\"color: #000000;\">Se utiliza un elemento asf\u00e9rico de dispersi\u00f3n extra baja para reducir en gran medida las franjas de color y las aberraciones crom\u00e1ticas para producir una alta claridad y fidelidad de color en todo el rango del zoom.<\/span><\/span><\/span><\/li>\n<li> <span style=\"color: #000000;\"><span style=\"font-size: small;\"><span style=\"color: #000000;\">Tres elementos asf\u00e9ricos controlan la distorsi\u00f3n y las aberraciones esf\u00e9ricas, lo que ayuda a mejorar la nitidez y lograr una representaci\u00f3n m\u00e1s precisa.<\/span><\/span><\/span><\/li>\n<li> <span style=\"color: #000000;\"><span style=\"font-size: small;\"><span style=\"color: #000000;\">Se ha aplicado un Super EBC (recubrimiento de haz de electrones) a toda la superficie de cada elemento para controlar las im\u00e1genes fantasma y los destellos para mejorar el contraste y la precisi\u00f3n del color.<\/span><\/span><\/span><\/li>\n<li> <span style=\"color: #000000;\"><span style=\"font-size: small;\"><span style=\"color: #000000;\">El rendimiento de enfoque autom\u00e1tico r\u00e1pido y silencioso beneficia tanto a las aplicaciones de fotos como a las de video.<\/span><\/span><\/span><\/li>\n<li> <span style=\"color: #000000;\"><span style=\"font-size: small;\"><span style=\"color: #000000;\">Un avanzado sistema de estabilizaci\u00f3n \u00f3ptica de imagen minimiza la apariencia de movimiento de la c\u00e1mara hasta en seis pasos para permitir im\u00e1genes m\u00e1s n\u00edtidas cuando se trabaja con distancias focales m\u00e1s largas o velocidades de obturaci\u00f3n m\u00e1s lentas.<\/span><\/span><\/span><\/li>\n<li> <span style=\"color: #000000;\"><span style=\"font-size: small;\"><span style=\"color: #000000;\">El cuerpo del objetivo resistente a la intemperie protege contra el polvo y la humedad y permite un uso sin preocupaciones en condiciones adversas y temperaturas bajo cero de hasta 14 \u00b0F.<\/span><\/span><\/span><\/li>\n<li> <span style=\"color: #000000;\"><span style=\"font-size: small;\"><span style=\"color: #000000;\">El diafragma redondeado de nueve hojas contribuye a una agradable calidad de desenfoque para beneficiar el uso de t\u00e9cnicas de enfoque selectivo y poca profundidad de campo.<\/span><\/span><\/span><\/li>\n<\/ul>\n<h2 class=\"western\"> <span style=\"color: #000000;\"><span style=\"font-size: small;\"><span style=\"color: #000000;\">FUJIFILM XF 16-80mm F\/4 R OIS WR<\/span><\/span><\/span> <\/h2>\n<table style=\"width: 563px;\" border=\"0\" cellspacing=\"0\" cellpadding=\"2\">\n<colgroup>\n<col width=\"168\">\n<col width=\"387\"><\/colgroup>\n<tbody>\n<tr>\n<td width=\"168\">\n<p style=\"border: none; padding: 0cm;\" align=\"LEFT\"> <span style=\"color: #000000;\"><span style=\"font-size: small;\"><span style=\"color: #000000;\">Distancia focal<\/span><\/span><\/span><\/p>\n<\/td>\n<td width=\"387\">\n<p style=\"border: none; padding: 0cm;\"> <span style=\"color: #000000;\"><span style=\"font-size: small;\"><span style=\"color: #000000;\">De 16 a 80 mm (distancia focal equivalente a 35 mm: de 24 a 120 mm)<\/span><\/span><\/span><\/p>\n<\/td>\n<\/tr>\n<tr>\n<td width=\"168\">\n<p style=\"border: none; padding: 0cm;\" align=\"LEFT\"><span style=\"color: #000000;\"><span style=\"font-size: small;\"><span style=\"color: #000000;\">M\u00e1xima apertura<\/span><\/span><\/span><\/p>\n<\/td>\n<td width=\"387\">\n<p style=\"border: none; padding: 0cm;\"> <span style=\"color: #000000;\"><span style=\"font-size: small;\"><span style=\"color: #000000;\">f\/4<\/span><\/span><\/span><\/p>\n<\/td>\n<\/tr>\n<tr>\n<td width=\"168\">\n<p style=\"border: none; padding: 0cm;\" align=\"LEFT\"><span style=\"color: #000000;\"><span style=\"font-size: small;\"><span style=\"color: #000000;\">Apertura m\u00ednima<\/span><\/span><\/span><\/p>\n<\/td>\n<td width=\"387\">\n<p style=\"border: none; padding: 0cm;\"> <span style=\"color: #000000;\"><span style=\"font-size: small;\"><span style=\"color: #000000;\">f\/22<\/span><\/span><\/span><\/p>\n<\/td>\n<\/tr>\n<tr>\n<td width=\"168\">\n<p style=\"border: none; padding: 0cm;\" align=\"LEFT\"><span style=\"color: #000000;\"><span style=\"font-size: small;\"><span style=\"color: #000000;\">Montura de lente<\/span><\/span><\/span><\/p>\n<\/td>\n<td width=\"387\">\n<p style=\"border: none; padding: 0cm;\"> <span style=\"color: #000000;\"><span style=\"font-size: small;\"><span style=\"color: #000000;\">FUJIFILM X<\/span><\/span><\/span><\/p>\n<\/td>\n<\/tr>\n<tr>\n<td width=\"168\">\n<p style=\"border: none; padding: 0cm;\" align=\"LEFT\"><span style=\"color: #000000;\"><span style=\"font-size: small;\"><span style=\"color: #000000;\">Compatibilidad de formatos<\/span><\/span><\/span><\/p>\n<\/td>\n<td width=\"387\">\n<p style=\"border: none; padding: 0cm;\"> <span style=\"color: #000000;\"><span style=\"font-size: small;\"><span style=\"color: #000000;\">APS-C<\/span><\/span><\/span><\/p>\n<\/td>\n<\/tr>\n<tr>\n<td width=\"168\">\n<p style=\"border: none; padding: 0cm;\" align=\"LEFT\"><span style=\"color: #000000;\"><span style=\"font-size: small;\"><span style=\"color: #000000;\">\u00c1ngulo<\/span><\/span><\/span><\/p>\n<\/td>\n<td width=\"387\">\n<p style=\"border: none; padding: 0cm;\"> <span style=\"color: #000000;\"><span style=\"font-size: small;\"><span style=\"color: #000000;\">De 83,2\u00b0 a 20,1\u00b0<\/span><\/span><\/span><\/p>\n<\/td>\n<\/tr>\n<tr>\n<td width=\"168\">\n<p style=\"border: none; padding: 0cm;\" align=\"LEFT\"><span style=\"color: #000000;\"><span style=\"font-size: small;\"><span style=\"color: #000000;\">Aumento m\u00e1ximo<\/span><\/span><\/span><\/p>\n<\/td>\n<td width=\"387\">\n<p style=\"border: none; padding: 0cm;\"> <span style=\"color: #000000;\"><span style=\"font-size: small;\"><span style=\"color: #000000;\">0,25 veces<\/span><\/span><\/span><\/p>\n<\/td>\n<\/tr>\n<tr>\n<td width=\"168\">\n<p style=\"border: none; padding: 0cm;\" align=\"LEFT\"><span style=\"color: #000000;\"><span style=\"font-size: small;\"><span style=\"color: #000000;\">Distancia m\u00ednima de enfoque<\/span><\/span><\/span><\/p>\n<\/td>\n<td width=\"387\">\n<p style=\"border: none; padding: 0cm;\"> <span style=\"color: #000000;\"><span style=\"font-size: small;\"><span style=\"color: #000000;\">35 cm<\/span><\/span><\/span><\/p>\n<\/td>\n<\/tr>\n<tr>\n<td width=\"168\">\n<p style=\"border: none; padding: 0cm;\" align=\"LEFT\"><span style=\"color: #000000;\"><span style=\"font-size: small;\"><span style=\"color: #000000;\">Dise\u00f1o \u00f3ptico<\/span><\/span><\/span><\/p>\n<\/td>\n<td width=\"387\">\n<p style=\"border: none; padding: 0cm;\"> <span style=\"color: #000000;\"><span style=\"font-size: small;\"><span style=\"color: #000000;\">16 elementos en 12 grupos<\/span><\/span><\/span><\/p>\n<\/td>\n<\/tr>\n<tr>\n<td width=\"168\">\n<p style=\"border: none; padding: 0cm;\" align=\"LEFT\"><span style=\"color: #000000;\"><span style=\"font-size: small;\"><span style=\"color: #000000;\">Hojas de diafragma<\/span><\/span><\/span><\/p>\n<\/td>\n<td width=\"387\">\n<p style=\"border: none; padding: 0cm;\"> <span style=\"color: #000000;\"><span style=\"font-size: small;\"><span style=\"color: #000000;\">9, redondeado<\/span><\/span><\/span><\/p>\n<\/td>\n<\/tr>\n<tr>\n<td width=\"168\">\n<p style=\"border: none; padding: 0cm;\" align=\"LEFT\"><span style=\"color: #000000;\"><span style=\"font-size: small;\"><span style=\"color: #000000;\">Tipo de enfoque<\/span><\/span><\/span><\/p>\n<\/td>\n<td width=\"387\">\n<p style=\"border: none; padding: 0cm;\"> <span style=\"color: #000000;\"><span style=\"font-size: small;\"><span style=\"color: #000000;\">Autom\u00e1tico<\/span><\/span><\/span><\/p>\n<\/td>\n<\/tr>\n<tr>\n<td width=\"168\">\n<p style=\"border: none; padding: 0cm;\" align=\"LEFT\"><span style=\"color: #000000;\"><span style=\"font-size: small;\"><span style=\"color: #000000;\">Estabilizaci\u00f3n de imagen<\/span><\/span><\/span><\/p>\n<\/td>\n<td width=\"387\">\n<p style=\"border: none; padding: 0cm;\"> <span style=\"color: #000000;\"><span style=\"font-size: small;\"><span style=\"color: #000000;\">S\u00ed<\/span><\/span><\/span><\/p>\n<\/td>\n<\/tr>\n<tr>\n<td width=\"168\">\n<p style=\"border: none; padding: 0cm;\" align=\"LEFT\"><span style=\"color: #000000;\"><span style=\"font-size: small;\"><span style=\"color: #000000;\">Tama\u00f1o del filtro<\/span><\/span><\/span><\/p>\n<\/td>\n<td width=\"387\">\n<p style=\"border: none; padding: 0cm;\"> <span style=\"color: #000000;\"><span style=\"font-size: small;\"><span style=\"color: #000000;\">72 mm (Frontal)<\/span><\/span><\/span><\/p>\n<\/td>\n<\/tr>\n<tr>\n<td width=\"168\">\n<p style=\"border: none; padding: 0cm;\" align=\"LEFT\"><span style=\"color: #000000;\"><span style=\"font-size: small;\"><span style=\"color: #000000;\">Dimensiones (\u00f8 x L)<\/span><\/span><\/span><\/p>\n<\/td>\n<td width=\"387\">\n<p style=\"border: none; padding: 0cm;\"> <span style=\"color: #000000;\"><span style=\"font-size: small;\"><span style=\"color: #000000;\">78,3 x 88,9 mil\u00edmetros<\/span><\/span><\/span><\/p>\n<\/td>\n<\/tr>\n<tr>\n<td width=\"168\">\n<p style=\"border: none; padding: 0cm;\" align=\"LEFT\"><span style=\"color: #000000;\"><span style=\"font-size: small;\"><span style=\"color: #000000;\">Peso<\/span><\/span><\/span><\/p>\n<\/td>\n<td width=\"387\">\n<p style=\"border: none; padding: 0cm;\"> <span style=\"color: #000000;\"><span style=\"font-size: small;\"><span style=\"color: #000000;\">440g<\/span><\/span><\/span><\/p>\n<\/td>\n<\/tr>\n<\/tbody>\n<\/table>\n<p> <span style=\"color: #000000;\">&nbsp;<\/span><\/p>\n<p style=\"margin-bottom: 0cm;\">  En la caja:<\/p>\n<ul>\n<li> <span style=\"color: #000000;\"><span style=\"font-size: small;\"><span style=\"color: #000000;\">Objetivo FUJIFILM XF 16-80mm f\/4 R OIS WR<\/span><\/span><\/span><\/li>\n<li> <span style=\"color: #000000;\"><span style=\"font-size: small;\"><span style=\"color: #000000;\">FLCP-72II Tapa frontal del objetivo<\/span><\/span><\/span><\/li>\n<li> <span style=\"color: #000000;\"><span style=\"font-size: small;\"><span style=\"color: #000000;\">Tapa trasera del objetivo FUJIFILM para objetivos FUJIFILM con montura X<\/span><\/span><\/span><\/li>\n<li> <span style=\"color: #000000;\"><span style=\"font-size: small;\"><span style=\"color: #000000;\">Parasol<\/span><\/span><\/span><\/li>\n<li> <span style=\"color: #000000;\"><span style=\"font-size: small;\"><span style=\"color: #000000;\">Pa\u00f1o de envoltura de lentes<\/span><\/span><\/span><\/li>\n<\/ul>\n<p style=\"margin-bottom: 0cm;\"> <span style=\"color: #000000;\">&nbsp;<\/span><\/p>\n","protected":false},"excerpt":{"rendered":"<p>El FUJINON XF16-80mm F4 R OIS WR tiene una apertura m\u00e1xima de F4 en toda la distancia focal de 16-80<\/p>\n","protected":false},"featured_media":48784,"comment_status":"closed","ping_status":"closed","template":"","meta":{"_acf_changed":false},"product_brand":[2539],"product_cat":[1062],"product_tag":[],"class_list":{"0":"post-71950","1":"product","2":"type-product","3":"status-publish","4":"has-post-thumbnail","6":"product_brand-fujifilm-es","7":"product_cat-mirrorless-objectivos","8":"pa_abertura-maxima-f-4-es","9":"pa_cor-negro","10":"pa_diametro-72mm-es","11":"pa_estabilizacao-de-imagem-si","12":"pa_montagem-da-objetiva-fujifilm-x-es","13":"pa_sensor-aps-c-es","14":"pa_tipo-de-foco-enfoque-automatico","15":"pa_tipo-de-objetiva-estandar","16":"pa_zoom-fixa-zoom-externo-es","18":"first","19":"onbackorder","20":"taxable","21":"shipping-taxable","22":"purchasable","23":"product-type-simple"},"bundled_by":[],"bundle_stock_status":"onbackorder","bundle_stock_quantity":null,"bundle_virtual":false,"bundle_layout":"","bundle_add_to_cart_form_location":"","bundle_editable_in_cart":false,"bundle_sold_individually_context":"","bundle_item_grouping":"","bundle_min_size":"","bundle_max_size":"","bundle_price":[],"bundled_items":[],"bundle_sell_ids":[],"acf":[],"_links":{"self":[{"href":"https:\/\/hi-techwonder.com\/es\/wp-json\/wp\/v2\/product\/71950","targetHints":{"allow":["GET"]}}],"collection":[{"href":"https:\/\/hi-techwonder.com\/es\/wp-json\/wp\/v2\/product"}],"about":[{"href":"https:\/\/hi-techwonder.com\/es\/wp-json\/wp\/v2\/types\/product"}],"replies":[{"embeddable":true,"href":"https:\/\/hi-techwonder.com\/es\/wp-json\/wp\/v2\/comments?post=71950"}],"wp:featuredmedia":[{"embeddable":true,"href":"https:\/\/hi-techwonder.com\/es\/wp-json\/wp\/v2\/media\/48784"}],"wp:attachment":[{"href":"https:\/\/hi-techwonder.com\/es\/wp-json\/wp\/v2\/media?parent=71950"}],"wp:term":[{"taxonomy":"product_brand","embeddable":true,"href":"https:\/\/hi-techwonder.com\/es\/wp-json\/wp\/v2\/product_brand?post=71950"},{"taxonomy":"product_cat","embeddable":true,"href":"https:\/\/hi-techwonder.com\/es\/wp-json\/wp\/v2\/product_cat?post=71950"},{"taxonomy":"product_tag","embeddable":true,"href":"https:\/\/hi-techwonder.com\/es\/wp-json\/wp\/v2\/product_tag?post=71950"}],"curies":[{"name":"wp","href":"https:\/\/api.w.org\/{rel}","templated":true}]}}