{"id":71953,"date":"2025-07-29T09:25:54","date_gmt":"2025-07-29T09:25:54","guid":{"rendered":"https:\/\/fv6qoy3ls0.wpdns.site\/produto\/fujifilm-xf-18-120mm-f-4-lm-pz-wr\/"},"modified":"2025-12-12T15:54:36","modified_gmt":"2025-12-12T15:54:36","slug":"fujifilm-xf-18-120mm-f-4-lm-pz-wr","status":"publish","type":"product","link":"https:\/\/hi-techwonder.com\/es\/producto\/fujifilm-xf-18-120mm-f-4-lm-pz-wr\/","title":{"rendered":"FUJIFILM XF 18-120mm f\/4 LM PZ WR"},"content":{"rendered":"<p><strong>FUJIFILM XF 18-120mm f\/4 LM PZ WR<\/strong><\/p>\n<p><strong>Funciones:<\/strong><\/p>\n<ul>\n<li>Formato X-Mount\/APS-C<\/li>\n<li>27-183 mm (equivalente a 35 mm)<\/li>\n<li>Control de apertura de la c\u00e1mara<\/li>\n<li>Control continuo de las c\u00e1maras seleccionadas<\/li>\n<li>Rango de apertura: f\/4 a f\/22<\/li>\n<li>Mecanismo de zoom motorizado; Zoom interno<\/li>\n<li>Elementos asf\u00e9ricos y ED<\/li>\n<li>Motor de enfoque autom\u00e1tico lineal<\/li>\n<li>Revestimiento y frontal de fl\u00faor resistentes a la intemperie<\/li>\n<li>Diafragma redondeado de 7 hojas<\/li>\n<\/ul>\n<p><strong>Contenido del paquete:<\/strong><\/p>\n<ul>\n<li>FUJIFILM XF 18-120mm f\/4 LM PZ WR<\/li>\n<li>FLCP-72 II Cubierta frontal<\/li>\n<li>Cubierta trasera X-Mount<\/li>\n<li>Parasol<\/li>\n<li>Pa\u00f1o de envoltura de lentes<\/li>\n<\/ul>\n<p><strong>Zoom vers\u00e1til para creadores de contenido<\/strong><\/p>\n<p>Un zoom est\u00e1ndar desarrollado espec\u00edficamente para creadores de contenido y generadores de im\u00e1genes con propensi\u00f3n al movimiento, el FUJIFILM XF 18-120 mm f\/4 LM PZ WR cubre un rango de distancia focal vers\u00e1til y presenta un dise\u00f1o inspirado para un control intuitivo sobre el zoom, el enfoque y el ajuste de apertura del cuerpo de la c\u00e1mara. Este zoom es el primer objetivo de la serie X construido en colaboraci\u00f3n con los dise\u00f1adores de objetivos de cine y radiodifusi\u00f3n de FUJINON y es una opci\u00f3n de objetivo vers\u00e1til para aplicaciones de v\u00eddeo y movimiento. <\/p>\n<p><strong>Dise\u00f1ado para el movimiento<\/strong><\/p>\n<ul>\n<li>Con zoom de potencia variable y enfoque manual suave, y compatible con el control continuo de apertura de c\u00e1maras seleccionadas, este 18-120 mm permite un control preciso sobre el enfoque y la exposici\u00f3n. Las c\u00e1maras ya confirmadas para ser capaces de controlar la apertura continua para este objetivo incluyen la FUJIFILM X-H2S, X-T4, X-T3 y X-S10. <\/li>\n<li>El zoom motorizado puede hacer una transici\u00f3n f\u00e1cil y suave en todo el rango de distancia focal. Este mecanismo se puede controlar mediante una palanca de zoom de nuevo dise\u00f1o, que ofrece velocidades de zoom variables. <\/li>\n<li>El anillo de enfoque convencional permite un control de enfoque manual directo e intuitivo, y la lente ofrece un cambio perfecto entre el enfoque autom\u00e1tico continuo y el enfoque manual. Al requerir una actualizaci\u00f3n del firmware de la c\u00e1mara, este m\u00e9todo de control \u00fanico abre las posibilidades de realizar transiciones de enfoque creativas y controlar el punto focal cuando sea necesario. <\/li>\n<li>Se pueden usar dos botones de funci\u00f3n personalizados para preestablecer una velocidad de zoom, una distancia focal o un punto de enfoque constantes.<\/li>\n<\/ul>\n<p><strong>Manejo intuitivo y construcci\u00f3n robusta<\/strong><\/p>\n<ul>\n<li>Beneficiando su uso en dispositivos de estabilizaci\u00f3n de card\u00e1n, el zoom interno y el dise\u00f1o de enfoque interno de esta lente ayudan a mantener un equilibrio constante y la longitud total de la lente durante el uso.<\/li>\n<li>A pesar de la inclusi\u00f3n de un mecanismo de zoom motorizado y un amplio rango de distancia focal, este objetivo sigue pesando alrededor de 470 g, creando un dise\u00f1o ligero que ayuda a mantener la compatibilidad con una variedad de herramientas de estabilizaci\u00f3n.<\/li>\n<li>El dise\u00f1o resistente a la intemperie protege contra el polvo y la humedad y las bajas temperaturas de hasta 10 \u00b0C.<\/li>\n<li>El revestimiento frontal de fl\u00faor protege contra el agua, la grasa, la suciedad y las manchas, adem\u00e1s de facilitar la limpieza del elemento frontal.<\/li>\n<\/ul>\n<p><strong>Caracter\u00edsticas t\u00e9cnicas:<\/strong><\/p>\n<ul>\n<li><strong>Distancia focal:<\/strong>  18 a 120 mm (distancia focal equivalente a 35 mm: 27 a 183 mm)<\/li>\n<li><strong>Apertura m\u00e1xima:<\/strong>  f\/4<\/li>\n<li><strong>Apertura m\u00ednima: <\/strong> f\/22<\/li>\n<li><strong>Montura:<\/strong>  Montura X de FUJIFILM<\/li>\n<li><strong>Formato:<\/strong>  APS-C<\/li>\n<li><strong>\u00c1ngulo de visi\u00f3n:<\/strong>  76,5\u00b0 a 13,5\u00b0<\/li>\n<li><strong>Distancia m\u00ednima de enfoque:  <\/strong>60 cm<\/li>\n<li><strong>Aumento m\u00e1ximo:  <\/strong>0.2x<\/li>\n<li><strong>Dise\u00f1o \u00f3ptico:<\/strong>  15 elementos en 12 grupos<\/li>\n<li><strong>Hojas de diafragma:<\/strong>  7, redondeadas<\/li>\n<li><strong>Tipo de enfoque: <\/strong> Enfoque autom\u00e1tico<\/li>\n<li><strong>Estabilizaci\u00f3n de imagen:  <\/strong>No<\/li>\n<li><strong>Tama\u00f1o del filtro:  <\/strong>72 mm (frontal)<\/li>\n<li><strong>Dimensiones (\u00f8 x W):<\/strong>  77,3 x 123,5 mm<\/li>\n<li><strong>Peso:<\/strong>  470 g<\/li>\n<\/ul>\n","protected":false},"excerpt":{"rendered":"<p>FUJIFILM XF 18-120mm f\/4 LM PZ WR Funciones: Formato X-Mount\/APS-C 27-183 mm (equivalente a 35 mm) Control de apertura de<\/p>\n","protected":false},"featured_media":48859,"comment_status":"closed","ping_status":"closed","template":"","meta":{"_acf_changed":false},"product_brand":[2539],"product_cat":[1062],"product_tag":[],"class_list":{"0":"post-71953","1":"product","2":"type-product","3":"status-publish","4":"has-post-thumbnail","6":"product_brand-fujifilm-es","7":"product_cat-mirrorless-objectivos","8":"pa_abertura-maxima-f-4-es","9":"pa_cor-negro","10":"pa_designs-especiais-power-zoom-es","11":"pa_diametro-72mm-es","12":"pa_estabilizacao-de-imagem-no","13":"pa_montagem-da-objetiva-fujifilm-x-es","14":"pa_sensor-aps-c-es","15":"pa_tipo-de-foco-enfoque-automatico","16":"pa_tipo-de-objetiva-superzoom","17":"pa_zoom-fixa-zoom-interno-es","19":"first","20":"onbackorder","21":"taxable","22":"shipping-taxable","23":"purchasable","24":"product-type-simple"},"bundled_by":[],"bundle_stock_status":"onbackorder","bundle_stock_quantity":null,"bundle_virtual":false,"bundle_layout":"","bundle_add_to_cart_form_location":"","bundle_editable_in_cart":false,"bundle_sold_individually_context":"","bundle_item_grouping":"","bundle_min_size":"","bundle_max_size":"","bundle_price":[],"bundled_items":[],"bundle_sell_ids":[],"acf":[],"_links":{"self":[{"href":"https:\/\/hi-techwonder.com\/es\/wp-json\/wp\/v2\/product\/71953","targetHints":{"allow":["GET"]}}],"collection":[{"href":"https:\/\/hi-techwonder.com\/es\/wp-json\/wp\/v2\/product"}],"about":[{"href":"https:\/\/hi-techwonder.com\/es\/wp-json\/wp\/v2\/types\/product"}],"replies":[{"embeddable":true,"href":"https:\/\/hi-techwonder.com\/es\/wp-json\/wp\/v2\/comments?post=71953"}],"wp:featuredmedia":[{"embeddable":true,"href":"https:\/\/hi-techwonder.com\/es\/wp-json\/wp\/v2\/media\/48859"}],"wp:attachment":[{"href":"https:\/\/hi-techwonder.com\/es\/wp-json\/wp\/v2\/media?parent=71953"}],"wp:term":[{"taxonomy":"product_brand","embeddable":true,"href":"https:\/\/hi-techwonder.com\/es\/wp-json\/wp\/v2\/product_brand?post=71953"},{"taxonomy":"product_cat","embeddable":true,"href":"https:\/\/hi-techwonder.com\/es\/wp-json\/wp\/v2\/product_cat?post=71953"},{"taxonomy":"product_tag","embeddable":true,"href":"https:\/\/hi-techwonder.com\/es\/wp-json\/wp\/v2\/product_tag?post=71953"}],"curies":[{"name":"wp","href":"https:\/\/api.w.org\/{rel}","templated":true}]}}