{"id":71955,"date":"2025-07-29T09:24:42","date_gmt":"2025-07-29T09:24:42","guid":{"rendered":"https:\/\/fv6qoy3ls0.wpdns.site\/produto\/fujifilm-xf-14-mm-f-2-8\/"},"modified":"2026-04-08T17:17:20","modified_gmt":"2026-04-08T16:17:20","slug":"fujifilm-xf-14-mm-f-2-8","status":"publish","type":"product","link":"https:\/\/hi-techwonder.com\/es\/producto\/fujifilm-xf-14-mm-f-2-8\/","title":{"rendered":"FUJIFILM XF 14 mm f\/2.8"},"content":{"rendered":"<table border=\"0\">\n<tbody>\n<tr>\n<th>Construcci\u00f3n de lentes<\/th>\n<td>10 elementos en 7 grupos (incluye 2 elementos asf\u00e9ricos y 3 de dispersi\u00f3n extra baja)<\/td>\n<\/tr>\n<tr>\n<th>Distancia focal<\/th>\n<td>f = 14 mm<br \/>(Equivalente 135: 21 mm)<\/td>\n<\/tr>\n<tr>\n<th>\u00c1ngulo de visi\u00f3n<\/th>\n<td>89\u00b0<\/td>\n<\/tr>\n<tr>\n<th>Apertura m\u00e1xima <\/th>\n<td>F2.8<\/td>\n<\/tr>\n<tr>\n<th>Apertura<\/th>\n<p> m\u00ednima<\/p>\n<td>F22<\/td>\n<\/tr>\n<tr>\n<th>Control de apertura<\/th>\n<td>\n<ul>\n<li>N\u00famero de cuchillas: 7 (abertura de diafragma redondeada)<\/li>\n<\/ul>\n<ul>\n<li>Tama\u00f1o del tope: 1\/3EV (19 stops)<\/li>\n<\/ul>\n<\/td>\n<\/tr>\n<tr>\n<th>Rango de enfoque<\/th>\n<td>Aprox. 18 cm &#8211; \u221e <\/td>\n<\/tr>\n<tr>\n<th>Aumento m\u00e1ximo <\/th>\n<td>0,12 veces<\/td>\n<\/tr>\n<tr>\n<th>Dimensiones<\/th>\n<p> externas<\/p>\n<td>\u00f865 mm x 58,4 mm<\/td>\n<\/tr>\n<tr>\n<th>Tama\u00f1o del<\/th>\n<p> filtro<\/p>\n<td>\u00f858 mm<\/td>\n<\/tr>\n<\/tbody>\n<\/table>\n","protected":false},"excerpt":{"rendered":"<p>Construcci\u00f3n de lentes 10 elementos en 7 grupos (incluye 2 elementos asf\u00e9ricos y 3 de dispersi\u00f3n extra baja) Distancia focal<\/p>\n","protected":false},"featured_media":48681,"comment_status":"closed","ping_status":"closed","template":"","meta":{"_acf_changed":false},"product_brand":[2539],"product_cat":[1062],"product_tag":[],"class_list":{"0":"post-71955","1":"product","2":"type-product","3":"status-publish","4":"has-post-thumbnail","6":"product_brand-fujifilm-es","7":"product_cat-mirrorless-objectivos","8":"pa_abertura-maxima-f-2-8-es","9":"pa_cor-negro","10":"pa_diametro-58mm-es","11":"pa_estabilizacao-de-imagem-no","12":"pa_montagem-da-objetiva-fujifilm-x-es","13":"pa_sensor-aps-c-es","14":"pa_tipo-de-foco-enfoque-automatico","15":"pa_tipo-de-objetiva-gran-angular","16":"pa_zoom-fixa-fijo","18":"first","19":"onbackorder","20":"taxable","21":"shipping-taxable","22":"purchasable","23":"product-type-simple"},"bundled_by":[],"bundle_stock_status":"onbackorder","bundle_stock_quantity":null,"bundle_virtual":false,"bundle_layout":"","bundle_add_to_cart_form_location":"","bundle_editable_in_cart":false,"bundle_sold_individually_context":"","bundle_item_grouping":"","bundle_min_size":"","bundle_max_size":"","bundle_price":[],"bundled_items":[],"bundle_sell_ids":[],"acf":[],"_links":{"self":[{"href":"https:\/\/hi-techwonder.com\/es\/wp-json\/wp\/v2\/product\/71955","targetHints":{"allow":["GET"]}}],"collection":[{"href":"https:\/\/hi-techwonder.com\/es\/wp-json\/wp\/v2\/product"}],"about":[{"href":"https:\/\/hi-techwonder.com\/es\/wp-json\/wp\/v2\/types\/product"}],"replies":[{"embeddable":true,"href":"https:\/\/hi-techwonder.com\/es\/wp-json\/wp\/v2\/comments?post=71955"}],"wp:featuredmedia":[{"embeddable":true,"href":"https:\/\/hi-techwonder.com\/es\/wp-json\/wp\/v2\/media\/48681"}],"wp:attachment":[{"href":"https:\/\/hi-techwonder.com\/es\/wp-json\/wp\/v2\/media?parent=71955"}],"wp:term":[{"taxonomy":"product_brand","embeddable":true,"href":"https:\/\/hi-techwonder.com\/es\/wp-json\/wp\/v2\/product_brand?post=71955"},{"taxonomy":"product_cat","embeddable":true,"href":"https:\/\/hi-techwonder.com\/es\/wp-json\/wp\/v2\/product_cat?post=71955"},{"taxonomy":"product_tag","embeddable":true,"href":"https:\/\/hi-techwonder.com\/es\/wp-json\/wp\/v2\/product_tag?post=71955"}],"curies":[{"name":"wp","href":"https:\/\/api.w.org\/{rel}","templated":true}]}}