{"id":71958,"date":"2025-07-29T09:25:22","date_gmt":"2025-07-29T09:25:22","guid":{"rendered":"https:\/\/fv6qoy3ls0.wpdns.site\/produto\/fujifilm-xc-15-45mm-f-3-5-5-6-ois-pz-negro\/"},"modified":"2025-12-12T13:57:28","modified_gmt":"2025-12-12T13:57:28","slug":"fujifilm-xc-15-45mm-f-3-5-5-6-ois-pz-negro","status":"publish","type":"product","link":"https:\/\/hi-techwonder.com\/es\/producto\/fujifilm-xc-15-45mm-f-3-5-5-6-ois-pz-negro\/","title":{"rendered":"FUJIFILM XC 15-45mm f\/3.5-5.6 OIS PZ Negro"},"content":{"rendered":"<p><span style=\"font-size: small;\"><strong>ASPECTOS DESTACADOS DEL PRODUCTO<\/strong><\/p>\n<p><\/span><\/p>\n<ul>\n<li> <span style=\"font-size: small;\">Lente con montura X, formato APS-C<\/span><\/li>\n<li> <span style=\"font-size: small;\">23-69 mm (equivalente a 35 mm)<\/span><\/li>\n<li> <span style=\"font-size: small;\">Rango de apertura: f\/3.5-5.6 a f\/22<\/span><\/li>\n<li> <span style=\"font-size: small;\">3 elementos asf\u00e9ricos y 2 elementos ED<\/span><\/li>\n<li> <span style=\"font-size: small;\">Funci\u00f3n de zoom motorizado de dos velocidades<\/span><\/li>\n<li> <span style=\"font-size: small;\">Estabilizaci\u00f3n \u00f3ptica de imagen<\/span><\/li>\n<li> <span style=\"font-size: small;\">Motor de enfoque autom\u00e1tico incorporado para un funcionamiento r\u00e1pido<\/span><\/li>\n<li> <span style=\"font-size: small;\">Ligero con 4.8 onzas<\/span><\/li>\n<li> <span style=\"font-size: small;\">Distancia m\u00ednima de enfoque: 13 cm de ancho<\/span><\/li>\n<\/ul>\n<p><span style=\"font-size: small;\"><br \/><\/span><\/p>\n<p> <span style=\"font-size: small;\">Dise\u00f1ado como un modelo de zoom compacto para tomas diarias, el lente negro XC 15-45mm f\/3.5-5.6 OIS PZ de Fujifilm est\u00e1 hecho para su l\u00ednea de c\u00e1maras con montura X con sensores de tama\u00f1o APS-C. Ofrece una distancia focal equivalente a 23-69 mm, que abarca desde relativamente ancho hasta ligeramente teleobjetivo, dentro de un paquete liviano que pesa solo 4.8 onzas y es f\u00e1cil de transportar. Gracias a su funci\u00f3n de zoom el\u00e9ctrico, el modelo es capaz de hacer un zoom suave y preciso en todo el rango; Simplemente seleccione la velocidad deseada girando el anillo del zoom y use su c\u00e1mara para el resto.  <\/p>\n<p>  El XC 15-45 mm se compone de diez elementos en nueve grupos, tres de los cuales son asf\u00e9ricos y dos de dispersi\u00f3n extra baja (ED) para ayudar a lograr una calidad de imagen y nitidez \u00f3ptimas. Tiene notables capacidades de primeros planos, enfocando tan cerca como 5.1&#8243; a distancias focales amplias a una distancia de trabajo de solo 2&#8243; desde el elemento frontal. Con todas las caracter\u00edsticas, el objetivo ofrece estabilizaci\u00f3n \u00f3ptica de imagen con reclamos de hasta 3 paradas de compensaci\u00f3n, as\u00ed como enfoque autom\u00e1tico a trav\u00e9s de un motor interno para un funcionamiento r\u00e1pido y silencioso. La apertura m\u00e1xima var\u00eda en poco m\u00e1s de un paso, de f\/3.5 a f\/5.6 dependiendo de su distancia focal, y la apertura m\u00ednima es de f\/22 cuando est\u00e1 completamente cerrada.   <\/p>\n<p><\/span><\/p>\n<ul>\n<li> <span style=\"font-size: small;\">Lente Fujinon con montura X para sensores recortados APS-C, 10 elementos en 9 grupos<\/span><\/li>\n<li> <span style=\"font-size: small;\">Compacto y f\u00e1cil de transportar, pesa solo 4.8 onzas y mide 1.75&#8243; de largo cuando se recoge<\/span><\/li>\n<li> <span style=\"font-size: small;\">Distancia focal equivalente a 23-69 mm para sensores de fotograma completo, cubre varias situaciones, desde tomas de grupos amplios hasta retratos de una persona<\/span><\/li>\n<li> <span style=\"font-size: small;\">Zoom el\u00e9ctrico para un zoom suave y preciso en todo el rango focal, dos velocidades posibles que se pueden cambiar girando el anillo del zoom<\/span><\/li>\n<li> <span style=\"font-size: small;\">Distancia m\u00ednima de enfoque de 5.1&#8243; en distancias focales amplias, sube a 13.8&#8243; cuando se configura en teleobjetivo<\/span><\/li>\n<li> <span style=\"font-size: small;\">Sistema de estabilizaci\u00f3n \u00f3ptica de imagen para disparos con poca luz, reclama hasta tres paradas de mejora<\/span><\/li>\n<li> <span style=\"font-size: small;\">Sistema AF enfocado internamente con motor paso a paso, dise\u00f1ado para un rendimiento r\u00e1pido y silencioso<\/span><\/li>\n<li> <span style=\"font-size: small;\">Tres elementos asf\u00e9ricos y dos elementos de dispersi\u00f3n extra baja para ayudar a mejorar la calidad de la imagen<\/span><\/li>\n<li> <span style=\"font-size: small;\">La apertura m\u00e1xima oscila entre f\/3.5 y f\/5.6, mientras que la apertura m\u00ednima es f\/22 cuando est\u00e1 completamente cerrada<\/span><\/li>\n<\/ul>\n<p><span style=\"font-size: small;\"><br \/><\/span><\/p>\n<p style=\"margin-bottom: 0cm;\"> <span style=\"font-size: small;\">&nbsp;<\/span><\/p>\n<p><span style=\"font-size: small;\"> <\/span><\/p>\n<p><span style=\"font-size: small;\"> <\/span><\/p>\n<table style=\"width: 618px;\" border=\"0\" cellspacing=\"0\" cellpadding=\"2\">\n<colgroup>\n<col width=\"241\"><\/col>\n<\/colgroup>\n<colgroup>\n<col width=\"369\"><\/col>\n<\/colgroup>\n<tbody>\n<tr>\n<th colspan=\"2\" width=\"614\">\n<p style=\"border: medium none; padding: 0cm; font-style: normal; font-weight: normal;\"> <span style=\"font-size: small;\"><a name=\"11011\"><\/a><span style=\"font-size: x-large;\">interino<\/span><\/span> <\/p>\n<\/th>\n<\/tr>\n<tr>\n<td width=\"241\">\n<p style=\"padding: 0cm 0cm 0.53cm; border: medium medium 1px none none solid currentcolor currentcolor #e6e7e8;\"> <span style=\"font-size: small;\">Distancia focal<\/span> <\/p>\n<\/td>\n<td width=\"369\">\n<p style=\"padding: 0cm 0cm 0.53cm; border: medium medium 1px none none solid currentcolor currentcolor #e6e7e8;\"> <span style=\"font-size: small;\">15 &#8211; 45 mm<br \/> Distancia focal comparable de 35 mm: 23 &#8211; 69 mm<\/span> <\/p>\n<\/td>\n<\/tr>\n<tr>\n<td width=\"241\">\n<p style=\"padding: 0cm 0cm 0.53cm; border: medium medium 1px none none solid currentcolor currentcolor #e6e7e8;\"> <span style=\"font-size: small;\">Abertura<\/span> <\/p>\n<\/td>\n<td width=\"369\">\n<p style=\"padding: 0cm 0cm 0.53cm; border: medium medium 1px none none solid currentcolor currentcolor #e6e7e8;\"> <span style=\"font-size: small;\">M\u00e1ximo: f\/3.5 &#8211; 5.6<br \/> M\u00ednimo: f\/22<\/span> <\/p>\n<\/td>\n<\/tr>\n<tr>\n<td width=\"241\">\n<p style=\"padding: 0cm 0cm 0.53cm; border: medium medium 1px none none solid currentcolor currentcolor #e6e7e8;\"> <span style=\"font-size: small;\">Tipo de montaje de la c\u00e1mara<\/span> <\/p>\n<\/td>\n<td width=\"369\">\n<p style=\"padding: 0cm 0cm 0.53cm; border: medium medium 1px none none solid currentcolor currentcolor #e6e7e8;\"> <span style=\"font-size: small;\">Soporte t\u00e9cnico de Fujifilm X<\/span> <\/p>\n<\/td>\n<\/tr>\n<tr>\n<td width=\"241\">\n<p style=\"padding: 0cm 0cm 0.53cm; border: medium medium 1px none none solid currentcolor currentcolor #e6e7e8;\"> <span style=\"font-size: small;\">Compatibilidad de formatos<\/span> <\/p>\n<\/td>\n<td width=\"369\">\n<p style=\"padding: 0cm 0cm 0.53cm; border: medium medium 1px none none solid currentcolor currentcolor #e6e7e8;\"> <span style=\"font-size: small;\">APS-C<\/span> <\/p>\n<\/td>\n<\/tr>\n<tr>\n<td width=\"241\">\n<p style=\"padding: 0cm 0cm 0.53cm; border: medium medium 1px none none solid currentcolor currentcolor #e6e7e8;\"> <span style=\"font-size: small;\">\u00c1ngulo<\/span> <\/p>\n<\/td>\n<td width=\"369\">\n<p style=\"padding: 0cm 0cm 0.53cm; border: medium medium 1px none none solid currentcolor currentcolor #e6e7e8;\"> <span style=\"font-size: small;\">86,9\u00b0 &#8211; 35\u00b0<\/span> <\/p>\n<\/td>\n<\/tr>\n<tr>\n<td width=\"241\">\n<p style=\"padding: 0cm 0cm 0.53cm; border: medium medium 1px none none solid currentcolor currentcolor #e6e7e8;\"> <span style=\"font-size: small;\">Distancia m\u00ednima de enfoque<\/span> <\/p>\n<\/td>\n<td width=\"369\">\n<p style=\"padding: 0cm 0cm 0.53cm; border: medium medium 1px none none solid currentcolor currentcolor #e6e7e8;\"> <span style=\"font-size: small;\">5,12&#8243; (13 cm)<\/span> <\/p>\n<\/td>\n<\/tr>\n<tr>\n<td width=\"241\">\n<p style=\"padding: 0cm 0cm 0.53cm; border: medium medium 1px none none solid currentcolor currentcolor #e6e7e8;\"> <span style=\"font-size: small;\">Ampliaci\u00f3n<\/span> <\/p>\n<\/td>\n<td width=\"369\">\n<p style=\"padding: 0cm 0cm 0.53cm; border: medium medium 1px none none solid currentcolor currentcolor #e6e7e8;\"> <span style=\"font-size: small;\">0,24 veces<\/span> <\/p>\n<\/td>\n<\/tr>\n<tr>\n<td width=\"241\">\n<p style=\"padding: 0cm 0cm 0.53cm; border: medium medium 1px none none solid currentcolor currentcolor #e6e7e8;\"> <span style=\"font-size: small;\">Velocidad m\u00e1xima de reproducci\u00f3n<\/span><\/p>\n<\/td>\n<td width=\"369\">\n<p style=\"border: medium none; padding: 0cm;\"> <span style=\"font-size: small;\">No especificado por el fabricante<\/span> <\/p>\n<\/td>\n<\/tr>\n<tr>\n<td width=\"241\">\n<p style=\"padding: 0cm 0cm 0.53cm; border: medium medium 1px none none solid currentcolor currentcolor #e6e7e8;\"> <span style=\"font-size: small;\">Elementos\/Grupos<\/span> <\/p>\n<\/td>\n<td width=\"369\">\n<p style=\"padding: 0cm 0cm 0.53cm; border: medium medium 1px none none solid currentcolor currentcolor #e6e7e8;\"> <span style=\"font-size: small;\">10\/9<\/span> <\/p>\n<\/td>\n<\/tr>\n<tr>\n<td width=\"241\">\n<p style=\"padding: 0cm 0cm 0.53cm; border: medium medium 1px none none solid currentcolor currentcolor #e6e7e8;\"> <span style=\"font-size: small;\">Hojas de diafragma<\/span> <\/p>\n<\/td>\n<td width=\"369\">\n<p style=\"padding: 0cm 0cm 0.53cm; border: medium medium 1px none none solid currentcolor currentcolor #e6e7e8;\"> <span style=\"font-size: small;\">7, redondeado<\/span><\/p>\n<\/td>\n<\/tr>\n<\/tbody>\n<\/table>\n<p><span style=\"font-size: small;\"> <\/span><\/p>\n<p><span style=\"font-size: small;\"> <\/span><\/p>\n<table style=\"width: 211px;\" border=\"0\" cellspacing=\"0\" cellpadding=\"2\">\n<colgroup>\n<col width=\"156\"><\/col>\n<\/colgroup>\n<colgroup>\n<col width=\"47\"><\/col>\n<\/colgroup>\n<tbody>\n<tr>\n<th colspan=\"2\" width=\"207\">\n<p style=\"border: medium none; padding: 0cm; font-style: normal; font-weight: normal;\"> <span style=\"font-size: small;\"><a name=\"23001\"><\/a><span style=\"font-size: x-large;\">Recursos<\/span><\/span> <\/p>\n<\/th>\n<\/tr>\n<tr>\n<td width=\"156\">\n<p style=\"padding: 0cm 0cm 0.53cm; border: medium medium 1px none none solid currentcolor currentcolor #e6e7e8;\"> <span style=\"font-size: small;\">Estabilizaci\u00f3n de imagen<\/span> <\/p>\n<\/td>\n<td width=\"47\">\n<p style=\"padding: 0cm 0cm 0.53cm; border: medium medium 1px none none solid currentcolor currentcolor #e6e7e8;\"> <span style=\"font-size: small;\">S\u00ed<\/span> <\/p>\n<\/td>\n<\/tr>\n<tr>\n<td width=\"156\">\n<p style=\"padding: 0cm 0cm 0.53cm; border: medium medium 1px none none solid currentcolor currentcolor #e6e7e8;\"> <span style=\"font-size: small;\">Autom\u00e1tico<\/span> <\/p>\n<\/td>\n<td width=\"47\">\n<p style=\"padding: 0cm 0cm 0.53cm; border: medium medium 1px none none solid currentcolor currentcolor #e6e7e8;\"> <span style=\"font-size: small;\">S\u00ed<\/span> <\/p>\n<\/td>\n<\/tr>\n<tr>\n<td width=\"156\">\n<p style=\"padding: 0cm 0cm 0.53cm; border: medium medium 1px none none solid currentcolor currentcolor #e6e7e8;\"> <span style=\"font-size: small;\">Collar de tr\u00edpode<\/span><\/p>\n<\/td>\n<td width=\"47\">\n<p style=\"border: medium none; padding: 0cm;\"> <span style=\"font-size: small;\"><em>Ninguno<\/em><\/span><\/p>\n<\/td>\n<\/tr>\n<\/tbody>\n<\/table>\n<p><span style=\"font-size: small;\"> <\/span><\/p>\n<p><span style=\"font-size: small;\"> <\/span><\/p>\n<table style=\"width: 464px;\" border=\"0\" cellspacing=\"0\" cellpadding=\"2\">\n<colgroup>\n<col width=\"147\"><\/col>\n<\/colgroup>\n<colgroup>\n<col width=\"309\"><\/col>\n<\/colgroup>\n<tbody>\n<tr>\n<th colspan=\"2\" width=\"460\">\n<p style=\"border: medium none; padding: 0cm; font-style: normal; font-weight: normal;\"> <span style=\"font-size: small;\"><a name=\"11501\"><\/a><span style=\"font-size: x-large;\">F\u00edsico<\/span><\/span> <\/p>\n<\/th>\n<\/tr>\n<tr>\n<td width=\"147\">\n<p style=\"padding: 0cm 0cm 0.53cm; border: medium medium 1px none none solid currentcolor currentcolor #e6e7e8;\"> <span style=\"font-size: small;\">Tema de filtro<\/span> <\/p>\n<\/td>\n<td width=\"309\">\n<p style=\"padding: 0cm 0cm 0.53cm; border: medium medium 1px none none solid currentcolor currentcolor #e6e7e8;\"> <span style=\"font-size: small;\">Frontal: 52 mm<\/span> <\/p>\n<\/td>\n<\/tr>\n<tr>\n<td width=\"147\">\n<p style=\"padding: 0cm 0cm 0.53cm; border: medium medium 1px none none solid currentcolor currentcolor #e6e7e8;\"> <span style=\"font-size: small;\">Dimensiones (DxL)<\/span> <\/p>\n<\/td>\n<td width=\"309\">\n<p style=\"padding: 0cm 0cm 0.53cm; border: medium medium 1px none none solid currentcolor currentcolor #e6e7e8;\"> <span style=\"font-size: small;\">Aproximadamente. 2,46 x 1,74&#8243; (62,6 x 44,2 mm) <\/span> <\/p>\n<\/td>\n<\/tr>\n<tr>\n<td width=\"147\">\n<p style=\"padding: 0cm 0cm 0.53cm; border: medium medium 1px none none solid currentcolor currentcolor #e6e7e8;\"> <span style=\"font-size: small;\">Peso<\/span> <\/p>\n<\/td>\n<td width=\"309\">\n<p style=\"padding: 0cm 0cm 0.53cm; border: medium medium 1px none none solid currentcolor currentcolor #e6e7e8;\"> <span style=\"font-size: small;\">4,76 oz (135 g) (135 g)<\/span><\/p>\n<\/td>\n<\/tr>\n<\/tbody>\n<\/table>\n<p><span style=\"font-size: small;\"> <\/span><\/p>\n<p style=\"margin-bottom: 0cm;\"><span style=\"font-size: small;\">&nbsp;<\/span><\/p>\n<p><span style=\"font-size: small;\"><br \/><\/span><\/p>\n<p><span style=\"font-size: small;\"><br \/><\/span><\/p>\n","protected":false},"excerpt":{"rendered":"<p>ASPECTOS DESTACADOS DEL PRODUCTO Lente con montura X, formato APS-C 23-69 mm (equivalente a 35 mm) Rango de apertura: f\/3.5-5.6<\/p>\n","protected":false},"featured_media":48764,"comment_status":"closed","ping_status":"closed","template":"","meta":{"_acf_changed":false},"product_brand":[2539],"product_cat":[1062],"product_tag":[],"class_list":{"0":"post-71958","1":"product","2":"type-product","3":"status-publish","4":"has-post-thumbnail","6":"product_brand-fujifilm-es","7":"product_cat-mirrorless-objectivos","8":"pa_abertura-maxima-f-3-5-5-6-es","9":"pa_cor-negro","10":"pa_designs-especiais-power-zoom-es","11":"pa_diametro-52mm-es","12":"pa_estabilizacao-de-imagem-si","13":"pa_montagem-da-objetiva-fujifilm-x-es","14":"pa_sensor-aps-c-es","15":"pa_tipo-de-foco-enfoque-automatico","16":"pa_tipo-de-objetiva-estandar","17":"pa_zoom-fixa-zoom-externo-es","19":"first","20":"onbackorder","21":"taxable","22":"shipping-taxable","23":"purchasable","24":"product-type-simple"},"bundled_by":[],"bundle_stock_status":"onbackorder","bundle_stock_quantity":null,"bundle_virtual":false,"bundle_layout":"","bundle_add_to_cart_form_location":"","bundle_editable_in_cart":false,"bundle_sold_individually_context":"","bundle_item_grouping":"","bundle_min_size":"","bundle_max_size":"","bundle_price":[],"bundled_items":[],"bundle_sell_ids":[],"acf":[],"_links":{"self":[{"href":"https:\/\/hi-techwonder.com\/es\/wp-json\/wp\/v2\/product\/71958","targetHints":{"allow":["GET"]}}],"collection":[{"href":"https:\/\/hi-techwonder.com\/es\/wp-json\/wp\/v2\/product"}],"about":[{"href":"https:\/\/hi-techwonder.com\/es\/wp-json\/wp\/v2\/types\/product"}],"replies":[{"embeddable":true,"href":"https:\/\/hi-techwonder.com\/es\/wp-json\/wp\/v2\/comments?post=71958"}],"wp:featuredmedia":[{"embeddable":true,"href":"https:\/\/hi-techwonder.com\/es\/wp-json\/wp\/v2\/media\/48764"}],"wp:attachment":[{"href":"https:\/\/hi-techwonder.com\/es\/wp-json\/wp\/v2\/media?parent=71958"}],"wp:term":[{"taxonomy":"product_brand","embeddable":true,"href":"https:\/\/hi-techwonder.com\/es\/wp-json\/wp\/v2\/product_brand?post=71958"},{"taxonomy":"product_cat","embeddable":true,"href":"https:\/\/hi-techwonder.com\/es\/wp-json\/wp\/v2\/product_cat?post=71958"},{"taxonomy":"product_tag","embeddable":true,"href":"https:\/\/hi-techwonder.com\/es\/wp-json\/wp\/v2\/product_tag?post=71958"}],"curies":[{"name":"wp","href":"https:\/\/api.w.org\/{rel}","templated":true}]}}