{"id":71961,"date":"2025-07-29T09:19:11","date_gmt":"2025-07-29T09:19:11","guid":{"rendered":"https:\/\/fv6qoy3ls0.wpdns.site\/produto\/teleconvertidor-fujifilm-xf-1-4x-tc-wr\/"},"modified":"2026-01-31T02:26:28","modified_gmt":"2026-01-31T02:26:28","slug":"fujifilm-teleconvertidor-fujifilm-xf-1-4x-tc-wr","status":"publish","type":"product","link":"https:\/\/hi-techwonder.com\/es\/producto\/fujifilm-teleconvertidor-fujifilm-xf-1-4x-tc-wr\/","title":{"rendered":"Teleconvertidor FUJIFILM XF 1.4x TC WR"},"content":{"rendered":"<p><span style=\"font-size: small\"><strong>ASPECTOS DESTACADOS DEL PRODUCTO<\/strong><\/p>\n<p><\/span><\/p>\n<ul>\n<li> <span style=\"font-size: small\">Teleconvertidor X Mount<\/span><\/li>\n<li> <span style=\"font-size: small\">Factor de aumento de 1,4x<\/span><\/li>\n<li> <span style=\"font-size: small\">Comunicaci\u00f3n entre el objetivo y la c\u00e1mara<\/span><\/li>\n<li> <span style=\"font-size: small\">Mantiene la medici\u00f3n, el enfoque autom\u00e1tico y el OIS<\/span><\/li>\n<li> <span style=\"font-size: small\">Construcci\u00f3n resistente a la intemperie<\/span><\/li>\n<li> <span style=\"font-size: small\">Compatible con el objetivo XF 50-140mm f\/2.8<\/span><\/li>\n<\/ul>\n<p> <span style=\"font-size: small\"><br \/>Ampl\u00ede el alcance de su objetivo XF 50-140mm f\/2.8 R LM OIS WR con el teleconvertidor XF 1.4x TC WR de Fujifilm. El convertidor de montura X ampl\u00eda la imagen en 1,4x, lo que da como resultado una distancia focal efectiva de 70-196 mm, lo que equivale a 105-294 mm cuando se usa en cuerpos de c\u00e1mara de formato APS-C. Adem\u00e1s, este adaptador mantiene una comunicaci\u00f3n completa entre el objetivo y el cuerpo, permitiendo la medici\u00f3n, el enfoque autom\u00e1tico y la estabilizaci\u00f3n de imagen, as\u00ed como la transmisi\u00f3n de datos EXIF. Adem\u00e1s, el teleconvertidor est\u00e1 dise\u00f1ado para mantener la resistencia a la intemperie de todo el sistema Fujifilm con una construcci\u00f3n sellada que reduce las posibilidades de que el polvo, el agua o incluso el fr\u00edo afecten el rendimiento.   <\/p>\n<p> <strong>Recursos<\/strong><br \/><\/span><\/p>\n<ul>\n<li> <span style=\"font-size: small\">El teleconvertidor de 1,4x ampl\u00eda el rango de objetivos seleccionados con montura X en un 40% con una sola p\u00e9rdida de exposici\u00f3n.<\/span><\/li>\n<li> <span style=\"font-size: small\">El dise\u00f1o avanzado mantiene la calidad original de los lentes, al mismo tiempo que es totalmente compatible con las capacidades de medici\u00f3n de exposici\u00f3n y estabilizaci\u00f3n de imagen.<\/span><\/li>\n<li> <span style=\"font-size: small\">Dise\u00f1o resistente a la intemperie para su uso en condiciones adversas y temperaturas tan bajas como 14\u00b0F.<\/span><\/li>\n<\/ul>\n<p> <span style=\"font-size: small\"><strong>Lentes compatibles<\/strong><br \/><\/span><\/p>\n<ul>\n<li> <span style=\"font-size: small\">XF 50-140 f\/2.8 R LM OIS WR<\/span><\/li>\n<\/ul>\n<p> <span style=\"font-size: small\">&nbsp;<\/span> <\/p>\n<table style=\"font-size: 12px;border: 1px none;vertical-align: baseline;margin: 0px 0px 35px;padding: 0px;border-collapse: collapse;border-spacing: 0px;font-style: normal;font-variant: normal;font-weight: normal;line-height: 20px;clear: both;width: 620px;color: #595959;letter-spacing: normal;text-align: left;text-indent: 0px;text-transform: none;white-space: normal;background: transparent url('none') repeat scroll 0% 0%\" border=\"1\">\n<tbody style=\"font-size: inherit;border: 0px none;vertical-align: baseline;margin: 0px;padding: 0px;font-style: inherit;font-variant: inherit;font-weight: inherit;line-height: inherit;background: transparent none repeat scroll 0% 0%\">\n<tr style=\"font-size: inherit;border-width: 0px 0px 1px;border-bottom: 1px solid #e4e5e4;vertical-align: baseline;margin: 0px;padding: 0px;font-style: inherit;font-variant: inherit;font-weight: inherit;line-height: inherit;background: transparent none repeat scroll 0% 0%\">\n<th style=\"border: 0px none;vertical-align: baseline;margin: 0px;padding: 0px 0px 5px;text-align: left;font-style: inherit;font-variant: inherit;font-weight: inherit;line-height: inherit;text-indent: 0px;background: transparent none repeat scroll 0% 0%\" colspan=\"2\"><span style=\"font-size: small\"><a name=\"44369\"><\/a><\/span> <\/th>\n<\/tr>\n<tr style=\"font-size: inherit;border-width: 0px 0px 1px;border-bottom: 1px solid #e4e5e4;vertical-align: baseline;margin: 0px;padding: 0px;font-style: inherit;font-variant: inherit;font-weight: inherit;line-height: inherit;background: transparent none repeat scroll 0% 0%\">\n<td style=\"border: 0px none;vertical-align: baseline;margin: 0px;padding: 10px 0px 10px 10px;font-style: inherit;font-variant: inherit;font-weight: bold;line-height: 21px;text-align: left;width: 175px;background: transparent none repeat scroll 0% 0%\"><span style=\"font-size: small\">Ampliaci\u00f3n<\/span> <\/td>\n<td style=\"border: 0px none;vertical-align: baseline;margin: 0px;padding: 10px 0px 10px 10px;font-style: inherit;font-variant: inherit;font-weight: inherit;line-height: 21px;text-align: left;background: transparent none repeat scroll 0% 0%\"> <span style=\"font-size: small\">1,4 veces<\/span> <\/td>\n<\/tr>\n<tr style=\"font-size: inherit;border-width: 0px 0px 1px;border-bottom: 1px solid #e4e5e4;vertical-align: baseline;margin: 0px;padding: 0px;font-style: inherit;font-variant: inherit;font-weight: inherit;line-height: inherit;background: transparent none repeat scroll 0% 0%\">\n<td style=\"border: 0px none;vertical-align: baseline;margin: 0px;padding: 10px 0px 10px 10px;font-style: inherit;font-variant: inherit;font-weight: bold;line-height: 21px;text-align: left;width: 175px;background: transparent none repeat scroll 0% 0%\"><span style=\"font-size: small\">Tipo de montaje de la c\u00e1mara<\/span> <\/td>\n<td style=\"border: 0px none;vertical-align: baseline;margin: 0px;padding: 10px 0px 10px 10px;font-style: inherit;font-variant: inherit;font-weight: inherit;line-height: 21px;text-align: left;background: transparent none repeat scroll 0% 0%\"> <span style=\"font-size: small\">Fujifilm X<\/span> <\/td>\n<\/tr>\n<tr style=\"font-size: inherit;border-width: 0px 0px 1px;border-bottom: 1px solid #e4e5e4;vertical-align: baseline;margin: 0px;padding: 0px;font-style: inherit;font-variant: inherit;font-weight: inherit;line-height: inherit;background: transparent none repeat scroll 0% 0%\">\n<td style=\"border: 0px none;vertical-align: baseline;margin: 0px;padding: 10px 0px 10px 10px;font-style: inherit;font-variant: inherit;font-weight: bold;line-height: 21px;text-align: left;width: 175px;background: transparent none repeat scroll 0% 0%\"><span style=\"font-size: small\">Compatibilidad de formatos<\/span> <\/td>\n<td style=\"border: 0px none;vertical-align: baseline;margin: 0px;padding: 10px 0px 10px 10px;font-style: inherit;font-variant: inherit;font-weight: inherit;line-height: 21px;text-align: left;background: transparent none repeat scroll 0% 0%\"> <span style=\"font-size: small\">APS-C<\/span> <\/td>\n<\/tr>\n<tr style=\"font-size: inherit;border-width: 0px 0px 1px;border-bottom: 1px solid #e4e5e4;vertical-align: baseline;margin: 0px;padding: 0px;font-style: inherit;font-variant: inherit;font-weight: inherit;line-height: inherit;background: transparent none repeat scroll 0% 0%\">\n<td style=\"border: 0px none;vertical-align: baseline;margin: 0px;padding: 10px 0px 10px 10px;font-style: inherit;font-variant: inherit;font-weight: bold;line-height: 21px;text-align: left;width: 175px;background: transparent none repeat scroll 0% 0%\"><span style=\"font-size: small\">Elementos\/Grupos<\/span> <\/td>\n<td style=\"border: 0px none;vertical-align: baseline;margin: 0px;padding: 10px 0px 10px 10px;font-style: inherit;font-variant: inherit;font-weight: inherit;line-height: 21px;text-align: left;background: transparent none repeat scroll 0% 0%\"> <span style=\"font-size: small\">7\/3<\/span> <\/td>\n<\/tr>\n<tr style=\"font-size: inherit;border-width: 0px 0px 1px;border-bottom: 1px solid #e4e5e4;vertical-align: baseline;margin: 0px;padding: 0px;font-style: inherit;font-variant: inherit;font-weight: inherit;line-height: inherit;background: transparent none repeat scroll 0% 0%\">\n<td style=\"border: 0px none;vertical-align: baseline;margin: 0px;padding: 10px 0px 10px 10px;font-style: inherit;font-variant: inherit;font-weight: bold;line-height: 21px;text-align: left;width: 175px;background: transparent none repeat scroll 0% 0%\"> <span style=\"font-size: small\">P\u00e9rdida de luz<\/span> <\/td>\n<td style=\"border: 0px none;vertical-align: baseline;margin: 0px;padding: 10px 0px 10px 10px;font-style: inherit;font-variant: inherit;font-weight: inherit;line-height: 21px;text-align: left;background: transparent none repeat scroll 0% 0%\"> <span style=\"font-size: small\">1 paso<\/span><\/td>\n<\/tr>\n<\/tbody>\n<\/table>\n<p><span style=\"font-size: small\"> <\/span><\/p>\n<table style=\"font-size: 12px;border: 1px none;vertical-align: baseline;margin: 0px 0px 35px;padding: 0px;border-collapse: collapse;border-spacing: 0px;font-style: normal;font-variant: normal;font-weight: normal;line-height: 20px;clear: both;width: 620px;color: #595959;letter-spacing: normal;text-align: left;text-indent: 0px;text-transform: none;white-space: normal;background: transparent url('none') repeat scroll 0% 0%\" border=\"1\">\n<tbody style=\"font-size: inherit;border: 0px none;vertical-align: baseline;margin: 0px;padding: 0px;font-style: inherit;font-variant: inherit;font-weight: inherit;line-height: inherit;background: transparent none repeat scroll 0% 0%\">\n<tr style=\"font-size: inherit;border-width: 0px 0px 1px;border-bottom: 1px solid #e4e5e4;vertical-align: baseline;margin: 0px;padding: 0px;font-style: inherit;font-variant: inherit;font-weight: inherit;line-height: inherit;background: transparent none repeat scroll 0% 0%\">\n<th style=\"border: 0px none;vertical-align: baseline;margin: 0px;padding: 0px 0px 5px;text-align: left;font-style: inherit;font-variant: inherit;font-weight: inherit;line-height: inherit;text-indent: 0px;background: transparent none repeat scroll 0% 0%\" colspan=\"2\"><span style=\"font-size: small\"><a name=\"58317\"><\/a><\/span> <\/th>\n<\/tr>\n<tr style=\"font-size: inherit;border-width: 0px 0px 1px;border-bottom: 1px solid #e4e5e4;vertical-align: baseline;margin: 0px;padding: 0px;font-style: inherit;font-variant: inherit;font-weight: inherit;line-height: inherit;background: transparent none repeat scroll 0% 0%\">\n<td style=\"border: 0px none;vertical-align: baseline;margin: 0px;padding: 10px 0px 10px 10px;font-style: inherit;font-variant: inherit;font-weight: bold;line-height: 21px;text-align: left;width: 175px;background: transparent none repeat scroll 0% 0%\"><span style=\"font-size: small\">Estabilizaci\u00f3n de imagen<\/span> <\/td>\n<td style=\"border: 0px none;vertical-align: baseline;margin: 0px;padding: 10px 0px 10px 10px;font-style: inherit;font-variant: inherit;font-weight: inherit;line-height: 21px;text-align: left;background: transparent none repeat scroll 0% 0%\"> <span style=\"font-size: small\">S\u00ed, con lentes compatibles<\/span> <\/td>\n<\/tr>\n<tr style=\"font-size: inherit;border-width: 0px 0px 1px;border-bottom: 1px solid #e4e5e4;vertical-align: baseline;margin: 0px;padding: 0px;font-style: inherit;font-variant: inherit;font-weight: inherit;line-height: inherit;background: transparent none repeat scroll 0% 0%\">\n<td style=\"border: 0px none;vertical-align: baseline;margin: 0px;padding: 10px 0px 10px 10px;font-style: inherit;font-variant: inherit;font-weight: bold;line-height: 21px;text-align: left;width: 175px;background: transparent none repeat scroll 0% 0%\"> <span style=\"font-size: small\">Enfoque autom\u00e1tico<\/span> <\/td>\n<td style=\"border: 0px none;vertical-align: baseline;margin: 0px;padding: 10px 0px 10px 10px;font-style: inherit;font-variant: inherit;font-weight: inherit;line-height: 21px;text-align: left;background: transparent none repeat scroll 0% 0%\"> <span style=\"font-size: small\">S\u00ed, con objetivos compatibles<\/span><\/td>\n<\/tr>\n<\/tbody>\n<\/table>\n<p><span style=\"font-size: small\"> <\/span><\/p>\n<table style=\"font-size: 12px;border: 1px none;vertical-align: baseline;margin: 0px 0px 35px;padding: 0px;border-collapse: collapse;border-spacing: 0px;font-style: normal;font-variant: normal;font-weight: normal;line-height: 20px;clear: both;width: 620px;color: #595959;letter-spacing: normal;text-align: left;text-indent: 0px;text-transform: none;white-space: normal;background: transparent url('none') repeat scroll 0% 0%\" border=\"1\">\n<tbody style=\"font-size: inherit;border: 0px none;vertical-align: baseline;margin: 0px;padding: 0px;font-style: inherit;font-variant: inherit;font-weight: inherit;line-height: inherit;background: transparent none repeat scroll 0% 0%\">\n<tr style=\"font-size: inherit;border-width: 0px 0px 1px;border-bottom: 1px solid #e4e5e4;vertical-align: baseline;margin: 0px;padding: 0px;font-style: inherit;font-variant: inherit;font-weight: inherit;line-height: inherit;background: transparent none repeat scroll 0% 0%\">\n<th style=\"border: 0px none;vertical-align: baseline;margin: 0px;padding: 0px 0px 5px;text-align: left;font-style: inherit;font-variant: inherit;font-weight: inherit;line-height: inherit;text-indent: 0px;background: transparent none repeat scroll 0% 0%\" colspan=\"2\"><span style=\"font-size: small\"><a name=\"55849\"><\/a><\/span> <\/th>\n<\/tr>\n<tr style=\"font-size: inherit;border-width: 0px 0px 1px;border-bottom: 1px solid #e4e5e4;vertical-align: baseline;margin: 0px;padding: 0px;font-style: inherit;font-variant: inherit;font-weight: inherit;line-height: inherit;background: transparent none repeat scroll 0% 0%\">\n<td style=\"border: 0px none;vertical-align: baseline;margin: 0px;padding: 10px 0px 10px 10px;font-style: inherit;font-variant: inherit;font-weight: bold;line-height: 21px;text-align: left;width: 175px;background: transparent none repeat scroll 0% 0%\"><span style=\"font-size: small\">Dimensiones<\/span> <\/td>\n<td style=\"border: 0px none;vertical-align: baseline;margin: 0px;padding: 10px 0px 10px 10px;font-style: inherit;font-variant: inherit;font-weight: inherit;line-height: 21px;text-align: left;background: transparent none repeat scroll 0% 0%\"> <span style=\"font-size: small\">2,3 x 0,6&#8243; \/ 58 x 15 mm<\/span> <\/td>\n<\/tr>\n<tr style=\"font-size: inherit;border-width: 0px 0px 1px;border-bottom: 1px solid #e4e5e4;vertical-align: baseline;margin: 0px;padding: 0px;font-style: inherit;font-variant: inherit;font-weight: inherit;line-height: inherit;background: transparent none repeat scroll 0% 0%\">\n<td style=\"border: 0px none;vertical-align: baseline;margin: 0px;padding: 10px 0px 10px 10px;font-style: inherit;font-variant: inherit;font-weight: bold;line-height: 21px;text-align: left;width: 175px;background: transparent none repeat scroll 0% 0%\"> <span style=\"font-size: small\">Peso<\/span> <\/td>\n<td style=\"border: 0px none;vertical-align: baseline;margin: 0px;padding: 10px 0px 10px 10px;font-style: inherit;font-variant: inherit;font-weight: inherit;line-height: 21px;text-align: left;background: transparent none repeat scroll 0% 0%\"> <span style=\"font-size: small\">4.6 oz \/ 130 g<\/span><\/td>\n<\/tr>\n<\/tbody>\n<\/table>\n<p> <span style=\"font-size: small\">&nbsp;<\/span><\/p>\n","protected":false},"excerpt":{"rendered":"<p>ASPECTOS DESTACADOS DEL PRODUCTO Teleconvertidor X Mount Factor de aumento de 1,4x Comunicaci\u00f3n entre el objetivo y la c\u00e1mara Mantiene<\/p>\n","protected":false},"featured_media":47465,"comment_status":"closed","ping_status":"open","template":"","meta":{"_acf_changed":false},"product_brand":[2539],"product_cat":[1064],"product_tag":[],"class_list":{"0":"post-71961","1":"product","2":"type-product","3":"status-publish","4":"has-post-thumbnail","6":"product_brand-fujifilm-es","7":"product_cat-teleconvertidores","9":"first","10":"onbackorder","11":"taxable","12":"shipping-taxable","13":"purchasable","14":"product-type-simple"},"bundled_by":[],"bundle_stock_status":"onbackorder","bundle_stock_quantity":0,"bundle_virtual":false,"bundle_layout":"","bundle_add_to_cart_form_location":"","bundle_editable_in_cart":false,"bundle_sold_individually_context":"","bundle_item_grouping":"","bundle_min_size":"","bundle_max_size":"","bundle_price":[],"bundled_items":[],"bundle_sell_ids":[],"acf":[],"_links":{"self":[{"href":"https:\/\/hi-techwonder.com\/es\/wp-json\/wp\/v2\/product\/71961","targetHints":{"allow":["GET"]}}],"collection":[{"href":"https:\/\/hi-techwonder.com\/es\/wp-json\/wp\/v2\/product"}],"about":[{"href":"https:\/\/hi-techwonder.com\/es\/wp-json\/wp\/v2\/types\/product"}],"replies":[{"embeddable":true,"href":"https:\/\/hi-techwonder.com\/es\/wp-json\/wp\/v2\/comments?post=71961"}],"wp:featuredmedia":[{"embeddable":true,"href":"https:\/\/hi-techwonder.com\/es\/wp-json\/wp\/v2\/media\/47465"}],"wp:attachment":[{"href":"https:\/\/hi-techwonder.com\/es\/wp-json\/wp\/v2\/media?parent=71961"}],"wp:term":[{"taxonomy":"product_brand","embeddable":true,"href":"https:\/\/hi-techwonder.com\/es\/wp-json\/wp\/v2\/product_brand?post=71961"},{"taxonomy":"product_cat","embeddable":true,"href":"https:\/\/hi-techwonder.com\/es\/wp-json\/wp\/v2\/product_cat?post=71961"},{"taxonomy":"product_tag","embeddable":true,"href":"https:\/\/hi-techwonder.com\/es\/wp-json\/wp\/v2\/product_tag?post=71961"}],"curies":[{"name":"wp","href":"https:\/\/api.w.org\/{rel}","templated":true}]}}