{"id":71969,"date":"2025-07-28T23:40:22","date_gmt":"2025-07-28T23:40:22","guid":{"rendered":"https:\/\/fv6qoy3ls0.wpdns.site\/produto\/godox-bs-04-soporte-100-300cm-con-bolsa-de-transporte\/"},"modified":"2026-04-30T15:10:58","modified_gmt":"2026-04-30T14:10:58","slug":"godox-bs-04-soporte-100-300cm-con-bolsa-de-transporte","status":"publish","type":"product","link":"https:\/\/hi-techwonder.com\/es\/producto\/godox-bs-04-soporte-100-300cm-con-bolsa-de-transporte\/","title":{"rendered":"GODOX BS-04 Soporte 100-300cm con bolsa de transporte"},"content":{"rendered":"<p><strong>GODOX BS-04 Asiento trasero 100-300cm con bolsa de transporte<\/strong><\/p>\n<p><strong>Caracter\u00edsticas principales:<\/strong><\/p>\n<p><\/p>\n<p><strong>En la caja:<\/strong><\/p>\n<p><\/p>\n<p>Configure un fondo en su estudio o lugar con el soporte inferior retr\u00e1ctil negro BS-04 con bolsa de transporte de Godox. Se incluyen dos soportes con una altura m\u00e1xima de 8.5&#8242; y una altura plegada de 3.2&#8242;, y una barra transversal retr\u00e1ctil de 3 segmentos con una longitud m\u00e1xima de 9.8&#8242;. La construcci\u00f3n de aluminio ofrece resistencia, durabilidad y peso reducido. Tambi\u00e9n se incluye una bolsa de transporte con asas.   <\/p>\n<p><strong>Caracter\u00edsticas t\u00e9cnicas:<\/strong><\/p>\n<ul>\n<li>Sistema inferior retr\u00e1ctil con estuche de transporte<\/li>\n<li>Altura m\u00e1xima: 260cm<\/li>\n<li>Altura retra\u00edda: 97cm<\/li>\n<li>Longitud del tallo: 300 cm<\/li>\n<li>Segmentos de tallo: 3<\/li>\n<li>Longitud del segmento: 100 cm<\/li>\n<li>Material del v\u00e1stago: aluminio<\/li>\n<li>Garant\u00eda: 2 a\u00f1os<\/li>\n<\/ul>\n<h3>En la caja<br \/><\/h3>\n<ul>\n<li>2x Tr\u00edpode<\/li>\n<li>Varilla horizontal<\/li>\n<li>Accesorios<\/li>\n<li>Bolsa de transporte<\/li>\n<\/ul>\n<p><\/p>\n","protected":false},"excerpt":{"rendered":"<p>GODOX BS-04 Asiento trasero 100-300cm con bolsa de transporte Caracter\u00edsticas principales: En la caja: Configure un fondo en su estudio<\/p>\n","protected":false},"featured_media":25909,"comment_status":"closed","ping_status":"closed","template":"","meta":{"_acf_changed":false},"product_brand":[2555],"product_cat":[962],"product_tag":[],"class_list":{"0":"post-71969","1":"product","2":"type-product","3":"status-publish","4":"has-post-thumbnail","6":"product_brand-godox-es","7":"product_cat-para-fondos","9":"first","10":"pre-order","11":"taxable","12":"shipping-taxable","13":"purchasable","14":"product-type-simple"},"bundled_by":[],"bundle_stock_status":"pre-order","bundle_stock_quantity":null,"bundle_virtual":false,"bundle_layout":"","bundle_add_to_cart_form_location":"","bundle_editable_in_cart":false,"bundle_sold_individually_context":"","bundle_item_grouping":"","bundle_min_size":"","bundle_max_size":"","bundle_price":[],"bundled_items":[],"bundle_sell_ids":[],"acf":[],"_links":{"self":[{"href":"https:\/\/hi-techwonder.com\/es\/wp-json\/wp\/v2\/product\/71969","targetHints":{"allow":["GET"]}}],"collection":[{"href":"https:\/\/hi-techwonder.com\/es\/wp-json\/wp\/v2\/product"}],"about":[{"href":"https:\/\/hi-techwonder.com\/es\/wp-json\/wp\/v2\/types\/product"}],"replies":[{"embeddable":true,"href":"https:\/\/hi-techwonder.com\/es\/wp-json\/wp\/v2\/comments?post=71969"}],"wp:featuredmedia":[{"embeddable":true,"href":"https:\/\/hi-techwonder.com\/es\/wp-json\/wp\/v2\/media\/25909"}],"wp:attachment":[{"href":"https:\/\/hi-techwonder.com\/es\/wp-json\/wp\/v2\/media?parent=71969"}],"wp:term":[{"taxonomy":"product_brand","embeddable":true,"href":"https:\/\/hi-techwonder.com\/es\/wp-json\/wp\/v2\/product_brand?post=71969"},{"taxonomy":"product_cat","embeddable":true,"href":"https:\/\/hi-techwonder.com\/es\/wp-json\/wp\/v2\/product_cat?post=71969"},{"taxonomy":"product_tag","embeddable":true,"href":"https:\/\/hi-techwonder.com\/es\/wp-json\/wp\/v2\/product_tag?post=71969"}],"curies":[{"name":"wp","href":"https:\/\/api.w.org\/{rel}","templated":true}]}}