{"id":71977,"date":"2025-07-29T08:55:54","date_gmt":"2025-07-29T08:55:54","guid":{"rendered":"https:\/\/fv6qoy3ls0.wpdns.site\/produto\/parasol-lcd-ggs-ss-f1-para-fujifilm\/"},"modified":"2026-01-31T02:50:37","modified_gmt":"2026-01-31T02:50:37","slug":"ggs-parasol-lcd-ggs-ss-f1-para-fujifilm","status":"publish","type":"product","link":"https:\/\/hi-techwonder.com\/es\/producto\/ggs-parasol-lcd-ggs-ss-f1-para-fujifilm\/","title":{"rendered":"Parasol LCD GGS SS-F1 para Fujifilm"},"content":{"rendered":"<p><span style=\"font-size: small\"><strong>Caracter\u00edsticas<\/strong>:<br \/><\/span><\/p>\n<p><span style=\"font-size: small\"> <\/span><\/p>\n<ul>\n<li><span style=\"font-size: small\">Sombrilla LCD plegable<\/span><\/li>\n<li><span style=\"font-size: small\">Accesorio magn\u00e9tico<\/span><\/li>\n<li><span style=\"font-size: small\">Pr\u00e1ctico<\/span><\/li>\n<\/ul>\n<p><span style=\"font-size: small\">  <\/span><\/p>\n<p><span style=\"font-size: small\">El parasol magn\u00e9tico LCD de GGSFOTO viene con un marco de metal y una pegatina magn\u00e9tica incorporada, f\u00e1cil de pegar o quitar. Muy \u00fatil cuando se dispara al sol y cuando est\u00e1 plegada, tambi\u00e9n protege la pantalla LCD de la c\u00e1mara de ara\u00f1azos, etc. <\/span><\/p>\n<p><span style=\"font-size: small\"> <\/span><\/p>\n<p><span style=\"font-size: small\">&nbsp;<\/span><\/p>\n<p><span style=\"font-size: small\"> <\/span><\/p>\n<p><span style=\"font-size: small\"><strong>Compatibilidad:<\/strong><br \/><\/span><\/p>\n<p><span style=\"font-size: small\"> <\/span><\/p>\n<p><span style=\"font-size: small\"> <\/span><\/p>\n<ul>\n<ul>\n<li><span style=\"font-size: small\">X-E3<\/span><\/li>\n<\/ul>\n<\/ul>\n<p><span style=\"font-size: small\"> <\/span><\/p>\n<ul>\n<li><span style=\"font-size: small\">X-T100<\/span>&nbsp;<\/li>\n<\/ul>\n","protected":false},"excerpt":{"rendered":"<p>Caracter\u00edsticas: Sombrilla LCD plegable Accesorio magn\u00e9tico Pr\u00e1ctico El parasol magn\u00e9tico LCD de GGSFOTO viene con un marco de metal y<\/p>\n","protected":false},"featured_media":42925,"comment_status":"closed","ping_status":"closed","template":"","meta":{"_acf_changed":false},"product_brand":[2638],"product_cat":[2859],"product_tag":[],"class_list":{"0":"post-71977","1":"product","2":"type-product","3":"status-publish","4":"has-post-thumbnail","6":"product_brand-ggs-es","7":"product_cat-protectores-pantalla","9":"first","10":"instock","11":"taxable","12":"shipping-taxable","13":"purchasable","14":"product-type-simple"},"bundled_by":[],"bundle_stock_status":"instock","bundle_stock_quantity":2,"bundle_virtual":false,"bundle_layout":"","bundle_add_to_cart_form_location":"","bundle_editable_in_cart":false,"bundle_sold_individually_context":"","bundle_item_grouping":"","bundle_min_size":"","bundle_max_size":"","bundle_price":[],"bundled_items":[],"bundle_sell_ids":[],"acf":[],"_links":{"self":[{"href":"https:\/\/hi-techwonder.com\/es\/wp-json\/wp\/v2\/product\/71977","targetHints":{"allow":["GET"]}}],"collection":[{"href":"https:\/\/hi-techwonder.com\/es\/wp-json\/wp\/v2\/product"}],"about":[{"href":"https:\/\/hi-techwonder.com\/es\/wp-json\/wp\/v2\/types\/product"}],"replies":[{"embeddable":true,"href":"https:\/\/hi-techwonder.com\/es\/wp-json\/wp\/v2\/comments?post=71977"}],"wp:featuredmedia":[{"embeddable":true,"href":"https:\/\/hi-techwonder.com\/es\/wp-json\/wp\/v2\/media\/42925"}],"wp:attachment":[{"href":"https:\/\/hi-techwonder.com\/es\/wp-json\/wp\/v2\/media?parent=71977"}],"wp:term":[{"taxonomy":"product_brand","embeddable":true,"href":"https:\/\/hi-techwonder.com\/es\/wp-json\/wp\/v2\/product_brand?post=71977"},{"taxonomy":"product_cat","embeddable":true,"href":"https:\/\/hi-techwonder.com\/es\/wp-json\/wp\/v2\/product_cat?post=71977"},{"taxonomy":"product_tag","embeddable":true,"href":"https:\/\/hi-techwonder.com\/es\/wp-json\/wp\/v2\/product_tag?post=71977"}],"curies":[{"name":"wp","href":"https:\/\/api.w.org\/{rel}","templated":true}]}}