{"id":71980,"date":"2025-07-29T08:55:44","date_gmt":"2025-07-29T08:55:44","guid":{"rendered":"https:\/\/fv6qoy3ls0.wpdns.site\/produto\/protector-ggs-larmor-para-nikon-d800-d800e-lcd\/"},"modified":"2026-01-31T02:51:13","modified_gmt":"2026-01-31T02:51:13","slug":"ggs-protector-ggs-larmor-para-nikon-d800-d800e-lcd","status":"publish","type":"product","link":"https:\/\/hi-techwonder.com\/es\/producto\/ggs-protector-ggs-larmor-para-nikon-d800-d800e-lcd\/","title":{"rendered":"Protector GGS Larmor para Nikon D800 \/ D800E LCD"},"content":{"rendered":"<p style=\"text-align: justify\"><span style=\"font-size: small\">Los protectores LARMOR de GGS est\u00e1n hechos de vidrio \u00f3ptico japon\u00e9s de alta calidad y lo ayudan a proteger su c\u00e1mara de la suciedad y los impactos. El protector es autoadhesivo y no requiere pegamento para su aplicaci\u00f3n, no deja residuos al retirarlo. Debido al contacto total con la superficie LCD, son totalmente compatibles con monitores de pantalla t\u00e1ctil, despu\u00e9s de su aplicaci\u00f3n todo funcionar\u00e1 como antes. Tambi\u00e9n es compatible con pantallas LCD plegables, ya que tienen un grosor muy fino (0,3 mm).     <\/span><\/p>\n<p style=\"text-align: justify\"><span style=\"font-size: small\">&nbsp;<\/span><\/p>\n<p style=\"text-align: center\"><span style=\"font-size: small\"> <object><\/object> <\/span><\/p>\n<p style=\"text-align: justify\"><span style=\"font-size: small\"><strong><span style=\"text-decoration: underline\">Caracter\u00edsticas principales:  <\/strong><br \/><\/span><\/span><\/p>\n<ul style=\"text-align: justify\">\n<li><span style=\"font-size: small\">Hecho de vidrio \u00f3ptico japon\u00e9s<\/span><\/li>\n<li><span style=\"font-size: small\">Dureza: 8H<\/span><\/li>\n<li><span style=\"font-size: small\">Espesor: 0,3 mm (+\/- 0,05 mm)<\/span><\/li>\n<li><span style=\"font-size: small\">Capas de vidrio: 6 capas<\/span><\/li>\n<li><span style=\"font-size: small\">Anti impacto: Hasta 12Kg\/cm2<\/span><\/li>\n<li><span style=\"font-size: small\">Transmisi\u00f3n de luz superior al 90%<\/span><\/li>\n<li><span style=\"font-size: small\">Aplicaci\u00f3n autoadhesiva<\/span><\/li>\n<li><span style=\"font-size: small\">Compatible con pantalla t\u00e1ctil<\/span><\/li>\n<li><span style=\"font-size: small\">Antideslumbrante<\/span><\/li>\n<li><span style=\"font-size: small\">Compatible con pantallas LCD giratorias\/plegables<\/span><\/li>\n<\/ul>\n<p style=\"text-align: center\"><span style=\"font-size: small\"> <\/span><\/p>\n<p style=\"text-align: justify\"><span style=\"font-size: small\"><strong><span style=\"text-decoration: underline\">Qu\u00e9 hay en la caja:<\/strong><br \/><\/span><\/span><\/p>\n<ul style=\"text-align: justify\">\n<li><span style=\"font-size: small\">Protector LARMOR<\/span><\/li>\n<li><span style=\"font-size: small\">Pa\u00f1o de limpieza h\u00famedo<\/span><\/li>\n<li><span style=\"font-size: small\">Tarjeta de eliminaci\u00f3n<\/span><\/li>\n<li><span style=\"font-size: small\">Manual de uso\/instalaci\u00f3n<\/span><\/li>\n<\/ul>\n<p style=\"text-align: center\"><span style=\"font-size: small\"> <\/span><\/p>\n<p style=\"text-align: justify\"><span style=\"font-size: small\">&nbsp;<\/span><\/p>\n","protected":false},"excerpt":{"rendered":"<p>Los protectores LARMOR de GGS est\u00e1n hechos de vidrio \u00f3ptico japon\u00e9s de alta calidad y lo ayudan a proteger su<\/p>\n","protected":false},"featured_media":42889,"comment_status":"closed","ping_status":"closed","template":"","meta":{"_acf_changed":false},"product_brand":[2638],"product_cat":[2859],"product_tag":[],"class_list":{"0":"post-71980","1":"product","2":"type-product","3":"status-publish","4":"has-post-thumbnail","6":"product_brand-ggs-es","7":"product_cat-protectores-pantalla","9":"first","10":"instock","11":"taxable","12":"shipping-taxable","13":"purchasable","14":"product-type-simple"},"bundled_by":[],"bundle_stock_status":"instock","bundle_stock_quantity":3,"bundle_virtual":false,"bundle_layout":"","bundle_add_to_cart_form_location":"","bundle_editable_in_cart":false,"bundle_sold_individually_context":"","bundle_item_grouping":"","bundle_min_size":"","bundle_max_size":"","bundle_price":[],"bundled_items":[],"bundle_sell_ids":[],"acf":[],"_links":{"self":[{"href":"https:\/\/hi-techwonder.com\/es\/wp-json\/wp\/v2\/product\/71980","targetHints":{"allow":["GET"]}}],"collection":[{"href":"https:\/\/hi-techwonder.com\/es\/wp-json\/wp\/v2\/product"}],"about":[{"href":"https:\/\/hi-techwonder.com\/es\/wp-json\/wp\/v2\/types\/product"}],"replies":[{"embeddable":true,"href":"https:\/\/hi-techwonder.com\/es\/wp-json\/wp\/v2\/comments?post=71980"}],"wp:featuredmedia":[{"embeddable":true,"href":"https:\/\/hi-techwonder.com\/es\/wp-json\/wp\/v2\/media\/42889"}],"wp:attachment":[{"href":"https:\/\/hi-techwonder.com\/es\/wp-json\/wp\/v2\/media?parent=71980"}],"wp:term":[{"taxonomy":"product_brand","embeddable":true,"href":"https:\/\/hi-techwonder.com\/es\/wp-json\/wp\/v2\/product_brand?post=71980"},{"taxonomy":"product_cat","embeddable":true,"href":"https:\/\/hi-techwonder.com\/es\/wp-json\/wp\/v2\/product_cat?post=71980"},{"taxonomy":"product_tag","embeddable":true,"href":"https:\/\/hi-techwonder.com\/es\/wp-json\/wp\/v2\/product_tag?post=71980"}],"curies":[{"name":"wp","href":"https:\/\/api.w.org\/{rel}","templated":true}]}}