{"id":71984,"date":"2025-07-29T11:01:34","date_gmt":"2025-07-29T11:01:34","guid":{"rendered":"https:\/\/fv6qoy3ls0.wpdns.site\/produto\/protector-lcd-ggs-visor-mj-s1-a7ii-a7iii-a9\/"},"modified":"2026-02-16T15:01:45","modified_gmt":"2026-02-16T15:01:45","slug":"ggs-protector-lcd-ggs-visor-mj-s1-a7ii-a7iii-a9","status":"publish","type":"product","link":"https:\/\/hi-techwonder.com\/es\/producto\/ggs-protector-lcd-ggs-visor-mj-s1-a7ii-a7iii-a9\/","title":{"rendered":"Protector LCD GGS + Visor MJ-S1 (a7II\/a7III\/A9)"},"content":{"rendered":"<p><strong>Protector de cristal GGS para LCD + Visor MJ-S1 (Sony A7 II \/ A7sII \/ A7rII \/ A7III \/ A7rIII \/ A9 \/ RX100 IV \/ RX1 \/ RX1r \/ RX1R II \/ RX10 IV)<\/strong><\/p>\n<p> <span style=\"font-size: small\"><span style=\"color: #000000\"><span style=\"color: #000000\"><span style=\"color: #000000\">El ocular port\u00e1til LCD GGSFOTO lo ayuda a enfocar y obtener detalles fotogr\u00e1ficos m\u00e1s precisos.<\/span><\/span><\/span><\/span><\/p>\n<p> <span style=\"font-size: small\"><span style=\"font-size: small\"><span style=\"color: #000000\"><span style=\"font-size: small\"><span style=\"color: #000000\"><span style=\"font-size: small\"><span style=\"color: #000000\">&nbsp;<\/span><\/span><\/span><\/span><\/span><\/span><\/span><\/p>\n<p> <strong><span style=\"font-size: small\"><span style=\"font-size: small\"><span style=\"color: #000000\"><span style=\"font-size: small\"><span style=\"color: #000000\"><span style=\"font-size: small\"><span style=\"color: #000000\">Funciones:<\/span><\/span><\/span><\/span><\/span><\/span><\/span><\/strong><\/p>\n<ul>\n<li> <span style=\"font-size: small\"><span style=\"font-size: small\"><span style=\"color: #000000\"><span style=\"font-size: small\"><span style=\"color: #000000\"><span style=\"font-size: small\"><span style=\"color: #000000\">Parasol de lente de cuatro v\u00edas para visualizaci\u00f3n LCD a la luz del sol<\/span><\/span><\/span><\/span><\/span><\/span><\/span><\/li>\n<li> <span style=\"font-size: small\"><span style=\"font-size: small\"><span style=\"color: #000000\"><span style=\"font-size: small\"><span style=\"color: #000000\"><span style=\"font-size: small\"><span style=\"color: #000000\">F\u00e1cil de plegar y llevar juntos<\/span><\/span><\/span><\/span><\/span><\/span><\/span><\/li>\n<li> <span style=\"font-size: small\"><span style=\"font-size: small\"><span style=\"color: #000000\"><span style=\"font-size: small\"><span style=\"color: #000000\"><span style=\"font-size: small\"><span style=\"color: #000000\">Cuerpo completamente met\u00e1lico, dise\u00f1o cl\u00e1sico, pantalla giratoria f\u00e1cil de usar<\/span><\/span><\/span><\/span><\/span><\/span><\/span><\/li>\n<li> <span style=\"font-size: small\"><span style=\"font-size: small\"><span style=\"color: #000000\"><span style=\"font-size: small\"><span style=\"color: #000000\"><span style=\"font-size: small\"><span style=\"color: #000000\">Conectar al protector de pantalla Gen5<\/span><\/span><\/span><\/span><\/span><\/span><\/span><\/li>\n<\/ul>\n<p> <span style=\"color: #000000\"><span style=\"font-size: small\"><span style=\"color: #000000\">&nbsp;<\/span><\/span><\/span><\/p>\n<p> <span style=\"color: #000000\"><strong>Compatibilidad:<\/strong> Sony A7 II \/ A7sII \/ A7rII \/ A7III \/ A7rIII \/ A9 \/ RX100 IV \/ RX1 \/ RX1r \/ RX1R II \/ RX10 IV<\/span> <\/p>\n<div id=\"_mcePaste\" style=\"position: absolute;left: -10000px;top: 111.111px;width: 1px;height: 1px;overflow: hidden\"> <span style=\"color: #000000\"><span style=\"font-size: small\"><span style=\"color: #000000\">Canon 1D X \/ 1DX II \/ 5D III \/ 5Ds \/ 5Dsr \/ 5D IV<\/span><\/span><\/span> <\/div>\n<div id=\"_mcePaste\" style=\"position: absolute;left: -10000px;top: 111.111px;width: 1px;height: 1px;overflow: hidden\"> <span style=\"color: #000000\"><span style=\"font-size: small\"><span style=\"color: #000000\">Pentax 645Z<\/span><\/span><\/span><\/div>\n<p> <span style=\"color: #000000\">&nbsp;<\/span><\/p>\n<p><strong><span style=\"font-size: small\"><span style=\"color: #000000\"><span style=\"font-size: small\"><span style=\"color: #000000\"><span style=\"font-size: small\"><span style=\"color: #000000\"><span style=\"font-size: small\"><span style=\"color: #000000\">Incluido:<\/span><\/span><\/span><\/span><\/span><\/span><\/span><\/span><\/strong><\/p>\n<ul>\n<li> <span style=\"color: #000000\"><span style=\"font-size: small\"><span style=\"color: #000000\"><span style=\"font-size: small\"><span style=\"color: #000000\">Ocular LCD<\/span><\/span><\/span><\/span><\/span><\/li>\n<li> <span style=\"color: #000000\"><span style=\"font-size: small\"><span style=\"color: #000000\"><span style=\"font-size: small\"><span style=\"color: #000000\">Protector de pantalla con borde met\u00e1lico<\/span><\/span><\/span><\/span><\/span><\/li>\n<li> <span style=\"color: #000000\"><span style=\"font-size: small\"><span style=\"color: #000000\"><span style=\"font-size: small\"><span style=\"color: #000000\">Bolso de piel<\/span><\/span><\/span><\/span><\/span><\/li>\n<li> <span style=\"color: #000000\"><span style=\"font-size: small\"><span style=\"color: #000000\"><span style=\"font-size: small\"><span style=\"color: #000000\">Toallita h\u00fameda<\/span><\/span><\/span><\/span><\/span><\/li>\n<li> <span style=\"color: #000000\"><span style=\"font-size: small\"><span style=\"color: #000000\"><span style=\"font-size: small\"><span style=\"color: #000000\">Pa\u00f1o de limpieza<\/span><\/span><\/span><\/span><\/span><\/li>\n<li> <span style=\"color: #000000\"><span style=\"font-size: small\"><span style=\"color: #000000\"><span style=\"font-size: small\"><span style=\"color: #000000\">Manual de usuario<\/span><\/span><\/span><\/span><\/span> <\/li>\n<\/ul>\n<p><object><\/object><\/p>\n","protected":false},"excerpt":{"rendered":"<p>Protector de cristal GGS para LCD + Visor MJ-S1 (Sony A7 II \/ A7sII \/ A7rII \/ A7III \/ A7rIII<\/p>\n","protected":false},"featured_media":70975,"comment_status":"closed","ping_status":"open","template":"","meta":{"_acf_changed":false},"product_brand":[2638],"product_cat":[1120],"product_tag":[],"class_list":{"0":"post-71984","1":"product","2":"type-product","3":"status-publish","4":"has-post-thumbnail","6":"product_brand-ggs-es","7":"product_cat-visores","9":"first","10":"instock","11":"taxable","12":"shipping-taxable","13":"purchasable","14":"product-type-simple"},"bundled_by":[],"bundle_stock_status":"instock","bundle_stock_quantity":4,"bundle_virtual":false,"bundle_layout":"","bundle_add_to_cart_form_location":"","bundle_editable_in_cart":false,"bundle_sold_individually_context":"","bundle_item_grouping":"","bundle_min_size":"","bundle_max_size":"","bundle_price":[],"bundled_items":[],"bundle_sell_ids":[],"acf":[],"_links":{"self":[{"href":"https:\/\/hi-techwonder.com\/es\/wp-json\/wp\/v2\/product\/71984","targetHints":{"allow":["GET"]}}],"collection":[{"href":"https:\/\/hi-techwonder.com\/es\/wp-json\/wp\/v2\/product"}],"about":[{"href":"https:\/\/hi-techwonder.com\/es\/wp-json\/wp\/v2\/types\/product"}],"replies":[{"embeddable":true,"href":"https:\/\/hi-techwonder.com\/es\/wp-json\/wp\/v2\/comments?post=71984"}],"wp:featuredmedia":[{"embeddable":true,"href":"https:\/\/hi-techwonder.com\/es\/wp-json\/wp\/v2\/media\/70975"}],"wp:attachment":[{"href":"https:\/\/hi-techwonder.com\/es\/wp-json\/wp\/v2\/media?parent=71984"}],"wp:term":[{"taxonomy":"product_brand","embeddable":true,"href":"https:\/\/hi-techwonder.com\/es\/wp-json\/wp\/v2\/product_brand?post=71984"},{"taxonomy":"product_cat","embeddable":true,"href":"https:\/\/hi-techwonder.com\/es\/wp-json\/wp\/v2\/product_cat?post=71984"},{"taxonomy":"product_tag","embeddable":true,"href":"https:\/\/hi-techwonder.com\/es\/wp-json\/wp\/v2\/product_tag?post=71984"}],"curies":[{"name":"wp","href":"https:\/\/api.w.org\/{rel}","templated":true}]}}