{"id":71986,"date":"2025-07-29T08:55:46","date_gmt":"2025-07-29T08:55:46","guid":{"rendered":"https:\/\/fv6qoy3ls0.wpdns.site\/produto\/protector-lcd-ggs-larmor-parasol-5d-iv\/"},"modified":"2026-01-31T02:51:11","modified_gmt":"2026-01-31T02:51:11","slug":"ggs-protector-lcd-ggs-larmor-parasol-5d-iv","status":"publish","type":"product","link":"https:\/\/hi-techwonder.com\/es\/producto\/ggs-protector-lcd-ggs-larmor-parasol-5d-iv\/","title":{"rendered":"Protector LCD GGS Larmor + Parasol 5D IV"},"content":{"rendered":"<p><span style=\"font-size: small\"><strong>ESPECIFICACI\u00d3N<\/strong><\/p>\n<p><\/span><\/p>\n<ul>\n<li> <span style=\"font-size: small\">Material: vidrio \u00f3ptico japon\u00e9s + borde de metal<\/span><\/li>\n<li> <span style=\"font-size: small\">Aplicaci\u00f3n: Autoadhesivo<\/span><\/li>\n<li> <span style=\"font-size: small\">Dureza: 9H<\/span><\/li>\n<li> <span style=\"font-size: small\">Transmitancia de luz:&gt; 95%<\/span><\/li>\n<li> <span style=\"font-size: small\">Espesor: 0,3 mm<\/span><\/li>\n<li> <span style=\"font-size: small\">Poder de absorci\u00f3n: 130 g\/cm<\/span><\/li>\n<li> <span style=\"font-size: small\">Capa: 5 capas<\/span><\/li>\n<li> <span style=\"font-size: small\">Impacto soportable: 12 kg\/cm2<\/span><\/li>\n<li> <span style=\"font-size: small\">El borde met\u00e1lico evita da\u00f1os en los bordes, compatible con el parasol y la visera de la lente GGS<\/span><\/li>\n<li> <span style=\"font-size: small\">Compatible con pantalla t\u00e1ctil\/giratoria<\/span><\/li>\n<li> <span style=\"font-size: small\">Anti-rotura<\/span><\/li>\n<li> <span style=\"font-size: small\">Resistencia al impacto<\/span> <\/li>\n<\/ul>\n<p><object><\/object><\/p>\n<p><span style=\"font-size: small\"><br \/><\/span><\/p>\n<p> <span style=\"font-size: small\">Nueva tecnolog\u00eda, SIN competencia. El protector de vidrio Normal se puede da\u00f1ar f\u00e1cilmente en el borde, el nuevo borde met\u00e1lico LARMOR lo resuelve totalmente. Con borde met\u00e1lico y vidrio incorporado, la resistencia al impacto se ha mejorado considerablemente. La protecci\u00f3n es m\u00e1s efectiva. Puede usar otros accesorios GGS, como una cubierta solar y un visor \u00f3ptico (pr\u00f3ximamente). Aplicaci\u00f3n autoadhesiva, f\u00e1cil de instalar y quitar. La capucha del cap\u00f3 se puede utilizar en cualquier DSLR que cubra el protector GGS.      <\/span><\/p>\n<p><span style=\"font-size: small\"><br \/><\/span><\/p>\n<p><span style=\"font-size: small\"><br \/><\/span><\/p>\n","protected":false},"excerpt":{"rendered":"<p>ESPECIFICACI\u00d3N Material: vidrio \u00f3ptico japon\u00e9s + borde de metal Aplicaci\u00f3n: Autoadhesivo Dureza: 9H Transmitancia de luz:&gt; 95% Espesor: 0,3 mm<\/p>\n","protected":false},"featured_media":42904,"comment_status":"closed","ping_status":"closed","template":"","meta":{"_acf_changed":false},"product_brand":[2638],"product_cat":[2859],"product_tag":[],"class_list":{"0":"post-71986","1":"product","2":"type-product","3":"status-publish","4":"has-post-thumbnail","6":"product_brand-ggs-es","7":"product_cat-protectores-pantalla","9":"first","10":"instock","11":"taxable","12":"shipping-taxable","13":"purchasable","14":"product-type-simple"},"bundled_by":[],"bundle_stock_status":"instock","bundle_stock_quantity":2,"bundle_virtual":false,"bundle_layout":"","bundle_add_to_cart_form_location":"","bundle_editable_in_cart":false,"bundle_sold_individually_context":"","bundle_item_grouping":"","bundle_min_size":"","bundle_max_size":"","bundle_price":[],"bundled_items":[],"bundle_sell_ids":[],"acf":[],"_links":{"self":[{"href":"https:\/\/hi-techwonder.com\/es\/wp-json\/wp\/v2\/product\/71986","targetHints":{"allow":["GET"]}}],"collection":[{"href":"https:\/\/hi-techwonder.com\/es\/wp-json\/wp\/v2\/product"}],"about":[{"href":"https:\/\/hi-techwonder.com\/es\/wp-json\/wp\/v2\/types\/product"}],"replies":[{"embeddable":true,"href":"https:\/\/hi-techwonder.com\/es\/wp-json\/wp\/v2\/comments?post=71986"}],"wp:featuredmedia":[{"embeddable":true,"href":"https:\/\/hi-techwonder.com\/es\/wp-json\/wp\/v2\/media\/42904"}],"wp:attachment":[{"href":"https:\/\/hi-techwonder.com\/es\/wp-json\/wp\/v2\/media?parent=71986"}],"wp:term":[{"taxonomy":"product_brand","embeddable":true,"href":"https:\/\/hi-techwonder.com\/es\/wp-json\/wp\/v2\/product_brand?post=71986"},{"taxonomy":"product_cat","embeddable":true,"href":"https:\/\/hi-techwonder.com\/es\/wp-json\/wp\/v2\/product_cat?post=71986"},{"taxonomy":"product_tag","embeddable":true,"href":"https:\/\/hi-techwonder.com\/es\/wp-json\/wp\/v2\/product_tag?post=71986"}],"curies":[{"name":"wp","href":"https:\/\/api.w.org\/{rel}","templated":true}]}}