{"id":71992,"date":"2025-07-29T00:00:34","date_gmt":"2025-07-29T00:00:34","guid":{"rendered":"https:\/\/fv6qoy3ls0.wpdns.site\/produto\/genesis-tacit-l-gris\/"},"modified":"2025-09-04T07:51:32","modified_gmt":"2025-09-04T07:51:32","slug":"genesis-tacit-l-gris","status":"publish","type":"product","link":"https:\/\/hi-techwonder.com\/es\/producto\/genesis-tacit-l-gris\/","title":{"rendered":"Genesis Tacit L Gris"},"content":{"rendered":"<p style=\"text-align: justify;\"><strong><span style=\"font-family: verdana,geneva;\"><span style=\"font-size: small;\">Funciones:<\/span><\/strong><\/span><\/p>\n<ul style=\"text-align: justify;\">\n<li><span style=\"font-size: small;\">Bolso bandolera de estilo discreto y casual, fabricado en material resistente y duradero;<\/span><\/li>\n<li><span style=\"font-size: small;\">Permite un acceso r\u00e1pido al equipo;<\/span><\/li>\n<li style=\"text-align: justify;\"><span style=\"font-size: small;\">Le permite llevar una DSLR con una lente adjunta, dos lentes, por ejemplo, un 24-70 mm f\/2.8 y un 70-200 mm f\/2.8, varios accesorios y una tableta de hasta 15.6&#8243;.<\/span><\/li>\n<li style=\"text-align: justify;\"><span style=\"font-size: small;\">Cuenta con un compartimento acolchado extra\u00edble para la c\u00e1mara, dos amplios bolsillos frontales y dos bolsillos laterales m\u00e1s peque\u00f1os.<\/span><\/li>\n<li style=\"text-align: justify;\"><span style=\"font-size: small;\">Cuenta con una c\u00f3moda bandolera con almohadilla extra\u00edble y ajustable.<br \/><\/span><\/li>\n<li style=\"text-align: justify;\"><span style=\"font-size: small;\">La parte inferior de la bolsa tiene pies de pl\u00e1stico y peque\u00f1as asas que permiten llevar un peque\u00f1o tr\u00edpode.<\/span><\/li>\n<\/ul>\n<p><span style=\"font-size: small;\">&nbsp;<\/span><\/p>\n<p><span style=\"font-size: small;\"><span style=\"text-decoration: underline;\"><strong>Caracter\u00edsticas t\u00e9cnicas:<\/strong><\/span><\/span><\/p>\n<table style=\"width: 600px;\" border=\"1\" cellspacing=\"0\" cellpadding=\"0\">\n<tbody>\n<tr>\n<td valign=\"top\" width=\"215\">\n<p><span style=\"font-size: small;\">Dimensiones internas<\/span><\/p>\n<\/td>\n<td valign=\"top\" width=\"361\">\n<p><span style=\"font-size: small;\">30&#215;12,5x20cm<\/span><\/p>\n<\/td>\n<\/tr>\n<tr>\n<td valign=\"top\" width=\"215\">\n<p><span style=\"font-size: small;\">Dimensiones externas<\/span><\/p>\n<\/td>\n<td valign=\"top\" width=\"361\">\n<p><span style=\"font-size: small;\">34x18x30cm<\/span><\/p>\n<\/td>\n<\/tr>\n<tr>\n<td valign=\"top\" width=\"215\">\n<p><span style=\"font-size: small;\">Material externo<\/span><\/p>\n<\/td>\n<td valign=\"top\" width=\"361\">\n<p><span style=\"font-size: small;\">Poli\u00e9ster 600D<\/span><\/p>\n<\/td>\n<\/tr>\n<tr>\n<td valign=\"top\" width=\"215\">\n<p><span style=\"font-size: small;\">Material interno<\/span><\/p>\n<\/td>\n<td valign=\"top\" width=\"361\">\n<p><span style=\"font-size: small;\">Nailon<\/span><\/p>\n<\/td>\n<\/tr>\n<tr>\n<td valign=\"top\" width=\"215\">\n<p><span style=\"font-size: small;\">Peso<\/span><\/p>\n<\/td>\n<td valign=\"top\" width=\"361\">\n<p><span style=\"font-size: small;\">1380 gramos<\/span><\/p>\n<\/td>\n<\/tr>\n<\/tbody>\n<\/table>\n<p><span style=\"font-size: small;\">&nbsp;<\/span><\/p>\n<p><span style=\"font-size: small;\">&nbsp;<\/span><\/p>\n","protected":false},"excerpt":{"rendered":"<p>Funciones: Bolso bandolera de estilo discreto y casual, fabricado en material resistente y duradero; Permite un acceso r\u00e1pido al equipo;<\/p>\n","protected":false},"featured_media":31594,"comment_status":"closed","ping_status":"open","template":"","meta":{"_acf_changed":false},"product_brand":[2644],"product_cat":[906],"product_tag":[],"class_list":{"0":"post-71992","1":"product","2":"type-product","3":"status-publish","4":"has-post-thumbnail","6":"product_brand-genesis-es","7":"product_cat-de-hombro","9":"first","10":"instock","11":"taxable","12":"shipping-taxable","13":"purchasable","14":"product-type-simple"},"bundled_by":[],"bundle_stock_status":"instock","bundle_stock_quantity":1,"bundle_virtual":false,"bundle_layout":"","bundle_add_to_cart_form_location":"","bundle_editable_in_cart":false,"bundle_sold_individually_context":"","bundle_item_grouping":"","bundle_min_size":"","bundle_max_size":"","bundle_price":[],"bundled_items":[],"bundle_sell_ids":[],"acf":[],"_links":{"self":[{"href":"https:\/\/hi-techwonder.com\/es\/wp-json\/wp\/v2\/product\/71992","targetHints":{"allow":["GET"]}}],"collection":[{"href":"https:\/\/hi-techwonder.com\/es\/wp-json\/wp\/v2\/product"}],"about":[{"href":"https:\/\/hi-techwonder.com\/es\/wp-json\/wp\/v2\/types\/product"}],"replies":[{"embeddable":true,"href":"https:\/\/hi-techwonder.com\/es\/wp-json\/wp\/v2\/comments?post=71992"}],"wp:featuredmedia":[{"embeddable":true,"href":"https:\/\/hi-techwonder.com\/es\/wp-json\/wp\/v2\/media\/31594"}],"wp:attachment":[{"href":"https:\/\/hi-techwonder.com\/es\/wp-json\/wp\/v2\/media?parent=71992"}],"wp:term":[{"taxonomy":"product_brand","embeddable":true,"href":"https:\/\/hi-techwonder.com\/es\/wp-json\/wp\/v2\/product_brand?post=71992"},{"taxonomy":"product_cat","embeddable":true,"href":"https:\/\/hi-techwonder.com\/es\/wp-json\/wp\/v2\/product_cat?post=71992"},{"taxonomy":"product_tag","embeddable":true,"href":"https:\/\/hi-techwonder.com\/es\/wp-json\/wp\/v2\/product_tag?post=71992"}],"curies":[{"name":"wp","href":"https:\/\/api.w.org\/{rel}","templated":true}]}}